{"id":9145,"date":"2023-04-12T14:51:58","date_gmt":"2023-04-12T12:51:58","guid":{"rendered":"https:\/\/projectes.xtec.cat\/usdelallengua\/?page_id=9145"},"modified":"2023-04-28T17:33:35","modified_gmt":"2023-04-28T15:33:35","slug":"acte-activem-nos-pel-catala","status":"publish","type":"page","link":"https:\/\/projectes.xtec.cat\/usdelallengua\/acte-activem-nos-pel-catala\/","title":{"rendered":"Acte activem-nos pel catal\u00e0"},"content":{"rendered":"<p><iframe loading=\"lazy\" title=\"Activem nos pel catal\u00e0\" width=\"500\" height=\"281\" src=\"https:\/\/www.youtube.com\/embed\/C54XgSX9hdE?feature=oembed\" frameborder=\"0\" allow=\"accelerometer; autoplay; clipboard-write; encrypted-media; gyroscope; picture-in-picture; web-share\" referrerpolicy=\"strict-origin-when-cross-origin\" allowfullscreen><\/iframe><\/p>\n<p><span style=\"font-weight: 400;\">El 28 de mar\u00e7 del 2023, a La Farga de l\u2019Hospitalet del Llobregat, el Departament d\u2019Educaci\u00f3 va presentar el programa \u201cActivem-nos pel catal\u00e0\u201d. En l\u2019acte, al qual van assistir m\u00e9s de 1.000 professionals de l\u2019educaci\u00f3, es va presentar l\u2019estrat\u00e8gia del Departament per potenciar l\u2019\u00fas del catal\u00e0 en l\u2019\u00e0mbit educatiu.<\/span><\/p>\n<p><span style=\"font-weight: 400;\">L\u2019acte va comptar amb l\u2019assist\u00e8ncia del Conseller d\u2019Educaci\u00f3, Josep Gonz\u00e0lez-Cambray, que va assenyalar la import\u00e0ncia d\u2019enfortir la pres\u00e8ncia de la llengua catalana, i de l\u2019occit\u00e0 a l\u2019Aran, a l\u2019escola, per tal que els nostres infants i joves tinguin les eines comunicatives necess\u00e0ries per poder participar activament en tots els \u00e0mbits de la societat. A continuaci\u00f3, Joan Cuevas, director general d\u2019Innovaci\u00f3, Digitalitzaci\u00f3, Curr\u00edculum i Lleng\u00fces, va presentar els objectius i les l\u00ednies principals d\u2019actuaci\u00f3 del programa \u201cActivem-nos pel catal\u00e0\u201d. Tamb\u00e9 va donar a con\u00e8ixer les fites per promoure l\u2019\u00fas de la llengua que s\u2019han fixat els centres educatius que ja han participat en la primera edici\u00f3 dels tallers ULAE (Els usos ling\u00fc\u00edstics en l\u2019\u00e0mbit educatiu), i el pla de desenvolupament i d\u2019implementaci\u00f3 d\u2019aquests tallers a tots els centres de Catalunya durant els propers anys.<\/span><\/p>\n<p><span style=\"font-weight: 400;\">Els assistents a l\u2019acte van participar en una <\/span><a href=\"https:\/\/projectes.xtec.cat\/usdelallengua\/categoria\/mapes-daccions\/\"><span style=\"font-weight: 400;\">din\u00e0mica<\/span><\/a><span style=\"font-weight: 400;\"> per identificar les eines i estrat\u00e8gies necess\u00e0ries per assolir un conjunt de fites encaminades a enfortir l\u2019\u00fas del catal\u00e0 i l\u2019occit\u00e0 a l\u2019escola i augmentar la compet\u00e8ncia ling\u00fc\u00edstica de l\u2019alumnat. Tamb\u00e9 van poder escoltar i visualitzar les <\/span><a href=\"https:\/\/projectes.xtec.cat\/usdelallengua\/categoria\/bones-practiques-dels-centres-educatius\/\"><span style=\"font-weight: 400;\">experi\u00e8ncies i bones pr\u00e0ctiques<\/span><\/a><span style=\"font-weight: 400;\"> que ja s\u2019han dut a terme en diversos centres per promoure la pres\u00e8ncia de la llengua tant en els entorns educatius formals com informals i no formals.<\/span><\/p>\n<p><span style=\"font-weight: 400;\">En l\u2019acte, es va donar a con\u00e8ixer el rap <\/span><a href=\"https:\/\/projectes.xtec.cat\/usdelallengua\/mestres-del-catala\/\"><span style=\"font-weight: 400;\">Mestres del catal\u00e0<\/span><\/a><span style=\"font-weight: 400;\">, que pret\u00e9n ser el punt de partida per posar de relleu el paper dels docents com a referents ling\u00fc\u00edstics a l\u2019escola. Tamb\u00e9 es va visualitzar el v\u00eddeo <\/span><a href=\"https:\/\/projectes.xtec.cat\/usdelallengua\/categoria\/es-possible\/\"><span style=\"font-weight: 400;\">\u00c9s possible<\/span><\/a><span style=\"font-weight: 400;\">, en qu\u00e8 experts, docents i representats de les fam\u00edlies i de l\u2019\u00e0mbit juvenil assenyalen no nom\u00e9s que \u00e9s possible mantenir-se en l\u2019\u00fas de la llengua sin\u00f3 \u00fatil i necessari.\u00a0\u00a0<\/span><\/p>\n<p><span style=\"font-weight: 400;\">Durant el tancament de la jornada es va dur a terme una <\/span><a href=\"https:\/\/projectes.xtec.cat\/usdelallengua\/categoria\/entitats\/\"><span style=\"font-weight: 400;\">fira d\u2019entitats<\/span><\/a><span style=\"font-weight: 400;\"> que ofereixen tallers i activitats que tenen l\u2019objectiu d\u2019augmentar la pres\u00e8ncia i l\u2019\u00fas del catal\u00e0 a les nostres escoles i instituts, i, al mateix temps, promoure la col\u00b7laboraci\u00f3 de l\u2019entorn educatiu en la millora de l\u2019\u00fas de la llengua en els contextos escolars.<\/span><\/p>\n<p><span style=\"font-weight: 400;\">Vegeu la not\u00edcia completa del Departament d\u2019Educaci\u00f3 a <\/span><a href=\"https:\/\/llengua.gencat.cat\/ca\/detalls\/noticia\/800-centres-educatius-es-comprometen-a-engegar-accions-concretes-per-potenciar-lus-del-catala\"><span style=\"font-weight: 400;\">800 centres educatius es comprometen a engegar accions concretes per potenciar l&#8217;\u00fas del catal\u00e0<\/span><\/a><span style=\"font-weight: 400;\">.<\/span><\/p>\n","protected":false},"excerpt":{"rendered":"<p>El 28 de mar\u00e7 del 2023, a La Farga de l\u2019Hospitalet del Llobregat, el Departament d\u2019Educaci\u00f3 va presentar el programa \u201cActivem-nos pel catal\u00e0\u201d. En l\u2019acte, al qual van assistir m\u00e9s de 1.000 professionals de l\u2019educaci\u00f3, es va presentar l\u2019estrat\u00e8gia del Departament per potenciar l\u2019\u00fas del&hellip;  <a href=\"https:\/\/projectes.xtec.cat\/usdelallengua\/acte-activem-nos-pel-catala\/\" title=\"Read Acte activem-nos pel catal\u00e0\">Llegeix m\u00e9s\u00bb<\/a><\/p>\n","protected":false},"author":1,"featured_media":0,"parent":0,"menu_order":0,"comment_status":"closed","ping_status":"closed","template":"","meta":{"_bbp_topic_count":0,"_bbp_reply_count":0,"_bbp_total_topic_count":0,"_bbp_total_reply_count":0,"_bbp_voice_count":0,"_bbp_anonymous_reply_count":0,"_bbp_topic_count_hidden":0,"_bbp_reply_count_hidden":0,"_bbp_forum_subforum_count":0,"footnotes":""},"class_list":["post-9145","page","type-page","status-publish","hentry"],"post_mailing_queue_ids":[],"_links":{"self":[{"href":"https:\/\/projectes.xtec.cat\/usdelallengua\/wp-json\/wp\/v2\/pages\/9145","targetHints":{"allow":["GET"]}}],"collection":[{"href":"https:\/\/projectes.xtec.cat\/usdelallengua\/wp-json\/wp\/v2\/pages"}],"about":[{"href":"https:\/\/projectes.xtec.cat\/usdelallengua\/wp-json\/wp\/v2\/types\/page"}],"author":[{"embeddable":true,"href":"https:\/\/projectes.xtec.cat\/usdelallengua\/wp-json\/wp\/v2\/users\/1"}],"replies":[{"embeddable":true,"href":"https:\/\/projectes.xtec.cat\/usdelallengua\/wp-json\/wp\/v2\/comments?post=9145"}],"version-history":[{"count":3,"href":"https:\/\/projectes.xtec.cat\/usdelallengua\/wp-json\/wp\/v2\/pages\/9145\/revisions"}],"predecessor-version":[{"id":9275,"href":"https:\/\/projectes.xtec.cat\/usdelallengua\/wp-json\/wp\/v2\/pages\/9145\/revisions\/9275"}],"wp:attachment":[{"href":"https:\/\/projectes.xtec.cat\/usdelallengua\/wp-json\/wp\/v2\/media?parent=9145"}],"curies":[{"name":"wp","href":"https:\/\/api.w.org\/{rel}","templated":true}]}}