{"id":9511,"date":"2024-02-08T09:37:03","date_gmt":"2024-02-08T08:37:03","guid":{"rendered":"https:\/\/projectes.xtec.cat\/usdelallengua\/?page_id=9511"},"modified":"2024-03-13T11:32:10","modified_gmt":"2024-03-13T10:32:10","slug":"catala-a1-a2","status":"publish","type":"page","link":"https:\/\/projectes.xtec.cat\/usdelallengua\/catala\/catala-a1-a2\/","title":{"rendered":"Materials A1-A2"},"content":{"rendered":"<p>A continuaci\u00f3 s&#8217;enumeren un seguit de recursos a l&#8217;abast de l&#8217;estudiant que vol endinsar-se en l&#8217;aprenentatge de la llengua catalana.<\/p>\n<h3><a href=\"https:\/\/www.intercat.cat\/ca\">INTERCAT<\/a><\/h3>\n<p><a href=\"https:\/\/www.intercat.cat\/ca\"><img loading=\"lazy\" decoding=\"async\" class=\"alignleft wp-image-9550 size-full\" src=\"https:\/\/projectes.xtec.cat\/usdelallengua\/wp-content\/uploads\/usu2313\/2024\/02\/5.png\" alt=\"\" width=\"250\" height=\"125\" \/><\/a><\/p>\n<p style=\"font-weight: 400; text-align: justify;\">Conjunt de recursos electr\u00f2nics en un entorn web. Materials did\u00e0ctics, documentaci\u00f3 socioling\u00fc\u00edstica\u2026 per introduir-se en la llengua catalana. Est\u00e0 pensat per aquells estudiants universitaris estrangers que venen a Catalunya per un programa de mobilitat.<\/p>\n<p>&nbsp;<\/p>\n<p>&nbsp;<\/p>\n<h3><a href=\"https:\/\/www.edu365.cat\/eso\/catala\/vincles\/index.html\">EDU 365 \u2013 VINCLES \u00a0<\/a><\/h3>\n<p style=\"font-weight: 400;\">\u00a0 \u00a0 \u00a0 \u00a0 \u00a0 \u00a0 \u00a0 \u00a0 \u00a0 \u00a0 \u00a0 \u00a0 \u00a0 \u00a0 \u00a0 \u00a0 \u00a0 \u00a0 \u00a0 \u00a0 \u00a0 \u00a0 \u00a0 \u00a0 \u00a0 \u00a0 \u00a0 <a href=\"https:\/\/www.edu365.cat\/eso\/catala\/vincles\/index.html\"><img loading=\"lazy\" decoding=\"async\" class=\"alignleft wp-image-9554 size-full\" src=\"https:\/\/projectes.xtec.cat\/usdelallengua\/wp-content\/uploads\/usu2313\/2024\/02\/6.png\" alt=\"\" width=\"250\" height=\"125\" \/><\/a><\/p>\n<p style=\"text-align: justify;\">Adre\u00e7at a l&#8217;alumnat nouvingut, En aquest lloc web es treballen diferents \u00e0mbits introduct\u00f2ris de la llengua. Es practica la lectura, l&#8217;escriptura i l&#8217;oralitat de la llengua catalana.<\/p>\n<p>&nbsp;<\/p>\n<p>&nbsp;<\/p>\n<h3><a href=\"https:\/\/clic.xtec.cat\/gali\/index.html\">GAL\u00cd<\/a><\/h3>\n<div><a href=\"https:\/\/clic.xtec.cat\/gali\/index.html\"><img loading=\"lazy\" decoding=\"async\" class=\"alignleft wp-image-9568 size-full\" src=\"https:\/\/projectes.xtec.cat\/usdelallengua\/wp-content\/uploads\/usu2313\/2024\/02\/7.png\" alt=\"\" width=\"250\" height=\"125\" \/><\/a><\/div>\n<div><\/div>\n<div><\/div>\n<div style=\"text-align: justify;\"><span lang=\"CA\">El\u00a0<\/span><span lang=\"CA\">Gal<\/span><span lang=\"CA\">\u00ed<\/span>en l<span lang=\"CA\">\u00ed<\/span><span lang=\"CA\">nia\u00a0ofereix materials basats en el programa JClic destinats a l&#8217;aprenentatge interactiu de les lleng<\/span><span lang=\"CA\">\u00fc<\/span><span lang=\"CA\">es catalana i occitana, especialment recomanat per als alumnes nouvinguts a Catalunya incorporats tardanament al sistema educatiu.<\/span><\/div>\n<p>&nbsp;<\/p>\n<p>&nbsp;<\/p>\n<h3><a href=\"https:\/\/parla.cat\/login\/home.php?id=0\">PARLA.CAT<\/a><\/h3>\n<p><a href=\"https:\/\/parla.cat\/login\/home.php?id=0\"><img loading=\"lazy\" decoding=\"async\" class=\"alignleft wp-image-9571 size-full\" src=\"https:\/\/projectes.xtec.cat\/usdelallengua\/wp-content\/uploads\/usu2313\/2024\/02\/2.png\" alt=\"\" width=\"250\" height=\"125\" \/><\/a><\/p>\n<p style=\"font-weight: 400; text-align: justify;\">En el nivell b\u00e0sic s&#8217;adquireixen els coneixements per resoldre necessitats b\u00e0siques de la vida quotidiana. Treballa en la familiaritzaci\u00f3 amb els sons i grafies del catal\u00e0. I, en acabar, es pot mantenir converses breus i entendre textos de tem\u00e0tica general. Aquests coneixements estan dividits en tres graus, l&#8217;alumnat pot escollir en quin treballar!<\/p>\n<p>&nbsp;<\/p>\n<p>&nbsp;<\/p>\n<h3><a href=\"https:\/\/clic.xtec.cat\/projects\/cosescla\/jclic.js\/index.html\">ACTIVITATS JCLIC \u2013 L&#8217;AULA<\/a><\/h3>\n<p><a href=\"https:\/\/clic.xtec.cat\/projects\/cosescla\/jclic.js\/index.html\"><img loading=\"lazy\" decoding=\"async\" class=\"alignleft wp-image-9573 size-full\" src=\"https:\/\/projectes.xtec.cat\/usdelallengua\/wp-content\/uploads\/usu2313\/2024\/02\/10.png\" alt=\"\" width=\"250\" height=\"125\" \/><\/a><\/p>\n<p style=\"font-weight: 400;\">Per treballar vocabulari de l\u2019aula.<\/p>\n<p>&nbsp;<\/p>\n<p>&nbsp;<\/p>\n<p>&nbsp;<\/p>\n<h3><a href=\"https:\/\/www.edu365.cat\/infantil\/llegir\/llegir\/portada.html\">LLETRA PER LLETRA<\/a><\/h3>\n<p><a href=\"https:\/\/www.edu365.cat\/infantil\/llegir\/llegir\/portada.html\"><img loading=\"lazy\" decoding=\"async\" class=\"alignleft wp-image-9575 size-full\" src=\"https:\/\/projectes.xtec.cat\/usdelallengua\/wp-content\/uploads\/usu2313\/2024\/02\/11.png\" alt=\"\" width=\"250\" height=\"125\" \/><\/a><\/p>\n<p style=\"font-weight: 400;\">Activitats per treballar el vocabulari de l\u2019aula, els jocs, la roba, la fruita i la verdura.<\/p>\n<p>&nbsp;<\/p>\n<h3><\/h3>\n<h3><\/h3>\n<p>&nbsp;<\/p>\n<p>&nbsp;<\/p>\n<h3><a href=\"https:\/\/clic.xtec.cat\/projects\/cos\/jclic.js\/index.html\">ACTIVITATS JCLIC \u2013 EL COS<\/a><\/h3>\n<p><img loading=\"lazy\" decoding=\"async\" class=\"alignleft size-full wp-image-9577\" src=\"https:\/\/projectes.xtec.cat\/usdelallengua\/wp-content\/uploads\/usu2313\/2024\/02\/12.png\" alt=\"\" width=\"250\" height=\"125\" \/>Vocabulari del cos hum\u00e0.<\/p>\n<p>&nbsp;<\/p>\n<p>&nbsp;<\/p>\n<p>&nbsp;<\/p>\n<p>&nbsp;<\/p>\n<h3><a href=\"https:\/\/clic.xtec.cat\/projects\/camp_sem\/jclic.js\/index.html\">ACTIVITATS JCLIC \u2013 CAMPS SEM\u00c0NTICS<\/a><\/h3>\n<p><a href=\"https:\/\/clic.xtec.cat\/projects\/camp_sem\/jclic.js\/index.html\"><img loading=\"lazy\" decoding=\"async\" class=\"alignleft wp-image-9578 size-full\" src=\"https:\/\/projectes.xtec.cat\/usdelallengua\/wp-content\/uploads\/usu2313\/2024\/02\/13.png\" alt=\"\" width=\"250\" height=\"125\" \/><\/a>Vocabulari dels vehicles, oficis, mobles i esports.<\/p>\n<p>&nbsp;<\/p>\n<p>&nbsp;<\/p>\n<p>&nbsp;<\/p>\n<p>&nbsp;<\/p>\n<h3><a href=\"https:\/\/www.edu365.cat\/primaria\/catala\/historic\/ortografia_ci\/ortografia.html\">EDU 365 \u2013 ORTOGRAFIA B\u00c0SICA<\/a><br \/>\n<a href=\"https:\/\/www.edu365.cat\/primaria\/catala\/historic\/ortografia_ci\/ortografia.html\"><img loading=\"lazy\" decoding=\"async\" class=\"alignleft wp-image-9579 size-full\" src=\"https:\/\/projectes.xtec.cat\/usdelallengua\/wp-content\/uploads\/usu2313\/2024\/02\/14.png\" alt=\"\" width=\"250\" height=\"125\" \/><\/a><\/h3>\n<p>En aquesta p\u00e0gina, l&#8217;amunat podr\u00e0 aprendre i treballar l&#8217;ortografia b\u00e0sica de la llengua catalana.<\/p>\n<p>&nbsp;<\/p>\n<p>&nbsp;<\/p>\n<p>&nbsp;<\/p>\n<p>&nbsp;<\/p>\n<h3><a href=\"https:\/\/www.edu365.cat\/primaria\/catala\/entrena\/index.html\">365 \u2013 ENTRENA&#8217;T A LLEGIR<\/a><\/h3>\n<p><a href=\"https:\/\/www.edu365.cat\/primaria\/catala\/entrena\/index.html\"><img loading=\"lazy\" decoding=\"async\" class=\"alignleft size-full wp-image-9580\" src=\"https:\/\/projectes.xtec.cat\/usdelallengua\/wp-content\/uploads\/usu2313\/2024\/02\/15.png\" alt=\"\" width=\"250\" height=\"125\" \/><\/a><\/p>\n<p style=\"text-align: justify;\">En aquesta p\u00e0gina, l&#8217;alumnat podr\u00e0 treballar la comprensi\u00f3 lectora.<\/p>\n<p>&nbsp;<\/p>\n<p>&nbsp;<\/p>\n<p>&nbsp;<\/p>\n<p>&nbsp;<\/p>\n<h3><a href=\"https:\/\/clic.xtec.cat\/repo\/index.html?lang=ca\">BIBLIOTECA D&#8217;ACTIVITATS JCLIC<\/a><a href=\"https:\/\/clic.xtec.cat\/repo\/index.html?lang=ca\"><br \/>\n<\/a><\/h3>\n<p style=\"font-weight: 400; text-align: justify;\">Activitats did\u00e0ctiques interactives adre\u00e7ades a introduir l&#8217;alumnat nouvingut d&#8217;ensenyament secundari en la pron\u00fancia b\u00e0sica del catal\u00e0 central. Les activitats interactives treballen tant la identificaci\u00f3 perceptiva dels sons com la seva producci\u00f3 a partir de la repetici\u00f3 i la imitaci\u00f3.\u00a0<img loading=\"lazy\" decoding=\"async\" class=\"size-full wp-image-9582 alignleft\" src=\"https:\/\/projectes.xtec.cat\/usdelallengua\/wp-content\/uploads\/usu2313\/2024\/02\/16.png\" alt=\"\" width=\"250\" height=\"125\" \/><\/p>\n","protected":false},"excerpt":{"rendered":"<p>A continuaci\u00f3 s&#8217;enumeren un seguit de recursos a l&#8217;abast de l&#8217;estudiant que vol endinsar-se en l&#8217;aprenentatge de la llengua catalana.<br \/>\n<a href=\"https:\/\/www.intercat.cat\/ca\">INTERCAT<\/a><br \/>\n<a href=\"https:\/\/www.intercat.cat\/ca\"><\/a><br \/>\nConjunt de recursos electr\u00f2nics en un entorn web. Materials did\u00e0ctics, documentaci\u00f3 socioling\u00fc\u00edstica\u2026 per introduir-se en la llengua catalana. Est\u00e0 pensat per aquells estudiants universitaris&hellip;  <a href=\"https:\/\/projectes.xtec.cat\/usdelallengua\/catala\/catala-a1-a2\/\" title=\"Read Materials A1-A2\">Llegeix m\u00e9s\u00bb<\/a><\/p>\n","protected":false},"author":1,"featured_media":0,"parent":9482,"menu_order":0,"comment_status":"closed","ping_status":"closed","template":"page-templates\/side-menu.php","meta":{"_bbp_topic_count":0,"_bbp_reply_count":0,"_bbp_total_topic_count":0,"_bbp_total_reply_count":0,"_bbp_voice_count":0,"_bbp_anonymous_reply_count":0,"_bbp_topic_count_hidden":0,"_bbp_reply_count_hidden":0,"_bbp_forum_subforum_count":0,"footnotes":""},"class_list":["post-9511","page","type-page","status-publish","hentry"],"post_mailing_queue_ids":[],"_links":{"self":[{"href":"https:\/\/projectes.xtec.cat\/usdelallengua\/wp-json\/wp\/v2\/pages\/9511","targetHints":{"allow":["GET"]}}],"collection":[{"href":"https:\/\/projectes.xtec.cat\/usdelallengua\/wp-json\/wp\/v2\/pages"}],"about":[{"href":"https:\/\/projectes.xtec.cat\/usdelallengua\/wp-json\/wp\/v2\/types\/page"}],"author":[{"embeddable":true,"href":"https:\/\/projectes.xtec.cat\/usdelallengua\/wp-json\/wp\/v2\/users\/1"}],"replies":[{"embeddable":true,"href":"https:\/\/projectes.xtec.cat\/usdelallengua\/wp-json\/wp\/v2\/comments?post=9511"}],"version-history":[{"count":5,"href":"https:\/\/projectes.xtec.cat\/usdelallengua\/wp-json\/wp\/v2\/pages\/9511\/revisions"}],"predecessor-version":[{"id":9588,"href":"https:\/\/projectes.xtec.cat\/usdelallengua\/wp-json\/wp\/v2\/pages\/9511\/revisions\/9588"}],"up":[{"embeddable":true,"href":"https:\/\/projectes.xtec.cat\/usdelallengua\/wp-json\/wp\/v2\/pages\/9482"}],"wp:attachment":[{"href":"https:\/\/projectes.xtec.cat\/usdelallengua\/wp-json\/wp\/v2\/media?parent=9511"}],"curies":[{"name":"wp","href":"https:\/\/api.w.org\/{rel}","templated":true}]}}