{"id":9513,"date":"2024-02-08T09:38:56","date_gmt":"2024-02-08T08:38:56","guid":{"rendered":"https:\/\/projectes.xtec.cat\/usdelallengua\/?page_id=9513"},"modified":"2024-03-13T11:32:22","modified_gmt":"2024-03-13T10:32:22","slug":"catala-b1","status":"publish","type":"page","link":"https:\/\/projectes.xtec.cat\/usdelallengua\/catala\/catala-b1\/","title":{"rendered":"Materials B1"},"content":{"rendered":"<p>A continuaci\u00f3 s\u2019enumeren un seguit de recursos a l\u2019abast de l\u2019estudiant ne nivell intermig que vol seguir aprenent la llengua catalana.<\/p>\n<h3><a href=\"https:\/\/web.editorialteide.com\/ca\/producte\/catala-elemental-b1-2020\/\">CATAL\u00c0 ELEMENTAL B1<\/a><\/h3>\n<p style=\"text-align: justify;\"><a href=\"https:\/\/web.editorialteide.com\/ca\/producte\/catala-elemental-b1-2020\/\"><img loading=\"lazy\" decoding=\"async\" class=\"alignleft wp-image-9625 size-full\" src=\"https:\/\/projectes.xtec.cat\/usdelallengua\/wp-content\/uploads\/usu2313\/2024\/02\/17.png\" alt=\"\" width=\"250\" height=\"125\" \/><span style=\"color: #000000;\">(Esteban, Jordi; Campoy, Montserrat; Sagrera, Merc\u00e8.)<\/span><br \/>\n<span style=\"color: #000000;\">Aquest material est\u00e0 encaminat a promoure, entre els aprenents, l&#8217;\u00fas social del catal\u00e0. Aix\u00ed, en el nivell B1, l&#8217;aprenent que duu a terme les tasques \u00e9s vist com a company i usuari que t\u00e9 interessos diversos i apr\u00e8n a desenvolupar-se en catal\u00e0 en situacions est\u00e0ndard que el fan m\u00e9s h\u00e0bil per relacionar-se socialment.<\/span><\/a><\/p>\n<p>&nbsp;<\/p>\n<h3><a href=\"https:\/\/web.editorialteide.com\/ca\/producte\/activitats-gramatica-elemental-b1catala-adults\/\">Catal\u00e0 Elemental B1. Activitats de gram\u00e0tica<\/a><\/h3>\n<h3><a href=\"https:\/\/web.editorialteide.com\/ca\/producte\/activitats-gramatica-elemental-b1catala-adults\/\"><img loading=\"lazy\" decoding=\"async\" class=\"alignleft size-full wp-image-9627\" src=\"https:\/\/projectes.xtec.cat\/usdelallengua\/wp-content\/uploads\/usu2313\/2024\/02\/18.png\" alt=\"\" width=\"250\" height=\"125\" \/><\/a><\/h3>\n<p style=\"font-weight: 400;\">Badia, M. Dolors; Verdeny, Lydia; Garcia, Teresa; Par\u00e9s, Anna.<\/p>\n<p style=\"font-weight: 400; text-align: justify;\">Llibre que presenta i promou l&#8217;\u00fas dels exponents gramaticals de manera f\u00e0cil i amena i esdev\u00e9 una eina per millorar la compet\u00e8ncia gramatical dels aprenents de catal\u00e0 com a segona llengua. Es compon de 60 unitats breus que abracen tot el saber gramatical corresponent al nivell Elemental<\/p>\n<p>&nbsp;<\/p>\n<h3><a href=\"https:\/\/llengua.gencat.cat\/ca\/serveis\/aprendre_catala\/recursos-per-al-professorat\/dictats-en-linia\/b1\/\"><span lang=\"CA\">Dictats en l\u00ednia. Elemental B1.<\/span><\/a><\/h3>\n<div style=\"text-align: justify;\"><span lang=\"CA\">Dictats en l\u00ednia a<a href=\"https:\/\/llengua.gencat.cat\/ca\/serveis\/aprendre_catala\/recursos-per-al-professorat\/dictats-en-linia\/b1\/ \"><img loading=\"lazy\" decoding=\"async\" class=\"wp-image-9628 size-full alignleft\" src=\"https:\/\/projectes.xtec.cat\/usdelallengua\/wp-content\/uploads\/usu2313\/2024\/02\/19.png\" alt=\"\" width=\"250\" height=\"125\" \/><\/a>utocorrectius per a la pr\u00e0ctica de l&#8217;ortografia i de la comprensi\u00f3 oral. Amb recomanacions did\u00e0ctiques. Els dictats de nivell elemental us seran \u00fatils per treballar les regles generals d&#8217;ortografia.<\/span><\/div>\n<p>&nbsp;<\/p>\n<p>&nbsp;<\/p>\n<p>&nbsp;<\/p>\n<h3><a href=\"https:\/\/www.cpnl.cat\/cursos-de-catala\/cursos-generals-nivell-elemental\/\">CURS EN L\u00cdNIA NIVELL ELEMENTAL B1 \u00a0<\/a><\/h3>\n<p style=\"text-align: justify;\"><a href=\"https:\/\/www.cpnl.cat\/cursos-de-catala\/cursos-generals-nivell-elemental\/\"><img loading=\"lazy\" decoding=\"async\" class=\"alignleft size-full wp-image-9629\" src=\"https:\/\/projectes.xtec.cat\/usdelallengua\/wp-content\/uploads\/usu2313\/2024\/02\/20.png\" alt=\"\" width=\"250\" height=\"125\" \/><\/a>L&#8217;alumne comprendr\u00e0\u00a0textos orals i converses poc complexes de la vida professional o d&#8217;inter\u00e8s propi. Entendr\u00e0\u00a0textos escrits sobre temes d&#8217;inter\u00e8s general i espec\u00edfic. S\u2019expressar\u00e0\u00a0oralment sobre temes d&#8217;inter\u00e8s general i mantindr\u00e0\u00a0converses sobre qualsevol tema de la vida quotidiana. Escriur\u00e0\u00a0textos usuals de l&#8217;entorn quotidi\u00e0.<\/p>\n<p>&nbsp;<\/p>\n<h3><a href=\"https:\/\/parla.cat\/login\/home.php?id=0&amp;lang=ca\">PARLA.CAT CURS EN L\u00cdNIA<\/a><\/h3>\n<div style=\"text-align: justify;\"><span lang=\"CA\"><a href=\"https:\/\/parla.cat\/login\/home.php?id=0&amp;lang=ca\"><img loading=\"lazy\" decoding=\"async\" class=\"alignleft size-full wp-image-9630\" src=\"https:\/\/projectes.xtec.cat\/usdelallengua\/wp-content\/uploads\/usu2313\/2024\/02\/21.png\" alt=\"\" width=\"250\" height=\"125\" \/><\/a>En aquest nivell l\u2019alumne consolidar\u00e0 i ampliar\u00e0 les habilitats orals (escoltar i parlar) i escrites (llegir i escriure). Al llarg dels tres graus en qu\u00e8 es divideix aquest nivell, ampliar\u00e0 el teu camp d&#8217;acci\u00f3 en catal\u00e0 a \u00e0mbits nous i aprendr\u00e0 a adequar el llenguatge a diferents situacions comunicatives.<\/span><\/div>\n<p>&nbsp;<\/p>\n<p>&nbsp;<\/p>\n<p>&nbsp;<\/p>\n","protected":false},"excerpt":{"rendered":"<p>A continuaci\u00f3 s\u2019enumeren un seguit de recursos a l\u2019abast de l\u2019estudiant ne nivell intermig que vol seguir aprenent la llengua catalana.<br \/>\n<a href=\"https:\/\/web.editorialteide.com\/ca\/producte\/catala-elemental-b1-2020\/\">CATAL\u00c0 ELEMENTAL B1<\/a><br \/>\n<a href=\"https:\/\/web.editorialteide.com\/ca\/producte\/catala-elemental-b1-2020\/\">(Esteban, Jordi; Campoy, Montserrat; Sagrera, Merc\u00e8.)<br \/>\nAquest material est\u00e0 encaminat a promoure, entre els aprenents, l&#8217;\u00fas social del catal\u00e0. Aix\u00ed, en el&hellip;  <a href=\"https:\/\/projectes.xtec.cat\/usdelallengua\/catala\/catala-b1\/\" title=\"Read Materials B1\">Llegeix m\u00e9s\u00bb<\/a><\/p>\n","protected":false},"author":1,"featured_media":0,"parent":9482,"menu_order":0,"comment_status":"closed","ping_status":"closed","template":"page-templates\/side-menu.php","meta":{"_bbp_topic_count":0,"_bbp_reply_count":0,"_bbp_total_topic_count":0,"_bbp_total_reply_count":0,"_bbp_voice_count":0,"_bbp_anonymous_reply_count":0,"_bbp_topic_count_hidden":0,"_bbp_reply_count_hidden":0,"_bbp_forum_subforum_count":0,"footnotes":""},"class_list":["post-9513","page","type-page","status-publish","hentry"],"post_mailing_queue_ids":[],"_links":{"self":[{"href":"https:\/\/projectes.xtec.cat\/usdelallengua\/wp-json\/wp\/v2\/pages\/9513","targetHints":{"allow":["GET"]}}],"collection":[{"href":"https:\/\/projectes.xtec.cat\/usdelallengua\/wp-json\/wp\/v2\/pages"}],"about":[{"href":"https:\/\/projectes.xtec.cat\/usdelallengua\/wp-json\/wp\/v2\/types\/page"}],"author":[{"embeddable":true,"href":"https:\/\/projectes.xtec.cat\/usdelallengua\/wp-json\/wp\/v2\/users\/1"}],"replies":[{"embeddable":true,"href":"https:\/\/projectes.xtec.cat\/usdelallengua\/wp-json\/wp\/v2\/comments?post=9513"}],"version-history":[{"count":6,"href":"https:\/\/projectes.xtec.cat\/usdelallengua\/wp-json\/wp\/v2\/pages\/9513\/revisions"}],"predecessor-version":[{"id":9764,"href":"https:\/\/projectes.xtec.cat\/usdelallengua\/wp-json\/wp\/v2\/pages\/9513\/revisions\/9764"}],"up":[{"embeddable":true,"href":"https:\/\/projectes.xtec.cat\/usdelallengua\/wp-json\/wp\/v2\/pages\/9482"}],"wp:attachment":[{"href":"https:\/\/projectes.xtec.cat\/usdelallengua\/wp-json\/wp\/v2\/media?parent=9513"}],"curies":[{"name":"wp","href":"https:\/\/api.w.org\/{rel}","templated":true}]}}