{"id":9515,"date":"2024-02-08T09:45:34","date_gmt":"2024-02-08T08:45:34","guid":{"rendered":"https:\/\/projectes.xtec.cat\/usdelallengua\/?page_id=9515"},"modified":"2024-03-13T11:32:38","modified_gmt":"2024-03-13T10:32:38","slug":"catala-b2","status":"publish","type":"page","link":"https:\/\/projectes.xtec.cat\/usdelallengua\/catala\/catala-b2\/","title":{"rendered":"Materials B2"},"content":{"rendered":"<p>Recursos per l&#8217;assoliment del nivell B2 de catal\u00e0.<\/p>\n<table style=\"border-collapse: collapse; width: 100%; height: 899px;\">\n<tbody>\n<tr style=\"height: 66px;\">\n<td style=\"width: 100%; height: 66px;\">\n<h3><a style=\"color: #2795b6;\" href=\"https:\/\/parla.cat\/login\/home.php?id=0&amp;lang=ca\">PARLA.CAT NIVELL INTERMEDI<\/a><\/h3>\n<\/td>\n<\/tr>\n<tr style=\"height: 155px;\">\n<td style=\"width: 100%; height: 155px; text-align: justify;\"><a href=\"https:\/\/parla.cat\/login\/home.php?id=0&amp;lang=ca\"><img loading=\"lazy\" decoding=\"async\" class=\"alignleft wp-image-9630 size-full\" src=\"https:\/\/projectes.xtec.cat\/usdelallengua\/wp-content\/uploads\/usu2313\/2024\/02\/21.png\" alt=\"\" width=\"250\" height=\"125\" \/><\/a>Curs d\u2019autoaprenentatge per al nivell intermedi. Es treballa la comprensi\u00f3 oral i lectora, l\u2019expressi\u00f3 oral i escrita. Cont\u00e9 exercicis per practicar la gram\u00e0tica i eines de consulta especialitzades.<\/td>\n<\/tr>\n<tr style=\"height: 216px;\">\n<td style=\"width: 100%; height: 216px;\">\n<h3><a href=\"https:\/\/aplicacions.llengua.gencat.cat\/itineraris-aprenentatge\/intermedi\/index.htm\">INTINERARIS D&#8217;APRENENTATGE LLENGUA CATALANA NIVELL INTERMEDI<\/a><\/h3>\n<div><a href=\"https:\/\/aplicacions.llengua.gencat.cat\/itineraris-aprenentatge\/intermedi\/index.htm\"><img loading=\"lazy\" decoding=\"async\" class=\"alignleft wp-image-9634 size-full\" src=\"https:\/\/projectes.xtec.cat\/usdelallengua\/wp-content\/uploads\/usu2313\/2024\/02\/22.png\" alt=\"\" width=\"250\" height=\"125\" \/><\/a><\/div>\n<div style=\"text-align: justify;\"><\/div>\n<div style=\"text-align: justify;\"><span lang=\"CA\">Enfocament did\u00e0ctic d\u2019aprenentatge aut\u00f2nom. L\u2019aprenent parteix d\u2019uns coneixements previs des dels quals desenvolupa el seu aprenentatge en funci\u00f3 de les seves necessitats, hi t\u00e9 un paper actiu i pot triar per on vol comen\u00e7ar a treballar.<\/span><\/div>\n<div style=\"text-align: justify;\"><\/div>\n<div><\/div>\n<div><\/div>\n<div><\/div>\n<div><\/div>\n<div><\/div>\n<\/td>\n<\/tr>\n<tr style=\"height: 216px;\">\n<td style=\"width: 100%; height: 216px;\">\n<h3><a href=\"https:\/\/aplicacions.llengua.gencat.cat\/itineraris-aprenentatge\/intermedi\/index.htm\">ENDEVINA<\/a><\/h3>\n<div style=\"text-align: justify;\"><span lang=\"CA\"><a href=\"https:\/\/llengua.gencat.cat\/ca\/serveis\/aprendre_catala\/a-catalunya\/aprendre-jugant\/endevina\"><img loading=\"lazy\" decoding=\"async\" class=\"alignleft wp-image-9635 size-full\" src=\"https:\/\/projectes.xtec.cat\/usdelallengua\/wp-content\/uploads\/usu2313\/2024\/02\/23.png\" alt=\"\" width=\"250\" height=\"125\" \/><\/a><\/span><\/div>\n<div style=\"text-align: justify;\"><\/div>\n<div style=\"text-align: justify;\"><span lang=\"CA\">Endevina\u00a0<\/span><span lang=\"CA\">\u00e9s un programa d&#8217;exercicis de l\u00e8xic, elaborat per Jordi Esteban, adre\u00e7at a aprenents dels nivells elemental i intermedi de catal\u00e0. Cont\u00e9 16 temes amb 20 exercicis contextualitzats.<\/span><\/div>\n<div style=\"text-align: justify;\"><\/div>\n<div><\/div>\n<div><\/div>\n<div><\/div>\n<div><\/div>\n<div><\/div>\n<div><\/div>\n<\/td>\n<\/tr>\n<tr style=\"height: 246px;\">\n<td style=\"width: 100%; height: 246px;\">\n<h3><a href=\"https:\/\/llengua.gencat.cat\/ca\/serveis\/aprendre_catala\/a-catalunya\/aprendre-jugant\/barrina\/\">BARRINA<\/a><\/h3>\n<div><a href=\"https:\/\/llengua.gencat.cat\/ca\/serveis\/aprendre_catala\/a-catalunya\/aprendre-jugant\/barrina\/\"><img loading=\"lazy\" decoding=\"async\" class=\"alignleft wp-image-9636 size-full\" src=\"https:\/\/projectes.xtec.cat\/usdelallengua\/wp-content\/uploads\/usu2313\/2024\/02\/24.png\" alt=\"\" width=\"250\" height=\"125\" \/><\/a><\/div>\n<div><\/div>\n<div>\n<div>\n<div style=\"text-align: justify;\"><span lang=\"CA\">Barrina\u00a0<\/span><span lang=\"CA\">\u00e9s un programa d&#8217;exercicis de l\u00e8xic, elaborat per Jordi Esteban, adre\u00e7ats a aprenents dels nivells intermedi i sufici\u00e8ncia de catal\u00e0. Cont\u00e9 16 temes amb 20 exercicis contextualitzats. El l\u00e8xic que s&#8217;apr\u00e8n en aquest programa ha estat seleccionat perqu\u00e8 la seva pres\u00e8ncia en la parla social actual \u00e9s escassa i perqu\u00e8 el seu significat no pot ser dedu\u00eft d&#8217;altres lleng\u00fces ve\u00efnes.<\/span><\/div>\n<\/div>\n<div><\/div>\n<\/div>\n<div><\/div>\n<div><\/div>\n<div><\/div>\n<div><\/div>\n<div><\/div>\n<div><\/div>\n<\/td>\n<\/tr>\n<tr>\n<td style=\"width: 100%;\">\n<h3><a href=\"https:\/\/llengua.gencat.cat\/ca\/serveis\/aprendre_catala\/a-catalunya\/aprendre-jugant\/saberne_un_niu\/\">SABER-NE UN NIU<\/a><\/h3>\n<p style=\"font-weight: 400; text-align: justify;\"><em><a href=\"https:\/\/llengua.gencat.cat\/ca\/serveis\/aprendre_catala\/a-catalunya\/aprendre-jugant\/saberne_un_niu\/\"><img loading=\"lazy\" decoding=\"async\" class=\"wp-image-9637 size-full alignleft\" src=\"https:\/\/projectes.xtec.cat\/usdelallengua\/wp-content\/uploads\/usu2313\/2024\/02\/25.png\" alt=\"\" width=\"250\" height=\"125\" \/><\/a>Saber-ne un niu<\/em> \u00e9s un programa d&#8217;exercicis de frases fetes, elaborat per Jordi Esteban, adre\u00e7at a aprenents del nivell de sufici\u00e8ncia de catal\u00e0. Cont\u00e9 11 temes que s\u00f3n els mateixos que els utilitzats en els centres d&#8217;autoaprenentatge de catal\u00e0.<\/p>\n<div><\/div>\n<div><\/div>\n<div><\/div>\n<div><\/div>\n<\/td>\n<\/tr>\n<tr>\n<td style=\"width: 100%;\">\n<h3><a href=\"https:\/\/www.edu365.cat\/eso\/catala\/lectures\/index.html\">EDU365 \u2013 LLEGIR I DESCOBRIR<\/a><\/h3>\n<div><\/div>\n<div><\/div>\n<div><a href=\"https:\/\/www.edu365.cat\/eso\/catala\/lectures\/index.html\"><img loading=\"lazy\" decoding=\"async\" class=\"alignleft wp-image-9638 size-full\" src=\"https:\/\/projectes.xtec.cat\/usdelallengua\/wp-content\/uploads\/usu2313\/2024\/02\/26.png\" alt=\"\" width=\"250\" height=\"125\" \/><\/a><\/div>\n<div>\n<p style=\"font-weight: 400;\">Per practicar la comprensi\u00f3 lectora.<\/p>\n<\/div>\n<div><\/div>\n<div><\/div>\n<div><\/div>\n<div><\/div>\n<div><\/div>\n<div><\/div>\n<div><\/div>\n<\/td>\n<\/tr>\n<tr>\n<td style=\"width: 100%;\">\n<h3><a href=\"https:\/\/clic.xtec.cat\/repo\/index.html?lang=ca\">ACTIVITATS JCLIC<\/a><\/h3>\n<div><img loading=\"lazy\" decoding=\"async\" class=\"alignleft size-full wp-image-9639\" src=\"https:\/\/projectes.xtec.cat\/usdelallengua\/wp-content\/uploads\/usu2313\/2024\/02\/27.png\" alt=\"\" width=\"250\" height=\"125\" \/><\/div>\n<div><\/div>\n<div><span lang=\"CA\">Activitats did\u00e0ctiques adre\u00e7ades a introduir l\u2019alumnat nouvingut en la pronuncia b\u00e0sica del catal\u00e0 central.<\/span><\/div>\n<p>&nbsp;<\/p>\n<p>&nbsp;<\/p>\n<p>&nbsp;<\/td>\n<\/tr>\n<tr>\n<td style=\"width: 100%;\">\n<h3><a href=\"https:\/\/llengua.gencat.cat\/ca\/serveis\/aprendre_catala\/recursos-per-al-professorat\/dictats-en-linia\/b2\/\">INTERMEDI B2<\/a><\/h3>\n<p style=\"font-weight: 400;\"><img loading=\"lazy\" decoding=\"async\" class=\"alignleft size-full wp-image-9640\" src=\"https:\/\/projectes.xtec.cat\/usdelallengua\/wp-content\/uploads\/usu2313\/2024\/02\/28.png\" alt=\"\" width=\"250\" height=\"125\" \/><\/p>\n<p style=\"font-weight: 400;\">Els dictats de nivell intermedi us seran \u00fatils per treballar les regles generals d&#8217;ortografia i algunes excepcions d&#8217;\u00fas freq\u00fcent.<\/p>\n<p>&nbsp;<\/td>\n<\/tr>\n<tr>\n<td style=\"width: 100%;\">\n<h3><a href=\"https:\/\/www.edu365.cat\/primaria\/catala\/historic\/ortografia_ci\/ortografia.html\">ORTOGRAFIA B\u00c0SICA<\/a><\/h3>\n<p><img loading=\"lazy\" decoding=\"async\" class=\"alignleft size-full wp-image-9641\" src=\"https:\/\/projectes.xtec.cat\/usdelallengua\/wp-content\/uploads\/usu2313\/2024\/02\/29.png\" alt=\"\" width=\"250\" height=\"125\" \/>P\u00e0gina per poder practicar els aspectes ortogr\u00e0fics.<\/p>\n<h3><\/h3>\n<h3><\/h3>\n<h3><\/h3>\n<\/td>\n<\/tr>\n<tr>\n<td style=\"width: 100%;\">\n<h3><a href=\"https:\/\/llibreria.diba.cat\/es\/libro\/nivell-intermedi-curs-de-llengua-catalana-b2_59050\">Nivell intermedi B2 Curs de llengua catalana (ed.2017)<\/a><\/h3>\n<p><a href=\"https:\/\/llibreria.diba.cat\/es\/libro\/nivell-intermedi-curs-de-llengua-catalana-b2_59050\"><img loading=\"lazy\" decoding=\"async\" class=\"alignleft wp-image-9642\" src=\"https:\/\/projectes.xtec.cat\/usdelallengua\/wp-content\/uploads\/usu2313\/2024\/02\/Captura-de-pantalla-2024-02-15-a-las-10.55.09-150x150.png\" alt=\"\" width=\"182\" height=\"182\" \/><\/a><\/p>\n<p style=\"font-weight: 400; text-align: justify;\">Est\u00e0 organitzat en tres blocs: comunicaci\u00f3, estudi de la llengua i marc socioling\u00fc\u00edstic. Cada bloc est\u00e0 dividit en temes, i cada tema inclou una\u00a0explicaci\u00f3 te\u00f2rica i exercicis\u00a0per practicar.<\/p>\n<p>&nbsp;<\/p>\n<p>&nbsp;<\/p>\n<p>&nbsp;<\/td>\n<\/tr>\n<\/tbody>\n<\/table>\n<h3><\/h3>\n<p>&nbsp;<\/p>\n<p>&nbsp;<\/p>\n<p>&nbsp;<\/p>\n<p>&nbsp;<\/p>\n","protected":false},"excerpt":{"rendered":"<p>Recursos per l&#8217;assoliment del nivell B2 de catal\u00e0.<\/p>\n<p><a style=\"color: #2795b6;\" href=\"https:\/\/parla.cat\/login\/home.php?id=0&amp;lang=ca\">PARLA.CAT NIVELL INTERMEDI<\/a><\/p>\n<p><a href=\"https:\/\/parla.cat\/login\/home.php?id=0&amp;lang=ca\"><\/a>Curs d\u2019autoaprenentatge per al nivell intermedi. Es treballa la comprensi\u00f3 oral i lectora, l\u2019expressi\u00f3 oral i escrita. Cont\u00e9 exercicis per practicar la gram\u00e0tica i eines de consulta especialitzades.<\/p>\n<p><a href=\"https:\/\/aplicacions.llengua.gencat.cat\/itineraris-aprenentatge\/intermedi\/index.htm\">INTINERARIS D&#8217;APRENENTATGE LLENGUA CATALANA&hellip;  <a href=\"https:\/\/projectes.xtec.cat\/usdelallengua\/catala\/catala-b2\/\" title=\"Read Materials B2\">Llegeix m\u00e9s\u00bb<\/a><\/p>\n","protected":false},"author":1,"featured_media":0,"parent":9482,"menu_order":0,"comment_status":"closed","ping_status":"closed","template":"page-templates\/side-menu.php","meta":{"_bbp_topic_count":0,"_bbp_reply_count":0,"_bbp_total_topic_count":0,"_bbp_total_reply_count":0,"_bbp_voice_count":0,"_bbp_anonymous_reply_count":0,"_bbp_topic_count_hidden":0,"_bbp_reply_count_hidden":0,"_bbp_forum_subforum_count":0,"footnotes":""},"class_list":["post-9515","page","type-page","status-publish","hentry"],"post_mailing_queue_ids":[],"_links":{"self":[{"href":"https:\/\/projectes.xtec.cat\/usdelallengua\/wp-json\/wp\/v2\/pages\/9515","targetHints":{"allow":["GET"]}}],"collection":[{"href":"https:\/\/projectes.xtec.cat\/usdelallengua\/wp-json\/wp\/v2\/pages"}],"about":[{"href":"https:\/\/projectes.xtec.cat\/usdelallengua\/wp-json\/wp\/v2\/types\/page"}],"author":[{"embeddable":true,"href":"https:\/\/projectes.xtec.cat\/usdelallengua\/wp-json\/wp\/v2\/users\/1"}],"replies":[{"embeddable":true,"href":"https:\/\/projectes.xtec.cat\/usdelallengua\/wp-json\/wp\/v2\/comments?post=9515"}],"version-history":[{"count":6,"href":"https:\/\/projectes.xtec.cat\/usdelallengua\/wp-json\/wp\/v2\/pages\/9515\/revisions"}],"predecessor-version":[{"id":9766,"href":"https:\/\/projectes.xtec.cat\/usdelallengua\/wp-json\/wp\/v2\/pages\/9515\/revisions\/9766"}],"up":[{"embeddable":true,"href":"https:\/\/projectes.xtec.cat\/usdelallengua\/wp-json\/wp\/v2\/pages\/9482"}],"wp:attachment":[{"href":"https:\/\/projectes.xtec.cat\/usdelallengua\/wp-json\/wp\/v2\/media?parent=9515"}],"curies":[{"name":"wp","href":"https:\/\/api.w.org\/{rel}","templated":true}]}}