{"id":9519,"date":"2024-02-08T09:46:27","date_gmt":"2024-02-08T08:46:27","guid":{"rendered":"https:\/\/projectes.xtec.cat\/usdelallengua\/?page_id=9519"},"modified":"2025-11-07T14:52:34","modified_gmt":"2025-11-07T13:52:34","slug":"catala-c2","status":"publish","type":"page","link":"https:\/\/projectes.xtec.cat\/usdelallengua\/catala\/catala-c2\/","title":{"rendered":"Materials C2"},"content":{"rendered":"<h3><a href=\"https:\/\/llengua.gencat.cat\/web\/.content\/documents\/certificats_de_catala\/arxius\/guia_a1_cl_i_ee.pdf\">PREPARACI\u00d3 COMPRENSI\u00d3 LECTORA I EXPRESSI\u00d3 ESCRITA<\/a><\/h3>\n<div class=\"page\" title=\"Page 1\">\n<div class=\"section\">\n<div class=\"layoutArea\">\n<div class=\"column\">\n<p><a href=\"https:\/\/llengua.gencat.cat\/web\/.content\/documents\/certificats_de_catala\/arxius\/guia_a1_cl_i_ee.pdf\"><img loading=\"lazy\" decoding=\"async\" class=\"wp-image-9649 size-medium alignleft\" src=\"https:\/\/projectes.xtec.cat\/usdelallengua\/wp-content\/uploads\/usu2313\/2024\/02\/Captura-de-pantalla-2024-02-15-a-las-12.17.08-300x142.png\" alt=\"\" width=\"300\" height=\"142\" srcset=\"https:\/\/projectes.xtec.cat\/usdelallengua\/wp-content\/uploads\/usu2313\/2024\/02\/Captura-de-pantalla-2024-02-15-a-las-12.17.08-300x142.png 300w, https:\/\/projectes.xtec.cat\/usdelallengua\/wp-content\/uploads\/usu2313\/2024\/02\/Captura-de-pantalla-2024-02-15-a-las-12.17.08-1024x484.png 1024w, https:\/\/projectes.xtec.cat\/usdelallengua\/wp-content\/uploads\/usu2313\/2024\/02\/Captura-de-pantalla-2024-02-15-a-las-12.17.08-768x363.png 768w, https:\/\/projectes.xtec.cat\/usdelallengua\/wp-content\/uploads\/usu2313\/2024\/02\/Captura-de-pantalla-2024-02-15-a-las-12.17.08-1536x726.png 1536w, https:\/\/projectes.xtec.cat\/usdelallengua\/wp-content\/uploads\/usu2313\/2024\/02\/Captura-de-pantalla-2024-02-15-a-las-12.17.08-2048x968.png 2048w\" sizes=\"auto, (max-width: 300px) 100vw, 300px\" \/><\/a>Guia per preparar-se l\u2019a\u0300rea de comprensio\u0301 lectora i expressio\u0301 escrita<\/p>\n<\/div>\n<\/div>\n<\/div>\n<\/div>\n<p>&nbsp;<\/p>\n<p>&nbsp;<\/p>\n<p>&nbsp;<\/p>\n<div class=\"page\" title=\"Page 1\">\n<div class=\"section\">\n<div class=\"layoutArea\">\n<div class=\"column\">\n<h3><a href=\"https:\/\/llengua.gencat.cat\/web\/.content\/documents\/certificats_de_catala\/arxius\/mostres_avaluades_a1_cl_i_ee.pdf\">Mostres avaluades i comentades\u00a0de l\u2019a\u0300rea de comprensio\u0301 lectora i expressio\u0301 escrita<\/a><\/h3>\n<p><img loading=\"lazy\" decoding=\"async\" class=\"alignleft wp-image-9768\" src=\"https:\/\/projectes.xtec.cat\/usdelallengua\/wp-content\/uploads\/usu2313\/2024\/03\/c2-mostres-avaluades.png\" alt=\"\" width=\"298\" height=\"151\" srcset=\"https:\/\/projectes.xtec.cat\/usdelallengua\/wp-content\/uploads\/usu2313\/2024\/03\/c2-mostres-avaluades.png 1177w, https:\/\/projectes.xtec.cat\/usdelallengua\/wp-content\/uploads\/usu2313\/2024\/03\/c2-mostres-avaluades-300x152.png 300w, https:\/\/projectes.xtec.cat\/usdelallengua\/wp-content\/uploads\/usu2313\/2024\/03\/c2-mostres-avaluades-1024x519.png 1024w, https:\/\/projectes.xtec.cat\/usdelallengua\/wp-content\/uploads\/usu2313\/2024\/03\/c2-mostres-avaluades-768x390.png 768w\" sizes=\"auto, (max-width: 298px) 100vw, 298px\" \/><\/p>\n<\/div>\n<\/div>\n<\/div>\n<\/div>\n<p>Exemples de textos corregits.<\/p>\n<h3><\/h3>\n<h3><\/h3>\n<h3><\/h3>\n<p>&nbsp;<\/p>\n<p>&nbsp;<\/p>\n<h3><a href=\"https:\/\/www.barcanova.cat\/catalogo\/14-catala-per-adults\/el-catala-escrit-nivell-superior-c2-9788448947019\">CATAL\u00c0 ESCRIT 2<\/a><\/h3>\n<div><span lang=\"CA\"><a href=\"https:\/\/www.barcanova.cat\/catalogo\/14-catala-per-adults\/el-catala-escrit-nivell-superior-c2-9788448947019\"><img loading=\"lazy\" decoding=\"async\" class=\"alignleft wp-image-9651\" src=\"https:\/\/projectes.xtec.cat\/usdelallengua\/wp-content\/uploads\/usu2313\/2024\/02\/Captura-de-pantalla-2024-02-15-a-las-12.26.26-224x300.png\" alt=\"\" width=\"200\" height=\"268\" srcset=\"https:\/\/projectes.xtec.cat\/usdelallengua\/wp-content\/uploads\/usu2313\/2024\/02\/Captura-de-pantalla-2024-02-15-a-las-12.26.26-224x300.png 224w, https:\/\/projectes.xtec.cat\/usdelallengua\/wp-content\/uploads\/usu2313\/2024\/02\/Captura-de-pantalla-2024-02-15-a-las-12.26.26.png 751w\" sizes=\"auto, (max-width: 200px) 100vw, 200px\" \/><\/a><\/span><\/div>\n<div><span lang=\"CA\">Un llibre encarat a\u00a0<\/span><span lang=\"CA\">millorar els coneixements escrits del nivell superior de catal\u00e0<\/span><span lang=\"CA\">. Inclou\u00a0<\/span><span lang=\"CA\">teoria i alguns exercicis<\/span><span lang=\"CA\">, perqu\u00e8 es puguin practicar mentre s&#8217;apren.\u00a0<\/span><\/div>\n<p>&nbsp;<\/p>\n<p>&nbsp;<\/p>\n<p>&nbsp;<\/p>\n<p>&nbsp;<\/p>\n<p>&nbsp;<\/p>\n<p>&nbsp;<\/p>\n<p>&nbsp;<\/p>\n<h3><a href=\"https:\/\/llibreria.diba.cat\/es\/libro\/c2-nivell-superior_66953\">C2 NIVELL SUPERIOR<\/a><\/h3>\n<div>\n<p><span lang=\"CA\">El llibre <i>Nivell C2<\/i> de Lourdes Subir\u00e0 <\/span><span lang=\"CA\">es basa en els programes de la Direcci\u00f3 General de Pol\u00edtica Ling\u00fc\u00edstica de la Generalitat de Catalunya i del Consorci per a la Normalitzaci\u00f3 ling\u00fc\u00edstica. El temari est\u00e0 organitzat en tres blocs:\u00a0comunicaci\u00f3 escrita, comunicaci\u00f3 oral i estudi de la llengua. Per tant,\u00a0t\u2019ajuda a preparar-te totes les \u00e0rees\u00a0de l\u2019examen superior de catal\u00e0.<\/span><\/p>\n<p><a href=\"https:\/\/llibreria.diba.cat\/es\/libro\/c2-nivell-superior_66953\"><img loading=\"lazy\" decoding=\"async\" class=\"alignleft wp-image-9652 \" src=\"https:\/\/projectes.xtec.cat\/usdelallengua\/wp-content\/uploads\/usu2313\/2024\/02\/Captura-de-pantalla-2024-02-15-a-las-12.31.33-227x300.png\" alt=\"\" width=\"195\" height=\"258\" srcset=\"https:\/\/projectes.xtec.cat\/usdelallengua\/wp-content\/uploads\/usu2313\/2024\/02\/Captura-de-pantalla-2024-02-15-a-las-12.31.33-227x300.png 227w, https:\/\/projectes.xtec.cat\/usdelallengua\/wp-content\/uploads\/usu2313\/2024\/02\/Captura-de-pantalla-2024-02-15-a-las-12.31.33.png 614w\" sizes=\"auto, (max-width: 195px) 100vw, 195px\" \/><\/a><\/p>\n<\/div>\n<p>&nbsp;<\/p>\n<p>&nbsp;<\/p>\n<p>&nbsp;<\/p>\n<p>&nbsp;<\/p>\n<p>&nbsp;<\/p>\n<p>&nbsp;<\/p>\n<p>&nbsp;<\/p>\n<h3><a href=\"https:\/\/www.upf.edu\/es\/web\/idiomesupf\/catalan-c2\">CURS DE NIVELL SUPERIOR C2 \u2013 UPF<\/a><\/h3>\n<p><a href=\"https:\/\/www.upf.edu\/es\/web\/idiomesupf\/catalan-c2\"><img loading=\"lazy\" decoding=\"async\" class=\"alignleft wp-image-9654 size-medium\" src=\"https:\/\/projectes.xtec.cat\/usdelallengua\/wp-content\/uploads\/usu2313\/2024\/02\/Captura-de-pantalla-2024-02-15-a-las-12.35.13-300x158.png\" alt=\"\" width=\"300\" height=\"158\" srcset=\"https:\/\/projectes.xtec.cat\/usdelallengua\/wp-content\/uploads\/usu2313\/2024\/02\/Captura-de-pantalla-2024-02-15-a-las-12.35.13-300x158.png 300w, https:\/\/projectes.xtec.cat\/usdelallengua\/wp-content\/uploads\/usu2313\/2024\/02\/Captura-de-pantalla-2024-02-15-a-las-12.35.13-1024x539.png 1024w, https:\/\/projectes.xtec.cat\/usdelallengua\/wp-content\/uploads\/usu2313\/2024\/02\/Captura-de-pantalla-2024-02-15-a-las-12.35.13-768x405.png 768w, https:\/\/projectes.xtec.cat\/usdelallengua\/wp-content\/uploads\/usu2313\/2024\/02\/Captura-de-pantalla-2024-02-15-a-las-12.35.13-1536x809.png 1536w, https:\/\/projectes.xtec.cat\/usdelallengua\/wp-content\/uploads\/usu2313\/2024\/02\/Captura-de-pantalla-2024-02-15-a-las-12.35.13-2048x1079.png 2048w\" sizes=\"auto, (max-width: 300px) 100vw, 300px\" \/><\/a><\/p>\n<p>Aquest curs de nivell superior C2 et proporcionar\u00e0 els coneixements necessaris per a consolidar el nivell C2 MECR i en superar el curs, rebr\u00e0s un certificat UPF del nivell completat.\u00a0A m\u00e9s, el curs et preparar\u00e0 per a presentar-te a l&#8217;examen oficial de la CIFALC amb confian\u00e7a, si aix\u00ed ho desitges. Els ex\u00e0mens CIFALC permeten obtenir el certificat oficial de nivell C2 de llengua catalana, que est\u00e0 homologat per la Direcci\u00f3 General de Pol\u00edtica Ling\u00fc\u00edstica.<\/p>\n<p>&nbsp;<\/p>\n","protected":false},"excerpt":{"rendered":"<p><a href=\"https:\/\/llengua.gencat.cat\/web\/.content\/documents\/certificats_de_catala\/arxius\/guia_a1_cl_i_ee.pdf\">PREPARACI\u00d3 COMPRENSI\u00d3 LECTORA I EXPRESSI\u00d3 ESCRITA<\/a><\/p>\n<p><a href=\"https:\/\/llengua.gencat.cat\/web\/.content\/documents\/certificats_de_catala\/arxius\/guia_a1_cl_i_ee.pdf\"><\/a>Guia per preparar-se l\u2019a\u0300rea de comprensio\u0301 lectora i expressio\u0301 escrita<\/p>\n<p>&nbsp;<br \/>\n&nbsp;<br \/>\n&nbsp;<\/p>\n<p><a href=\"https:\/\/llengua.gencat.cat\/web\/.content\/documents\/certificats_de_catala\/arxius\/mostres_avaluades_a1_cl_i_ee.pdf\">Mostres avaluades i comentades\u00a0de l\u2019a\u0300rea de comprensio\u0301 lectora i expressio\u0301 escrita<\/a><\/p>\n<p>Exemples de textos corregits.<\/p>\n<p>&nbsp;<br \/>\n&nbsp;<br \/>\n<a href=\"https:\/\/www.barcanova.cat\/catalogo\/14-catala-per-adults\/el-catala-escrit-nivell-superior-c2-9788448947019\">CATAL\u00c0 ESCRIT 2<\/a><br \/>\n<a href=\"https:\/\/www.barcanova.cat\/catalogo\/14-catala-per-adults\/el-catala-escrit-nivell-superior-c2-9788448947019\"><\/a><br \/>\nUn llibre encarat a\u00a0millorar els coneixements escrits del nivell superior de&hellip;  <a href=\"https:\/\/projectes.xtec.cat\/usdelallengua\/catala\/catala-c2\/\" title=\"Read Materials C2\">Llegeix m\u00e9s\u00bb<\/a><\/p>\n","protected":false},"author":1,"featured_media":0,"parent":9482,"menu_order":0,"comment_status":"closed","ping_status":"closed","template":"page-templates\/side-menu.php","meta":{"_bbp_topic_count":0,"_bbp_reply_count":0,"_bbp_total_topic_count":0,"_bbp_total_reply_count":0,"_bbp_voice_count":0,"_bbp_anonymous_reply_count":0,"_bbp_topic_count_hidden":0,"_bbp_reply_count_hidden":0,"_bbp_forum_subforum_count":0,"footnotes":""},"class_list":["post-9519","page","type-page","status-publish","hentry"],"post_mailing_queue_ids":[],"_links":{"self":[{"href":"https:\/\/projectes.xtec.cat\/usdelallengua\/wp-json\/wp\/v2\/pages\/9519","targetHints":{"allow":["GET"]}}],"collection":[{"href":"https:\/\/projectes.xtec.cat\/usdelallengua\/wp-json\/wp\/v2\/pages"}],"about":[{"href":"https:\/\/projectes.xtec.cat\/usdelallengua\/wp-json\/wp\/v2\/types\/page"}],"author":[{"embeddable":true,"href":"https:\/\/projectes.xtec.cat\/usdelallengua\/wp-json\/wp\/v2\/users\/1"}],"replies":[{"embeddable":true,"href":"https:\/\/projectes.xtec.cat\/usdelallengua\/wp-json\/wp\/v2\/comments?post=9519"}],"version-history":[{"count":6,"href":"https:\/\/projectes.xtec.cat\/usdelallengua\/wp-json\/wp\/v2\/pages\/9519\/revisions"}],"predecessor-version":[{"id":10034,"href":"https:\/\/projectes.xtec.cat\/usdelallengua\/wp-json\/wp\/v2\/pages\/9519\/revisions\/10034"}],"up":[{"embeddable":true,"href":"https:\/\/projectes.xtec.cat\/usdelallengua\/wp-json\/wp\/v2\/pages\/9482"}],"wp:attachment":[{"href":"https:\/\/projectes.xtec.cat\/usdelallengua\/wp-json\/wp\/v2\/media?parent=9519"}],"curies":[{"name":"wp","href":"https:\/\/api.w.org\/{rel}","templated":true}]}}