{"id":8326,"date":"2017-07-26T12:48:48","date_gmt":"2017-07-26T10:48:48","guid":{"rendered":"http:\/\/projectes.xtec.cat\/xarxacb\/?page_id=8326"},"modified":"2021-08-07T15:11:20","modified_gmt":"2021-08-07T13:11:20","slug":"projectes","status":"publish","type":"page","link":"https:\/\/projectes.xtec.cat\/xarxacb\/projectes\/","title":{"rendered":"Projectes"},"content":{"rendered":"<p style=\"text-align: justify;\">La societat evoluciona i cada vegada m\u00e9s hem de preparar els nostres alumnes per donar respostes innovadores en una societat canviant i en evoluci\u00f3 constant. Si l\u2019objectiu \u00e9s afavorir que l\u2019aprenentatge escolar sigui \u00fatil per a formar ciutadans i ciutadanes cr\u00edtics, amb opini\u00f3 pr\u00f2pia, aut\u00f2noms i que siguin capa\u00e7os de resoldre els nous reptes en cooperaci\u00f3 amb els altres, el model que presenta els aprenentatges de manera fragmentada per disciplines s\u2019ha de revisar i s\u2019ha de tendir cap a enfocaments globalitzats. Des del curs 2015-16, els docents de la Xarxa Cb han iniciat <strong>experi\u00e8ncies de treball globalitzat<\/strong> per afavorir l\u2019aprenentatge competencial dels seus alumnes, que han estat documentades per mitj\u00e0 de <strong>diaris docents<\/strong> en format xtec.blocs, que recullen la <em>planificaci\u00f3, el proc\u00e9s d&#8217;implementaci\u00f3 i l&#8217;avaluaci\u00f3 de projectes<\/em>.<\/p>\n<p><iframe loading=\"lazy\" src=\"https:\/\/edumet.cat\/areatac\/presentacions\/index.php?ID=1NPOnzdz--aUOGaYwBykfY3eudOy7WIlgSLr8qSfTj2A&amp;config=Projectes\" width=\"100%\" height=\"800\"><\/iframe><\/p>\n","protected":false},"excerpt":{"rendered":"<p>La societat evoluciona i cada vegada m\u00e9s hem de preparar els nostres alumnes per donar respostes innovadores en una societat [&hellip;]<\/p>\n","protected":false},"author":2,"featured_media":0,"parent":0,"menu_order":0,"comment_status":"closed","ping_status":"closed","template":"","meta":{"_bbp_topic_count":0,"_bbp_reply_count":0,"_bbp_total_topic_count":0,"_bbp_total_reply_count":0,"_bbp_voice_count":0,"_bbp_anonymous_reply_count":0,"_bbp_topic_count_hidden":0,"_bbp_reply_count_hidden":0,"_bbp_forum_subforum_count":0,"site-sidebar-layout":"default","site-content-layout":"","ast-site-content-layout":"","site-content-style":"default","site-sidebar-style":"default","ast-global-header-display":"","ast-banner-title-visibility":"","ast-main-header-display":"","ast-hfb-above-header-display":"","ast-hfb-below-header-display":"","ast-hfb-mobile-header-display":"","site-post-title":"","ast-breadcrumbs-content":"","ast-featured-img":"","footer-sml-layout":"","theme-transparent-header-meta":"","adv-header-id-meta":"","stick-header-meta":"","header-above-stick-meta":"","header-main-stick-meta":"","header-below-stick-meta":"","astra-migrate-meta-layouts":"default","ast-page-background-enabled":"default","ast-page-background-meta":{"desktop":{"background-color":"var(--ast-global-color-4)","background-image":"","background-repeat":"repeat","background-position":"center center","background-size":"auto","background-attachment":"scroll","background-type":"","background-media":"","overlay-type":"","overlay-color":"","overlay-opacity":"","overlay-gradient":""},"tablet":{"background-color":"","background-image":"","background-repeat":"repeat","background-position":"center center","background-size":"auto","background-attachment":"scroll","background-type":"","background-media":"","overlay-type":"","overlay-color":"","overlay-opacity":"","overlay-gradient":""},"mobile":{"background-color":"","background-image":"","background-repeat":"repeat","background-position":"center center","background-size":"auto","background-attachment":"scroll","background-type":"","background-media":"","overlay-type":"","overlay-color":"","overlay-opacity":"","overlay-gradient":""}},"ast-content-background-meta":{"desktop":{"background-color":"var(--ast-global-color-5)","background-image":"","background-repeat":"repeat","background-position":"center center","background-size":"auto","background-attachment":"scroll","background-type":"","background-media":"","overlay-type":"","overlay-color":"","overlay-opacity":"","overlay-gradient":""},"tablet":{"background-color":"var(--ast-global-color-5)","background-image":"","background-repeat":"repeat","background-position":"center center","background-size":"auto","background-attachment":"scroll","background-type":"","background-media":"","overlay-type":"","overlay-color":"","overlay-opacity":"","overlay-gradient":""},"mobile":{"background-color":"var(--ast-global-color-5)","background-image":"","background-repeat":"repeat","background-position":"center center","background-size":"auto","background-attachment":"scroll","background-type":"","background-media":"","overlay-type":"","overlay-color":"","overlay-opacity":"","overlay-gradient":""}},"footnotes":""},"class_list":["post-8326","page","type-page","status-publish","hentry"],"post_mailing_queue_ids":[],"_links":{"self":[{"href":"https:\/\/projectes.xtec.cat\/xarxacb\/wp-json\/wp\/v2\/pages\/8326","targetHints":{"allow":["GET"]}}],"collection":[{"href":"https:\/\/projectes.xtec.cat\/xarxacb\/wp-json\/wp\/v2\/pages"}],"about":[{"href":"https:\/\/projectes.xtec.cat\/xarxacb\/wp-json\/wp\/v2\/types\/page"}],"author":[{"embeddable":true,"href":"https:\/\/projectes.xtec.cat\/xarxacb\/wp-json\/wp\/v2\/users\/2"}],"replies":[{"embeddable":true,"href":"https:\/\/projectes.xtec.cat\/xarxacb\/wp-json\/wp\/v2\/comments?post=8326"}],"version-history":[{"count":4,"href":"https:\/\/projectes.xtec.cat\/xarxacb\/wp-json\/wp\/v2\/pages\/8326\/revisions"}],"predecessor-version":[{"id":8903,"href":"https:\/\/projectes.xtec.cat\/xarxacb\/wp-json\/wp\/v2\/pages\/8326\/revisions\/8903"}],"wp:attachment":[{"href":"https:\/\/projectes.xtec.cat\/xarxacb\/wp-json\/wp\/v2\/media?parent=8326"}],"curies":[{"name":"wp","href":"https:\/\/api.w.org\/{rel}","templated":true}]}}