{"id":8541,"date":"2019-08-05T11:50:11","date_gmt":"2019-08-05T09:50:11","guid":{"rendered":"http:\/\/projectes.xtec.cat\/xarxacb\/?page_id=8541"},"modified":"2021-08-07T15:51:14","modified_gmt":"2021-08-07T13:51:14","slug":"actavmillora","status":"publish","type":"page","link":"https:\/\/projectes.xtec.cat\/xarxacb\/actavmillora\/","title":{"rendered":"Com millorar una activitat d\u2019avaluaci\u00f3?"},"content":{"rendered":"<p style=\"text-align: justify;\"><span style=\"color: #808000;\"><strong><em><a style=\"color: #808000;\" href=\"https:\/\/drive.google.com\/file\/d\/0BwLicD32X84eWkJsaVB2Vy0xY1F5R0dGS2E0cXdhcWc3Ulk4\/view?usp=sharing\">\u00abCom millorar una activitat d\u2019avaluaci\u00f3 per afavorir l\u2019adquisici\u00f3 d\u2019aprenentatges competencials?\u00bb <\/a><\/em><\/strong><\/span>\u00e9s un recurs autoformatiu que proporciona orientacions per redissenyar, implementar i documentar una activitat d\u2019avaluaci\u00f3 perqu\u00e8 esdevingui \u00fatil per avaluar el nivell d\u2019adquisici\u00f3 de les compet\u00e8ncies b\u00e0siques d\u2019un o de diversos \u00e0mbits i, alhora, per fomentar la reflexi\u00f3 pedag\u00f2gica en el si del claustre.<\/p>\n<div style=\"float: none;\"><\/div>\n<p><img loading=\"lazy\" decoding=\"async\" class=\"size-full wp-image-8907 alignleft\" src=\"https:\/\/projectes.xtec.cat\/xarxacb\/wp-content\/uploads\/usu1277\/2021\/08\/tasca-individual-activitat-competencial-esquema.png\" alt=\"\" width=\"797\" height=\"698\" srcset=\"https:\/\/projectes.xtec.cat\/xarxacb\/wp-content\/uploads\/usu1277\/2021\/08\/tasca-individual-activitat-competencial-esquema.png 797w, https:\/\/projectes.xtec.cat\/xarxacb\/wp-content\/uploads\/usu1277\/2021\/08\/tasca-individual-activitat-competencial-esquema-300x263.png 300w, https:\/\/projectes.xtec.cat\/xarxacb\/wp-content\/uploads\/usu1277\/2021\/08\/tasca-individual-activitat-competencial-esquema-768x673.png 768w\" sizes=\"auto, (max-width: 797px) 100vw, 797px\" \/><\/p>\n<h5 style=\"text-align: left;\"><strong>Algunes q\u00fcestions clau a les que vol donar resposta aquesta tasca s\u00f3n:<\/strong><\/h5>\n<ul>\n<li>Quines activitats s\u00f3n \u00fatils per avaluar els aprenentatges competencials dels alumnes?<\/li>\n<li>Com tenim evid\u00e8ncies dels aprenentatges competencials?<\/li>\n<li>Com s\u2019apliquen els indicadors d\u2019avaluaci\u00f3 competencial?<\/li>\n<li>Quines modificacions metodol\u00f2giques impliquen els canvis en la manera d\u2019obtenir evid\u00e8ncies?<\/li>\n<\/ul>\n<h5><strong>Aquest document pret\u00e9n:<\/strong><\/h5>\n<ul>\n<li>Proporcionar orientacions per redissenyar una activitat d\u2019avaluaci\u00f3 que sigui \u00fatil per avaluar el nivell d\u2019adquisici\u00f3 de les compet\u00e8ncies b\u00e0siques d\u2019un o de diversos \u00e0mbits.<\/li>\n<li>Facilitar l\u2019aplicaci\u00f3 a l\u2019aula i l\u2019avaluaci\u00f3 dels alumnes d\u2019acord amb els indicadors dels nivells competencials.<\/li>\n<li>Documentar el proc\u00e9s d\u2019implementaci\u00f3 (amb exemples de resolucions d\u2019alumnes) i de reflexi\u00f3 pedag\u00f2gica i compartir-lo amb els altres membres de l\u2019equip docent.<\/li>\n<\/ul>\n<div style=\"clear: left;\"><\/div>\n<p>A continuaci\u00f3 es proporcionen exemples d&#8217;activitats revisades, amb les reflexions dels docents, per tal que puguin servir d&#8217;exemple.<\/p>\n<p><iframe loading=\"lazy\" src=\"https:\/\/edumet.cat\/areatac\/presentacions\/index.php?ID=1NPOnzdz--aUOGaYwBykfY3eudOy7WIlgSLr8qSfTj2A&amp;config=ActAvMillor\" width=\"100%\" height=\"800\"><\/iframe><\/p>\n","protected":false},"excerpt":{"rendered":"<p>\u00abCom millorar una activitat d\u2019avaluaci\u00f3 per afavorir l\u2019adquisici\u00f3 d\u2019aprenentatges competencials?\u00bb \u00e9s un recurs autoformatiu que proporciona orientacions per redissenyar, implementar [&hellip;]<\/p>\n","protected":false},"author":6,"featured_media":0,"parent":0,"menu_order":0,"comment_status":"closed","ping_status":"closed","template":"","meta":{"_bbp_topic_count":0,"_bbp_reply_count":0,"_bbp_total_topic_count":0,"_bbp_total_reply_count":0,"_bbp_voice_count":0,"_bbp_anonymous_reply_count":0,"_bbp_topic_count_hidden":0,"_bbp_reply_count_hidden":0,"_bbp_forum_subforum_count":0,"site-sidebar-layout":"default","site-content-layout":"","ast-site-content-layout":"","site-content-style":"default","site-sidebar-style":"default","ast-global-header-display":"","ast-banner-title-visibility":"","ast-main-header-display":"","ast-hfb-above-header-display":"","ast-hfb-below-header-display":"","ast-hfb-mobile-header-display":"","site-post-title":"","ast-breadcrumbs-content":"","ast-featured-img":"","footer-sml-layout":"","theme-transparent-header-meta":"","adv-header-id-meta":"","stick-header-meta":"","header-above-stick-meta":"","header-main-stick-meta":"","header-below-stick-meta":"","astra-migrate-meta-layouts":"default","ast-page-background-enabled":"default","ast-page-background-meta":{"desktop":{"background-color":"var(--ast-global-color-4)","background-image":"","background-repeat":"repeat","background-position":"center center","background-size":"auto","background-attachment":"scroll","background-type":"","background-media":"","overlay-type":"","overlay-color":"","overlay-opacity":"","overlay-gradient":""},"tablet":{"background-color":"","background-image":"","background-repeat":"repeat","background-position":"center center","background-size":"auto","background-attachment":"scroll","background-type":"","background-media":"","overlay-type":"","overlay-color":"","overlay-opacity":"","overlay-gradient":""},"mobile":{"background-color":"","background-image":"","background-repeat":"repeat","background-position":"center center","background-size":"auto","background-attachment":"scroll","background-type":"","background-media":"","overlay-type":"","overlay-color":"","overlay-opacity":"","overlay-gradient":""}},"ast-content-background-meta":{"desktop":{"background-color":"var(--ast-global-color-5)","background-image":"","background-repeat":"repeat","background-position":"center center","background-size":"auto","background-attachment":"scroll","background-type":"","background-media":"","overlay-type":"","overlay-color":"","overlay-opacity":"","overlay-gradient":""},"tablet":{"background-color":"var(--ast-global-color-5)","background-image":"","background-repeat":"repeat","background-position":"center center","background-size":"auto","background-attachment":"scroll","background-type":"","background-media":"","overlay-type":"","overlay-color":"","overlay-opacity":"","overlay-gradient":""},"mobile":{"background-color":"var(--ast-global-color-5)","background-image":"","background-repeat":"repeat","background-position":"center center","background-size":"auto","background-attachment":"scroll","background-type":"","background-media":"","overlay-type":"","overlay-color":"","overlay-opacity":"","overlay-gradient":""}},"footnotes":""},"class_list":["post-8541","page","type-page","status-publish","hentry"],"post_mailing_queue_ids":[],"_links":{"self":[{"href":"https:\/\/projectes.xtec.cat\/xarxacb\/wp-json\/wp\/v2\/pages\/8541","targetHints":{"allow":["GET"]}}],"collection":[{"href":"https:\/\/projectes.xtec.cat\/xarxacb\/wp-json\/wp\/v2\/pages"}],"about":[{"href":"https:\/\/projectes.xtec.cat\/xarxacb\/wp-json\/wp\/v2\/types\/page"}],"author":[{"embeddable":true,"href":"https:\/\/projectes.xtec.cat\/xarxacb\/wp-json\/wp\/v2\/users\/6"}],"replies":[{"embeddable":true,"href":"https:\/\/projectes.xtec.cat\/xarxacb\/wp-json\/wp\/v2\/comments?post=8541"}],"version-history":[{"count":4,"href":"https:\/\/projectes.xtec.cat\/xarxacb\/wp-json\/wp\/v2\/pages\/8541\/revisions"}],"predecessor-version":[{"id":8911,"href":"https:\/\/projectes.xtec.cat\/xarxacb\/wp-json\/wp\/v2\/pages\/8541\/revisions\/8911"}],"wp:attachment":[{"href":"https:\/\/projectes.xtec.cat\/xarxacb\/wp-json\/wp\/v2\/media?parent=8541"}],"curies":[{"name":"wp","href":"https:\/\/api.w.org\/{rel}","templated":true}]}}