{"id":9051,"date":"2025-03-18T14:36:52","date_gmt":"2025-03-18T13:36:52","guid":{"rendered":"https:\/\/projectes.xtec.cat\/xarxacb\/?page_id=9051"},"modified":"2025-03-18T14:40:04","modified_gmt":"2025-03-18T13:40:04","slug":"situacions-daprenentatge","status":"publish","type":"page","link":"https:\/\/projectes.xtec.cat\/xarxacb\/situacions-daprenentatge\/","title":{"rendered":"Situacions d&#8217;aprenentatge"},"content":{"rendered":"\n<h2 class=\"wp-block-heading has-text-align-center caixa has-text-color has-background has-link-color wp-elements-f48a8cde25cc7c7957336fb622211e7d\" style=\"color:#fce9d9;background-color:#ea6a00\">Situacions d&#8217;aprenentatge<\/h2>\n\n\n\n<div style=\"height:26px\" aria-hidden=\"true\" class=\"wp-block-spacer\"><\/div>\n\n\n\n<p class=\"caixa\">Les&nbsp;<a href=\"https:\/\/docs.google.com\/document\/d\/1CtXLVSFoq1ROva9cLi8fMklI7XlmhBvK54IfIkS0gNs\/edit?usp=sharing\" target=\"_blank\" rel=\"noreferrer noopener\">situacions d&#8217;aprenentatge<\/a>&nbsp;s\u00f3n experi\u00e8ncies que&nbsp;parteixen d\u2019un context i plantegen un repte a la persona que apr\u00e8n. El fet que l\u2019aprenentatge es fonamenti en la resoluci\u00f3 d\u2019un repte o d\u2019una problem\u00e0tica real provoca que l\u2019aprenent hagi de dur a terme amb efic\u00e0cia&nbsp;una acci\u00f3 o un seguit d\u2019accions que impliquen una o m\u00e9s capacitats per a les quals s\u00f3n imprescindibles els sabers d\u2019un o m\u00e9s camps de coneixement; per aix\u00f2 diem que les situacions d\u2019aprenentatge s\u2019orienten a l&#8217;<strong>assoliment de compet\u00e8ncies<\/strong>.&nbsp;<\/p>\n\n\n\n<div style=\"height:36px\" aria-hidden=\"true\" class=\"wp-block-spacer\"><\/div>\n\n\n\n<div class=\"wp-block-columns caixa is-layout-flex wp-container-core-columns-is-layout-1 wp-block-columns-is-layout-flex\">\n<div class=\"wp-block-column caixa has-background is-layout-flow wp-block-column-is-layout-flow\" style=\"background-color:#fce9d9\">\n<p class=\"has-text-color has-link-color wp-elements-3493ecbe8778cbab31988eff5e4576e5\" style=\"color:#660000\">A partir dels nous decrets d\u2019educaci\u00f3 que estableixen les bases per a una educaci\u00f3 basada en compet\u00e8ncies i disposa que \u201ca partir de situacions permet articular la programaci\u00f3 del curs de qualsevol nivell, \u00e0rea, mat\u00e8ria o \u00e0mbit\u201d, s\u2019ha desenvolupat un material pedag\u00f2gic dins del programa de la Xarxa de Compet\u00e8ncies. Durant els cursos 2022-2023 i 2023-2024, s\u2019han treballat la revisi\u00f3 de pr\u00e0ctiques d\u2019aula, la consolidaci\u00f3 de l\u2019avaluaci\u00f3 formativa i el foment del desenvolupament professional docent mitjan\u00e7ant experi\u00e8ncies col\u00b7laboratives. Aquest proc\u00e9s ha culminat en la creaci\u00f3 del recurs \u201cCom crear una situaci\u00f3 d\u2019aprenentatge? Full de ruta\u201d, una eina per a dissenyar activitats alineades amb el cicle de l\u2019aprenentatge i el nou curr\u00edculum.<\/p>\n<\/div>\n\n\n\n<div class=\"wp-block-column caixa-link has-background is-layout-flow wp-block-column-is-layout-flow\" style=\"background-color:#fce9d9\" id=\"https:\/\/sites.google.com\/xtec.cat\/situaciodaprenentatge\/p%C3%A0gina-principal\">\n<figure class=\"wp-block-image size-full\"><img loading=\"lazy\" decoding=\"async\" width=\"901\" height=\"664\" src=\"https:\/\/projectes.xtec.cat\/xarxacb\/wp-content\/uploads\/usu1277\/2025\/03\/full-de-ruta.png\" alt=\"\" class=\"wp-image-9054\" srcset=\"https:\/\/projectes.xtec.cat\/xarxacb\/wp-content\/uploads\/usu1277\/2025\/03\/full-de-ruta.png 901w, https:\/\/projectes.xtec.cat\/xarxacb\/wp-content\/uploads\/usu1277\/2025\/03\/full-de-ruta-300x221.png 300w, https:\/\/projectes.xtec.cat\/xarxacb\/wp-content\/uploads\/usu1277\/2025\/03\/full-de-ruta-768x566.png 768w\" sizes=\"auto, (max-width: 901px) 100vw, 901px\" \/><\/figure>\n<\/div>\n<\/div>\n\n\n\n<div style=\"height:100px\" aria-hidden=\"true\" class=\"wp-block-spacer\"><\/div>\n","protected":false},"excerpt":{"rendered":"<p>Situacions d&#8217;aprenentatge Les&nbsp;situacions d&#8217;aprenentatge&nbsp;s\u00f3n experi\u00e8ncies que&nbsp;parteixen d\u2019un context i plantegen un repte a la persona que apr\u00e8n. El fet que [&hellip;]<\/p>\n","protected":false},"author":7,"featured_media":0,"parent":0,"menu_order":0,"comment_status":"closed","ping_status":"close","template":"","meta":{"_bbp_topic_count":0,"_bbp_reply_count":0,"_bbp_total_topic_count":0,"_bbp_total_reply_count":0,"_bbp_voice_count":0,"_bbp_anonymous_reply_count":0,"_bbp_topic_count_hidden":0,"_bbp_reply_count_hidden":0,"_bbp_forum_subforum_count":0,"site-sidebar-layout":"default","site-content-layout":"","ast-site-content-layout":"default","site-content-style":"default","site-sidebar-style":"default","ast-global-header-display":"","ast-banner-title-visibility":"","ast-main-header-display":"","ast-hfb-above-header-display":"","ast-hfb-below-header-display":"","ast-hfb-mobile-header-display":"","site-post-title":"disabled","ast-breadcrumbs-content":"","ast-featured-img":"","footer-sml-layout":"","theme-transparent-header-meta":"","adv-header-id-meta":"","stick-header-meta":"","header-above-stick-meta":"","header-main-stick-meta":"","header-below-stick-meta":"","astra-migrate-meta-layouts":"set","ast-page-background-enabled":"default","ast-page-background-meta":{"desktop":{"background-color":"var(--ast-global-color-4)","background-image":"","background-repeat":"repeat","background-position":"center center","background-size":"auto","background-attachment":"scroll","background-type":"","background-media":"","overlay-type":"","overlay-color":"","overlay-opacity":"","overlay-gradient":""},"tablet":{"background-color":"","background-image":"","background-repeat":"repeat","background-position":"center center","background-size":"auto","background-attachment":"scroll","background-type":"","background-media":"","overlay-type":"","overlay-color":"","overlay-opacity":"","overlay-gradient":""},"mobile":{"background-color":"","background-image":"","background-repeat":"repeat","background-position":"center center","background-size":"auto","background-attachment":"scroll","background-type":"","background-media":"","overlay-type":"","overlay-color":"","overlay-opacity":"","overlay-gradient":""}},"ast-content-background-meta":{"desktop":{"background-color":"var(--ast-global-color-5)","background-image":"","background-repeat":"repeat","background-position":"center center","background-size":"auto","background-attachment":"scroll","background-type":"","background-media":"","overlay-type":"","overlay-color":"","overlay-opacity":"","overlay-gradient":""},"tablet":{"background-color":"var(--ast-global-color-5)","background-image":"","background-repeat":"repeat","background-position":"center center","background-size":"auto","background-attachment":"scroll","background-type":"","background-media":"","overlay-type":"","overlay-color":"","overlay-opacity":"","overlay-gradient":""},"mobile":{"background-color":"var(--ast-global-color-5)","background-image":"","background-repeat":"repeat","background-position":"center center","background-size":"auto","background-attachment":"scroll","background-type":"","background-media":"","overlay-type":"","overlay-color":"","overlay-opacity":"","overlay-gradient":""}},"footnotes":""},"class_list":["post-9051","page","type-page","status-publish","hentry"],"post_mailing_queue_ids":[],"_links":{"self":[{"href":"https:\/\/projectes.xtec.cat\/xarxacb\/wp-json\/wp\/v2\/pages\/9051","targetHints":{"allow":["GET"]}}],"collection":[{"href":"https:\/\/projectes.xtec.cat\/xarxacb\/wp-json\/wp\/v2\/pages"}],"about":[{"href":"https:\/\/projectes.xtec.cat\/xarxacb\/wp-json\/wp\/v2\/types\/page"}],"author":[{"embeddable":true,"href":"https:\/\/projectes.xtec.cat\/xarxacb\/wp-json\/wp\/v2\/users\/7"}],"replies":[{"embeddable":true,"href":"https:\/\/projectes.xtec.cat\/xarxacb\/wp-json\/wp\/v2\/comments?post=9051"}],"version-history":[{"count":5,"href":"https:\/\/projectes.xtec.cat\/xarxacb\/wp-json\/wp\/v2\/pages\/9051\/revisions"}],"predecessor-version":[{"id":9062,"href":"https:\/\/projectes.xtec.cat\/xarxacb\/wp-json\/wp\/v2\/pages\/9051\/revisions\/9062"}],"wp:attachment":[{"href":"https:\/\/projectes.xtec.cat\/xarxacb\/wp-json\/wp\/v2\/media?parent=9051"}],"curies":[{"name":"wp","href":"https:\/\/api.w.org\/{rel}","templated":true}]}}