{"id":9094,"date":"2025-04-08T15:38:20","date_gmt":"2025-04-08T13:38:20","guid":{"rendered":"https:\/\/projectes.xtec.cat\/xarxacb\/?page_id=9094"},"modified":"2025-04-09T11:20:29","modified_gmt":"2025-04-09T09:20:29","slug":"professionalitzacio-docent","status":"publish","type":"page","link":"https:\/\/projectes.xtec.cat\/xarxacb\/professionalitzacio-docent\/","title":{"rendered":"Professionalitzaci\u00f3 docent"},"content":{"rendered":"\n<div style=\"height:22px\" aria-hidden=\"true\" class=\"wp-block-spacer\"><\/div>\n\n\n\n<h2 class=\"wp-block-heading has-text-align-center caixa has-background\" style=\"background-color:#ecac3d\">Professionalitzaci\u00f3 docent <\/h2>\n\n\n\n<div style=\"height:18px\" aria-hidden=\"true\" class=\"wp-block-spacer\"><\/div>\n\n\n\n<div class=\"wp-block-columns is-layout-flex wp-container-core-columns-is-layout-1 wp-block-columns-is-layout-flex\">\n<div class=\"wp-block-column caixa is-layout-flow wp-block-column-is-layout-flow\" style=\"flex-basis:66.66%\">\n<p>Entenem per professionalitzaci\u00f3 docent el desenvolupament i la formaci\u00f3 continus del docent en l&#8217;\u00e0mbit de la seva professi\u00f3. Inclou tant les experi\u00e8ncies formatives d&#8217;entorns formals, com l&#8217;autoformaci\u00f3 i la formaci\u00f3 entre iguals en entorns m\u00e9s informals. En el cas de la Xarxa de Compet\u00e8ncies, la base conceptual del model de professionalitzaci\u00f3 docent de la Xarxa Cb. Fa pal\u00e8s el concepte de la innovaci\u00f3 com a transformaci\u00f3, la visi\u00f3 del lideratge compartit i l&#8217;estructura organitzativa de base col\u00b7laborativa entre iguals i en xarxa, que facilita el desenvolupament professional individual i col\u00b7lectiu, aix\u00ed com la sostenibilitat i la transfer\u00e8ncia dels processos de transformaci\u00f3 que tinguin lloc al centre.<\/p>\n<\/div>\n\n\n\n<div class=\"wp-block-column is-layout-flow wp-block-column-is-layout-flow\" style=\"flex-basis:33.33%\">\n<h4 class=\"wp-block-heading has-text-align-center caixa-link has-background\" id=\"https:\/\/projectes.xtec.cat\/xarxacb\/observacio-entre-iguals\/\" style=\"background-color:#cfcf79\">Observaci\u00f3 entre iguals<\/h4>\n\n\n\n<div style=\"height:30px\" aria-hidden=\"true\" class=\"wp-block-spacer\"><\/div>\n\n\n\n<h4 class=\"wp-block-heading has-text-align-center caixa-link has-background\" id=\"https:\/\/projectes.xtec.cat\/xarxacb\/lideratge-des-del-mig\/\" style=\"background-color:#c6b2a5\">Lideratge des del mig<\/h4>\n\n\n\n<div style=\"height:30px\" aria-hidden=\"true\" class=\"wp-block-spacer\"><\/div>\n\n\n\n<h4 class=\"wp-block-heading has-text-align-center caixa-link has-background\" id=\"https:\/\/projectes.xtec.cat\/xarxacb\/transferencia\/\" style=\"background-color:#eeeee2\">Transfer\u00e8ncia<\/h4>\n<\/div>\n<\/div>\n\n\n\n<div style=\"height:20px\" aria-hidden=\"true\" class=\"wp-block-spacer\"><\/div>\n\n\n\n<div class=\"wp-block-columns is-layout-flex wp-container-core-columns-is-layout-2 wp-block-columns-is-layout-flex\">\n<div class=\"wp-block-column caixa-link is-layout-flow wp-block-column-is-layout-flow\" style=\"flex-basis:35%\" id=\"https:\/\/educacio.gencat.cat\/ca\/departament\/publicacions\/colleccions\/competencies-basiques\/primaria\/formar-transformar\/\">\n<figure class=\"wp-block-image aligncenter size-full\"><img loading=\"lazy\" decoding=\"async\" width=\"268\" height=\"377\" src=\"https:\/\/projectes.xtec.cat\/xarxacb\/wp-content\/uploads\/usu1277\/2025\/04\/formar-transformar.jpg_2026732490.jpg\" alt=\"\" class=\"wp-image-9126\" srcset=\"https:\/\/projectes.xtec.cat\/xarxacb\/wp-content\/uploads\/usu1277\/2025\/04\/formar-transformar.jpg_2026732490.jpg 268w, https:\/\/projectes.xtec.cat\/xarxacb\/wp-content\/uploads\/usu1277\/2025\/04\/formar-transformar.jpg_2026732490-213x300.jpg 213w\" sizes=\"auto, (max-width: 268px) 100vw, 268px\" \/><\/figure>\n<\/div>\n\n\n\n<div class=\"wp-block-column caixa is-layout-flow wp-block-column-is-layout-flow\">\n<p class=\"has-text-align-left has-medium-font-size\">Aquesta publicaci\u00f3 proporciona la base conceptual del model de professionalitzaci\u00f3 docent de la Xarxa Cb. Fa pal\u00e8s el concepte de la innovaci\u00f3 com a transformaci\u00f3, la visi\u00f3 del lideratge compartit i l&#8217;estructura organitzativa de base col\u00b7laborativa entre iguals i en xarxa, que facilita el desenvolupament professional individual i col\u00b7lectiu, aix\u00ed com la sostenibilitat i la transfer\u00e8ncia dels processos de transformaci\u00f3.<\/p>\n\n\n\n<div style=\"height:50px\" aria-hidden=\"true\" class=\"wp-block-spacer\"><\/div>\n\n\n\n<div class=\"wp-block-buttons is-layout-flex wp-block-buttons-is-layout-flex\">\n<div class=\"wp-block-button has-custom-font-size is-style-fill has-medium-font-size\"><a class=\"wp-block-button__link has-background wp-element-button\" href=\"https:\/\/educacio.gencat.cat\/web\/.content\/home\/departament\/publicacions\/colleccions\/competencies-basiques\/primaria\/formar-transformar.pdf\" style=\"background-color:#ecac3d\">Formar per transformar PDF<\/a><\/div>\n<\/div>\n<\/div>\n<\/div>\n","protected":false},"excerpt":{"rendered":"<p>Professionalitzaci\u00f3 docent Entenem per professionalitzaci\u00f3 docent el desenvolupament i la formaci\u00f3 continus del docent en l&#8217;\u00e0mbit de la seva professi\u00f3. [&hellip;]<\/p>\n","protected":false},"author":7,"featured_media":0,"parent":0,"menu_order":0,"comment_status":"closed","ping_status":"close","template":"","meta":{"_bbp_topic_count":0,"_bbp_reply_count":0,"_bbp_total_topic_count":0,"_bbp_total_reply_count":0,"_bbp_voice_count":0,"_bbp_anonymous_reply_count":0,"_bbp_topic_count_hidden":0,"_bbp_reply_count_hidden":0,"_bbp_forum_subforum_count":0,"site-sidebar-layout":"default","site-content-layout":"","ast-site-content-layout":"default","site-content-style":"default","site-sidebar-style":"default","ast-global-header-display":"","ast-banner-title-visibility":"","ast-main-header-display":"","ast-hfb-above-header-display":"","ast-hfb-below-header-display":"","ast-hfb-mobile-header-display":"","site-post-title":"disabled","ast-breadcrumbs-content":"","ast-featured-img":"","footer-sml-layout":"","theme-transparent-header-meta":"","adv-header-id-meta":"","stick-header-meta":"","header-above-stick-meta":"","header-main-stick-meta":"","header-below-stick-meta":"","astra-migrate-meta-layouts":"set","ast-page-background-enabled":"default","ast-page-background-meta":{"desktop":{"background-color":"var(--ast-global-color-4)","background-image":"","background-repeat":"repeat","background-position":"center center","background-size":"auto","background-attachment":"scroll","background-type":"","background-media":"","overlay-type":"","overlay-color":"","overlay-opacity":"","overlay-gradient":""},"tablet":{"background-color":"","background-image":"","background-repeat":"repeat","background-position":"center center","background-size":"auto","background-attachment":"scroll","background-type":"","background-media":"","overlay-type":"","overlay-color":"","overlay-opacity":"","overlay-gradient":""},"mobile":{"background-color":"","background-image":"","background-repeat":"repeat","background-position":"center center","background-size":"auto","background-attachment":"scroll","background-type":"","background-media":"","overlay-type":"","overlay-color":"","overlay-opacity":"","overlay-gradient":""}},"ast-content-background-meta":{"desktop":{"background-color":"var(--ast-global-color-5)","background-image":"","background-repeat":"repeat","background-position":"center center","background-size":"auto","background-attachment":"scroll","background-type":"","background-media":"","overlay-type":"","overlay-color":"","overlay-opacity":"","overlay-gradient":""},"tablet":{"background-color":"var(--ast-global-color-5)","background-image":"","background-repeat":"repeat","background-position":"center center","background-size":"auto","background-attachment":"scroll","background-type":"","background-media":"","overlay-type":"","overlay-color":"","overlay-opacity":"","overlay-gradient":""},"mobile":{"background-color":"var(--ast-global-color-5)","background-image":"","background-repeat":"repeat","background-position":"center center","background-size":"auto","background-attachment":"scroll","background-type":"","background-media":"","overlay-type":"","overlay-color":"","overlay-opacity":"","overlay-gradient":""}},"footnotes":""},"class_list":["post-9094","page","type-page","status-publish","hentry"],"post_mailing_queue_ids":[],"_links":{"self":[{"href":"https:\/\/projectes.xtec.cat\/xarxacb\/wp-json\/wp\/v2\/pages\/9094","targetHints":{"allow":["GET"]}}],"collection":[{"href":"https:\/\/projectes.xtec.cat\/xarxacb\/wp-json\/wp\/v2\/pages"}],"about":[{"href":"https:\/\/projectes.xtec.cat\/xarxacb\/wp-json\/wp\/v2\/types\/page"}],"author":[{"embeddable":true,"href":"https:\/\/projectes.xtec.cat\/xarxacb\/wp-json\/wp\/v2\/users\/7"}],"replies":[{"embeddable":true,"href":"https:\/\/projectes.xtec.cat\/xarxacb\/wp-json\/wp\/v2\/comments?post=9094"}],"version-history":[{"count":5,"href":"https:\/\/projectes.xtec.cat\/xarxacb\/wp-json\/wp\/v2\/pages\/9094\/revisions"}],"predecessor-version":[{"id":9128,"href":"https:\/\/projectes.xtec.cat\/xarxacb\/wp-json\/wp\/v2\/pages\/9094\/revisions\/9128"}],"wp:attachment":[{"href":"https:\/\/projectes.xtec.cat\/xarxacb\/wp-json\/wp\/v2\/media?parent=9094"}],"curies":[{"name":"wp","href":"https:\/\/api.w.org\/{rel}","templated":true}]}}