{"id":9129,"date":"2025-04-22T14:10:11","date_gmt":"2025-04-22T12:10:11","guid":{"rendered":"https:\/\/projectes.xtec.cat\/xarxacb\/?page_id=9129"},"modified":"2025-12-03T15:25:07","modified_gmt":"2025-12-03T14:25:07","slug":"avaluar-es-aprendre","status":"publish","type":"page","link":"https:\/\/projectes.xtec.cat\/xarxacb\/avaluar-es-aprendre\/","title":{"rendered":"Avaluar \u00e9s aprendre"},"content":{"rendered":"\n<h2 class=\"wp-block-heading has-text-align-center caixa has-background\" style=\"background-color:#9e7f05\">Avaluar \u00e9s aprendre<\/h2>\n\n\n\n<div style=\"height:30px\" aria-hidden=\"true\" class=\"wp-block-spacer\"><\/div>\n\n\n\n<div class=\"wp-block-group caixa is-layout-constrained wp-block-group-is-layout-constrained\">\n<p>En el desplegament del curr\u00edculum per compet\u00e8ncies, l\u2019avaluaci\u00f3 t\u00e9 una funci\u00f3 reguladora de tot el proc\u00e9s d\u2019aprenentatge, at\u00e8s que ha de permetre decidir i adaptar les estrat\u00e8gies pedag\u00f2giques a les caracter\u00edstiques de l\u2019alumnat i constatar el seu progr\u00e9s a mesura que avan\u00e7a en els aprenentatges.<br>Ha de permetre al professorat contrastar el grau d\u2019assoliment per part de l\u2019alumnat de les compet\u00e8ncies i ajustar, si escau, els processos did\u00e0ctics. Per a l\u2019alumnat, l\u2019avaluaci\u00f3 tamb\u00e9 esdev\u00e9 un element essencial per aprendre, ja que els alumnes que constaten el seu progr\u00e9s i saben regular-se estan m\u00e9s preparats per avan\u00e7ar en els aprenentatges i per continuar aprenent. Per tant, cal cercar estrat\u00e8gies per compartir amb l\u2019alumnat el proc\u00e9s avaluador i fer-lo part\u00edcip i protagonista del seu proc\u00e9s d\u2019aprenentatge, i per compartir amb la resta del professorat i les fam\u00edlies la coher\u00e8ncia dels criteris d\u2019avaluaci\u00f3 aplicats en els \u00e0mbits, els projectes i la resta d\u2019activitats escolars.<\/p>\n\n\n\n<p>Avaluar \u00e9s aprendre, 2020<\/p>\n<\/div>\n\n\n\n<div class=\"wp-block-columns is-layout-flex wp-container-core-columns-is-layout-1 wp-block-columns-is-layout-flex\">\n<div class=\"wp-block-column caixa is-layout-flow wp-block-column-is-layout-flow\" style=\"flex-basis:66.66%\">\n<p>Aquesta publicaci\u00f3 proporciona una base conceptual i pr\u00e0ctica sobre la funci\u00f3 reguladora de l&#8217;avaluaci\u00f3, entesa com a part indissoluble del proc\u00e9s d&#8217;aprenentatge. El document, redactat per Neus Sanmart\u00ed, professora honor\u00e0ria de la Universitat Aut\u00f2noma de Barcelona i experta en avaluaci\u00f3 formativa, \u00e9s una actualitzaci\u00f3 del document publicat l&#8217;any 2010 i constitueix un document de refer\u00e8ncia de la Xarxa de Compet\u00e8ncies B\u00e0siques.<\/p>\n<\/div>\n\n\n\n<div class=\"wp-block-column caixa-link is-layout-flow wp-block-column-is-layout-flow\" style=\"flex-basis:33.33%\" id=\"https:\/\/educacio.gencat.cat\/web\/.content\/home\/departament\/publicacions\/colleccions\/competencies-basiques\/eso\/avaluar-aprendre.pdf\">\n<figure class=\"wp-block-image aligncenter size-full is-resized\"><img loading=\"lazy\" decoding=\"async\" width=\"268\" height=\"376\" src=\"https:\/\/projectes.xtec.cat\/xarxacb\/wp-content\/uploads\/usu1277\/2025\/04\/avaluar-aprendre.png_2027656011.png\" alt=\"\" class=\"wp-image-9131\" style=\"width:224px;height:auto\" srcset=\"https:\/\/projectes.xtec.cat\/xarxacb\/wp-content\/uploads\/usu1277\/2025\/04\/avaluar-aprendre.png_2027656011.png 268w, https:\/\/projectes.xtec.cat\/xarxacb\/wp-content\/uploads\/usu1277\/2025\/04\/avaluar-aprendre.png_2027656011-214x300.png 214w\" sizes=\"auto, (max-width: 268px) 100vw, 268px\" \/><\/figure>\n<\/div>\n<\/div>\n\n\n\n<div class=\"wp-block-columns is-layout-flex wp-container-core-columns-is-layout-2 wp-block-columns-is-layout-flex\">\n<div class=\"wp-block-column caixa has-background is-layout-flow wp-block-column-is-layout-flow\" style=\"background-color:#cbbd6a;flex-basis:50%\">\n<iframe loading=\"lazy\" width=\"560\" height=\"315\" src=\"https:\/\/www.youtube.com\/embed\/5YyCChfpU1s?si=1NDH3JiKO_8gIXNY\" title=\"YouTube video player\" frameborder=\"0\" allow=\"accelerometer; autoplay; clipboard-write; encrypted-media; gyroscope; picture-in-picture; web-share\" referrerpolicy=\"strict-origin-when-cross-origin\" allowfullscreen><\/iframe>\n<\/div>\n\n\n\n<div class=\"wp-block-column caixa has-background is-layout-flow wp-block-column-is-layout-flow\" style=\"background-color:#d8d4a6;flex-basis:50%\">\n<p class=\"has-medium-font-size\">Neus Sanmart\u00ed presenta el document &#8220;Avaluar \u00e9s aprendre&#8221;. \u00c9s una revisi\u00f3 i actualitzaci\u00f3 del que es va publicar ara fa deu anys amb el t\u00edtol &#8220;Avaluar per aprendre&#8221; i que ha estat un dels grans referents en la tasca de la Xarxa Cb durant els \u00faltims cursos.<\/p>\n<\/div>\n<\/div>\n\n\n\n<div class=\"wp-block-columns is-layout-flex wp-container-core-columns-is-layout-3 wp-block-columns-is-layout-flex\">\n<div class=\"wp-block-column is-layout-flow wp-block-column-is-layout-flow\" style=\"flex-basis:15%\"><\/div>\n\n\n\n<div class=\"wp-block-column caixa has-background is-layout-flow wp-block-column-is-layout-flow\" style=\"background-color:#cbbd6a;flex-basis:70%\">\n<h5 class=\"wp-block-heading\">Avaluar per aprendre: qu\u00e8 ens diu la recerca.<\/h5>\n\n\n\n<iframe loading=\"lazy\" width=\"624\" height=\"351\" src=\"https:\/\/www.youtube.com\/embed\/V--nQxk9pn0?si=nUAdldUBvI6wlCN7\" title=\"YouTube video player\" frameborder=\"0\" allow=\"accelerometer; autoplay; clipboard-write; encrypted-media; gyroscope; picture-in-picture; web-share\" referrerpolicy=\"strict-origin-when-cross-origin\" allowfullscreen><\/iframe>\n<\/div>\n\n\n\n<div class=\"wp-block-column is-layout-flow wp-block-column-is-layout-flow\" style=\"flex-basis:15%\"><\/div>\n<\/div>\n\n\n\n<div class=\"wp-block-columns is-layout-flex wp-container-core-columns-is-layout-4 wp-block-columns-is-layout-flex\">\n<div class=\"wp-block-column is-layout-flow wp-block-column-is-layout-flow\">\n<h5 class=\"wp-block-heading caixa-link has-background\" id=\"https:\/\/projectes.xtec.cat\/xarxacb\/el-cicle-de-laprenentatge\/\" style=\"background-color:#c9bf7f\">Com dissenyem el cicle de l\u2019aprenentatge per avaluar?<\/h5>\n\n\n\n<div style=\"height:20px\" aria-hidden=\"true\" class=\"wp-block-spacer\"><\/div>\n<\/div>\n\n\n\n<div class=\"wp-block-column is-layout-flow wp-block-column-is-layout-flow\">\n<h5 class=\"wp-block-heading caixa-link has-background\" id=\"https:\/\/projectes.xtec.cat\/xarxacb\/estrategies-i-instruments-davaluacio\/\" style=\"background-color:#e0ddb4\">Quines estrat\u00e8gies i instruments d\u2019avaluaci\u00f3 s\u00f3n \u00fatils per a la regulaci\u00f3 dels aprenentatges?<\/h5>\n\n\n\n<div style=\"height:25px\" aria-hidden=\"true\" class=\"wp-block-spacer\"><\/div>\n<\/div>\n\n\n\n<div class=\"wp-block-column is-layout-flow wp-block-column-is-layout-flow\">\n<h5 class=\"wp-block-heading caixa-link has-background\" id=\"https:\/\/projectes.xtec.cat\/xarxacb\/informes-davaluacio-qualitatius\/\" style=\"background-color:#cbbd6a\">Com podem fer uns informes d&#8217;avaluaci\u00f3 m\u00e9s qualitatius?<\/h5>\n<\/div>\n<\/div>\n\n\n\n<div style=\"height:6px\" aria-hidden=\"true\" class=\"wp-block-spacer\"><\/div>\n","protected":false},"excerpt":{"rendered":"<p>Avaluar \u00e9s aprendre En el desplegament del curr\u00edculum per compet\u00e8ncies, l\u2019avaluaci\u00f3 t\u00e9 una funci\u00f3 reguladora de tot el proc\u00e9s d\u2019aprenentatge, [&hellip;]<\/p>\n","protected":false},"author":7,"featured_media":0,"parent":0,"menu_order":0,"comment_status":"closed","ping_status":"close","template":"","meta":{"_bbp_topic_count":0,"_bbp_reply_count":0,"_bbp_total_topic_count":0,"_bbp_total_reply_count":0,"_bbp_voice_count":0,"_bbp_anonymous_reply_count":0,"_bbp_topic_count_hidden":0,"_bbp_reply_count_hidden":0,"_bbp_forum_subforum_count":0,"site-sidebar-layout":"default","site-content-layout":"","ast-site-content-layout":"default","site-content-style":"default","site-sidebar-style":"default","ast-global-header-display":"","ast-banner-title-visibility":"","ast-main-header-display":"","ast-hfb-above-header-display":"","ast-hfb-below-header-display":"","ast-hfb-mobile-header-display":"","site-post-title":"disabled","ast-breadcrumbs-content":"","ast-featured-img":"","footer-sml-layout":"","theme-transparent-header-meta":"","adv-header-id-meta":"","stick-header-meta":"","header-above-stick-meta":"","header-main-stick-meta":"","header-below-stick-meta":"","astra-migrate-meta-layouts":"set","ast-page-background-enabled":"default","ast-page-background-meta":{"desktop":{"background-color":"var(--ast-global-color-4)","background-image":"","background-repeat":"repeat","background-position":"center center","background-size":"auto","background-attachment":"scroll","background-type":"","background-media":"","overlay-type":"","overlay-color":"","overlay-opacity":"","overlay-gradient":""},"tablet":{"background-color":"","background-image":"","background-repeat":"repeat","background-position":"center center","background-size":"auto","background-attachment":"scroll","background-type":"","background-media":"","overlay-type":"","overlay-color":"","overlay-opacity":"","overlay-gradient":""},"mobile":{"background-color":"","background-image":"","background-repeat":"repeat","background-position":"center center","background-size":"auto","background-attachment":"scroll","background-type":"","background-media":"","overlay-type":"","overlay-color":"","overlay-opacity":"","overlay-gradient":""}},"ast-content-background-meta":{"desktop":{"background-color":"var(--ast-global-color-5)","background-image":"","background-repeat":"repeat","background-position":"center center","background-size":"auto","background-attachment":"scroll","background-type":"","background-media":"","overlay-type":"","overlay-color":"","overlay-opacity":"","overlay-gradient":""},"tablet":{"background-color":"var(--ast-global-color-5)","background-image":"","background-repeat":"repeat","background-position":"center center","background-size":"auto","background-attachment":"scroll","background-type":"","background-media":"","overlay-type":"","overlay-color":"","overlay-opacity":"","overlay-gradient":""},"mobile":{"background-color":"var(--ast-global-color-5)","background-image":"","background-repeat":"repeat","background-position":"center center","background-size":"auto","background-attachment":"scroll","background-type":"","background-media":"","overlay-type":"","overlay-color":"","overlay-opacity":"","overlay-gradient":""}},"footnotes":""},"class_list":["post-9129","page","type-page","status-publish","hentry"],"post_mailing_queue_ids":[],"_links":{"self":[{"href":"https:\/\/projectes.xtec.cat\/xarxacb\/wp-json\/wp\/v2\/pages\/9129","targetHints":{"allow":["GET"]}}],"collection":[{"href":"https:\/\/projectes.xtec.cat\/xarxacb\/wp-json\/wp\/v2\/pages"}],"about":[{"href":"https:\/\/projectes.xtec.cat\/xarxacb\/wp-json\/wp\/v2\/types\/page"}],"author":[{"embeddable":true,"href":"https:\/\/projectes.xtec.cat\/xarxacb\/wp-json\/wp\/v2\/users\/7"}],"replies":[{"embeddable":true,"href":"https:\/\/projectes.xtec.cat\/xarxacb\/wp-json\/wp\/v2\/comments?post=9129"}],"version-history":[{"count":6,"href":"https:\/\/projectes.xtec.cat\/xarxacb\/wp-json\/wp\/v2\/pages\/9129\/revisions"}],"predecessor-version":[{"id":9413,"href":"https:\/\/projectes.xtec.cat\/xarxacb\/wp-json\/wp\/v2\/pages\/9129\/revisions\/9413"}],"wp:attachment":[{"href":"https:\/\/projectes.xtec.cat\/xarxacb\/wp-json\/wp\/v2\/media?parent=9129"}],"curies":[{"name":"wp","href":"https:\/\/api.w.org\/{rel}","templated":true}]}}