{"id":9136,"date":"2025-04-22T14:10:51","date_gmt":"2025-04-22T12:10:51","guid":{"rendered":"https:\/\/projectes.xtec.cat\/xarxacb\/?page_id=9136"},"modified":"2025-12-03T13:39:19","modified_gmt":"2025-12-03T12:39:19","slug":"estrategies-i-instruments-davaluacio","status":"publish","type":"page","link":"https:\/\/projectes.xtec.cat\/xarxacb\/estrategies-i-instruments-davaluacio\/","title":{"rendered":"Estrat\u00e8gies i instruments d&#8217;avaluaci\u00f3."},"content":{"rendered":"\n<h2 class=\"wp-block-heading caixa has-text-color has-background has-link-color wp-elements-9f3cad10a503a1614942f16da5257a19\" style=\"color:#fce9d9;background-color:#9e7f05\"><strong>Quines estrat\u00e8gies i instruments d&#8217;avaluaci\u00f3 s\u00f3n \u00fatils per a la regulaci\u00f3 dels aprenentatges?<\/strong><\/h2>\n\n\n\n<div style=\"height:19px\" aria-hidden=\"true\" class=\"wp-block-spacer\"><\/div>\n\n\n\n<p class=\"caixa\">L\u2019avaluaci\u00f3, entesa com a part inseparable de l\u2019aprenentatge, ha d\u2019anar m\u00e9s enll\u00e0 de qualificar. \u00c9s un proc\u00e9s que ha de servir per acompanyar l\u2019alumnat, ajudar-lo a entendre en quin punt es troba i com pot avan\u00e7ar. En aquest sentit, Neus Sanmart\u00ed identifica cinc accions fonamentals per aprendre: saber qu\u00e8 es vol aprendre, explorar els coneixements previs, con\u00e8ixer els criteris d\u2019\u00e8xit, rebre retroacci\u00f3 \u00fatil i recollir evid\u00e8ncies del que s\u2019ha apr\u00e8s. Aquestes accions no nom\u00e9s orienten el proc\u00e9s d\u2019ensenyament-aprenentatge, sin\u00f3 que fan necess\u00e0ria l\u2019aplicaci\u00f3 d\u2019estrat\u00e8gies i instruments d\u2019avaluaci\u00f3 variats, que permetin fer visible el progr\u00e9s, fomentar la reflexi\u00f3 i donar veu a l\u2019alumnat. D\u2019aquesta manera, l\u2019avaluaci\u00f3 es converteix en una eina per aprendre.<\/p>\n\n\n\n<div style=\"height:27px\" aria-hidden=\"true\" class=\"wp-block-spacer\"><\/div>\n\n\n\n<div class=\"wp-block-columns is-layout-flex wp-container-core-columns-is-layout-1 wp-block-columns-is-layout-flex\">\n<div class=\"wp-block-column caixa is-layout-flow wp-block-column-is-layout-flow\">\n<div style=\"height:60px\" aria-hidden=\"true\" class=\"wp-block-spacer\"><\/div>\n\n\n\n<figure class=\"wp-block-image size-full\"><img loading=\"lazy\" decoding=\"async\" width=\"960\" height=\"551\" src=\"https:\/\/projectes.xtec.cat\/xarxacb\/wp-content\/uploads\/usu1277\/2025\/04\/5-accions-de-laprenentatge.jpg\" alt=\"\" class=\"wp-image-9139\" srcset=\"https:\/\/projectes.xtec.cat\/xarxacb\/wp-content\/uploads\/usu1277\/2025\/04\/5-accions-de-laprenentatge.jpg 960w, https:\/\/projectes.xtec.cat\/xarxacb\/wp-content\/uploads\/usu1277\/2025\/04\/5-accions-de-laprenentatge-300x172.jpg 300w, https:\/\/projectes.xtec.cat\/xarxacb\/wp-content\/uploads\/usu1277\/2025\/04\/5-accions-de-laprenentatge-768x441.jpg 768w\" sizes=\"auto, (max-width: 960px) 100vw, 960px\" \/><\/figure>\n<\/div>\n\n\n\n<div class=\"wp-block-column caixa is-layout-flow wp-block-column-is-layout-flow\">\n<h5 class=\"wp-block-heading has-text-align-center caixa-link has-background\" id=\"https:\/\/projectes.xtec.cat\/xarxacb\/en-construccio\/\" style=\"background-color:#cfb347\">Compartir objectius d&#8217;aprenentatge<\/h5>\n\n\n\n<div style=\"height:10px\" aria-hidden=\"true\" class=\"wp-block-spacer\"><\/div>\n\n\n\n<h5 class=\"wp-block-heading has-text-align-center caixa-link has-background\" id=\"https:\/\/projectes.xtec.cat\/xarxacb\/exploracio-de-coneixements-previs\/\" style=\"background-color:#dcc465\">Exploraci\u00f3 de coneixements previs<\/h5>\n\n\n\n<div style=\"height:10px\" aria-hidden=\"true\" class=\"wp-block-spacer\"><\/div>\n\n\n\n<h5 class=\"wp-block-heading has-text-align-center caixa-link has-background\" id=\"https:\/\/projectes.xtec.cat\/xarxacb\/compartir-criteris-davaluacio\/\" style=\"background-color:#dac675\">Compartir criteris d&#8217;avaluaci\u00f3<\/h5>\n\n\n\n<div style=\"height:10px\" aria-hidden=\"true\" class=\"wp-block-spacer\"><\/div>\n\n\n\n<h5 class=\"wp-block-heading has-text-align-center caixa-link has-background\" id=\"https:\/\/projectes.xtec.cat\/xarxacb\/retroalimentacio-feedback\/\" style=\"background-color:#e4d79e\">Retroalimentaci\u00f3 (feedback)<\/h5>\n\n\n\n<div style=\"height:10px\" aria-hidden=\"true\" class=\"wp-block-spacer\"><\/div>\n\n\n\n<h5 class=\"wp-block-heading has-text-align-center caixa-link has-background\" id=\"https:\/\/projectes.xtec.cat\/xarxacb\/recollida-devidencies\/\" style=\"background-color:#e6debc\">Recollida d&#8217;evid\u00e8ncies<\/h5>\n<\/div>\n<\/div>\n\n\n\n<div style=\"height:20px\" aria-hidden=\"true\" class=\"wp-block-spacer\"><\/div>\n\n\n\n<div class=\"wp-block-columns is-layout-flex wp-container-core-columns-is-layout-2 wp-block-columns-is-layout-flex\">\n<div class=\"wp-block-column is-layout-flow wp-block-column-is-layout-flow\" style=\"flex-basis:20%\"><\/div>\n\n\n\n<div class=\"wp-block-column caixa has-background is-layout-flow wp-block-column-is-layout-flow\" style=\"background-color:#ddd6b9;flex-basis:60%\">\n<h6 class=\"wp-block-heading\">Estrategies d&#8217;avaluaci\u00f3 formativa per facilitar el feedback<\/h6>\n\n\n\n<iframe loading=\"lazy\" width=\"747\" height=\"420\" src=\"https:\/\/www.youtube.com\/embed\/fSr5siSsUc0?si=H72h2xQTUCf1By_-\" title=\"YouTube video player\" frameborder=\"0\" allow=\"accelerometer; autoplay; clipboard-write; encrypted-media; gyroscope; picture-in-picture; web-share\" referrerpolicy=\"strict-origin-when-cross-origin\" allowfullscreen><\/iframe>\n<\/div>\n\n\n\n<div class=\"wp-block-column is-layout-flow wp-block-column-is-layout-flow\" style=\"flex-basis:20%\"><\/div>\n<\/div>\n\n\n\n<div style=\"height:20px\" aria-hidden=\"true\" class=\"wp-block-spacer\"><\/div>\n\n\n\n<h3 class=\"wp-block-heading has-text-align-center\">Recursos<\/h3>\n\n\n\n<div style=\"height:20px\" aria-hidden=\"true\" class=\"wp-block-spacer\"><\/div>\n\n\n\n<div class=\"wp-block-columns is-layout-flex wp-container-core-columns-is-layout-3 wp-block-columns-is-layout-flex\">\n<div class=\"wp-block-column caixa is-layout-flow wp-block-column-is-layout-flow\">\n<iframe loading=\"lazy\" src=\"https:\/\/docs.google.com\/presentation\/d\/e\/2PACX-1vTxkqIsvU575Ch3z8XwSSRkYC4kfuS_WrySM0V-4F4-nuKTpmYehX3eAvCqchxYOL-8rzEiDf-7F9YK\/pubembed?start=false&#038;loop=false&#038;delayms=3000\" frameborder=\"0\" width=\"960\" height=\"569\" allowfullscreen=\"true\" mozallowfullscreen=\"true\" webkitallowfullscreen=\"true\"><\/iframe>\n<\/div>\n\n\n\n<div class=\"wp-block-column caixa is-layout-flow wp-block-column-is-layout-flow\">\n<div style=\"width: 100%;\"><div style=\"position: relative; padding-bottom: 56.25%; padding-top: 0; height: 0;\"><iframe loading=\"lazy\" title=\"Instruments d'avaluaci\u00f3\" frameborder=\"0\" width=\"1200px\" height=\"675px\" style=\"position: absolute; top: 0; left: 0; width: 100%; height: 100%;\" src=\"https:\/\/view.genially.com\/6213ca771df951001a362f23\" type=\"text\/html\" allowscriptaccess=\"always\" allowfullscreen=\"true\" scrolling=\"yes\" allownetworking=\"all\"><\/iframe> <\/div> <\/div>\n<\/div>\n<\/div>\n\n\n\n<div class=\"wp-block-columns is-layout-flex wp-container-core-columns-is-layout-4 wp-block-columns-is-layout-flex\">\n<div class=\"wp-block-column is-layout-flow wp-block-column-is-layout-flow\" style=\"flex-basis:10%\"><\/div>\n\n\n\n<div class=\"wp-block-column is-layout-flow wp-container-core-column-is-layout-9 wp-block-column-is-layout-flow\" style=\"padding-top:0;padding-right:var(--wp--preset--spacing--70);padding-bottom:0;padding-left:var(--wp--preset--spacing--70);flex-basis:60%\">\n<div data-wp-interactive=\"core\/file\" class=\"wp-block-file\"><object data-wp-bind--hidden=\"!state.hasPdfPreview\" hidden class=\"wp-block-file__embed\" data=\"https:\/\/projectes.xtec.cat\/xarxacb\/wp-content\/uploads\/usu1277\/2025\/10\/Recursos-per-a-lavaluacio-formativa.pdf\" type=\"application\/pdf\" style=\"width:100%;height:600px\" aria-label=\"Incrustaci\u00f3 del fitxer Recursos per a l&#039;avaluaci\u00f3 formativa.\"><\/object><a id=\"wp-block-file--media-106d5f86-a77b-40f9-9ef6-75b41a025fef\" href=\"https:\/\/projectes.xtec.cat\/xarxacb\/wp-content\/uploads\/usu1277\/2025\/10\/Recursos-per-a-lavaluacio-formativa.pdf\">Recursos per a l&#8217;avaluaci\u00f3 formativa<\/a><a href=\"https:\/\/projectes.xtec.cat\/xarxacb\/wp-content\/uploads\/usu1277\/2025\/10\/Recursos-per-a-lavaluacio-formativa.pdf\" class=\"wp-block-file__button wp-element-button\" download aria-describedby=\"wp-block-file--media-106d5f86-a77b-40f9-9ef6-75b41a025fef\">Baixa<\/a><\/div>\n<\/div>\n\n\n\n<div class=\"wp-block-column is-layout-flow wp-block-column-is-layout-flow\" style=\"flex-basis:10%\"><\/div>\n<\/div>\n","protected":false},"excerpt":{"rendered":"<p>Quines estrat\u00e8gies i instruments d&#8217;avaluaci\u00f3 s\u00f3n \u00fatils per a la regulaci\u00f3 dels aprenentatges? L\u2019avaluaci\u00f3, entesa com a part inseparable de [&hellip;]<\/p>\n","protected":false},"author":7,"featured_media":0,"parent":0,"menu_order":0,"comment_status":"closed","ping_status":"close","template":"","meta":{"_bbp_topic_count":0,"_bbp_reply_count":0,"_bbp_total_topic_count":0,"_bbp_total_reply_count":0,"_bbp_voice_count":0,"_bbp_anonymous_reply_count":0,"_bbp_topic_count_hidden":0,"_bbp_reply_count_hidden":0,"_bbp_forum_subforum_count":0,"site-sidebar-layout":"default","site-content-layout":"","ast-site-content-layout":"default","site-content-style":"default","site-sidebar-style":"default","ast-global-header-display":"","ast-banner-title-visibility":"","ast-main-header-display":"","ast-hfb-above-header-display":"","ast-hfb-below-header-display":"","ast-hfb-mobile-header-display":"","site-post-title":"disabled","ast-breadcrumbs-content":"","ast-featured-img":"","footer-sml-layout":"","theme-transparent-header-meta":"","adv-header-id-meta":"","stick-header-meta":"","header-above-stick-meta":"","header-main-stick-meta":"","header-below-stick-meta":"","astra-migrate-meta-layouts":"set","ast-page-background-enabled":"default","ast-page-background-meta":{"desktop":{"background-color":"var(--ast-global-color-4)","background-image":"","background-repeat":"repeat","background-position":"center center","background-size":"auto","background-attachment":"scroll","background-type":"","background-media":"","overlay-type":"","overlay-color":"","overlay-opacity":"","overlay-gradient":""},"tablet":{"background-color":"","background-image":"","background-repeat":"repeat","background-position":"center center","background-size":"auto","background-attachment":"scroll","background-type":"","background-media":"","overlay-type":"","overlay-color":"","overlay-opacity":"","overlay-gradient":""},"mobile":{"background-color":"","background-image":"","background-repeat":"repeat","background-position":"center center","background-size":"auto","background-attachment":"scroll","background-type":"","background-media":"","overlay-type":"","overlay-color":"","overlay-opacity":"","overlay-gradient":""}},"ast-content-background-meta":{"desktop":{"background-color":"var(--ast-global-color-5)","background-image":"","background-repeat":"repeat","background-position":"center center","background-size":"auto","background-attachment":"scroll","background-type":"","background-media":"","overlay-type":"","overlay-color":"","overlay-opacity":"","overlay-gradient":""},"tablet":{"background-color":"var(--ast-global-color-5)","background-image":"","background-repeat":"repeat","background-position":"center center","background-size":"auto","background-attachment":"scroll","background-type":"","background-media":"","overlay-type":"","overlay-color":"","overlay-opacity":"","overlay-gradient":""},"mobile":{"background-color":"var(--ast-global-color-5)","background-image":"","background-repeat":"repeat","background-position":"center center","background-size":"auto","background-attachment":"scroll","background-type":"","background-media":"","overlay-type":"","overlay-color":"","overlay-opacity":"","overlay-gradient":""}},"footnotes":""},"class_list":["post-9136","page","type-page","status-publish","hentry"],"post_mailing_queue_ids":[],"_links":{"self":[{"href":"https:\/\/projectes.xtec.cat\/xarxacb\/wp-json\/wp\/v2\/pages\/9136","targetHints":{"allow":["GET"]}}],"collection":[{"href":"https:\/\/projectes.xtec.cat\/xarxacb\/wp-json\/wp\/v2\/pages"}],"about":[{"href":"https:\/\/projectes.xtec.cat\/xarxacb\/wp-json\/wp\/v2\/types\/page"}],"author":[{"embeddable":true,"href":"https:\/\/projectes.xtec.cat\/xarxacb\/wp-json\/wp\/v2\/users\/7"}],"replies":[{"embeddable":true,"href":"https:\/\/projectes.xtec.cat\/xarxacb\/wp-json\/wp\/v2\/comments?post=9136"}],"version-history":[{"count":7,"href":"https:\/\/projectes.xtec.cat\/xarxacb\/wp-json\/wp\/v2\/pages\/9136\/revisions"}],"predecessor-version":[{"id":9463,"href":"https:\/\/projectes.xtec.cat\/xarxacb\/wp-json\/wp\/v2\/pages\/9136\/revisions\/9463"}],"wp:attachment":[{"href":"https:\/\/projectes.xtec.cat\/xarxacb\/wp-json\/wp\/v2\/media?parent=9136"}],"curies":[{"name":"wp","href":"https:\/\/api.w.org\/{rel}","templated":true}]}}