{"id":9156,"date":"2025-04-22T14:09:07","date_gmt":"2025-04-22T12:09:07","guid":{"rendered":"https:\/\/projectes.xtec.cat\/xarxacb\/?page_id=9156"},"modified":"2025-11-10T14:10:54","modified_gmt":"2025-11-10T13:10:54","slug":"en-construccio","status":"publish","type":"page","link":"https:\/\/projectes.xtec.cat\/xarxacb\/en-construccio\/","title":{"rendered":"Compartir objectius d&#8217;aprenentatge"},"content":{"rendered":"\n<div style=\"height:22px\" aria-hidden=\"true\" class=\"wp-block-spacer\"><\/div>\n\n\n\n<h2 class=\"wp-block-heading caixa has-white-color has-text-color has-background has-link-color wp-elements-3fd2621382d004f0bd16117ef62055a1\" style=\"background-color:#cfb347\">Compartir objectius d&#8217;aprenentatge<\/h2>\n\n\n\n<div class=\"wp-block-columns is-layout-flex wp-container-core-columns-is-layout-1 wp-block-columns-is-layout-flex\">\n<div class=\"wp-block-column caixa has-background is-layout-flow wp-block-column-is-layout-flow\" style=\"background-color:#cfb347\">\n<p class=\"has-white-color has-text-color has-background has-link-color wp-elements-40ceb420eb7bea3fc217f934176ad863\" style=\"background-color:#cfb347\"><em>Quan el professorat ensenya uns determinats continguts, pr\u00e8viament s\u2019ha hagut de formular uns objectius d\u2019aprenentatge, encara que sigui impl\u00edcitament. Per contra, normalment l\u2019alumnat els ha d\u2019endevinar i no sap per qu\u00e8 fa una activitat, ni per a qu\u00e8 li serveix. Preguntes habituals s\u00f3n: \u201cPer qu\u00e8 he de fer aquesta feina?\u201d, \u201cPer qu\u00e8 he de fer un esborrany?\u201d, \u201cQui ho llegir\u00e0?\u201d, \u201cVal per a la nota?\u201d, que demostren que no es tenen clars els objectius de la tasca ni per qu\u00e8 es proposa realitzar-la d\u2019una determinada manera. Ens podem preguntar si es pot fer b\u00e9 una tasca si no en sabem la finalitat. Per tant, no ha d\u2019estranyar que la major part de les vegades el temps d\u2019aprenentatge sigui poc rendible i que tot s\u2019oblidi r\u00e0pidament.<\/em><a href=\"http:\/\/ensenyament.gencat.cat\/web\/.content\/home\/departament\/publicacions\/colleccions\/competencies-basiques\/eso\/avaluar-aprendre.pdf\" target=\"_blank\" rel=\"noreferrer noopener\"><em>&nbsp;\u201cAvaluar \u00e9s aprendre\u201d<\/em><\/a><em>&nbsp;(Neus Sanmart\u00ed)<\/em><\/p>\n<\/div>\n<\/div>\n\n\n\n<div style=\"height:26px\" aria-hidden=\"true\" class=\"wp-block-spacer\"><\/div>\n\n\n\n<div class=\"wp-block-columns is-layout-flex wp-container-core-columns-is-layout-2 wp-block-columns-is-layout-flex\">\n<div class=\"wp-block-column caixa is-layout-flow wp-block-column-is-layout-flow\">\n<p class=\"has-small-font-size\">Tota activitat d\u2019aula porta impl\u00edcita la voluntat d\u2019aprendre alguna cosa, que creiem que \u00e9s valuosa pels alumnes, per\u00f2 despr\u00e9s d\u2019un temps de realitzar-la correm el risc d\u2019oblidar-la i centrar-nos massa en la realitzaci\u00f3 de l\u2019activitat sense explicitar. Ser conscients i fer conscients als aprenents de la ra\u00f3 per la qual hem decidit que era important desenvolupar-la, de quins s\u00f3n <br>els aprenentatges que volem adquirir amb la seva realitzaci\u00f3, o sigui de quins s\u00f3n els objectius d\u2019aprenentatge. Especialment en el context actual, en qu\u00e8 cal prioritzar aprenentatges de qualitat, \u00e9s imprescindible preguntar-nos per qu\u00e8 ensenyem el que ensenyem: si \u00e9s un aprenentatge fonamental per seguir aprenent, com connecta amb altres aprenentatges simultanis i quina coher\u00e8ncia t\u00e9 amb la resta d\u2019aprenentatges dels alumnes dins la seva etapa, per qu\u00e8 \u00e9s important i com connecta amb el que est\u00e0 passant o els est\u00e0 passant als alumnes i qu\u00e8 passaria si no ho aprenguessin. <br><br>I quan parlem d\u2019aprenentatges ens referim als aprenentatges que faciliten que els alumnes adquireixin les compet\u00e8ncies, \u00e9s a dir, aquells que s\u00f3n transferibles, productius, significatius, perdurables i funcionals; i que permeten, en definitiva, que l\u2019aprenent pugui aplicar all\u00f2 apr\u00e8s en contextos reals i seguir aprenent. Aix\u00f2 implica que, com a docents, hem hagut de reflexionar pr\u00e8viament sobre la <a href=\"https:\/\/xtec.gencat.cat\/web\/.content\/curriculum\/xarxacb\/documents\/Com-revisar-els-objectius-daprenentatge-per-afavorir-ladquisicio-de-competencies_-Versio-Publica-Tasca-individual-curs-2019-2020.pdf\">natura competencial dels objectius que ens proposem.<br><\/a><br>Aquest \u00e9s un dels moments m\u00e9s importants de qualsevol intervenci\u00f3 escolar: planificar com es compartiran els objectius d\u2019aprenentatge amb els i les alumnes. Els objectius han de poder ser compartits amb els alumnes perqu\u00e8 entenguin clarament all\u00f2 que s\u2019espera que aprenguin, un dels pilars de l\u2019avaluaci\u00f3 formativa. Han de poder ajudar l\u2019aprenent a reflexionar sobre el que est\u00e0 aprenent, a ser conscient dels aprenentatges, i de com ho est\u00e0 aprenent, a aportar evid\u00e8ncies del proc\u00e9s i dels resultats un cop conegudes les expectatives sobre la qualitat esperada del seu treball i com millorar-ho. Aquests objectius han de poder ser represos i reformulats quan calgui. <br><br><br>Dos dels moments clau per compartir els objectius d\u2019aprenentatge s\u00f3n l\u2019inici i el final de les classes. Les estrat\u00e8gies que s\u2019utilitzin en aquests dos moments clau poden afavorir i millorar la qualitat dels aprenentatges, ja que tenen molt a veure amb promoure l\u2019autoregulaci\u00f3 de l\u2019alumnat. <br><br>Al comen\u00e7ament l\u2019alumnat es representa qu\u00e8 podr\u00e0 aprendre en aquella sessi\u00f3 i si creu que li ser\u00e0 d\u2019inter\u00e8s i si valdr\u00e0 la pena dedicar-hi esfor\u00e7os, i al final es quedar\u00e0 amb un resum de les idees importants, tot revisant les seves representacions inicials i, segurament, reconeixent qu\u00e8 \u00e9s all\u00f2 que encara no ent\u00e9n o no sap fer prou b\u00e9.<br><br><\/p>\n<\/div>\n<\/div>\n\n\n\n<div class=\"wp-block-columns is-layout-flex wp-container-core-columns-is-layout-3 wp-block-columns-is-layout-flex\">\n<div class=\"wp-block-column caixa-link has-background is-layout-flow wp-block-column-is-layout-flow\" style=\"background-color:#e9d37c\" id=\"https:\/\/educacio.gencat.cat\/web\/.content\/home\/departament\/publicacions\/colleccions\/competencies-basiques\/eso\/avaluar-aprendre.pdf\">\n<p class=\"has-text-align-center has-small-font-size\" style=\"font-style:normal;font-weight:600\">Apartat 2.2 del document Avaluar \u00e9s Aprendre.<\/p>\n<\/div>\n\n\n\n<div class=\"wp-block-column caixa-link has-background is-layout-flow wp-block-column-is-layout-flow\" style=\"background-color:#e9d37c\" id=\"https:\/\/projectes.xtec.cat\/xarxacb\/wp-content\/uploads\/usu1277\/2025\/10\/compartir-objectius.pdf\">\n<p class=\"has-text-align-center has-small-font-size\" style=\"font-style:normal;font-weight:600\">D\u00edptic de la Xarxa Cb sobre compartir objectius i criteris d\u2019avaluaci\u00f3.<\/p>\n<\/div>\n\n\n\n<div class=\"wp-block-column caixa-link has-background is-layout-flow wp-block-column-is-layout-flow\" style=\"background-color:#e9d37c\" id=\"https:\/\/projectes.xtec.cat\/xarxacb\/wp-content\/uploads\/usu1277\/2025\/09\/Pautes-per-compartir-objectius-i-criteris-d-avaluaci.pdf\">\n<p class=\"has-text-align-center has-small-font-size\" style=\"font-style:normal;font-weight:600\">Pautes per compartir objectius.<\/p>\n<\/div>\n\n\n\n<div class=\"wp-block-column caixa-link has-background is-layout-flow wp-block-column-is-layout-flow\" style=\"background-color:#e9d37c\" id=\"https:\/\/projectes.xtec.cat\/xarxacb\/wp-content\/uploads\/usu1277\/2025\/10\/Full-indicadors-compartir-objectius-i-criteris-avaluacio.pdf\">\n<p class=\"has-text-align-center has-small-font-size\" style=\"font-style:normal;font-weight:600\">Indicadors per al docent&nbsp;.<\/p>\n<\/div>\n<\/div>\n\n\n\n<div class=\"wp-block-columns is-layout-flex wp-container-core-columns-is-layout-4 wp-block-columns-is-layout-flex\">\n<div class=\"wp-block-column caixa-link has-background is-layout-flow wp-block-column-is-layout-flow\" style=\"background-color:#e9d37c\" id=\"https:\/\/projectes.xtec.cat\/xarxacb\/wp-content\/uploads\/usu1277\/2025\/10\/Com-comencem-i-acabem-les-classes-article-PE390-RSAxA-2.pdf\">\n<p class=\"has-text-align-center has-small-font-size\" style=\"font-style:normal;font-weight:600\">Com comencem i acabem les classes.<\/p>\n<\/div>\n\n\n\n<div class=\"wp-block-column caixa-link has-background is-layout-flow wp-block-column-is-layout-flow\" style=\"background-color:#e9d37c\" id=\"https:\/\/projectes.xtec.cat\/xarxacb\/wp-content\/uploads\/usu1277\/2025\/10\/La-conversa.docx.pdf\">\n<p class=\"has-text-align-center has-small-font-size\" id=\"https:\/\/docs.google.com\/document\/d\/135KjkSbEEyAd0ycwXZwgA_txf6EZYde-\/edit?pli=1\" style=\"font-style:normal;font-weight:600\">La conversa, benestar emocional i construcci\u00f3 del coneixement.<\/p>\n<\/div>\n\n\n\n<div class=\"wp-block-column caixa-link has-background is-layout-flow wp-block-column-is-layout-flow\" style=\"background-color:#e9d37c\" id=\"https:\/\/projectes.xtec.cat\/xarxacb\/wp-content\/uploads\/usu1277\/2025\/10\/Bones-preguntes.docx.pdf\">\n<p class=\"has-text-align-center has-small-font-size\" style=\"font-style:normal;font-weight:600\">Les bones preguntes<\/p>\n<\/div>\n\n\n\n<div class=\"wp-block-column caixa-link has-background is-layout-flow wp-block-column-is-layout-flow\" style=\"background-color:#e9d37c\" id=\"https:\/\/projectes.xtec.cat\/xarxacb\/wp-content\/uploads\/usu1277\/2025\/10\/KPSI-compartir-objectius-Marta-Mata.pdf\">\n<p class=\"has-text-align-center has-medium-font-size\" style=\"font-style:normal;font-weight:600\">KPSI.<\/p>\n<\/div>\n\n\n\n<div class=\"wp-block-column caixa-link has-background is-layout-flow wp-block-column-is-layout-flow\" style=\"background-color:#e9d37c\" id=\"https:\/\/blocs.xtec.cat\/xcbprojecte297\/2018\/06\/06\/la-diana-davaluacio\/\">\n<p class=\"has-text-align-center has-small-font-size\" style=\"font-style:normal;font-weight:600\">Diana d&#8217;avaluaci\u00f3<\/p>\n<\/div>\n<\/div>\n\n\n\n<div style=\"height:20px\" aria-hidden=\"true\" class=\"wp-block-spacer\"><\/div>\n\n\n\n<div class=\"wp-block-columns is-layout-flex wp-container-core-columns-is-layout-5 wp-block-columns-is-layout-flex\">\n<div class=\"wp-block-column caixa has-background is-layout-flow wp-block-column-is-layout-flow\" style=\"background-color:#e9d37c\">\n<iframe loading=\"lazy\" src=\"https:\/\/docs.google.com\/presentation\/d\/e\/2PACX-1vRltrjTiTmhgY5EYNbO6NhbSABJMFpW-bFmZsEQDOmZttM2DezHiiZCTH360csEC46-CiL7Nkz1ASVP\/pubembed?start=false&#038;loop=false&#038;delayms=3000\" frameborder=\"0\" width=\"480\" height=\"284\" allowfullscreen=\"true\" mozallowfullscreen=\"true\" webkitallowfullscreen=\"true\"><\/iframe>\n<\/div>\n\n\n\n<div class=\"wp-block-column is-layout-flow wp-block-column-is-layout-flow\" style=\"flex-basis:10%\"><\/div>\n\n\n\n<div class=\"wp-block-column caixa has-background is-layout-flow wp-block-column-is-layout-flow\" style=\"background-color:#e9d37c\">\n<iframe loading=\"lazy\" src=\"https:\/\/drive.google.com\/file\/d\/126-Bnel5MznABbaQC-Mbm3s52Y6NGRVn\/preview\" width=\"480\" height=\"284\" allow=\"autoplay\"><\/iframe>\n<\/div>\n<\/div>\n\n\n\n<p><\/p>\n","protected":false},"excerpt":{"rendered":"<p>Compartir objectius d&#8217;aprenentatge Quan el professorat ensenya uns determinats continguts, pr\u00e8viament s\u2019ha hagut de formular uns objectius d\u2019aprenentatge, encara que [&hellip;]<\/p>\n","protected":false},"author":7,"featured_media":0,"parent":0,"menu_order":0,"comment_status":"closed","ping_status":"close","template":"","meta":{"_bbp_topic_count":0,"_bbp_reply_count":0,"_bbp_total_topic_count":0,"_bbp_total_reply_count":0,"_bbp_voice_count":0,"_bbp_anonymous_reply_count":0,"_bbp_topic_count_hidden":0,"_bbp_reply_count_hidden":0,"_bbp_forum_subforum_count":0,"site-sidebar-layout":"default","site-content-layout":"","ast-site-content-layout":"default","site-content-style":"default","site-sidebar-style":"default","ast-global-header-display":"","ast-banner-title-visibility":"","ast-main-header-display":"","ast-hfb-above-header-display":"","ast-hfb-below-header-display":"","ast-hfb-mobile-header-display":"","site-post-title":"disabled","ast-breadcrumbs-content":"","ast-featured-img":"","footer-sml-layout":"","theme-transparent-header-meta":"","adv-header-id-meta":"","stick-header-meta":"","header-above-stick-meta":"","header-main-stick-meta":"","header-below-stick-meta":"","astra-migrate-meta-layouts":"set","ast-page-background-enabled":"default","ast-page-background-meta":{"desktop":{"background-color":"var(--ast-global-color-4)","background-image":"","background-repeat":"repeat","background-position":"center center","background-size":"auto","background-attachment":"scroll","background-type":"","background-media":"","overlay-type":"","overlay-color":"","overlay-opacity":"","overlay-gradient":""},"tablet":{"background-color":"","background-image":"","background-repeat":"repeat","background-position":"center center","background-size":"auto","background-attachment":"scroll","background-type":"","background-media":"","overlay-type":"","overlay-color":"","overlay-opacity":"","overlay-gradient":""},"mobile":{"background-color":"","background-image":"","background-repeat":"repeat","background-position":"center center","background-size":"auto","background-attachment":"scroll","background-type":"","background-media":"","overlay-type":"","overlay-color":"","overlay-opacity":"","overlay-gradient":""}},"ast-content-background-meta":{"desktop":{"background-color":"var(--ast-global-color-5)","background-image":"","background-repeat":"repeat","background-position":"center center","background-size":"auto","background-attachment":"scroll","background-type":"","background-media":"","overlay-type":"","overlay-color":"","overlay-opacity":"","overlay-gradient":""},"tablet":{"background-color":"var(--ast-global-color-5)","background-image":"","background-repeat":"repeat","background-position":"center center","background-size":"auto","background-attachment":"scroll","background-type":"","background-media":"","overlay-type":"","overlay-color":"","overlay-opacity":"","overlay-gradient":""},"mobile":{"background-color":"var(--ast-global-color-5)","background-image":"","background-repeat":"repeat","background-position":"center center","background-size":"auto","background-attachment":"scroll","background-type":"","background-media":"","overlay-type":"","overlay-color":"","overlay-opacity":"","overlay-gradient":""}},"footnotes":""},"class_list":["post-9156","page","type-page","status-publish","hentry"],"post_mailing_queue_ids":[],"_links":{"self":[{"href":"https:\/\/projectes.xtec.cat\/xarxacb\/wp-json\/wp\/v2\/pages\/9156","targetHints":{"allow":["GET"]}}],"collection":[{"href":"https:\/\/projectes.xtec.cat\/xarxacb\/wp-json\/wp\/v2\/pages"}],"about":[{"href":"https:\/\/projectes.xtec.cat\/xarxacb\/wp-json\/wp\/v2\/types\/page"}],"author":[{"embeddable":true,"href":"https:\/\/projectes.xtec.cat\/xarxacb\/wp-json\/wp\/v2\/users\/7"}],"replies":[{"embeddable":true,"href":"https:\/\/projectes.xtec.cat\/xarxacb\/wp-json\/wp\/v2\/comments?post=9156"}],"version-history":[{"count":6,"href":"https:\/\/projectes.xtec.cat\/xarxacb\/wp-json\/wp\/v2\/pages\/9156\/revisions"}],"predecessor-version":[{"id":9368,"href":"https:\/\/projectes.xtec.cat\/xarxacb\/wp-json\/wp\/v2\/pages\/9156\/revisions\/9368"}],"wp:attachment":[{"href":"https:\/\/projectes.xtec.cat\/xarxacb\/wp-json\/wp\/v2\/media?parent=9156"}],"curies":[{"name":"wp","href":"https:\/\/api.w.org\/{rel}","templated":true}]}}