{"id":9309,"date":"2025-12-03T12:41:26","date_gmt":"2025-12-03T11:41:26","guid":{"rendered":"https:\/\/projectes.xtec.cat\/xarxacb\/?page_id=9309"},"modified":"2025-12-03T12:41:26","modified_gmt":"2025-12-03T11:41:26","slug":"avaluacio-formativa","status":"publish","type":"page","link":"https:\/\/projectes.xtec.cat\/xarxacb\/avaluacio-formativa\/","title":{"rendered":"Avaluaci\u00f3 formativa"},"content":{"rendered":"\n<h2 class=\"wp-block-heading caixa has-background\" style=\"background-color:#ac9d0c\">Avaluaci\u00f3 formativa a la Xarxa de compet\u00e8ncies<\/h2>\n\n\n\n<div style=\"height:5px\" aria-hidden=\"true\" class=\"wp-block-spacer\"><\/div>\n\n\n\n<p class=\"caixa has-background\" style=\"background-color:#f4e982\"><strong>Avaluaci\u00f3 formativa:<\/strong> modalitat d\u2019avaluaci\u00f3 que t\u00e9 lloc durant el proc\u00e9s d\u2019ensenyament-aprenentatge. El seu objectiu \u00e9s el d\u2019identificar les dificultats i progressos d\u2019aprenentatge dels estudiants, per poder adaptar el proc\u00e9s did\u00e0ctic del professorat a les necessitats d\u2019aprenentatge de l\u2019alumnat. T\u00e9 una finalitat reguladora de l\u2019aprenentatge i de l\u2019ensenyament.<br>AVALUAR PER APRENDRE  \u201cL\u2019avaluaci\u00f3 per millorar els aprenentatges de l\u2019alumnat en el marc del curr\u00edculum per compet\u00e8ncies.\u201d <strong>Neus Sanmart\u00ed<\/strong><\/p>\n\n\n\n<div class=\"wp-block-columns is-layout-flex wp-container-core-columns-is-layout-1 wp-block-columns-is-layout-flex\">\n<div class=\"wp-block-column is-layout-flow wp-block-column-is-layout-flow\" style=\"flex-basis:15%\"><\/div>\n\n\n\n<div class=\"wp-block-column caixa has-ast-global-color-1-background-color has-background is-layout-flow wp-block-column-is-layout-flow\" style=\"flex-basis:70%\">\n<h5 class=\"wp-block-heading\">Com avaluar formativament els aprenentatges? Neus Sanmart\u00ed (UAB)<\/h5>\n\n\n\n<iframe loading=\"lazy\" width=\"595\" height=\"350\" src=\"https:\/\/www.youtube.com\/embed\/UNgaL1kiPLI?si=DV8-hZX7Krza9QSI\" title=\"YouTube video player\" frameborder=\"0\" allow=\"accelerometer; autoplay; clipboard-write; encrypted-media; gyroscope; picture-in-picture; web-share\" referrerpolicy=\"strict-origin-when-cross-origin\" allowfullscreen><\/iframe>\n<\/div>\n\n\n\n<div class=\"wp-block-column is-layout-flow wp-block-column-is-layout-flow\" style=\"flex-basis:15%\"><\/div>\n<\/div>\n\n\n\n<p><\/p>\n","protected":false},"excerpt":{"rendered":"<p>Avaluaci\u00f3 formativa a la Xarxa de compet\u00e8ncies Avaluaci\u00f3 formativa: modalitat d\u2019avaluaci\u00f3 que t\u00e9 lloc durant el proc\u00e9s d\u2019ensenyament-aprenentatge. El seu [&hellip;]<\/p>\n","protected":false},"author":7,"featured_media":0,"parent":0,"menu_order":0,"comment_status":"closed","ping_status":"close","template":"","meta":{"_bbp_topic_count":0,"_bbp_reply_count":0,"_bbp_total_topic_count":0,"_bbp_total_reply_count":0,"_bbp_voice_count":0,"_bbp_anonymous_reply_count":0,"_bbp_topic_count_hidden":0,"_bbp_reply_count_hidden":0,"_bbp_forum_subforum_count":0,"site-sidebar-layout":"default","site-content-layout":"","ast-site-content-layout":"default","site-content-style":"default","site-sidebar-style":"default","ast-global-header-display":"","ast-banner-title-visibility":"","ast-main-header-display":"","ast-hfb-above-header-display":"","ast-hfb-below-header-display":"","ast-hfb-mobile-header-display":"","site-post-title":"disabled","ast-breadcrumbs-content":"","ast-featured-img":"","footer-sml-layout":"","theme-transparent-header-meta":"","adv-header-id-meta":"","stick-header-meta":"","header-above-stick-meta":"","header-main-stick-meta":"","header-below-stick-meta":"","astra-migrate-meta-layouts":"set","ast-page-background-enabled":"default","ast-page-background-meta":{"desktop":{"background-color":"var(--ast-global-color-4)","background-image":"","background-repeat":"repeat","background-position":"center center","background-size":"auto","background-attachment":"scroll","background-type":"","background-media":"","overlay-type":"","overlay-color":"","overlay-opacity":"","overlay-gradient":""},"tablet":{"background-color":"","background-image":"","background-repeat":"repeat","background-position":"center center","background-size":"auto","background-attachment":"scroll","background-type":"","background-media":"","overlay-type":"","overlay-color":"","overlay-opacity":"","overlay-gradient":""},"mobile":{"background-color":"","background-image":"","background-repeat":"repeat","background-position":"center center","background-size":"auto","background-attachment":"scroll","background-type":"","background-media":"","overlay-type":"","overlay-color":"","overlay-opacity":"","overlay-gradient":""}},"ast-content-background-meta":{"desktop":{"background-color":"var(--ast-global-color-5)","background-image":"","background-repeat":"repeat","background-position":"center center","background-size":"auto","background-attachment":"scroll","background-type":"","background-media":"","overlay-type":"","overlay-color":"","overlay-opacity":"","overlay-gradient":""},"tablet":{"background-color":"var(--ast-global-color-5)","background-image":"","background-repeat":"repeat","background-position":"center center","background-size":"auto","background-attachment":"scroll","background-type":"","background-media":"","overlay-type":"","overlay-color":"","overlay-opacity":"","overlay-gradient":""},"mobile":{"background-color":"var(--ast-global-color-5)","background-image":"","background-repeat":"repeat","background-position":"center center","background-size":"auto","background-attachment":"scroll","background-type":"","background-media":"","overlay-type":"","overlay-color":"","overlay-opacity":"","overlay-gradient":""}},"footnotes":""},"class_list":["post-9309","page","type-page","status-publish","hentry"],"post_mailing_queue_ids":[],"_links":{"self":[{"href":"https:\/\/projectes.xtec.cat\/xarxacb\/wp-json\/wp\/v2\/pages\/9309","targetHints":{"allow":["GET"]}}],"collection":[{"href":"https:\/\/projectes.xtec.cat\/xarxacb\/wp-json\/wp\/v2\/pages"}],"about":[{"href":"https:\/\/projectes.xtec.cat\/xarxacb\/wp-json\/wp\/v2\/types\/page"}],"author":[{"embeddable":true,"href":"https:\/\/projectes.xtec.cat\/xarxacb\/wp-json\/wp\/v2\/users\/7"}],"replies":[{"embeddable":true,"href":"https:\/\/projectes.xtec.cat\/xarxacb\/wp-json\/wp\/v2\/comments?post=9309"}],"version-history":[{"count":6,"href":"https:\/\/projectes.xtec.cat\/xarxacb\/wp-json\/wp\/v2\/pages\/9309\/revisions"}],"predecessor-version":[{"id":9369,"href":"https:\/\/projectes.xtec.cat\/xarxacb\/wp-json\/wp\/v2\/pages\/9309\/revisions\/9369"}],"wp:attachment":[{"href":"https:\/\/projectes.xtec.cat\/xarxacb\/wp-json\/wp\/v2\/media?parent=9309"}],"curies":[{"name":"wp","href":"https:\/\/api.w.org\/{rel}","templated":true}]}}