{"id":9467,"date":"2026-04-24T13:42:28","date_gmt":"2026-04-24T11:42:28","guid":{"rendered":"https:\/\/projectes.xtec.cat\/xarxacb\/?page_id=9467"},"modified":"2026-04-28T12:56:00","modified_gmt":"2026-04-28T10:56:00","slug":"xxv-jornada-de-xarxa-de-competencies","status":"publish","type":"page","link":"https:\/\/projectes.xtec.cat\/xarxacb\/xxv-jornada-de-xarxa-de-competencies\/","title":{"rendered":"XXV Jornada de Xarxa de Compet\u00e8ncies"},"content":{"rendered":"\n<figure class=\"wp-block-image alignfull size-full\"><a href=\"https:\/\/projectes.xtec.cat\/xarxacb\/wp-content\/uploads\/usu1277\/2026\/04\/Plantilla-imatge-llarga-500-x-180-px-500-x-100-px-1000-x-100-px.png\"><img loading=\"lazy\" decoding=\"async\" width=\"1000\" height=\"100\" src=\"https:\/\/projectes.xtec.cat\/xarxacb\/wp-content\/uploads\/usu1277\/2026\/04\/Plantilla-imatge-llarga-500-x-180-px-500-x-100-px-1000-x-100-px.png\" alt=\"\" class=\"wp-image-9469\" srcset=\"https:\/\/projectes.xtec.cat\/xarxacb\/wp-content\/uploads\/usu1277\/2026\/04\/Plantilla-imatge-llarga-500-x-180-px-500-x-100-px-1000-x-100-px.png 1000w, https:\/\/projectes.xtec.cat\/xarxacb\/wp-content\/uploads\/usu1277\/2026\/04\/Plantilla-imatge-llarga-500-x-180-px-500-x-100-px-1000-x-100-px-300x30.png 300w, https:\/\/projectes.xtec.cat\/xarxacb\/wp-content\/uploads\/usu1277\/2026\/04\/Plantilla-imatge-llarga-500-x-180-px-500-x-100-px-1000-x-100-px-768x77.png 768w\" sizes=\"auto, (max-width: 1000px) 100vw, 1000px\" \/><\/a><\/figure>\n\n\n\n<div style=\"height:10px\" aria-hidden=\"true\" class=\"wp-block-spacer\"><\/div>\n\n\n\n<h4 class=\"wp-block-heading has-text-align-center\">27 de juny de 2026 Cotxeres de Sants (Barcelona) &#8211; 9 a les 13.30 h<\/h4>\n\n\n\n<div style=\"height:10px\" aria-hidden=\"true\" class=\"wp-block-spacer\"><\/div>\n\n\n\n<h4 class=\"wp-block-heading has-text-align-center has-text-color has-link-color wp-elements-e52127cf9a139db55e35cd55ab0082e7\" style=\"color:#75972d\"><a href=\"https:\/\/aplicacions.gestioeducativa.gencat.cat\/ords\/pls\/soloas\/pk_for_mod_ins.p_for_exhaustiu_activitat?p_header=Detall%20d%27activitat^pk_for_mod_ins.p_for_detall_activitat?p_codi=9008020547%26p_curs=2025-2026%26p_es_inscr=S&amp;p_codi=9008020547&amp;p_curs=2025-2026&amp;p_es_inscr=S\">INSCRIPCI\u00d3 A L&#8217;ACTIVITAT (a partir del 15 de maig)<\/a><\/h4>\n\n\n\n<div style=\"height:10px\" aria-hidden=\"true\" class=\"wp-block-spacer\"><\/div>\n\n\n\n<div class=\"wp-block-columns is-layout-flex wp-container-core-columns-is-layout-1 wp-block-columns-is-layout-flex\">\n<div class=\"wp-block-column is-layout-flow wp-block-column-is-layout-flow\" style=\"flex-basis:60%\">\n<p>La Xarxa de Compet\u00e8ncies celebra enguany 25 anys d\u2019exist\u00e8ncia, un quart de segle en qu\u00e8 ha aplegat docents de tot Catalunya amb la voluntat compartida de repensar els processos d\u2019ensenyament i aprenentatge als seus centres. Al llarg d\u2019aquest recorregut, la formaci\u00f3 entre iguals i el treball en xarxa han estat els pilars fonamentals per compartir pr\u00e0ctiques, generar coneixement col\u00b7lectiu i avan\u00e7ar cap a una educaci\u00f3 de m\u00e9s qualitat i equitat.<br>Com a iniciativa pionera del Departament d\u2019Educaci\u00f3, la Xarxa s\u2019ha consolidat com un espai de refer\u00e8ncia per a l\u2019aprenentatge docent entre iguals, contribuint de manera significativa a la professionalitzaci\u00f3 docent, tant individual com col\u00b7lectiva. Durant aquests 25 anys, ha impulsat la reflexi\u00f3 sobre grans eixos pedag\u00f2gics \u2014com l\u2019avaluaci\u00f3 formativa, el treball competencial, la inclusi\u00f3 o el lideratge pedag\u00f2gic\u2014 que han anat configurant un marc compartit per a la millora dels aprenentatges de tots els alumnes.<br>Actualment, la Xarxa est\u00e0 formada per centenars de centres educatius de diferents etapes i territoris, i implica milers de docents compromesos amb la innovaci\u00f3 i la millora cont\u00ednua.<br>En aquesta 25a jornada, proposem un recorregut pels grans temes que han marcat la traject\u00f2ria de la Xarxa, posant en valor el cam\u00ed recorregut i projectant els reptes de futur. La jornada vol ser, un cop m\u00e9s, un espai de trobada, d\u2019intercanvi i de construcci\u00f3 col\u00b7lectiva, on compartir experi\u00e8ncies, evid\u00e8ncies d\u2019aprenentatge i visions que ens ajudin a continuar avan\u00e7ant.<br>Organitzada pel Departament d\u2019Educaci\u00f3, aquesta jornada de cloenda mant\u00e9 la seva vocaci\u00f3 d\u2019obertura a tots els docents, amb la voluntat de seguir ampliant la comunitat educativa que aposta per aprendre conjuntament per fer possible que tots els alumnes aprenguin m\u00e9s i millor.<\/p>\n<\/div>\n\n\n\n<div class=\"wp-block-column is-layout-flow wp-block-column-is-layout-flow\">\n<div class=\"wp-block-getwid-images-slider has-arrows-inside has-dots-inside has-images-center has-cropped-images\"><div class=\"wp-block-getwid-images-slider__wrapper\" data-effect=\"slide\" data-slides-show=\"1\" data-slides-show-laptop=\"1\" data-slides-show-tablet=\"1\" data-slides-show-mobile=\"1\" data-slides-scroll=\"1\" data-autoplay=\"false\" data-pause-hover=\"false\" data-autoplay-speed=\"6000\" data-infinite=\"true\" data-animation-speed=\"800\" data-center-mode=\"false\" data-variable-width=\"false\" data-arrows=\"inside\" data-dots=\"inside\" data-spacing=\"none\"><div class=\"wp-block-getwid-images-slider__item\"><figure><img loading=\"lazy\" decoding=\"async\" width=\"1200\" height=\"676\" src=\"https:\/\/projectes.xtec.cat\/xarxacb\/wp-content\/uploads\/usu1277\/2026\/04\/IMG_20250627_101439.jpg\" data-id=\"9481\" data-link=\"https:\/\/projectes.xtec.cat\/xarxacb\/?attachment_id=9481\" data-original-link=\"https:\/\/projectes.xtec.cat\/xarxacb\/wp-content\/uploads\/usu1277\/2026\/04\/IMG_20250627_101439.jpg\" class=\"wp-block-getwid-images-slider__image wp-image-9481\" srcset=\"https:\/\/projectes.xtec.cat\/xarxacb\/wp-content\/uploads\/usu1277\/2026\/04\/IMG_20250627_101439.jpg 1200w, https:\/\/projectes.xtec.cat\/xarxacb\/wp-content\/uploads\/usu1277\/2026\/04\/IMG_20250627_101439-300x169.jpg 300w, https:\/\/projectes.xtec.cat\/xarxacb\/wp-content\/uploads\/usu1277\/2026\/04\/IMG_20250627_101439-1024x577.jpg 1024w, https:\/\/projectes.xtec.cat\/xarxacb\/wp-content\/uploads\/usu1277\/2026\/04\/IMG_20250627_101439-768x433.jpg 768w\" sizes=\"auto, (max-width: 1200px) 100vw, 1200px\" \/><\/figure><\/div><div class=\"wp-block-getwid-images-slider__item\"><figure><img loading=\"lazy\" decoding=\"async\" width=\"1200\" height=\"676\" src=\"https:\/\/projectes.xtec.cat\/xarxacb\/wp-content\/uploads\/usu1277\/2026\/04\/IMG_20250627_110343.jpg\" data-id=\"9482\" data-link=\"https:\/\/projectes.xtec.cat\/xarxacb\/?attachment_id=9482\" data-original-link=\"https:\/\/projectes.xtec.cat\/xarxacb\/wp-content\/uploads\/usu1277\/2026\/04\/IMG_20250627_110343.jpg\" class=\"wp-block-getwid-images-slider__image wp-image-9482\" srcset=\"https:\/\/projectes.xtec.cat\/xarxacb\/wp-content\/uploads\/usu1277\/2026\/04\/IMG_20250627_110343.jpg 1200w, https:\/\/projectes.xtec.cat\/xarxacb\/wp-content\/uploads\/usu1277\/2026\/04\/IMG_20250627_110343-300x169.jpg 300w, https:\/\/projectes.xtec.cat\/xarxacb\/wp-content\/uploads\/usu1277\/2026\/04\/IMG_20250627_110343-1024x577.jpg 1024w, https:\/\/projectes.xtec.cat\/xarxacb\/wp-content\/uploads\/usu1277\/2026\/04\/IMG_20250627_110343-768x433.jpg 768w\" sizes=\"auto, (max-width: 1200px) 100vw, 1200px\" \/><\/figure><\/div><div class=\"wp-block-getwid-images-slider__item\"><figure><img loading=\"lazy\" decoding=\"async\" width=\"1200\" height=\"676\" src=\"https:\/\/projectes.xtec.cat\/xarxacb\/wp-content\/uploads\/usu1277\/2026\/04\/IMG_20250627_110402-1.jpg\" data-id=\"9485\" data-link=\"https:\/\/projectes.xtec.cat\/xarxacb\/?attachment_id=9485\" data-original-link=\"https:\/\/projectes.xtec.cat\/xarxacb\/wp-content\/uploads\/usu1277\/2026\/04\/IMG_20250627_110402-1.jpg\" class=\"wp-block-getwid-images-slider__image wp-image-9485\" srcset=\"https:\/\/projectes.xtec.cat\/xarxacb\/wp-content\/uploads\/usu1277\/2026\/04\/IMG_20250627_110402-1.jpg 1200w, https:\/\/projectes.xtec.cat\/xarxacb\/wp-content\/uploads\/usu1277\/2026\/04\/IMG_20250627_110402-1-300x169.jpg 300w, https:\/\/projectes.xtec.cat\/xarxacb\/wp-content\/uploads\/usu1277\/2026\/04\/IMG_20250627_110402-1-1024x577.jpg 1024w, https:\/\/projectes.xtec.cat\/xarxacb\/wp-content\/uploads\/usu1277\/2026\/04\/IMG_20250627_110402-1-768x433.jpg 768w\" sizes=\"auto, (max-width: 1200px) 100vw, 1200px\" \/><\/figure><\/div><div class=\"wp-block-getwid-images-slider__item\"><figure><img loading=\"lazy\" decoding=\"async\" width=\"1200\" height=\"676\" src=\"https:\/\/projectes.xtec.cat\/xarxacb\/wp-content\/uploads\/usu1277\/2026\/04\/IMG_20250628_085232.jpg\" data-id=\"9483\" data-link=\"https:\/\/projectes.xtec.cat\/xarxacb\/?attachment_id=9483\" data-original-link=\"https:\/\/projectes.xtec.cat\/xarxacb\/wp-content\/uploads\/usu1277\/2026\/04\/IMG_20250628_085232.jpg\" class=\"wp-block-getwid-images-slider__image wp-image-9483\" srcset=\"https:\/\/projectes.xtec.cat\/xarxacb\/wp-content\/uploads\/usu1277\/2026\/04\/IMG_20250628_085232.jpg 1200w, https:\/\/projectes.xtec.cat\/xarxacb\/wp-content\/uploads\/usu1277\/2026\/04\/IMG_20250628_085232-300x169.jpg 300w, https:\/\/projectes.xtec.cat\/xarxacb\/wp-content\/uploads\/usu1277\/2026\/04\/IMG_20250628_085232-1024x577.jpg 1024w, https:\/\/projectes.xtec.cat\/xarxacb\/wp-content\/uploads\/usu1277\/2026\/04\/IMG_20250628_085232-768x433.jpg 768w\" sizes=\"auto, (max-width: 1200px) 100vw, 1200px\" \/><\/figure><\/div><div class=\"wp-block-getwid-images-slider__item\"><figure><img loading=\"lazy\" decoding=\"async\" width=\"1200\" height=\"676\" src=\"https:\/\/projectes.xtec.cat\/xarxacb\/wp-content\/uploads\/usu1277\/2026\/04\/IMG_20250628_085239.jpg\" data-id=\"9484\" data-link=\"https:\/\/projectes.xtec.cat\/xarxacb\/?attachment_id=9484\" data-original-link=\"https:\/\/projectes.xtec.cat\/xarxacb\/wp-content\/uploads\/usu1277\/2026\/04\/IMG_20250628_085239.jpg\" class=\"wp-block-getwid-images-slider__image wp-image-9484\" srcset=\"https:\/\/projectes.xtec.cat\/xarxacb\/wp-content\/uploads\/usu1277\/2026\/04\/IMG_20250628_085239.jpg 1200w, https:\/\/projectes.xtec.cat\/xarxacb\/wp-content\/uploads\/usu1277\/2026\/04\/IMG_20250628_085239-300x169.jpg 300w, https:\/\/projectes.xtec.cat\/xarxacb\/wp-content\/uploads\/usu1277\/2026\/04\/IMG_20250628_085239-1024x577.jpg 1024w, https:\/\/projectes.xtec.cat\/xarxacb\/wp-content\/uploads\/usu1277\/2026\/04\/IMG_20250628_085239-768x433.jpg 768w\" sizes=\"auto, (max-width: 1200px) 100vw, 1200px\" \/><\/figure><\/div><div class=\"wp-block-getwid-images-slider__item\"><figure><img loading=\"lazy\" decoding=\"async\" width=\"1200\" height=\"676\" src=\"https:\/\/projectes.xtec.cat\/xarxacb\/wp-content\/uploads\/usu1277\/2026\/04\/IMG_20250628_090017.jpg\" data-id=\"9486\" data-link=\"https:\/\/projectes.xtec.cat\/xarxacb\/?attachment_id=9486\" data-original-link=\"https:\/\/projectes.xtec.cat\/xarxacb\/wp-content\/uploads\/usu1277\/2026\/04\/IMG_20250628_090017.jpg\" class=\"wp-block-getwid-images-slider__image wp-image-9486\" srcset=\"https:\/\/projectes.xtec.cat\/xarxacb\/wp-content\/uploads\/usu1277\/2026\/04\/IMG_20250628_090017.jpg 1200w, https:\/\/projectes.xtec.cat\/xarxacb\/wp-content\/uploads\/usu1277\/2026\/04\/IMG_20250628_090017-300x169.jpg 300w, https:\/\/projectes.xtec.cat\/xarxacb\/wp-content\/uploads\/usu1277\/2026\/04\/IMG_20250628_090017-1024x577.jpg 1024w, https:\/\/projectes.xtec.cat\/xarxacb\/wp-content\/uploads\/usu1277\/2026\/04\/IMG_20250628_090017-768x433.jpg 768w\" sizes=\"auto, (max-width: 1200px) 100vw, 1200px\" \/><\/figure><\/div><div class=\"wp-block-getwid-images-slider__item\"><figure><img loading=\"lazy\" decoding=\"async\" width=\"1200\" height=\"676\" src=\"https:\/\/projectes.xtec.cat\/xarxacb\/wp-content\/uploads\/usu1277\/2026\/04\/IMG_20250628_090754.jpg\" data-id=\"9487\" data-link=\"https:\/\/projectes.xtec.cat\/xarxacb\/?attachment_id=9487\" data-original-link=\"https:\/\/projectes.xtec.cat\/xarxacb\/wp-content\/uploads\/usu1277\/2026\/04\/IMG_20250628_090754.jpg\" class=\"wp-block-getwid-images-slider__image wp-image-9487\" srcset=\"https:\/\/projectes.xtec.cat\/xarxacb\/wp-content\/uploads\/usu1277\/2026\/04\/IMG_20250628_090754.jpg 1200w, https:\/\/projectes.xtec.cat\/xarxacb\/wp-content\/uploads\/usu1277\/2026\/04\/IMG_20250628_090754-300x169.jpg 300w, https:\/\/projectes.xtec.cat\/xarxacb\/wp-content\/uploads\/usu1277\/2026\/04\/IMG_20250628_090754-1024x577.jpg 1024w, https:\/\/projectes.xtec.cat\/xarxacb\/wp-content\/uploads\/usu1277\/2026\/04\/IMG_20250628_090754-768x433.jpg 768w\" sizes=\"auto, (max-width: 1200px) 100vw, 1200px\" \/><\/figure><\/div><div class=\"wp-block-getwid-images-slider__item\"><figure><img loading=\"lazy\" decoding=\"async\" width=\"1200\" height=\"676\" src=\"https:\/\/projectes.xtec.cat\/xarxacb\/wp-content\/uploads\/usu1277\/2026\/04\/IMG_20250628_092827.jpg\" data-id=\"9492\" data-link=\"https:\/\/projectes.xtec.cat\/xarxacb\/?attachment_id=9492\" data-original-link=\"https:\/\/projectes.xtec.cat\/xarxacb\/wp-content\/uploads\/usu1277\/2026\/04\/IMG_20250628_092827.jpg\" class=\"wp-block-getwid-images-slider__image wp-image-9492\" srcset=\"https:\/\/projectes.xtec.cat\/xarxacb\/wp-content\/uploads\/usu1277\/2026\/04\/IMG_20250628_092827.jpg 1200w, https:\/\/projectes.xtec.cat\/xarxacb\/wp-content\/uploads\/usu1277\/2026\/04\/IMG_20250628_092827-300x169.jpg 300w, https:\/\/projectes.xtec.cat\/xarxacb\/wp-content\/uploads\/usu1277\/2026\/04\/IMG_20250628_092827-1024x577.jpg 1024w, https:\/\/projectes.xtec.cat\/xarxacb\/wp-content\/uploads\/usu1277\/2026\/04\/IMG_20250628_092827-768x433.jpg 768w\" sizes=\"auto, (max-width: 1200px) 100vw, 1200px\" \/><\/figure><\/div><div class=\"wp-block-getwid-images-slider__item\"><figure><img loading=\"lazy\" decoding=\"async\" width=\"1200\" height=\"676\" src=\"https:\/\/projectes.xtec.cat\/xarxacb\/wp-content\/uploads\/usu1277\/2026\/04\/IMG_20250628_093331.jpg\" data-id=\"9493\" data-link=\"https:\/\/projectes.xtec.cat\/xarxacb\/?attachment_id=9493\" data-original-link=\"https:\/\/projectes.xtec.cat\/xarxacb\/wp-content\/uploads\/usu1277\/2026\/04\/IMG_20250628_093331.jpg\" class=\"wp-block-getwid-images-slider__image wp-image-9493\" srcset=\"https:\/\/projectes.xtec.cat\/xarxacb\/wp-content\/uploads\/usu1277\/2026\/04\/IMG_20250628_093331.jpg 1200w, https:\/\/projectes.xtec.cat\/xarxacb\/wp-content\/uploads\/usu1277\/2026\/04\/IMG_20250628_093331-300x169.jpg 300w, https:\/\/projectes.xtec.cat\/xarxacb\/wp-content\/uploads\/usu1277\/2026\/04\/IMG_20250628_093331-1024x577.jpg 1024w, https:\/\/projectes.xtec.cat\/xarxacb\/wp-content\/uploads\/usu1277\/2026\/04\/IMG_20250628_093331-768x433.jpg 768w\" sizes=\"auto, (max-width: 1200px) 100vw, 1200px\" \/><\/figure><\/div><div class=\"wp-block-getwid-images-slider__item\"><figure><img loading=\"lazy\" decoding=\"async\" width=\"1200\" height=\"676\" src=\"https:\/\/projectes.xtec.cat\/xarxacb\/wp-content\/uploads\/usu1277\/2026\/04\/IMG_20250628_093439-1.jpg\" data-id=\"9491\" data-link=\"https:\/\/projectes.xtec.cat\/xarxacb\/?attachment_id=9491\" data-original-link=\"https:\/\/projectes.xtec.cat\/xarxacb\/wp-content\/uploads\/usu1277\/2026\/04\/IMG_20250628_093439-1.jpg\" class=\"wp-block-getwid-images-slider__image wp-image-9491\" srcset=\"https:\/\/projectes.xtec.cat\/xarxacb\/wp-content\/uploads\/usu1277\/2026\/04\/IMG_20250628_093439-1.jpg 1200w, https:\/\/projectes.xtec.cat\/xarxacb\/wp-content\/uploads\/usu1277\/2026\/04\/IMG_20250628_093439-1-300x169.jpg 300w, https:\/\/projectes.xtec.cat\/xarxacb\/wp-content\/uploads\/usu1277\/2026\/04\/IMG_20250628_093439-1-1024x577.jpg 1024w, https:\/\/projectes.xtec.cat\/xarxacb\/wp-content\/uploads\/usu1277\/2026\/04\/IMG_20250628_093439-1-768x433.jpg 768w\" sizes=\"auto, (max-width: 1200px) 100vw, 1200px\" \/><\/figure><\/div><div class=\"wp-block-getwid-images-slider__item\"><figure><img loading=\"lazy\" decoding=\"async\" width=\"1200\" height=\"676\" src=\"https:\/\/projectes.xtec.cat\/xarxacb\/wp-content\/uploads\/usu1277\/2026\/04\/IMG_20250628_103600.jpg\" data-id=\"9488\" data-link=\"https:\/\/projectes.xtec.cat\/xarxacb\/?attachment_id=9488\" data-original-link=\"https:\/\/projectes.xtec.cat\/xarxacb\/wp-content\/uploads\/usu1277\/2026\/04\/IMG_20250628_103600.jpg\" class=\"wp-block-getwid-images-slider__image wp-image-9488\" srcset=\"https:\/\/projectes.xtec.cat\/xarxacb\/wp-content\/uploads\/usu1277\/2026\/04\/IMG_20250628_103600.jpg 1200w, https:\/\/projectes.xtec.cat\/xarxacb\/wp-content\/uploads\/usu1277\/2026\/04\/IMG_20250628_103600-300x169.jpg 300w, https:\/\/projectes.xtec.cat\/xarxacb\/wp-content\/uploads\/usu1277\/2026\/04\/IMG_20250628_103600-1024x577.jpg 1024w, https:\/\/projectes.xtec.cat\/xarxacb\/wp-content\/uploads\/usu1277\/2026\/04\/IMG_20250628_103600-768x433.jpg 768w\" sizes=\"auto, (max-width: 1200px) 100vw, 1200px\" \/><\/figure><\/div><div class=\"wp-block-getwid-images-slider__item\"><figure><img loading=\"lazy\" decoding=\"async\" width=\"1200\" height=\"676\" src=\"https:\/\/projectes.xtec.cat\/xarxacb\/wp-content\/uploads\/usu1277\/2026\/04\/IMG_20250628_112657.jpg\" data-id=\"9490\" data-link=\"https:\/\/projectes.xtec.cat\/xarxacb\/?attachment_id=9490\" data-original-link=\"https:\/\/projectes.xtec.cat\/xarxacb\/wp-content\/uploads\/usu1277\/2026\/04\/IMG_20250628_112657.jpg\" class=\"wp-block-getwid-images-slider__image wp-image-9490\" srcset=\"https:\/\/projectes.xtec.cat\/xarxacb\/wp-content\/uploads\/usu1277\/2026\/04\/IMG_20250628_112657.jpg 1200w, https:\/\/projectes.xtec.cat\/xarxacb\/wp-content\/uploads\/usu1277\/2026\/04\/IMG_20250628_112657-300x169.jpg 300w, https:\/\/projectes.xtec.cat\/xarxacb\/wp-content\/uploads\/usu1277\/2026\/04\/IMG_20250628_112657-1024x577.jpg 1024w, https:\/\/projectes.xtec.cat\/xarxacb\/wp-content\/uploads\/usu1277\/2026\/04\/IMG_20250628_112657-768x433.jpg 768w\" sizes=\"auto, (max-width: 1200px) 100vw, 1200px\" \/><\/figure><\/div><div class=\"wp-block-getwid-images-slider__item\"><figure><img loading=\"lazy\" decoding=\"async\" width=\"1200\" height=\"676\" src=\"https:\/\/projectes.xtec.cat\/xarxacb\/wp-content\/uploads\/usu1277\/2026\/04\/IMG_20250628_112704.jpg\" data-id=\"9489\" data-link=\"https:\/\/projectes.xtec.cat\/xarxacb\/?attachment_id=9489\" data-original-link=\"https:\/\/projectes.xtec.cat\/xarxacb\/wp-content\/uploads\/usu1277\/2026\/04\/IMG_20250628_112704.jpg\" class=\"wp-block-getwid-images-slider__image wp-image-9489\" srcset=\"https:\/\/projectes.xtec.cat\/xarxacb\/wp-content\/uploads\/usu1277\/2026\/04\/IMG_20250628_112704.jpg 1200w, https:\/\/projectes.xtec.cat\/xarxacb\/wp-content\/uploads\/usu1277\/2026\/04\/IMG_20250628_112704-300x169.jpg 300w, https:\/\/projectes.xtec.cat\/xarxacb\/wp-content\/uploads\/usu1277\/2026\/04\/IMG_20250628_112704-1024x577.jpg 1024w, https:\/\/projectes.xtec.cat\/xarxacb\/wp-content\/uploads\/usu1277\/2026\/04\/IMG_20250628_112704-768x433.jpg 768w\" sizes=\"auto, (max-width: 1200px) 100vw, 1200px\" \/><\/figure><\/div><div class=\"wp-block-getwid-images-slider__item\"><figure><img loading=\"lazy\" decoding=\"async\" width=\"1200\" height=\"676\" src=\"https:\/\/projectes.xtec.cat\/xarxacb\/wp-content\/uploads\/usu1277\/2026\/04\/IMG_20250628_112835.jpg\" data-id=\"9494\" data-link=\"https:\/\/projectes.xtec.cat\/xarxacb\/?attachment_id=9494\" data-original-link=\"https:\/\/projectes.xtec.cat\/xarxacb\/wp-content\/uploads\/usu1277\/2026\/04\/IMG_20250628_112835.jpg\" class=\"wp-block-getwid-images-slider__image wp-image-9494\" srcset=\"https:\/\/projectes.xtec.cat\/xarxacb\/wp-content\/uploads\/usu1277\/2026\/04\/IMG_20250628_112835.jpg 1200w, https:\/\/projectes.xtec.cat\/xarxacb\/wp-content\/uploads\/usu1277\/2026\/04\/IMG_20250628_112835-300x169.jpg 300w, https:\/\/projectes.xtec.cat\/xarxacb\/wp-content\/uploads\/usu1277\/2026\/04\/IMG_20250628_112835-1024x577.jpg 1024w, https:\/\/projectes.xtec.cat\/xarxacb\/wp-content\/uploads\/usu1277\/2026\/04\/IMG_20250628_112835-768x433.jpg 768w\" sizes=\"auto, (max-width: 1200px) 100vw, 1200px\" \/><\/figure><\/div><div class=\"wp-block-getwid-images-slider__item\"><figure><img loading=\"lazy\" decoding=\"async\" width=\"1200\" height=\"676\" src=\"https:\/\/projectes.xtec.cat\/xarxacb\/wp-content\/uploads\/usu1277\/2026\/04\/IMG_20250628_112848.jpg\" data-id=\"9495\" data-link=\"https:\/\/projectes.xtec.cat\/xarxacb\/?attachment_id=9495\" data-original-link=\"https:\/\/projectes.xtec.cat\/xarxacb\/wp-content\/uploads\/usu1277\/2026\/04\/IMG_20250628_112848.jpg\" class=\"wp-block-getwid-images-slider__image wp-image-9495\" srcset=\"https:\/\/projectes.xtec.cat\/xarxacb\/wp-content\/uploads\/usu1277\/2026\/04\/IMG_20250628_112848.jpg 1200w, https:\/\/projectes.xtec.cat\/xarxacb\/wp-content\/uploads\/usu1277\/2026\/04\/IMG_20250628_112848-300x169.jpg 300w, https:\/\/projectes.xtec.cat\/xarxacb\/wp-content\/uploads\/usu1277\/2026\/04\/IMG_20250628_112848-1024x577.jpg 1024w, https:\/\/projectes.xtec.cat\/xarxacb\/wp-content\/uploads\/usu1277\/2026\/04\/IMG_20250628_112848-768x433.jpg 768w\" sizes=\"auto, (max-width: 1200px) 100vw, 1200px\" \/><\/figure><\/div><div class=\"wp-block-getwid-images-slider__item\"><figure><img loading=\"lazy\" decoding=\"async\" width=\"1200\" height=\"676\" src=\"https:\/\/projectes.xtec.cat\/xarxacb\/wp-content\/uploads\/usu1277\/2026\/04\/IMG_20250628_160352.jpg\" data-id=\"9496\" data-link=\"https:\/\/projectes.xtec.cat\/xarxacb\/?attachment_id=9496\" data-original-link=\"https:\/\/projectes.xtec.cat\/xarxacb\/wp-content\/uploads\/usu1277\/2026\/04\/IMG_20250628_160352.jpg\" class=\"wp-block-getwid-images-slider__image wp-image-9496\" srcset=\"https:\/\/projectes.xtec.cat\/xarxacb\/wp-content\/uploads\/usu1277\/2026\/04\/IMG_20250628_160352.jpg 1200w, https:\/\/projectes.xtec.cat\/xarxacb\/wp-content\/uploads\/usu1277\/2026\/04\/IMG_20250628_160352-300x169.jpg 300w, https:\/\/projectes.xtec.cat\/xarxacb\/wp-content\/uploads\/usu1277\/2026\/04\/IMG_20250628_160352-1024x577.jpg 1024w, https:\/\/projectes.xtec.cat\/xarxacb\/wp-content\/uploads\/usu1277\/2026\/04\/IMG_20250628_160352-768x433.jpg 768w\" sizes=\"auto, (max-width: 1200px) 100vw, 1200px\" \/><\/figure><\/div><\/div><\/div>\n<\/div>\n<\/div>\n","protected":false},"excerpt":{"rendered":"<p>27 de juny de 2026 Cotxeres de Sants (Barcelona) &#8211; 9 a les 13.30 h INSCRIPCI\u00d3 A L&#8217;ACTIVITAT (a partir [&hellip;]<\/p>\n","protected":false},"author":7,"featured_media":0,"parent":0,"menu_order":0,"comment_status":"closed","ping_status":"close","template":"","meta":{"_bbp_topic_count":0,"_bbp_reply_count":0,"_bbp_total_topic_count":0,"_bbp_total_reply_count":0,"_bbp_voice_count":0,"_bbp_anonymous_reply_count":0,"_bbp_topic_count_hidden":0,"_bbp_reply_count_hidden":0,"_bbp_forum_subforum_count":0,"site-sidebar-layout":"default","site-content-layout":"","ast-site-content-layout":"default","site-content-style":"default","site-sidebar-style":"default","ast-global-header-display":"","ast-banner-title-visibility":"","ast-main-header-display":"","ast-hfb-above-header-display":"","ast-hfb-below-header-display":"","ast-hfb-mobile-header-display":"","site-post-title":"disabled","ast-breadcrumbs-content":"","ast-featured-img":"","footer-sml-layout":"","theme-transparent-header-meta":"","adv-header-id-meta":"","stick-header-meta":"","header-above-stick-meta":"","header-main-stick-meta":"","header-below-stick-meta":"","astra-migrate-meta-layouts":"set","ast-page-background-enabled":"default","ast-page-background-meta":{"desktop":{"background-color":"var(--ast-global-color-4)","background-image":"","background-repeat":"repeat","background-position":"center center","background-size":"auto","background-attachment":"scroll","background-type":"","background-media":"","overlay-type":"","overlay-color":"","overlay-opacity":"","overlay-gradient":""},"tablet":{"background-color":"","background-image":"","background-repeat":"repeat","background-position":"center center","background-size":"auto","background-attachment":"scroll","background-type":"","background-media":"","overlay-type":"","overlay-color":"","overlay-opacity":"","overlay-gradient":""},"mobile":{"background-color":"","background-image":"","background-repeat":"repeat","background-position":"center center","background-size":"auto","background-attachment":"scroll","background-type":"","background-media":"","overlay-type":"","overlay-color":"","overlay-opacity":"","overlay-gradient":""}},"ast-content-background-meta":{"desktop":{"background-color":"var(--ast-global-color-5)","background-image":"","background-repeat":"repeat","background-position":"center center","background-size":"auto","background-attachment":"scroll","background-type":"","background-media":"","overlay-type":"","overlay-color":"","overlay-opacity":"","overlay-gradient":""},"tablet":{"background-color":"var(--ast-global-color-5)","background-image":"","background-repeat":"repeat","background-position":"center center","background-size":"auto","background-attachment":"scroll","background-type":"","background-media":"","overlay-type":"","overlay-color":"","overlay-opacity":"","overlay-gradient":""},"mobile":{"background-color":"var(--ast-global-color-5)","background-image":"","background-repeat":"repeat","background-position":"center center","background-size":"auto","background-attachment":"scroll","background-type":"","background-media":"","overlay-type":"","overlay-color":"","overlay-opacity":"","overlay-gradient":""}},"footnotes":""},"class_list":["post-9467","page","type-page","status-publish","hentry"],"post_mailing_queue_ids":[],"_links":{"self":[{"href":"https:\/\/projectes.xtec.cat\/xarxacb\/wp-json\/wp\/v2\/pages\/9467","targetHints":{"allow":["GET"]}}],"collection":[{"href":"https:\/\/projectes.xtec.cat\/xarxacb\/wp-json\/wp\/v2\/pages"}],"about":[{"href":"https:\/\/projectes.xtec.cat\/xarxacb\/wp-json\/wp\/v2\/types\/page"}],"author":[{"embeddable":true,"href":"https:\/\/projectes.xtec.cat\/xarxacb\/wp-json\/wp\/v2\/users\/7"}],"replies":[{"embeddable":true,"href":"https:\/\/projectes.xtec.cat\/xarxacb\/wp-json\/wp\/v2\/comments?post=9467"}],"version-history":[{"count":6,"href":"https:\/\/projectes.xtec.cat\/xarxacb\/wp-json\/wp\/v2\/pages\/9467\/revisions"}],"predecessor-version":[{"id":9503,"href":"https:\/\/projectes.xtec.cat\/xarxacb\/wp-json\/wp\/v2\/pages\/9467\/revisions\/9503"}],"wp:attachment":[{"href":"https:\/\/projectes.xtec.cat\/xarxacb\/wp-json\/wp\/v2\/media?parent=9467"}],"curies":[{"name":"wp","href":"https:\/\/api.w.org\/{rel}","templated":true}]}}