{"id":10045,"date":"2019-05-13T12:35:57","date_gmt":"2019-05-13T10:35:57","guid":{"rendered":"http:\/\/projectes.xtec.cat\/xarxadults\/?page_id=10045"},"modified":"2022-02-15T10:25:58","modified_gmt":"2022-02-15T09:25:58","slug":"concursos","status":"publish","type":"page","link":"https:\/\/projectes.xtec.cat\/xarxadults\/iniciatives-pedagogiques\/concursos\/","title":{"rendered":"Concursos"},"content":{"rendered":"<p>Iniciatives adre\u00e7ades a fomentar la participaci\u00f3 de l&#8217;alumnat des dels diferents ensenyaments impartits en els centres de formaci\u00f3 d&#8217;adults, sempre amb l&#8217;objectiu d&#8217;aconseguir l&#8217;\u00e8xit educatiu, afavorir la cohesi\u00f3 social i recon\u00e8ixer les bones pr\u00e0ctiques que es duen a terme en els centres.<\/p>\n<table style=\"border-collapse: collapse; width: 99.9236%;\" border=\"1\">\n<tbody>\n<tr>\n<td style=\"width: 20.8019%;\"><\/td>\n<td style=\"width: 18.9546%;\"><a href=\"https:\/\/projectes.xtec.cat\/xarxadults\/concursos\/el-gust-per-la-lectura\/\"><img loading=\"lazy\" decoding=\"async\" class=\"alignnone wp-image-8896 size-medium\" title=\"Logo El gust per la lectura\" src=\"https:\/\/projectes.xtec.cat\/xarxadults\/wp-content\/uploads\/usu1741\/2018\/01\/Sin-t\u00edtulo-19-300x148.png\" alt=\"Logo El gust per la lectura\" width=\"300\" height=\"148\" \/><\/a><\/td>\n<td style=\"width: 16.9396%;\"><a href=\"https:\/\/projectes.xtec.cat\/xarxadults\/concursos\/videomat\/\"><img loading=\"lazy\" decoding=\"async\" class=\"alignnone wp-image-8906 size-full\" title=\"Logo V\u00eddeoMAT, matem\u00e0tiques per respondre preguntes\" src=\"https:\/\/projectes.xtec.cat\/xarxadults\/wp-content\/uploads\/usu1741\/2018\/01\/Sin-t\u00edtulo-13.png\" alt=\"Logo V\u00eddeoMAT, matem\u00e0tiques per respondre preguntes\" width=\"145\" height=\"90\" \/><\/a><\/td>\n<td style=\"width: 21.6519%;\"><a href=\"http:\/\/projectes.xtec.cat\/xarxadults\/concursos\/mschools\/\"><img loading=\"lazy\" decoding=\"async\" class=\"alignnone wp-image-9753 size-medium\" title=\"Logo mSchools\" src=\"https:\/\/projectes.xtec.cat\/xarxadults\/wp-content\/uploads\/usu1741\/2019\/01\/logo-300x60.png\" alt=\"Logo mSchools\" width=\"300\" height=\"60\" srcset=\"https:\/\/projectes.xtec.cat\/xarxadults\/wp-content\/uploads\/usu1741\/2019\/01\/logo-300x60.png 300w, https:\/\/projectes.xtec.cat\/xarxadults\/wp-content\/uploads\/usu1741\/2019\/01\/logo.png 496w\" sizes=\"auto, (max-width: 300px) 100vw, 300px\" \/><\/a><\/td>\n<td style=\"width: 21.6519%;\"><\/td>\n<\/tr>\n<\/tbody>\n<\/table>\n<p>&nbsp;<\/p>\n","protected":false},"excerpt":{"rendered":"<p>Iniciatives adre\u00e7ades a fomentar la participaci\u00f3 de l&#8217;alumnat des dels diferents ensenyaments impartits en els centres de formaci\u00f3 d&#8217;adults, sempre amb l&#8217;objectiu d&#8217;aconseguir l&#8217;\u00e8xit educatiu, afavorir la cohesi\u00f3 social i recon\u00e8ixer les bones pr\u00e0ctiques que es duen a terme en els centres.<\/p>\n<p><a href=\"https:\/\/projectes.xtec.cat\/xarxadults\/concursos\/el-gust-per-la-lectura\/\"><\/a><br \/>\n<a href=\"https:\/\/projectes.xtec.cat\/xarxadults\/concursos\/videomat\/\"><\/a><br \/>\n<a href=\"http:\/\/projectes.xtec.cat\/xarxadults\/concursos\/mschools\/\"><\/a><\/p>\n<p>&nbsp;<\/p>\n","protected":false},"author":3,"featured_media":0,"parent":13564,"menu_order":10,"comment_status":"closed","ping_status":"closed","template":"page-templates\/side-menu.php","meta":{"_bbp_topic_count":0,"_bbp_reply_count":0,"_bbp_total_topic_count":0,"_bbp_total_reply_count":0,"_bbp_voice_count":0,"_bbp_anonymous_reply_count":0,"_bbp_topic_count_hidden":0,"_bbp_reply_count_hidden":0,"_bbp_forum_subforum_count":0,"footnotes":""},"class_list":["post-10045","page","type-page","status-publish","hentry"],"post_mailing_queue_ids":[],"_links":{"self":[{"href":"https:\/\/projectes.xtec.cat\/xarxadults\/wp-json\/wp\/v2\/pages\/10045","targetHints":{"allow":["GET"]}}],"collection":[{"href":"https:\/\/projectes.xtec.cat\/xarxadults\/wp-json\/wp\/v2\/pages"}],"about":[{"href":"https:\/\/projectes.xtec.cat\/xarxadults\/wp-json\/wp\/v2\/types\/page"}],"author":[{"embeddable":true,"href":"https:\/\/projectes.xtec.cat\/xarxadults\/wp-json\/wp\/v2\/users\/3"}],"replies":[{"embeddable":true,"href":"https:\/\/projectes.xtec.cat\/xarxadults\/wp-json\/wp\/v2\/comments?post=10045"}],"version-history":[{"count":4,"href":"https:\/\/projectes.xtec.cat\/xarxadults\/wp-json\/wp\/v2\/pages\/10045\/revisions"}],"predecessor-version":[{"id":12213,"href":"https:\/\/projectes.xtec.cat\/xarxadults\/wp-json\/wp\/v2\/pages\/10045\/revisions\/12213"}],"up":[{"embeddable":true,"href":"https:\/\/projectes.xtec.cat\/xarxadults\/wp-json\/wp\/v2\/pages\/13564"}],"wp:attachment":[{"href":"https:\/\/projectes.xtec.cat\/xarxadults\/wp-json\/wp\/v2\/media?parent=10045"}],"curies":[{"name":"wp","href":"https:\/\/api.w.org\/{rel}","templated":true}]}}