{"id":10048,"date":"2019-05-13T12:42:41","date_gmt":"2019-05-13T10:42:41","guid":{"rendered":"http:\/\/projectes.xtec.cat\/xarxadults\/?page_id=10048"},"modified":"2022-02-15T10:28:03","modified_gmt":"2022-02-15T09:28:03","slug":"bones-practiques","status":"publish","type":"page","link":"https:\/\/projectes.xtec.cat\/xarxadults\/iniciatives-pedagogiques\/bones-practiques\/","title":{"rendered":"Bones pr\u00e0ctiques"},"content":{"rendered":"<p>Diferents propostes de nous models pedag\u00f2gics planificats i posats en pr\u00e0ctica des dels centres de formaci\u00f3 d&#8217;adults. L&#8217;objectiu \u00e9s aconseguir la millora dels resultats acad\u00e8mics, tot explorant noves metodologies i enriquint les pr\u00f2pies pr\u00e0ctiques docents.<\/p>\n<table style=\"border-collapse: collapse; width: 100%;\" border=\"1\">\n<tbody>\n<tr style=\"height: 317px;\">\n<td style=\"width: 25%; height: 317px;\"><a href=\"https:\/\/projectes.xtec.cat\/xarxadults\/bones-practiques\/basics-of-the-comic-design\/\"><img loading=\"lazy\" decoding=\"async\" class=\"alignnone wp-image-9990 size-medium\" title=\"Alumnes treballant en el c\u00f2mic Basics of the Comic Design\" src=\"https:\/\/projectes.xtec.cat\/xarxadults\/wp-content\/uploads\/usu1741\/2019\/03\/IMG-20190325-WA0011-225x300.jpg\" alt=\"alumnes preparant el concurs Basics of the Comic Design\" width=\"225\" height=\"300\" srcset=\"https:\/\/projectes.xtec.cat\/xarxadults\/wp-content\/uploads\/usu1741\/2019\/03\/IMG-20190325-WA0011-225x300.jpg 225w, https:\/\/projectes.xtec.cat\/xarxadults\/wp-content\/uploads\/usu1741\/2019\/03\/IMG-20190325-WA0011-768x1024.jpg 768w, https:\/\/projectes.xtec.cat\/xarxadults\/wp-content\/uploads\/usu1741\/2019\/03\/IMG-20190325-WA0011.jpg 1200w\" sizes=\"auto, (max-width: 225px) 100vw, 225px\" \/><\/a><\/td>\n<td style=\"width: 25%; height: 317px;\"><a href=\"https:\/\/projectes.xtec.cat\/xarxadults\/bones-practiques\/serious-games\/\"><img loading=\"lazy\" decoding=\"async\" class=\"alignnone wp-image-9810 size-medium\" title=\"Home amb ulleres de realitat virtual\" src=\"https:\/\/projectes.xtec.cat\/xarxadults\/wp-content\/uploads\/usu1741\/2019\/02\/Serious-CFA-Manuel-Sacrist\u00e1n-225x300.jpg\" alt=\"Serious Games\" width=\"225\" height=\"300\" \/><\/a><\/td>\n<td style=\"width: 25%; height: 317px;\"><a href=\"https:\/\/projectes.xtec.cat\/xarxadults\/bones-practiques\/revistes\/\"><img loading=\"lazy\" decoding=\"async\" class=\"alignnone size-medium wp-image-10014\" title=\"Revistes escolars\" src=\"https:\/\/projectes.xtec.cat\/xarxadults\/wp-content\/uploads\/usu1741\/2019\/04\/aigua.fw_-210x300.png\" alt=\"Revistes escolars\" width=\"210\" height=\"300\" srcset=\"https:\/\/projectes.xtec.cat\/xarxadults\/wp-content\/uploads\/usu1741\/2019\/04\/aigua.fw_-210x300.png 210w, https:\/\/projectes.xtec.cat\/xarxadults\/wp-content\/uploads\/usu1741\/2019\/04\/aigua.fw_.png 355w\" sizes=\"auto, (max-width: 210px) 100vw, 210px\" \/><\/a><\/td>\n<td style=\"width: 25%; height: 317px;\"><a href=\"https:\/\/projectes.xtec.cat\/xarxadults\/bones-practiques\/aprenentatge-basat-en-projectes\/\"><img loading=\"lazy\" decoding=\"async\" class=\"alignnone wp-image-10097\" title=\"Aprenentatge basat en projectes. Portada diari titolat L'escola d'adults Rius i Taulet imagina un futur dictatorial que es pot canviar\" src=\"https:\/\/projectes.xtec.cat\/xarxadults\/wp-content\/uploads\/usu1741\/2019\/05\/Projecte3019_Diari_1.jpg\" alt=\"Aprenentatge basat en projectes\" width=\"225\" height=\"309\" srcset=\"https:\/\/projectes.xtec.cat\/xarxadults\/wp-content\/uploads\/usu1741\/2019\/05\/Projecte3019_Diari_1.jpg 328w, https:\/\/projectes.xtec.cat\/xarxadults\/wp-content\/uploads\/usu1741\/2019\/05\/Projecte3019_Diari_1-219x300.jpg 219w\" sizes=\"auto, (max-width: 225px) 100vw, 225px\" \/><\/a><\/td>\n<\/tr>\n<tr>\n<td style=\"width: 25%;\"><a href=\"https:\/\/projectes.xtec.cat\/xarxadults\/wp-content\/uploads\/usu1741\/2019\/07\/LLADONERS_2.jpg\"><img loading=\"lazy\" decoding=\"async\" class=\"alignnone size-medium wp-image-10197\" src=\"https:\/\/projectes.xtec.cat\/xarxadults\/wp-content\/uploads\/usu1741\/2019\/07\/LLADONERS_2-300x200.jpg\" alt=\"\" width=\"300\" height=\"200\" srcset=\"https:\/\/projectes.xtec.cat\/xarxadults\/wp-content\/uploads\/usu1741\/2019\/07\/LLADONERS_2-300x200.jpg 300w, https:\/\/projectes.xtec.cat\/xarxadults\/wp-content\/uploads\/usu1741\/2019\/07\/LLADONERS_2-768x511.jpg 768w, https:\/\/projectes.xtec.cat\/xarxadults\/wp-content\/uploads\/usu1741\/2019\/07\/LLADONERS_2-1024x682.jpg 1024w, https:\/\/projectes.xtec.cat\/xarxadults\/wp-content\/uploads\/usu1741\/2019\/07\/LLADONERS_2.jpg 1200w\" sizes=\"auto, (max-width: 300px) 100vw, 300px\" \/><\/a><\/td>\n<td style=\"width: 25%;\"><a href=\"https:\/\/projectes.xtec.cat\/xarxadults\/wp-content\/uploads\/usu1741\/2019\/07\/XARXA_LLADONERS.fw_.png\"><img loading=\"lazy\" decoding=\"async\" class=\"alignnone size-medium wp-image-10198\" src=\"https:\/\/projectes.xtec.cat\/xarxadults\/wp-content\/uploads\/usu1741\/2019\/07\/XARXA_LLADONERS.fw_-300x100.png\" alt=\"\" width=\"300\" height=\"100\" srcset=\"https:\/\/projectes.xtec.cat\/xarxadults\/wp-content\/uploads\/usu1741\/2019\/07\/XARXA_LLADONERS.fw_-300x100.png 300w, https:\/\/projectes.xtec.cat\/xarxadults\/wp-content\/uploads\/usu1741\/2019\/07\/XARXA_LLADONERS.fw_-768x257.png 768w, https:\/\/projectes.xtec.cat\/xarxadults\/wp-content\/uploads\/usu1741\/2019\/07\/XARXA_LLADONERS.fw_.png 1010w\" sizes=\"auto, (max-width: 300px) 100vw, 300px\" \/><\/a><\/td>\n<td style=\"width: 25%;\"><\/td>\n<td style=\"width: 25%;\"><\/td>\n<\/tr>\n<\/tbody>\n<\/table>\n","protected":false},"excerpt":{"rendered":"<p>Diferents propostes de nous models pedag\u00f2gics planificats i posats en pr\u00e0ctica des dels centres de formaci\u00f3 d&#8217;adults. L&#8217;objectiu \u00e9s aconseguir la millora dels resultats acad\u00e8mics, tot explorant noves metodologies i enriquint les pr\u00f2pies pr\u00e0ctiques docents.<\/p>\n<p><a href=\"https:\/\/projectes.xtec.cat\/xarxadults\/bones-practiques\/basics-of-the-comic-design\/\"><\/a><br \/>\n<a href=\"https:\/\/projectes.xtec.cat\/xarxadults\/bones-practiques\/serious-games\/\"><\/a><br \/>\n<a href=\"https:\/\/projectes.xtec.cat\/xarxadults\/bones-practiques\/revistes\/\"><\/a><br \/>\n<a href=\"https:\/\/projectes.xtec.cat\/xarxadults\/bones-practiques\/aprenentatge-basat-en-projectes\/\"><\/a><\/p>\n<p><a href=\"https:\/\/projectes.xtec.cat\/xarxadults\/wp-content\/uploads\/usu1741\/2019\/07\/LLADONERS_2.jpg\"><\/a><br \/>\n<a href=\"https:\/\/projectes.xtec.cat\/xarxadults\/wp-content\/uploads\/usu1741\/2019\/07\/XARXA_LLADONERS.fw_.png\"><\/a><\/p>\n","protected":false},"author":3,"featured_media":0,"parent":13564,"menu_order":10,"comment_status":"closed","ping_status":"closed","template":"page-templates\/side-menu.php","meta":{"_bbp_topic_count":0,"_bbp_reply_count":0,"_bbp_total_topic_count":0,"_bbp_total_reply_count":0,"_bbp_voice_count":0,"_bbp_anonymous_reply_count":0,"_bbp_topic_count_hidden":0,"_bbp_reply_count_hidden":0,"_bbp_forum_subforum_count":0,"footnotes":""},"class_list":["post-10048","page","type-page","status-publish","hentry"],"post_mailing_queue_ids":[],"_links":{"self":[{"href":"https:\/\/projectes.xtec.cat\/xarxadults\/wp-json\/wp\/v2\/pages\/10048","targetHints":{"allow":["GET"]}}],"collection":[{"href":"https:\/\/projectes.xtec.cat\/xarxadults\/wp-json\/wp\/v2\/pages"}],"about":[{"href":"https:\/\/projectes.xtec.cat\/xarxadults\/wp-json\/wp\/v2\/types\/page"}],"author":[{"embeddable":true,"href":"https:\/\/projectes.xtec.cat\/xarxadults\/wp-json\/wp\/v2\/users\/3"}],"replies":[{"embeddable":true,"href":"https:\/\/projectes.xtec.cat\/xarxadults\/wp-json\/wp\/v2\/comments?post=10048"}],"version-history":[{"count":4,"href":"https:\/\/projectes.xtec.cat\/xarxadults\/wp-json\/wp\/v2\/pages\/10048\/revisions"}],"predecessor-version":[{"id":12085,"href":"https:\/\/projectes.xtec.cat\/xarxadults\/wp-json\/wp\/v2\/pages\/10048\/revisions\/12085"}],"up":[{"embeddable":true,"href":"https:\/\/projectes.xtec.cat\/xarxadults\/wp-json\/wp\/v2\/pages\/13564"}],"wp:attachment":[{"href":"https:\/\/projectes.xtec.cat\/xarxadults\/wp-json\/wp\/v2\/media?parent=10048"}],"curies":[{"name":"wp","href":"https:\/\/api.w.org\/{rel}","templated":true}]}}