{"id":10059,"date":"2019-05-13T13:29:01","date_gmt":"2019-05-13T11:29:01","guid":{"rendered":"http:\/\/projectes.xtec.cat\/xarxadults\/?page_id=10059"},"modified":"2021-11-10T13:56:57","modified_gmt":"2021-11-10T12:56:57","slug":"videomat","status":"publish","type":"page","link":"https:\/\/projectes.xtec.cat\/xarxadults\/iniciatives-pedagogiques\/concursos\/videomat\/","title":{"rendered":"VideoMAT"},"content":{"rendered":"<p style=\"text-align: justify;\"><a href=\"https:\/\/projectes.xtec.cat\/xarxadults\/wp-content\/uploads\/usu1741\/2018\/01\/Sin-t\u00edtulo-13.png\"><img loading=\"lazy\" decoding=\"async\" class=\"alignright wp-image-8906 size-full\" title=\"Logo V\u00eddeoMAT, matem\u00e0tiques per respondre preguntes\" src=\"https:\/\/projectes.xtec.cat\/xarxadults\/wp-content\/uploads\/usu1741\/2018\/01\/Sin-t\u00edtulo-13.png\" alt=\"Logo V\u00eddeoMAT, matem\u00e0tiques per respondre preguntes\" width=\"145\" height=\"90\" \/><\/a>El <strong><span style=\"color: #993300;\">v\u00eddeoMAT<\/span> <\/strong>\u00e9s un projecte en el qual els alumnes creen v\u00eddeos d&#8217;un m\u00e0xim de tres minuts on es responen preguntes que posen de manifest aplicacions de les matem\u00e0tiques o la seva pres\u00e8ncia en l&#8217;entorn.<\/p>\n<p style=\"text-align: justify;\">Els seus objectius s\u00f3n:<\/p>\n<ul style=\"text-align: justify;\">\n<li style=\"list-style-type: none;\">\n<ul style=\"list-style-type: disc;\">\n<li>Contribuir a promoure en l&#8217;alumnat una viv\u00e8ncia de les matem\u00e0tiques que incorpori les seves aplicacions i la seva pres\u00e8ncia en l&#8217;entorn.<\/li>\n<li>Recon\u00e8ixer la tasca que fan mestres i professorat per projectar una visi\u00f3 aplicada i funcional de les matem\u00e0tiques.<\/li>\n<li>Estimular l&#8217;inter\u00e8s de l&#8217;alumnat per la comunicaci\u00f3 cient\u00edfica i la divulgaci\u00f3 matem\u00e0tica.<\/li>\n<li>Construir progressivament una col\u00b7lecci\u00f3 de v\u00eddeos sobre aplicacions i pres\u00e8ncia de les matem\u00e0tiques en l&#8217;entorn.<\/li>\n<\/ul>\n<\/li>\n<\/ul>\n<p style=\"text-align: justify;\">Pot participar-hi tot l&#8217;alumnat d&#8217;educaci\u00f3 infantil, prim\u00e0ria, ESO, batxillerat, FP, <strong>Educaci\u00f3 d&#8217;Adults<\/strong> i universitats de Catalunya i d&#8217;altres territoris de parla catalana.<\/p>\n<hr \/>\n<p>L&#8217;edici\u00f3 <strong>v\u00eddeoMat 2022<\/strong> ja t\u00e9 les <a href=\"https:\/\/drive.google.com\/file\/d\/1eEZn-9E2FqpbRdrt3D036-UifuPNQZ7S\/view?usp=sharing\" target=\"_blank\" rel=\"noopener\">bases<\/a> publicades.<\/p>\n<hr \/>\n<p style=\"text-align: justify;\">Les dates m\u00e9s importants per al <strong>curs 2020 &#8211; 2021<\/strong>\u00a0s\u00f3n:<\/p>\n<ul style=\"text-align: justify;\">\n<li style=\"list-style-type: none;\">\n<ul style=\"list-style-type: circle;\">\n<li><strong>Per\u00edode d&#8217;inscripci\u00f3:<\/strong> Del 4 de novembre de 2020\u00a0 fins l&#8217;1 de mar\u00e7 de 2021<\/li>\n<li><strong>Lliurament de treballs:<\/strong> Del 13 de gener al 16 de mar\u00e7 de 2021<\/li>\n<li><strong>Per\u00edode de votaci\u00f3 del p\u00fablic:<\/strong> \u00a0De l&#8217;1 d\u2019abril\u00a0 a les 11:00 h al 30 d&#8217;abril a les 11:00 h de 2021<\/li>\n<li><strong>Publicaci\u00f3 de resultats:<\/strong> Divendres 7 de maig de 2021<\/li>\n<li><strong>Lliurament de premis:<\/strong> Divendres 14 de maig de 2021<\/li>\n<\/ul>\n<\/li>\n<\/ul>\n<p style=\"text-align: justify;\">Podeu<strong> consultar la informaci\u00f3 d&#8217;aquesta edici\u00f3 i fer la inscripci\u00f3 <a href=\"http:\/\/www.videomat.cat\/\" target=\"_blank\" rel=\"noopener noreferrer\">AQU\u00cd.<\/a><\/strong><\/p>\n<p>En la categoria de 4t ESO, Batxillerat i CFA, el centre CFA Les Corts (Barcelona) ha obtingut u<span style=\"font-family: inherit; font-size: 1em;\">n acc\u00e8ssit amb el v\u00eddeo <\/span><a style=\"font-family: inherit; font-size: 1em;\" href=\"https:\/\/youtu.be\/waRaUa9qDHY\">Quan gasta una dona en el seu per\u00edode de fertilitat?<\/a><\/p>\n<p><iframe loading=\"lazy\" src=\"\/\/www.youtube.com\/embed\/waRaUa9qDHY\" width=\"560\" height=\"314\"><\/iframe><\/p>\n<p style=\"text-align: justify;\">\n","protected":false},"excerpt":{"rendered":"<p><a href=\"https:\/\/projectes.xtec.cat\/xarxadults\/wp-content\/uploads\/usu1741\/2018\/01\/Sin-t\u00edtulo-13.png\"><\/a>El v\u00eddeoMAT \u00e9s un projecte en el qual els alumnes creen v\u00eddeos d&#8217;un m\u00e0xim de tres minuts on es responen preguntes que posen de manifest aplicacions de les matem\u00e0tiques o la seva pres\u00e8ncia en l&#8217;entorn.<br \/>\nEls seus objectius s\u00f3n:<\/p>\n<ul style=\"text-align: justify;\">\n<li style=\"list-style-type: none;\">\n<ul style=\"list-style-type: disc;\">\n<li>Contribuir&hellip;  <a href=\"https:\/\/projectes.xtec.cat\/xarxadults\/iniciatives-pedagogiques\/concursos\/videomat\/\" title=\"Read VideoMAT\">Llegeix m\u00e9s\u00bb<\/a><br \/>\n","protected":false},"author":3,"featured_media":0,"parent":10045,"menu_order":30,"comment_status":"closed","ping_status":"closed","template":"page-templates\/side-menu.php","meta":{"_bbp_topic_count":0,"_bbp_reply_count":0,"_bbp_total_topic_count":0,"_bbp_total_reply_count":0,"_bbp_voice_count":0,"_bbp_anonymous_reply_count":0,"_bbp_topic_count_hidden":0,"_bbp_reply_count_hidden":0,"_bbp_forum_subforum_count":0,"footnotes":""},"class_list":["post-10059","page","type-page","status-publish","hentry"],"post_mailing_queue_ids":[],"_links":{"self":[{"href":"https:\/\/projectes.xtec.cat\/xarxadults\/wp-json\/wp\/v2\/pages\/10059","targetHints":{"allow":["GET"]}}],"collection":[{"href":"https:\/\/projectes.xtec.cat\/xarxadults\/wp-json\/wp\/v2\/pages"}],"about":[{"href":"https:\/\/projectes.xtec.cat\/xarxadults\/wp-json\/wp\/v2\/types\/page"}],"author":[{"embeddable":true,"href":"https:\/\/projectes.xtec.cat\/xarxadults\/wp-json\/wp\/v2\/users\/3"}],"replies":[{"embeddable":true,"href":"https:\/\/projectes.xtec.cat\/xarxadults\/wp-json\/wp\/v2\/comments?post=10059"}],"version-history":[{"count":3,"href":"https:\/\/projectes.xtec.cat\/xarxadults\/wp-json\/wp\/v2\/pages\/10059\/revisions"}],"predecessor-version":[{"id":13119,"href":"https:\/\/projectes.xtec.cat\/xarxadults\/wp-json\/wp\/v2\/pages\/10059\/revisions\/13119"}],"up":[{"embeddable":true,"href":"https:\/\/projectes.xtec.cat\/xarxadults\/wp-json\/wp\/v2\/pages\/10045"}],"wp:attachment":[{"href":"https:\/\/projectes.xtec.cat\/xarxadults\/wp-json\/wp\/v2\/media?parent=10059"}],"curies":[{"name":"wp","href":"https:\/\/api.w.org\/{rel}","templated":true}]}}