{"id":10075,"date":"2019-05-13T14:20:27","date_gmt":"2019-05-13T12:20:27","guid":{"rendered":"http:\/\/projectes.xtec.cat\/xarxadults\/?page_id=10075"},"modified":"2021-02-01T13:10:47","modified_gmt":"2021-02-01T12:10:47","slug":"mschools","status":"publish","type":"page","link":"https:\/\/projectes.xtec.cat\/xarxadults\/iniciatives-pedagogiques\/concursos\/mschools\/mschools\/","title":{"rendered":"mSchools Mobile Learning Awards (MLA)"},"content":{"rendered":"<p>&nbsp;<\/p>\n<div id=\"col1\" class=\"column\">\n<p>\u00a0 \u00a0 \u00a0 \u00a0 \u00a0 \u00a0 \u00a0 \u00a0 \u00a0 \u00a0 \u00a0 \u00a0 \u00a0 \u00a0 \u00a0 \u00a0 \u00a0 \u00a0 \u00a0 \u00a0 \u00a0 \u00a0 \u00a0 \u00a0 \u00a0 \u00a0 \u00a0 \u00a0 \u00a0 \u00a0 \u00a0 \u00a0 \u00a0<iframe loading=\"lazy\" src=\"https:\/\/www.youtube.com\/embed\/RgtyJyk1xqY\" width=\"360\" height=\"203\" frameborder=\"0\" data-mce-fragment=\"1\"><\/iframe><\/p>\n<p class=\"tw-data-text vk_txt tw-ta tw-text-large\" dir=\"ltr\" data-placeholder=\"Translation\"><a href=\"https:\/\/mschools.mobileworldcapital.com\/ca\/iniciatives\/mobile-learning-awards\/\" target=\"_blank\" rel=\"noopener noreferrer\"><span style=\"color: #993300;\"><strong style=\"font-family: inherit; font-size: 1em;\">mSchools Mobile Learning Awards<\/strong><span style=\"font-family: inherit; font-size: 1em; font-weight: normal;\">\u00a0<\/span><strong style=\"font-family: inherit; font-size: 1em;\">(MLA)<\/strong><\/span><\/a><span style=\"font-family: inherit; font-size: 1em; font-weight: normal;\"> \u00e9s un concurs que reconeix els projectes creats per docents i escoles de Catalunya, inclosos els Centres de Formaci\u00f3 d&#8217;Adults, en l&#8217;\u00e0mbit de la transformaci\u00f3 de l&#8217;educaci\u00f3 mitjan\u00e7ant l&#8217;\u00fas de les tecnologies digitals.<\/span><\/p>\n<\/div>\n<p>Els participants poden presentar-se a concurs en les seg\u00fcents modalitats:<\/p>\n<ul>\n<li><span style=\"color: #993300;\"><strong>Millors experi\u00e8ncies d&#8217;aula amb tecnologies digitals:\u00a0<\/strong><\/span>L&#8217;objectiu d&#8217;aquesta modalitat \u00e9s donar a con\u00e8ixer les millors experi\u00e8ncies d&#8217;aula desenvolupades per docents i que tinguin com a objectiu l&#8217;\u00fas innovador i inclusiu de les tecnologies digitals.<\/li>\n<li><span style=\"color: #993300;\"><strong>Projectes de transformaci\u00f3 digital de centre:\u00a0<\/strong><\/span>L&#8217;objectiu de la modalitat \u00e9s donar a con\u00e8ixer i compartir projectes de transformaci\u00f3 digital de centres educatius de Catalunya. Cal que siguin projectes que s&#8217;estiguin aplicant al centre educatiu o b\u00e9 que s&#8217;hagin aplicat recentment. El projecte pot fer incid\u00e8ncia a una o m\u00e9s de les seg\u00fcents \u00e0rees del marc de transformaci\u00f3 digital:\n<ul>\n<li>Lideratge i governan\u00e7a<\/li>\n<li>Ensenyament i aprenentatges<\/li>\n<li>Desenvolupament professional<\/li>\n<li>Avaluaci\u00f3<\/li>\n<li>Continguts i curr\u00edculums<\/li>\n<li>Col\u00b7laboraci\u00f3 i treball en xarxa<\/li>\n<\/ul>\n<\/li>\n<\/ul>\n<p><span style=\"color: #339966;\"><span style=\"color: #000000;\">El <\/span><\/span><strong><span style=\"color: #339966;\"><span style=\"color: #000000;\"><span style=\"color: #993300;\">CFA Bon Pastor<\/span> (Barcelona) <\/span><span style=\"color: #000000;\">va ser el guanyador del 2n premi del mSchools al Mobile World Congress 2019 amb el treball <\/span><a style=\"color: #2795b6;\" href=\"https:\/\/www.youtube.com\/watch?v=qDnL_aNoFH8&amp;feature=youtu.be\" target=\"_blank\" rel=\"noopener noreferrer\"><em>La compet\u00e8ncia digital: El nou repte de l\u2019educaci\u00f3 d\u2019adults<\/em><\/a>.<\/span><\/strong><\/p>\n<p><a href=\"https:\/\/projectes.xtec.cat\/xarxadults\/wp-content\/uploads\/usu1741\/2019\/05\/cfa-bon-pastor.jpg\"><img loading=\"lazy\" decoding=\"async\" class=\"aligncenter wp-image-10077 size-medium\" src=\"https:\/\/projectes.xtec.cat\/xarxadults\/wp-content\/uploads\/usu1741\/2019\/05\/cfa-bon-pastor-300x225.jpg\" alt=\"Entrega al CFA Bon Pastor (Barcelona) per ser el guanyador del 2n premi del mSchools al Mobile World Congress 2019\" width=\"300\" height=\"225\" srcset=\"https:\/\/projectes.xtec.cat\/xarxadults\/wp-content\/uploads\/usu1741\/2019\/05\/cfa-bon-pastor-300x225.jpg 300w, https:\/\/projectes.xtec.cat\/xarxadults\/wp-content\/uploads\/usu1741\/2019\/05\/cfa-bon-pastor-768x576.jpg 768w, https:\/\/projectes.xtec.cat\/xarxadults\/wp-content\/uploads\/usu1741\/2019\/05\/cfa-bon-pastor-1024x768.jpg 1024w, https:\/\/projectes.xtec.cat\/xarxadults\/wp-content\/uploads\/usu1741\/2019\/05\/cfa-bon-pastor-200x150.jpg 200w, https:\/\/projectes.xtec.cat\/xarxadults\/wp-content\/uploads\/usu1741\/2019\/05\/cfa-bon-pastor.jpg 1200w\" sizes=\"auto, (max-width: 300px) 100vw, 300px\" \/><\/a><\/p>\n<p>&nbsp;<\/p>\n","protected":false},"excerpt":{"rendered":"<p>&nbsp;<\/p>\n<p>\u00a0 \u00a0 \u00a0 \u00a0 \u00a0 \u00a0 \u00a0 \u00a0 \u00a0 \u00a0 \u00a0 \u00a0 \u00a0 \u00a0 \u00a0 \u00a0 \u00a0 \u00a0 \u00a0 \u00a0 \u00a0 \u00a0 \u00a0 \u00a0 \u00a0 \u00a0 \u00a0 \u00a0 \u00a0 \u00a0 \u00a0 \u00a0 \u00a0<br \/>\n<a href=\"https:\/\/mschools.mobileworldcapital.com\/ca\/iniciatives\/mobile-learning-awards\/\" target=\"_blank\" rel=\"noopener noreferrer\">mSchools Mobile Learning Awards\u00a0(MLA)<\/a> \u00e9s un concurs que reconeix&hellip;  <a href=\"https:\/\/projectes.xtec.cat\/xarxadults\/iniciatives-pedagogiques\/concursos\/mschools\/mschools\/\" title=\"Read mSchools Mobile Learning Awards (MLA)\">Llegeix m\u00e9s\u00bb<\/a><\/p>\n","protected":false},"author":3,"featured_media":0,"parent":10766,"menu_order":10,"comment_status":"closed","ping_status":"closed","template":"page-templates\/side-menu.php","meta":{"_bbp_topic_count":0,"_bbp_reply_count":0,"_bbp_total_topic_count":0,"_bbp_total_reply_count":0,"_bbp_voice_count":0,"_bbp_anonymous_reply_count":0,"_bbp_topic_count_hidden":0,"_bbp_reply_count_hidden":0,"_bbp_forum_subforum_count":0,"footnotes":""},"class_list":["post-10075","page","type-page","status-publish","hentry"],"post_mailing_queue_ids":[],"_links":{"self":[{"href":"https:\/\/projectes.xtec.cat\/xarxadults\/wp-json\/wp\/v2\/pages\/10075","targetHints":{"allow":["GET"]}}],"collection":[{"href":"https:\/\/projectes.xtec.cat\/xarxadults\/wp-json\/wp\/v2\/pages"}],"about":[{"href":"https:\/\/projectes.xtec.cat\/xarxadults\/wp-json\/wp\/v2\/types\/page"}],"author":[{"embeddable":true,"href":"https:\/\/projectes.xtec.cat\/xarxadults\/wp-json\/wp\/v2\/users\/3"}],"replies":[{"embeddable":true,"href":"https:\/\/projectes.xtec.cat\/xarxadults\/wp-json\/wp\/v2\/comments?post=10075"}],"version-history":[{"count":4,"href":"https:\/\/projectes.xtec.cat\/xarxadults\/wp-json\/wp\/v2\/pages\/10075\/revisions"}],"predecessor-version":[{"id":11976,"href":"https:\/\/projectes.xtec.cat\/xarxadults\/wp-json\/wp\/v2\/pages\/10075\/revisions\/11976"}],"up":[{"embeddable":true,"href":"https:\/\/projectes.xtec.cat\/xarxadults\/wp-json\/wp\/v2\/pages\/10766"}],"wp:attachment":[{"href":"https:\/\/projectes.xtec.cat\/xarxadults\/wp-json\/wp\/v2\/media?parent=10075"}],"curies":[{"name":"wp","href":"https:\/\/api.w.org\/{rel}","templated":true}]}}