{"id":10245,"date":"2019-09-09T15:05:13","date_gmt":"2019-09-09T13:05:13","guid":{"rendered":"http:\/\/projectes.xtec.cat\/xarxadults\/?page_id=10245"},"modified":"2020-02-17T12:27:37","modified_gmt":"2020-02-17T11:27:37","slug":"nivell-2","status":"publish","type":"page","link":"https:\/\/projectes.xtec.cat\/xarxadults\/ensenyaments\/acollida-moduls-joves-migrats-sols\/nivell-2\/","title":{"rendered":"Nivell 2"},"content":{"rendered":"<p>&nbsp;<\/p>\n<p>Els m\u00f2duls del <em><span style=\"color: #993300;\"><strong>nivell 2<\/strong>\u00a0<\/span><\/em>ajuden a donar resposta a preguntes com <span style=\"color: #993300;\"><em style=\"font-family: inherit; font-size: 1em;\">Qui som, com ens relacionem o com podem participar<\/em><\/span><span style=\"font-family: inherit; font-size: 1em;\"><span style=\"color: #993300;\">?<\/span> a trav\u00e9s de <\/span><strong style=\"font-family: inherit; font-size: 1em;\">la relaci\u00f3 social amb els altres i la prevenci\u00f3 de conductes de risc en diferents \u00e0mbits.<\/strong><\/p>\n<p>Es presenten 3 m\u00f2duls titulats:<span style=\"font-family: inherit; font-size: 1em;\">\u00a0<\/span><span style=\"font-family: inherit; font-size: 1em;\">\u00a0<\/span><\/p>\n<ul>\n<li style=\"list-style-type: none;\">\n<ul>\n<li><a href=\"http:\/\/projectes.xtec.cat\/xarxadults\/nivell-2\/modul\/\" target=\"_blank\" rel=\"noopener noreferrer\"><span style=\"color: #993300;\"><em><strong>Joves per la igualtat de g\u00e8nere del segle XXI<\/strong><\/em><\/span>:<\/a> treballa transversalment tots els aspectes metodol\u00f2gics i de coneixements b\u00e0sics (hist\u00f2ria dels moviments per la igualtat, pol\u00edtiques socials&#8230;) per aprofundir en el concepte de diversitat des de la perspectiva del g\u00e8nere.<\/li>\n<li><a href=\"https:\/\/projectes.xtec.cat\/xarxadults\/nivell-2\/modul-introduccio-a-la-cultura-digital\/\" target=\"_blank\" rel=\"noopener noreferrer\"><span style=\"color: #993300;\"><em><strong>Introducci\u00f3 a la cultura digital:<\/strong><\/em><\/span><\/a> introducci\u00f3 al m\u00f3n digital i als sistemes inform\u00e0tics<\/li>\n<li><a href=\"https:\/\/projectes.xtec.cat\/xarxadults\/acollida-moduls-joves-migrats-sols\/nivell-2\/modul-itineraris-2-jo-i-el-mon-tallers-que-treballen\/\" target=\"_blank\" rel=\"noopener noreferrer\"><span style=\"color: #993300;\"><em><strong>Itineraris 2: Jo i el m\u00f3n<\/strong><\/em><\/span>:<\/a> tallers que treballen tems d&#8217;addiccions, de salut i de maltractaments<\/li>\n<\/ul>\n<\/li>\n<\/ul>\n<p>&nbsp;<\/p>\n","protected":false},"excerpt":{"rendered":"<p>&nbsp;<br \/>\nEls m\u00f2duls del nivell 2\u00a0ajuden a donar resposta a preguntes com Qui som, com ens relacionem o com podem participar? a trav\u00e9s de la relaci\u00f3 social amb els altres i la prevenci\u00f3 de conductes de risc en diferents \u00e0mbits.<br \/>\nEs presenten 3 m\u00f2duls titulats:\u00a0\u00a0<\/p>\n<ul>\n<li style=\"list-style-type: none;\">\n<ul>\n<li><a&hellip;  <a href=\"https:\/\/projectes.xtec.cat\/xarxadults\/ensenyaments\/acollida-moduls-joves-migrats-sols\/nivell-2\/\" title=\"Read Nivell 2\">Llegeix m\u00e9s\u00bb<\/a><br \/>\n","protected":false},"author":1,"featured_media":0,"parent":10234,"menu_order":20,"comment_status":"closed","ping_status":"closed","template":"page-templates\/side-menu.php","meta":{"_bbp_topic_count":0,"_bbp_reply_count":0,"_bbp_total_topic_count":0,"_bbp_total_reply_count":0,"_bbp_voice_count":0,"_bbp_anonymous_reply_count":0,"_bbp_topic_count_hidden":0,"_bbp_reply_count_hidden":0,"_bbp_forum_subforum_count":0,"footnotes":""},"class_list":["post-10245","page","type-page","status-publish","hentry"],"post_mailing_queue_ids":[],"_links":{"self":[{"href":"https:\/\/projectes.xtec.cat\/xarxadults\/wp-json\/wp\/v2\/pages\/10245","targetHints":{"allow":["GET"]}}],"collection":[{"href":"https:\/\/projectes.xtec.cat\/xarxadults\/wp-json\/wp\/v2\/pages"}],"about":[{"href":"https:\/\/projectes.xtec.cat\/xarxadults\/wp-json\/wp\/v2\/types\/page"}],"author":[{"embeddable":true,"href":"https:\/\/projectes.xtec.cat\/xarxadults\/wp-json\/wp\/v2\/users\/1"}],"replies":[{"embeddable":true,"href":"https:\/\/projectes.xtec.cat\/xarxadults\/wp-json\/wp\/v2\/comments?post=10245"}],"version-history":[{"count":3,"href":"https:\/\/projectes.xtec.cat\/xarxadults\/wp-json\/wp\/v2\/pages\/10245\/revisions"}],"predecessor-version":[{"id":11034,"href":"https:\/\/projectes.xtec.cat\/xarxadults\/wp-json\/wp\/v2\/pages\/10245\/revisions\/11034"}],"up":[{"embeddable":true,"href":"https:\/\/projectes.xtec.cat\/xarxadults\/wp-json\/wp\/v2\/pages\/10234"}],"wp:attachment":[{"href":"https:\/\/projectes.xtec.cat\/xarxadults\/wp-json\/wp\/v2\/media?parent=10245"}],"curies":[{"name":"wp","href":"https:\/\/api.w.org\/{rel}","templated":true}]}}