{"id":10247,"date":"2019-09-09T15:05:57","date_gmt":"2019-09-09T13:05:57","guid":{"rendered":"http:\/\/projectes.xtec.cat\/xarxadults\/?page_id=10247"},"modified":"2019-09-19T09:50:14","modified_gmt":"2019-09-19T07:50:14","slug":"nivell-3","status":"publish","type":"page","link":"https:\/\/projectes.xtec.cat\/xarxadults\/ensenyaments\/acollida-moduls-joves-migrats-sols\/nivell-3\/","title":{"rendered":"Nivell 3"},"content":{"rendered":"<p>&nbsp;<\/p>\n<p>Els m\u00f2duls del <em><span style=\"color: #993300;\"><strong>nivell 3<\/strong>\u00a0<\/span><\/em>ajuden a donar resposta a preguntes <em>Qui volem ser, qu\u00e8 sabem fer o com podem aprendre m\u00e9s<\/em>? a trav\u00e9s de <strong>la relaci\u00f3 amb l&#8217;entorn, l&#8217;orientaci\u00f3 per a l&#8217;acc\u00e9s al m\u00f3n laboral i la compet\u00e8ncia digital comunicativa.<\/strong><\/p>\n<p>Es presenten 3 m\u00f2duls titulats:<span style=\"font-family: inherit; font-size: 1em;\">\u00a0<\/span><span style=\"font-family: inherit; font-size: 1em;\">\u00a0<\/span><\/p>\n<ul>\n<li><a href=\"https:\/\/projectes.xtec.cat\/xarxadults\/nivell-3\/modul-ocupat-i-posat-en-marxa\/\" target=\"_blank\" rel=\"noopener noreferrer\"><span style=\"color: #993300;\"><em><strong>Ocupa\u2019t i posa\u2019t en marxa:<\/strong><\/em><\/span><\/a> desenvolupa de manera integral tot el proc\u00e9s de recerca activa de feina i ofereix una aproximaci\u00f3 b\u00e0sica als drets dels treballadors i a les obligacions derivades de la signatura d\u2019un contracte laboral.<\/li>\n<li><a href=\"https:\/\/projectes.xtec.cat\/xarxadults\/nivell-3\/modul-per-la-prevencio-de-la-violencia-de-genere-i-per-relacions-igualitaries\/\" target=\"_blank\" rel=\"noopener noreferrer\"><em><strong><span style=\"color: #993300;\">Per la prevenci\u00f3 de la viol\u00e8ncia de g\u00e8nere i per relacions igualit\u00e0ries:<\/span><\/strong><\/em><\/a> aprofundeix en el concepte de viol\u00e8ncia de g\u00e8nere i en la promoci\u00f3 de relacions lliures de viol\u00e8ncia.<\/li>\n<\/ul>\n<p>&nbsp;<\/p>\n<p>&nbsp;<\/p>\n","protected":false},"excerpt":{"rendered":"<p>&nbsp;<br \/>\nEls m\u00f2duls del nivell 3\u00a0ajuden a donar resposta a preguntes Qui volem ser, qu\u00e8 sabem fer o com podem aprendre m\u00e9s? a trav\u00e9s de la relaci\u00f3 amb l&#8217;entorn, l&#8217;orientaci\u00f3 per a l&#8217;acc\u00e9s al m\u00f3n laboral i la compet\u00e8ncia digital comunicativa.<br \/>\nEs presenten 3 m\u00f2duls titulats:\u00a0\u00a0<\/p>\n<ul>\n<li><a href=\"https:\/\/projectes.xtec.cat\/xarxadults\/nivell-3\/modul-ocupat-i-posat-en-marxa\/\"&hellip;  <a href=\"https:\/\/projectes.xtec.cat\/xarxadults\/ensenyaments\/acollida-moduls-joves-migrats-sols\/nivell-3\/\" title=\"Read Nivell 3\">Llegeix m\u00e9s\u00bb<\/a><br \/>\n","protected":false},"author":1,"featured_media":0,"parent":10234,"menu_order":30,"comment_status":"closed","ping_status":"closed","template":"page-templates\/side-menu.php","meta":{"_bbp_topic_count":0,"_bbp_reply_count":0,"_bbp_total_topic_count":0,"_bbp_total_reply_count":0,"_bbp_voice_count":0,"_bbp_anonymous_reply_count":0,"_bbp_topic_count_hidden":0,"_bbp_reply_count_hidden":0,"_bbp_forum_subforum_count":0,"footnotes":""},"class_list":["post-10247","page","type-page","status-publish","hentry"],"post_mailing_queue_ids":[],"_links":{"self":[{"href":"https:\/\/projectes.xtec.cat\/xarxadults\/wp-json\/wp\/v2\/pages\/10247","targetHints":{"allow":["GET"]}}],"collection":[{"href":"https:\/\/projectes.xtec.cat\/xarxadults\/wp-json\/wp\/v2\/pages"}],"about":[{"href":"https:\/\/projectes.xtec.cat\/xarxadults\/wp-json\/wp\/v2\/types\/page"}],"author":[{"embeddable":true,"href":"https:\/\/projectes.xtec.cat\/xarxadults\/wp-json\/wp\/v2\/users\/1"}],"replies":[{"embeddable":true,"href":"https:\/\/projectes.xtec.cat\/xarxadults\/wp-json\/wp\/v2\/comments?post=10247"}],"version-history":[{"count":4,"href":"https:\/\/projectes.xtec.cat\/xarxadults\/wp-json\/wp\/v2\/pages\/10247\/revisions"}],"predecessor-version":[{"id":10398,"href":"https:\/\/projectes.xtec.cat\/xarxadults\/wp-json\/wp\/v2\/pages\/10247\/revisions\/10398"}],"up":[{"embeddable":true,"href":"https:\/\/projectes.xtec.cat\/xarxadults\/wp-json\/wp\/v2\/pages\/10234"}],"wp:attachment":[{"href":"https:\/\/projectes.xtec.cat\/xarxadults\/wp-json\/wp\/v2\/media?parent=10247"}],"curies":[{"name":"wp","href":"https:\/\/api.w.org\/{rel}","templated":true}]}}