{"id":10249,"date":"2019-09-09T15:06:28","date_gmt":"2019-09-09T13:06:28","guid":{"rendered":"http:\/\/projectes.xtec.cat\/xarxadults\/?page_id=10249"},"modified":"2021-02-01T22:36:39","modified_gmt":"2021-02-01T21:36:39","slug":"del-mirall-al-yotube","status":"publish","type":"page","link":"https:\/\/projectes.xtec.cat\/xarxadults\/ensenyaments\/acollida-moduls-joves-migrats-sols\/nivell-1\/del-mirall-al-yotube\/","title":{"rendered":"M\u00f2dul &#8220;Del mirall al Youtube&#8221;"},"content":{"rendered":"<p>&nbsp;<\/p>\n<p>El m\u00f2dul<strong> Del mirall al Youtube<em>\u00a0<\/em><\/strong>\u00a0\u00e9s un m\u00f2dul adre\u00e7at espec\u00edficament als menors estrangers no acompanyats. \u00c9s un m\u00f2dul de creaci\u00f3 audiovisual i exploraci\u00f3 de les identitats creat per l&#8217;equip pedag\u00f2gic de Drac M\u00e0gic. A trav\u00e9s de din\u00e0miques creatives i de recolzament de l&#8217;educaci\u00f3 visual es faciliten eines per a adquirir compet\u00e8ncies socials per contribuir a la cohesi\u00f3 del grup i a la participaci\u00f3 social de l&#8217;alumnat a trav\u00e9s d&#8217;activitats i propostes vinculades de diverses maneres a la cultura audiovisual.<a href=\"https:\/\/projectes.xtec.cat\/xarxadults\/wp-content\/uploads\/usu1741\/2019\/09\/Captura-2.png\"><img loading=\"lazy\" decoding=\"async\" class=\"aligncenter wp-image-10361\" src=\"https:\/\/projectes.xtec.cat\/xarxadults\/wp-content\/uploads\/usu1741\/2019\/09\/Captura-2.png\" alt=\"Infografia del mirall a youtube. Creaci\u00f3 audiovisual i exploraci\u00f3 de les identitats\" width=\"325\" height=\"392\" srcset=\"https:\/\/projectes.xtec.cat\/xarxadults\/wp-content\/uploads\/usu1741\/2019\/09\/Captura-2.png 571w, https:\/\/projectes.xtec.cat\/xarxadults\/wp-content\/uploads\/usu1741\/2019\/09\/Captura-2-249x300.png 249w\" sizes=\"auto, (max-width: 325px) 100vw, 325px\" \/><\/a><\/p>\n<p>La din\u00e0mica de treball \u00e9s variada en funci\u00f3 de les activitats: la majoria de continguts es treballen de manera participativa mitjan\u00e7ant din\u00e0miques grupals, per\u00f2 tamb\u00e9 hi ha moments de treball individual.<\/p>\n<p>El m\u00f2dul est\u00e0 estructurat en 3 blocs did\u00e0ctics que s&#8217;han de seguir en l&#8217;ordre establert:<\/p>\n<ul>\n<li style=\"list-style-type: none;\">\n<ul>\n<li><a href=\"https:\/\/drive.google.com\/drive\/folders\/1Xs4T8RIqRDicnrO4WARj1UlJEOMq_Q7a?usp=sharing\" target=\"_blank\" rel=\"noopener noreferrer\">Bloc 1.<\/a> Qui s\u00f3c jo?<\/li>\n<li><a href=\"https:\/\/drive.google.com\/drive\/folders\/1-Kym7Eb18aMKW_PfmPixdyD-67TeXrpV?usp=sharing\" target=\"_blank\" rel=\"noopener noreferrer\">Bloc 2.<\/a> Qui tinc al costat?<\/li>\n<li><a href=\"https:\/\/drive.google.com\/drive\/folders\/1-kkum-G6Q2HCeJJoS_JchOaPWt1oApDj?usp=sharing\" target=\"_blank\" rel=\"noopener noreferrer\">Bloc 3.<\/a> Som qui ens pensem que som?<\/li>\n<\/ul>\n<\/li>\n<\/ul>\n<p>I va acompanyat d&#8217;una <a href=\"https:\/\/projectes.xtec.cat\/xarxadults\/wp-content\/uploads\/usu1741\/2019\/09\/Presentacio_Del_Mirall_a_You-Tube.pdf\" target=\"_blank\" rel=\"noopener noreferrer\">Presentaci\u00f3 did\u00e0ctica<\/a> i d&#8217;una <a href=\"https:\/\/projectes.xtec.cat\/xarxadults\/wp-content\/uploads\/usu1741\/2019\/09\/Guia_didactica_Del_mirall_a_YouTube.pdf\" target=\"_blank\" rel=\"noopener noreferrer\">Guia_did\u00e0ctica<\/a>.<\/p>\n<p>&nbsp;<\/p>\n","protected":false},"excerpt":{"rendered":"<p>&nbsp;<br \/>\nEl m\u00f2dul Del mirall al Youtube\u00a0\u00a0\u00e9s un m\u00f2dul adre\u00e7at espec\u00edficament als menors estrangers no acompanyats. \u00c9s un m\u00f2dul de creaci\u00f3 audiovisual i exploraci\u00f3 de les identitats creat per l&#8217;equip pedag\u00f2gic de Drac M\u00e0gic. A trav\u00e9s de din\u00e0miques creatives i de recolzament de l&#8217;educaci\u00f3 visual es&hellip;  <a href=\"https:\/\/projectes.xtec.cat\/xarxadults\/ensenyaments\/acollida-moduls-joves-migrats-sols\/nivell-1\/del-mirall-al-yotube\/\" title=\"Read M\u00f2dul &#8220;Del mirall al Youtube&#8221;\">Llegeix m\u00e9s\u00bb<\/a><\/p>\n","protected":false},"author":1,"featured_media":0,"parent":10241,"menu_order":10,"comment_status":"closed","ping_status":"closed","template":"page-templates\/side-menu.php","meta":{"_bbp_topic_count":0,"_bbp_reply_count":0,"_bbp_total_topic_count":0,"_bbp_total_reply_count":0,"_bbp_voice_count":0,"_bbp_anonymous_reply_count":0,"_bbp_topic_count_hidden":0,"_bbp_reply_count_hidden":0,"_bbp_forum_subforum_count":0,"footnotes":""},"class_list":["post-10249","page","type-page","status-publish","hentry"],"post_mailing_queue_ids":[],"_links":{"self":[{"href":"https:\/\/projectes.xtec.cat\/xarxadults\/wp-json\/wp\/v2\/pages\/10249","targetHints":{"allow":["GET"]}}],"collection":[{"href":"https:\/\/projectes.xtec.cat\/xarxadults\/wp-json\/wp\/v2\/pages"}],"about":[{"href":"https:\/\/projectes.xtec.cat\/xarxadults\/wp-json\/wp\/v2\/types\/page"}],"author":[{"embeddable":true,"href":"https:\/\/projectes.xtec.cat\/xarxadults\/wp-json\/wp\/v2\/users\/1"}],"replies":[{"embeddable":true,"href":"https:\/\/projectes.xtec.cat\/xarxadults\/wp-json\/wp\/v2\/comments?post=10249"}],"version-history":[{"count":3,"href":"https:\/\/projectes.xtec.cat\/xarxadults\/wp-json\/wp\/v2\/pages\/10249\/revisions"}],"predecessor-version":[{"id":12004,"href":"https:\/\/projectes.xtec.cat\/xarxadults\/wp-json\/wp\/v2\/pages\/10249\/revisions\/12004"}],"up":[{"embeddable":true,"href":"https:\/\/projectes.xtec.cat\/xarxadults\/wp-json\/wp\/v2\/pages\/10241"}],"wp:attachment":[{"href":"https:\/\/projectes.xtec.cat\/xarxadults\/wp-json\/wp\/v2\/media?parent=10249"}],"curies":[{"name":"wp","href":"https:\/\/api.w.org\/{rel}","templated":true}]}}