{"id":10276,"date":"2019-09-12T09:16:01","date_gmt":"2019-09-12T07:16:01","guid":{"rendered":"http:\/\/projectes.xtec.cat\/xarxadults\/?page_id=10276"},"modified":"2021-02-01T22:36:11","modified_gmt":"2021-02-01T21:36:11","slug":"modul-comunicacio-identitat-i-oralitat-en-llengua-catalana","status":"publish","type":"page","link":"https:\/\/projectes.xtec.cat\/xarxadults\/ensenyaments\/acollida-moduls-joves-migrats-sols\/nivell-1\/modul-comunicacio-identitat-i-oralitat-en-llengua-catalana\/","title":{"rendered":"M\u00f2dul &#8220;Comunicaci\u00f3, identitat i oralitat en llengua catalana&#8221;"},"content":{"rendered":"<p>&nbsp;<\/p>\n<p>El m\u00f2dul de<strong><em>\u00a0Comunicaci\u00f3, identitat i oralitat en llengua catalana <\/em><\/strong>\u00a0\u00e9s un m\u00f2dul adre\u00e7at a alumnat que no ent\u00e9n ni parla catal\u00e0, amb poc gabatge acad\u00e8mic, d&#8217;alta vulnerabilitat per motius migratoris i amb necessitat de noves oportunitats educatives. Pret\u00e9n ser un refor\u00e7 i\/o complement durant el seu itinerari educatiu.<\/p>\n<p>T\u00e9 com a objectiu principal proporcionar una primera aproximaci\u00f3 a la llengua catalana oral i escrita mentre es facilita la interioritzaci\u00f3 de conductes socialment acceptades del seu nou context geogr\u00e0fic i social.<a href=\"https:\/\/projectes.xtec.cat\/xarxadults\/wp-content\/uploads\/usu1741\/2019\/09\/Captura-1.png\"><img loading=\"lazy\" decoding=\"async\" class=\"aligncenter wp-image-10280\" src=\"https:\/\/projectes.xtec.cat\/xarxadults\/wp-content\/uploads\/usu1741\/2019\/09\/Captura-1.png\" alt=\"Dibuix de nois i noies joves fent-se un selfi\" width=\"525\" height=\"241\" srcset=\"https:\/\/projectes.xtec.cat\/xarxadults\/wp-content\/uploads\/usu1741\/2019\/09\/Captura-1.png 763w, https:\/\/projectes.xtec.cat\/xarxadults\/wp-content\/uploads\/usu1741\/2019\/09\/Captura-1-300x138.png 300w\" sizes=\"auto, (max-width: 525px) 100vw, 525px\" \/><\/a><\/p>\n<p>El m\u00f2dul pret\u00e9n facilitar l&#8217;atenci\u00f3 personalitzada de l&#8217;alumnat fomentant aspectes com la coeducaci\u00f3, l&#8217;educaci\u00f3 per la pau i\u00a0 evitar possibles conflictes juvenils per motius de segregaci\u00f3 de g\u00e8nere. Fomenta la diversitat, l&#8217;acceptaci\u00f3 de l&#8217;altre i el coneixement de costums, tradicions i cultura del pa\u00eds d&#8217;acollida.<\/p>\n<p>En cas que l&#8217;alumnat rebi altra tipus de formaci\u00f3 paral\u00b7lela, aquest material servir\u00e0 per refor\u00e7ar, iniciar temes de debat i reflexi\u00f3 i facilitar l&#8217;aprenentatge del Catal\u00e0 per accelerar la seva inclusi\u00f3 en el sistema educatiu catal\u00e0 i a la societat en la que viur\u00e0.<\/p>\n<p>El m\u00f2dul vol ser una eina senzilla, f\u00e0cil de utilitzar, pr\u00e0ctica i adaptable a possibles contextos de realitzaci\u00f3, tot donant \u00e8mfasi a la llengua oral. Es treballen temes vivencials quotidians i es facilita l&#8217;aprenentatge significatiu i comunicatiu.<\/p>\n<p>A la <a href=\"https:\/\/projectes.xtec.cat\/xarxadults\/wp-content\/uploads\/usu1741\/2019\/09\/Presentacio_Comunicacio_catala.pdf\" target=\"_blank\" rel=\"noopener noreferrer\">Presentaci\u00f3 did\u00e0ctica<\/a> hi ha una descripci\u00f3 m\u00e9s detallada del m\u00f2dul i un\u00a0<a href=\"https:\/\/projectes.xtec.cat\/xarxadults\/wp-content\/uploads\/usu1741\/2019\/09\/Comunicacio_catala.pdf\">document<\/a> que cont\u00e9 la informaci\u00f3 per poder desenvolupar el m\u00f2dul.<\/p>\n<p>&nbsp;<\/p>\n<p>Finan\u00e7at per: <a href=\"https:\/\/projectes.xtec.cat\/xarxadults\/wp-content\/uploads\/usu1741\/2019\/09\/logo_DEPT.jpg\"><img loading=\"lazy\" decoding=\"async\" class=\"alignnone size-full wp-image-10441\" src=\"https:\/\/projectes.xtec.cat\/xarxadults\/wp-content\/uploads\/usu1741\/2019\/09\/logo_DEPT.jpg\" alt=\"\" width=\"352\" height=\"66\" srcset=\"https:\/\/projectes.xtec.cat\/xarxadults\/wp-content\/uploads\/usu1741\/2019\/09\/logo_DEPT.jpg 352w, https:\/\/projectes.xtec.cat\/xarxadults\/wp-content\/uploads\/usu1741\/2019\/09\/logo_DEPT-300x56.jpg 300w\" sizes=\"auto, (max-width: 352px) 100vw, 352px\" \/><\/a><a href=\"https:\/\/projectes.xtec.cat\/xarxadults\/wp-content\/uploads\/usu1741\/2019\/09\/logo_MEC.jpg\"><img loading=\"lazy\" decoding=\"async\" class=\"size-full wp-image-10442 alignright\" src=\"https:\/\/projectes.xtec.cat\/xarxadults\/wp-content\/uploads\/usu1741\/2019\/09\/logo_MEC.jpg\" alt=\"\" width=\"260\" height=\"77\" \/><\/a><\/p>\n<p>&nbsp;<\/p>\n<p>&nbsp;<\/p>\n<p>&nbsp;<\/p>\n","protected":false},"excerpt":{"rendered":"<p>&nbsp;<br \/>\nEl m\u00f2dul de\u00a0Comunicaci\u00f3, identitat i oralitat en llengua catalana \u00a0\u00e9s un m\u00f2dul adre\u00e7at a alumnat que no ent\u00e9n ni parla catal\u00e0, amb poc gabatge acad\u00e8mic, d&#8217;alta vulnerabilitat per motius migratoris i amb necessitat de noves oportunitats educatives. Pret\u00e9n ser un refor\u00e7 i\/o complement durant el&hellip;  <a href=\"https:\/\/projectes.xtec.cat\/xarxadults\/ensenyaments\/acollida-moduls-joves-migrats-sols\/nivell-1\/modul-comunicacio-identitat-i-oralitat-en-llengua-catalana\/\" title=\"Read M\u00f2dul &#8220;Comunicaci\u00f3, identitat i oralitat en llengua catalana&#8221;\">Llegeix m\u00e9s\u00bb<\/a><\/p>\n","protected":false},"author":1,"featured_media":0,"parent":10241,"menu_order":20,"comment_status":"closed","ping_status":"closed","template":"page-templates\/side-menu.php","meta":{"_bbp_topic_count":0,"_bbp_reply_count":0,"_bbp_total_topic_count":0,"_bbp_total_reply_count":0,"_bbp_voice_count":0,"_bbp_anonymous_reply_count":0,"_bbp_topic_count_hidden":0,"_bbp_reply_count_hidden":0,"_bbp_forum_subforum_count":0,"footnotes":""},"class_list":["post-10276","page","type-page","status-publish","hentry"],"post_mailing_queue_ids":[],"_links":{"self":[{"href":"https:\/\/projectes.xtec.cat\/xarxadults\/wp-json\/wp\/v2\/pages\/10276","targetHints":{"allow":["GET"]}}],"collection":[{"href":"https:\/\/projectes.xtec.cat\/xarxadults\/wp-json\/wp\/v2\/pages"}],"about":[{"href":"https:\/\/projectes.xtec.cat\/xarxadults\/wp-json\/wp\/v2\/types\/page"}],"author":[{"embeddable":true,"href":"https:\/\/projectes.xtec.cat\/xarxadults\/wp-json\/wp\/v2\/users\/1"}],"replies":[{"embeddable":true,"href":"https:\/\/projectes.xtec.cat\/xarxadults\/wp-json\/wp\/v2\/comments?post=10276"}],"version-history":[{"count":3,"href":"https:\/\/projectes.xtec.cat\/xarxadults\/wp-json\/wp\/v2\/pages\/10276\/revisions"}],"predecessor-version":[{"id":12003,"href":"https:\/\/projectes.xtec.cat\/xarxadults\/wp-json\/wp\/v2\/pages\/10276\/revisions\/12003"}],"up":[{"embeddable":true,"href":"https:\/\/projectes.xtec.cat\/xarxadults\/wp-json\/wp\/v2\/pages\/10241"}],"wp:attachment":[{"href":"https:\/\/projectes.xtec.cat\/xarxadults\/wp-json\/wp\/v2\/media?parent=10276"}],"curies":[{"name":"wp","href":"https:\/\/api.w.org\/{rel}","templated":true}]}}