{"id":10290,"date":"2019-09-12T10:52:32","date_gmt":"2019-09-12T08:52:32","guid":{"rendered":"http:\/\/projectes.xtec.cat\/xarxadults\/?page_id=10290"},"modified":"2019-09-19T08:49:58","modified_gmt":"2019-09-19T06:49:58","slug":"modul-ocupat-i-posat-en-marxa","status":"publish","type":"page","link":"https:\/\/projectes.xtec.cat\/xarxadults\/ensenyaments\/acollida-moduls-joves-migrats-sols\/nivell-3\/modul-ocupat-i-posat-en-marxa\/","title":{"rendered":"M\u00f2dul &#8220;Ocupa&#8217;t i posa&#8217;t en marxa&#8221;"},"content":{"rendered":"<p>&nbsp;<\/p>\n<p>El m\u00f2dul <strong>Ocupa&#8217;t i posa&#8217;t en marxa<\/strong> s&#8217;adre\u00e7a espec\u00edficament als menors estrangers no acompanyats, tot i que podria ser adaptable a qualsevol persona menor de 18 &#8211; 20 anys en situaci\u00f3 de desemparament i\/o risc d&#8217;exclusi\u00f3 social.<\/p>\n<p>Desenvolupa d\u2019una manera integral el <strong>proc\u00e9s de cerca activa de feina<\/strong>, des de l\u2019elecci\u00f3 del perfil professional, partint de l\u2019autoconeixement, passant per la confecci\u00f3 i disseny del propi curr\u00edculum i\/o la presa de contacte amb les empreses oferents. A m\u00e9s, el m\u00f2dul pret\u00e9n afavorir una <strong>aproximaci\u00f3 b\u00e0sica als drets dels treballadors<\/strong>, tanmateix com a les <strong>obligacions derivades de la signatura d\u2019un contracte de treball<\/strong>.<\/p>\n<p>El m\u00f2dul es troba estructurat en els seg\u00fcents apartats:<\/p>\n<ul>\n<li style=\"list-style-type: none;\">\n<ul>\n<li style=\"list-style-type: none;\">\n<ul>\n<li>Una <a href=\"https:\/\/projectes.xtec.cat\/xarxadults\/wp-content\/uploads\/usu1741\/2019\/09\/Presentacio_Ocupa_t.pdf\" target=\"_blank\" rel=\"noopener noreferrer\">Presentaci\u00f3 did\u00e0ctica<\/a><\/li>\n<li>una <a href=\"https:\/\/projectes.xtec.cat\/xarxadults\/wp-content\/uploads\/usu1741\/2019\/09\/Unitat-General.zip\" target=\"_blank\" rel=\"noopener noreferrer\">Unitat General<\/a><\/li>\n<li>5 blocs tem\u00e0tics:\n<ul>\n<li><a href=\"https:\/\/drive.google.com\/drive\/folders\/1moTPfw_A9Tzs5b8VZPvwbKm9FXiCuTY5?usp=sharing\" target=\"_blank\" rel=\"noopener noreferrer\">Bloc 0:<\/a> Presentaci\u00f3<\/li>\n<li><a href=\"https:\/\/drive.google.com\/drive\/folders\/171WHizKGpyw-ETIu8BllUs-OSbNVV_P5?usp=sharing\" target=\"_blank\" rel=\"noopener noreferrer\">Bloc 1:<\/a> Qui soc?<\/li>\n<li><a href=\"https:\/\/drive.google.com\/drive\/folders\/1YlYEMLRueDj-WpAkWe18eXX4V74DnkHj?usp=sharing\" target=\"_blank\" rel=\"noopener noreferrer\">Bloc 2:<\/a> Una aproximaci\u00f3 a les compet\u00e8ncies professionals<\/li>\n<li><a href=\"https:\/\/drive.google.com\/drive\/folders\/1h5KihavUYoKuZOcpAq8u7_ALneR78gD0?usp=sharing\" target=\"_blank\" rel=\"noopener noreferrer\">Bloc 3:<\/a> Fent via! Descobrim els recursos del nostre entorn<\/li>\n<li><a href=\"https:\/\/drive.google.com\/drive\/folders\/1Cs0OhVyQhzIab3rdzYCeUbWrHfowJ6u7?usp=sharing\" target=\"_blank\" rel=\"noopener noreferrer\">Bloc 4:<\/a> I ara qu\u00e8?<\/li>\n<\/ul>\n<\/li>\n<li>un <a href=\"https:\/\/projectes.xtec.cat\/xarxadults\/wp-content\/uploads\/usu1741\/2019\/09\/Transversal.zip\" target=\"_blank\" rel=\"noopener noreferrer\">Bloc Transversal<\/a><\/li>\n<\/ul>\n<\/li>\n<\/ul>\n<\/li>\n<\/ul>\n<p>&nbsp;<\/p>\n","protected":false},"excerpt":{"rendered":"<p>&nbsp;<br \/>\nEl m\u00f2dul Ocupa&#8217;t i posa&#8217;t en marxa s&#8217;adre\u00e7a espec\u00edficament als menors estrangers no acompanyats, tot i que podria ser adaptable a qualsevol persona menor de 18 &#8211; 20 anys en situaci\u00f3 de desemparament i\/o risc d&#8217;exclusi\u00f3 social.<br \/>\nDesenvolupa d\u2019una manera integral el proc\u00e9s de cerca activa&hellip;  <a href=\"https:\/\/projectes.xtec.cat\/xarxadults\/ensenyaments\/acollida-moduls-joves-migrats-sols\/nivell-3\/modul-ocupat-i-posat-en-marxa\/\" title=\"Read M\u00f2dul &#8220;Ocupa&#8217;t i posa&#8217;t en marxa&#8221;\">Llegeix m\u00e9s\u00bb<\/a><\/p>\n","protected":false},"author":1,"featured_media":0,"parent":10247,"menu_order":10,"comment_status":"closed","ping_status":"closed","template":"page-templates\/side-menu.php","meta":{"_bbp_topic_count":0,"_bbp_reply_count":0,"_bbp_total_topic_count":0,"_bbp_total_reply_count":0,"_bbp_voice_count":0,"_bbp_anonymous_reply_count":0,"_bbp_topic_count_hidden":0,"_bbp_reply_count_hidden":0,"_bbp_forum_subforum_count":0,"footnotes":""},"class_list":["post-10290","page","type-page","status-publish","hentry"],"post_mailing_queue_ids":[],"_links":{"self":[{"href":"https:\/\/projectes.xtec.cat\/xarxadults\/wp-json\/wp\/v2\/pages\/10290","targetHints":{"allow":["GET"]}}],"collection":[{"href":"https:\/\/projectes.xtec.cat\/xarxadults\/wp-json\/wp\/v2\/pages"}],"about":[{"href":"https:\/\/projectes.xtec.cat\/xarxadults\/wp-json\/wp\/v2\/types\/page"}],"author":[{"embeddable":true,"href":"https:\/\/projectes.xtec.cat\/xarxadults\/wp-json\/wp\/v2\/users\/1"}],"replies":[{"embeddable":true,"href":"https:\/\/projectes.xtec.cat\/xarxadults\/wp-json\/wp\/v2\/comments?post=10290"}],"version-history":[{"count":3,"href":"https:\/\/projectes.xtec.cat\/xarxadults\/wp-json\/wp\/v2\/pages\/10290\/revisions"}],"predecessor-version":[{"id":10295,"href":"https:\/\/projectes.xtec.cat\/xarxadults\/wp-json\/wp\/v2\/pages\/10290\/revisions\/10295"}],"up":[{"embeddable":true,"href":"https:\/\/projectes.xtec.cat\/xarxadults\/wp-json\/wp\/v2\/pages\/10247"}],"wp:attachment":[{"href":"https:\/\/projectes.xtec.cat\/xarxadults\/wp-json\/wp\/v2\/media?parent=10290"}],"curies":[{"name":"wp","href":"https:\/\/api.w.org\/{rel}","templated":true}]}}