{"id":10333,"date":"2019-09-12T13:34:39","date_gmt":"2019-09-12T11:34:39","guid":{"rendered":"http:\/\/projectes.xtec.cat\/xarxadults\/?page_id=10333"},"modified":"2021-02-01T22:39:07","modified_gmt":"2021-02-01T21:39:07","slug":"modul-per-la-prevencio-de-la-violencia-de-genere-i-per-relacions-igualitaries","status":"publish","type":"page","link":"https:\/\/projectes.xtec.cat\/xarxadults\/ensenyaments\/acollida-moduls-joves-migrats-sols\/nivell-3\/modul-per-la-prevencio-de-la-violencia-de-genere-i-per-relacions-igualitaries\/","title":{"rendered":"M\u00f2dul &#8220;Per la prevenci\u00f3 de la Viol\u00e8ncia de G\u00e8nere i per relacions igualit\u00e0ries&#8221;"},"content":{"rendered":"<p>&nbsp;<\/p>\n<p>El m\u00f2dul <strong>Per la Prevenci\u00f3 de la Viol\u00e8ncia de G\u00e8nere i per relacions igualit\u00e0ries<\/strong> \u00e9s una proposta educativa que pret\u00e9n aprofundir en el concepte de la viol\u00e8ncia de g\u00e8nere i\u00a0 en la promoci\u00f3 de relacions lliures de viol\u00e8ncia. Tot i que no va adre\u00e7at espec\u00edficament als menors estrangers no acompanyats, pot ser d&#8217;inter\u00e8s per a aquest col\u00b7lectiu. El m\u00f2dul ajuda a aprofundir en \u00a0all\u00f2 que \u00e9s necessari per viure en entorns lliures de viol\u00e8ncia i a descobrir com les persones m\u00e9s valentes i atractives s\u00f3n les que planten cara i rebutgen la viol\u00e8ncia, aquelles que saben protegir el seu entorn i les que es posicionen contra la Viol\u00e8ncia de G\u00e8nere.<\/p>\n<p style=\"text-align: center;\"><a href=\"https:\/\/projectes.xtec.cat\/xarxadults\/wp-content\/uploads\/usu1741\/2019\/09\/baixa-1.png\"><img loading=\"lazy\" decoding=\"async\" class=\"alignnone wp-image-10349 size-full\" src=\"https:\/\/projectes.xtec.cat\/xarxadults\/wp-content\/uploads\/usu1741\/2019\/09\/baixa-1.png\" alt=\"simbologia col\u00b7lectiu trans\" width=\"208\" height=\"242\" \/><\/a><\/p>\n<p>L\u2019alumnat haur\u00e0 de tenir nocions b\u00e0siques de lectoescriptura, de raonament matem\u00e0tic i de coneixement de la llegua catalana. Si no \u00e9s el cas, el responsable de la formaci\u00f3 mirar\u00e0 de transformar l\u2019activitat de forma intel\u00b7ligible aprofitant per generar espais d\u2019ensenyament i aprenentatge del catal\u00e0 a trav\u00e9s de les activitats proposades i que estan basades en les compet\u00e8ncies comunicatives b\u00e0siques.<\/p>\n<p>El m\u00f2dul est\u00e0 estructurat en 5 blocs did\u00e0ctics:<\/p>\n<ul>\n<li style=\"list-style-type: none;\">\n<ul>\n<li><a href=\"https:\/\/drive.google.com\/drive\/folders\/1MI5e951HktFZyW7FoNShhwqJE4YEVIb6?usp=sharing\" target=\"_blank\" rel=\"noopener noreferrer\">Bloc 1.<\/a> Conceptualizaci\u00f3<\/li>\n<li><a href=\"https:\/\/drive.google.com\/drive\/folders\/1sLuffVcXb17sncP95dsI9PeUUexDqNON?usp=sharing\" target=\"_blank\" rel=\"noopener noreferrer\">Bloc 2.<\/a> Normativa<\/li>\n<li><a href=\"https:\/\/drive.google.com\/drive\/folders\/1udsX5zRqEhAyFNqC3r3vKLhzZN3O0qol?usp=sharing\" target=\"_blank\" rel=\"noopener noreferrer\">Bloc 3.<\/a> Dades evoluci\u00f3 viol\u00e8ncia de g\u00e8nere<\/li>\n<li><a href=\"https:\/\/drive.google.com\/drive\/folders\/1xjiRtXP2xZusam6z1KlYL-R5cncZ0Bt-?usp=sharing\" target=\"_blank\" rel=\"noopener noreferrer\">Bloc 4.<\/a> Prevenci\u00f3 de la viol\u00e8ncia de g\u00e8nere<\/li>\n<li><a href=\"https:\/\/drive.google.com\/drive\/folders\/1yY3zcRKPwxlccR71iO2Dwg0EyQQFYtB5?usp=sharing\" target=\"_blank\" rel=\"noopener noreferrer\">Bloc 5.<\/a> Superant la viol\u00e8ncia de g\u00e8nere<\/li>\n<\/ul>\n<\/li>\n<\/ul>\n<p>El material tamb\u00e9 consta d&#8217;una <a href=\"https:\/\/projectes.xtec.cat\/xarxadults\/wp-content\/uploads\/usu1741\/2019\/09\/Presentacio_Prevencio_violencia_genere.pdf\" target=\"_blank\" rel=\"noopener noreferrer\">Presentaci\u00f3 did\u00e0ctica<\/a>, d&#8217;un <a href=\"https:\/\/projectes.xtec.cat\/xarxadults\/wp-content\/uploads\/usu1741\/2019\/09\/Dossier_professorat.pdf\" target=\"_blank\" rel=\"noopener noreferrer\">Dossier professorat<\/a>, d&#8217;un llistat de <a href=\"https:\/\/projectes.xtec.cat\/xarxadults\/wp-content\/uploads\/usu1741\/2019\/09\/Recursos_web.pdf\" target=\"_blank\" rel=\"noopener noreferrer\">recursos web<\/a>, i una <a href=\"https:\/\/projectes.xtec.cat\/xarxadults\/wp-content\/uploads\/usu1741\/2019\/09\/Guia_Didactica_Prevencio_Violencia_Genere.pdf\" target=\"_blank\" rel=\"noopener noreferrer\">Guia Did\u00e0ctica<\/a> amb informaci\u00f3 general sobre la viol\u00e8ncia de g\u00e8nere.<\/p>\n<p>&nbsp;<\/p>\n<p>&nbsp;<\/p>\n","protected":false},"excerpt":{"rendered":"<p>&nbsp;<br \/>\nEl m\u00f2dul Per la Prevenci\u00f3 de la Viol\u00e8ncia de G\u00e8nere i per relacions igualit\u00e0ries \u00e9s una proposta educativa que pret\u00e9n aprofundir en el concepte de la viol\u00e8ncia de g\u00e8nere i\u00a0 en la promoci\u00f3 de relacions lliures de viol\u00e8ncia. Tot i que no va adre\u00e7at espec\u00edficament&hellip;  <a href=\"https:\/\/projectes.xtec.cat\/xarxadults\/ensenyaments\/acollida-moduls-joves-migrats-sols\/nivell-3\/modul-per-la-prevencio-de-la-violencia-de-genere-i-per-relacions-igualitaries\/\" title=\"Read M\u00f2dul &#8220;Per la prevenci\u00f3 de la Viol\u00e8ncia de G\u00e8nere i per relacions igualit\u00e0ries&#8221;\">Llegeix m\u00e9s\u00bb<\/a><\/p>\n","protected":false},"author":1,"featured_media":0,"parent":10247,"menu_order":20,"comment_status":"closed","ping_status":"closed","template":"page-templates\/side-menu.php","meta":{"_bbp_topic_count":0,"_bbp_reply_count":0,"_bbp_total_topic_count":0,"_bbp_total_reply_count":0,"_bbp_voice_count":0,"_bbp_anonymous_reply_count":0,"_bbp_topic_count_hidden":0,"_bbp_reply_count_hidden":0,"_bbp_forum_subforum_count":0,"footnotes":""},"class_list":["post-10333","page","type-page","status-publish","hentry"],"post_mailing_queue_ids":[],"_links":{"self":[{"href":"https:\/\/projectes.xtec.cat\/xarxadults\/wp-json\/wp\/v2\/pages\/10333","targetHints":{"allow":["GET"]}}],"collection":[{"href":"https:\/\/projectes.xtec.cat\/xarxadults\/wp-json\/wp\/v2\/pages"}],"about":[{"href":"https:\/\/projectes.xtec.cat\/xarxadults\/wp-json\/wp\/v2\/types\/page"}],"author":[{"embeddable":true,"href":"https:\/\/projectes.xtec.cat\/xarxadults\/wp-json\/wp\/v2\/users\/1"}],"replies":[{"embeddable":true,"href":"https:\/\/projectes.xtec.cat\/xarxadults\/wp-json\/wp\/v2\/comments?post=10333"}],"version-history":[{"count":3,"href":"https:\/\/projectes.xtec.cat\/xarxadults\/wp-json\/wp\/v2\/pages\/10333\/revisions"}],"predecessor-version":[{"id":12006,"href":"https:\/\/projectes.xtec.cat\/xarxadults\/wp-json\/wp\/v2\/pages\/10333\/revisions\/12006"}],"up":[{"embeddable":true,"href":"https:\/\/projectes.xtec.cat\/xarxadults\/wp-json\/wp\/v2\/pages\/10247"}],"wp:attachment":[{"href":"https:\/\/projectes.xtec.cat\/xarxadults\/wp-json\/wp\/v2\/media?parent=10333"}],"curies":[{"name":"wp","href":"https:\/\/api.w.org\/{rel}","templated":true}]}}