{"id":10377,"date":"2019-09-13T15:37:47","date_gmt":"2019-09-13T13:37:47","guid":{"rendered":"http:\/\/projectes.xtec.cat\/xarxadults\/?page_id=10377"},"modified":"2019-09-27T09:31:52","modified_gmt":"2019-09-27T07:31:52","slug":"modul-itineraris-1-coneixement-del-jo","status":"publish","type":"page","link":"https:\/\/projectes.xtec.cat\/xarxadults\/ensenyaments\/acollida-moduls-joves-migrats-sols\/nivell-1\/modul-itineraris-1-coneixement-del-jo\/","title":{"rendered":"M\u00f2dul &#8220;Itineraris 1 \u2013 Coneixement del jo&#8221;"},"content":{"rendered":"<p>&nbsp;<\/p>\n<p><span style=\"font-size: medium;\">El programa <\/span><b><i><span style=\"font-family: Arial,Arial; font-size: medium;\">Itineraris <\/span><\/i><\/b><span style=\"font-size: medium;\">inclou dos m\u00f2duls que estan pensats per <\/span><i><span style=\"font-family: Arial,Arial; font-size: medium;\">a <\/span><\/i><span style=\"font-size: medium;\">alumnat d\u2019alta vulnerabilitat que presenten comportaments de risc, trastorns de conducta o patologia dual i es pot adaptar als menors estrangers no acompanyats. <\/span><span style=\"font-size: medium;\">Els m\u00f2duls estan estructurats en un conjunt de <\/span><b><span style=\"font-family: Arial,Arial; font-size: medium;\">tallers <\/span><\/b><span style=\"font-size: medium;\">dissenyats perqu\u00e8 els alumnes s\u2019informin i, guiats pel professorat, comparteixin dubtes, opinions i experi\u00e8ncies i arribin a formular conclusions. <\/span><\/p>\n<ul>\n<li style=\"list-style-type: none;\">\n<ul>\n<li><strong><span style=\"font-family: Arial,Arial; font-size: medium;\">M\u00f2dul 1: <\/span><\/strong><i><span style=\"font-family: Arial,Arial; font-size: medium;\">Coneixement del jo <\/span><span style=\"font-family: Arial,Arial; font-size: small;\">(Nivell 1). <\/span><\/i>Inclou 12 tallers que plantegen a l\u2019alumne q\u00fcestions d\u2019autoconeixement, de identitat sexual, racial, cultural o religiosa, de relacions de parella, de respecte dels drets humans o de perspectives laborals,&#8230;<\/li>\n<li><strong><span style=\"font-family: Arial,Arial; font-size: medium;\">M\u00f2dul 2: <\/span><\/strong><i><span style=\"font-family: Arial,Arial; font-size: medium;\">Jo i el m\u00f3n <\/span><span style=\"font-family: Arial,Arial; font-size: small;\">(Nivell 2). <\/span><\/i><span style=\"font-size: medium;\">Inclou 10 tallers que tracten b\u00e0sicament temes d\u2019addiccions (alcohol, cannabis, drogues de s\u00edntesi, m\u00f2bils, internet), de salut (anor\u00e8xia, MTS) o de maltractaments.<\/span><\/li>\n<\/ul>\n<\/li>\n<\/ul>\n<p><span style=\"font-size: medium;\">El <\/span><b><span style=\"font-family: Arial,Arial; font-size: medium;\">material <\/span><\/b><span style=\"font-size: medium;\">compr\u00e8n una <a href=\"https:\/\/projectes.xtec.cat\/xarxadults\/wp-content\/uploads\/usu1741\/2019\/09\/Presentacio_modul_Itineraris.pdf\" target=\"_blank\" rel=\"noopener noreferrer\">Presentaci\u00f3 did\u00e0ctica<\/a>, una <a href=\"https:\/\/projectes.xtec.cat\/xarxadults\/wp-content\/uploads\/usu1741\/2019\/09\/Guia_didactica_Modul_Itineraris.pdf\" target=\"_blank\" rel=\"noopener noreferrer\">Guia did\u00e0ctica<\/a> del m\u00f2dul i, per a cadascun dels tallers: <\/span><\/p>\n<p style=\"padding-left: 40px;\">&#8211; Un Powerpoint per projectar a l\u2019alumnat <a href=\"https:\/\/drive.google.com\/drive\/folders\/1Q9nzhM1AXrLGfmD-CrT1qeZq3DJKrNDi?usp=sharing\" target=\"_blank\" rel=\"noopener noreferrer\">(material did\u00e0ctic)<\/a><\/p>\n<p style=\"padding-left: 40px;\">&#8211; Una guia did\u00e0ctica en format PDF que inclou els continguts del Powerpoint, a m\u00e9s d\u2019informaci\u00f3 per al professorat i d\u2019argumentari per a les preguntes <a href=\"https:\/\/drive.google.com\/open?id=1StEG37DF0PmH-NnA3Jplj84snDI7m9Gk\" target=\"_blank\" rel=\"noopener noreferrer\">(material did\u00e0ctic)<\/a><\/p>\n<p>&nbsp;<\/p>\n<p>&nbsp;<\/p>\n<p style=\"text-align: center;\">\n","protected":false},"excerpt":{"rendered":"<p>&nbsp;<br \/>\nEl programa Itineraris inclou dos m\u00f2duls que estan pensats per a alumnat d\u2019alta vulnerabilitat que presenten comportaments de risc, trastorns de conducta o patologia dual i es pot adaptar als menors estrangers no acompanyats. Els m\u00f2duls estan estructurats en un conjunt de tallers dissenyats perqu\u00e8&hellip;  <a href=\"https:\/\/projectes.xtec.cat\/xarxadults\/ensenyaments\/acollida-moduls-joves-migrats-sols\/nivell-1\/modul-itineraris-1-coneixement-del-jo\/\" title=\"Read M\u00f2dul &#8220;Itineraris 1 \u2013 Coneixement del jo&#8221;\">Llegeix m\u00e9s\u00bb<\/a><\/p>\n","protected":false},"author":1,"featured_media":0,"parent":10241,"menu_order":30,"comment_status":"closed","ping_status":"closed","template":"page-templates\/side-menu.php","meta":{"_bbp_topic_count":0,"_bbp_reply_count":0,"_bbp_total_topic_count":0,"_bbp_total_reply_count":0,"_bbp_voice_count":0,"_bbp_anonymous_reply_count":0,"_bbp_topic_count_hidden":0,"_bbp_reply_count_hidden":0,"_bbp_forum_subforum_count":0,"footnotes":""},"class_list":["post-10377","page","type-page","status-publish","hentry"],"post_mailing_queue_ids":[],"_links":{"self":[{"href":"https:\/\/projectes.xtec.cat\/xarxadults\/wp-json\/wp\/v2\/pages\/10377","targetHints":{"allow":["GET"]}}],"collection":[{"href":"https:\/\/projectes.xtec.cat\/xarxadults\/wp-json\/wp\/v2\/pages"}],"about":[{"href":"https:\/\/projectes.xtec.cat\/xarxadults\/wp-json\/wp\/v2\/types\/page"}],"author":[{"embeddable":true,"href":"https:\/\/projectes.xtec.cat\/xarxadults\/wp-json\/wp\/v2\/users\/1"}],"replies":[{"embeddable":true,"href":"https:\/\/projectes.xtec.cat\/xarxadults\/wp-json\/wp\/v2\/comments?post=10377"}],"version-history":[{"count":3,"href":"https:\/\/projectes.xtec.cat\/xarxadults\/wp-json\/wp\/v2\/pages\/10377\/revisions"}],"predecessor-version":[{"id":10381,"href":"https:\/\/projectes.xtec.cat\/xarxadults\/wp-json\/wp\/v2\/pages\/10377\/revisions\/10381"}],"up":[{"embeddable":true,"href":"https:\/\/projectes.xtec.cat\/xarxadults\/wp-json\/wp\/v2\/pages\/10241"}],"wp:attachment":[{"href":"https:\/\/projectes.xtec.cat\/xarxadults\/wp-json\/wp\/v2\/media?parent=10377"}],"curies":[{"name":"wp","href":"https:\/\/api.w.org\/{rel}","templated":true}]}}