{"id":10642,"date":"2019-10-18T14:37:38","date_gmt":"2019-10-18T12:37:38","guid":{"rendered":"http:\/\/projectes.xtec.cat\/xarxadults\/?page_id=10642"},"modified":"2021-03-25T22:03:46","modified_gmt":"2021-03-25T21:03:46","slug":"lletres-a-laula","status":"publish","type":"page","link":"https:\/\/projectes.xtec.cat\/xarxadults\/iniciatives-pedagogiques\/programes\/lletres-a-laula\/","title":{"rendered":"Lletres a l&#8217;aula"},"content":{"rendered":"<p><a href=\"https:\/\/projectes.xtec.cat\/xarxadults\/wp-content\/uploads\/usu1741\/2018\/06\/lletres-e1535457059662.png\"><img loading=\"lazy\" decoding=\"async\" class=\"aligncenter wp-image-9394\" title=\"Logo Lletres a les aules\" src=\"https:\/\/projectes.xtec.cat\/xarxadults\/wp-content\/uploads\/usu1741\/2018\/06\/lletres-e1535457059662.png\" alt=\"Logo Lletres a les aules\" width=\"229\" height=\"215\" \/><\/a><\/p>\n<p>&nbsp;<\/p>\n<p><span style=\"color: #993300;\"><span style=\"color: #000000;\">El programa <\/span><strong>Lletres a les Aules<\/strong><\/span> \u00e9s un programa de foment de la lectura, promoci\u00f3 i difusi\u00f3 de la literatura que permet apropar l\u2019alumnat al fet literari, millorar la comprensi\u00f3 lectora com a eina fonamental per accedir al coneixement, estimular i potenciar l&#8217;habilitat lectora i el coneixement de la llengua. D&#8217;aquest programa se&#8217;n beneficien els centres educatius d\u2019ensenyament primari, secundari i d\u2019adults de tot el domini ling\u00fc\u00edstic.<\/p>\n<p>Els centres educatius que vulguin participar-hi hauran de triar entre dues modalitats:<\/p>\n<ul>\n<li><strong>Autors a les Aules.<\/strong> \u00c9s una activitat que, des de 1998, promociona la literatura catalana i el foment de la lectura. Permet que l&#8217;alumnat lector entri en contacte directe amb els escriptors i escriptores i hi estableixi un di\u00e0leg al voltant dels seus llibres de creaci\u00f3 i d&#8217;altres temes relacionats amb el fet literari com l&#8217;ofici d&#8217;escriure, el proc\u00e9s de creaci\u00f3, el m\u00f3n editorial&#8230;<\/li>\n<li><strong>En Veu Alta.<\/strong> La Instituci\u00f3 de les Lletres Catalanes posa a disposici\u00f3 de mestres i professors antologies de textos literaris per ser dites a l\u2019aula per un bon lector.Les antologies han estat preparades a l\u2019entorn d\u2019un eix tem\u00e0tic\u00a0\u00a0 gen\u00e8ric, sense vinculaci\u00f3 expl\u00edcita amb els temaris, per facilitar que cada centre en tregui el rendiment m\u00e9s adequat a la pr\u00f2pia din\u00e0mica de treball i a les caracter\u00edstiques del seu alumnat. Entre els textos escollits n&#8217;hi ha de cl\u00e0ssics i d\u2019actuals, de tots els territoris de parla catalana i alguna traducci\u00f3, de diversos g\u00e8neres literaris. Es presenten seguint un gui\u00f3 que vol ajudar els oients a seguir la lectura.<\/li>\n<\/ul>\n<p>Per a m\u00e9s informaci\u00f3 feu clic <a href=\"https:\/\/cultura.gencat.cat\/ca\/ilc\/programes\/lletres-a-les-aules\/\" target=\"_blank\" rel=\"noopener noreferrer\">AQU\u00cd<\/a>.<\/p>\n<p>&nbsp;<\/p>\n","protected":false},"excerpt":{"rendered":"<p><a href=\"https:\/\/projectes.xtec.cat\/xarxadults\/wp-content\/uploads\/usu1741\/2018\/06\/lletres-e1535457059662.png\"><\/a><br \/>\n&nbsp;<br \/>\nEl programa Lletres a les Aules \u00e9s un programa de foment de la lectura, promoci\u00f3 i difusi\u00f3 de la literatura que permet apropar l\u2019alumnat al fet literari, millorar la comprensi\u00f3 lectora com a eina fonamental per accedir al coneixement, estimular i potenciar l&#8217;habilitat lectora&hellip;  <a href=\"https:\/\/projectes.xtec.cat\/xarxadults\/iniciatives-pedagogiques\/programes\/lletres-a-laula\/\" title=\"Read Lletres a l&#8217;aula\">Llegeix m\u00e9s\u00bb<\/a><\/p>\n","protected":false},"author":1,"featured_media":0,"parent":10042,"menu_order":71,"comment_status":"closed","ping_status":"closed","template":"page-templates\/side-menu.php","meta":{"_bbp_topic_count":0,"_bbp_reply_count":0,"_bbp_total_topic_count":0,"_bbp_total_reply_count":0,"_bbp_voice_count":0,"_bbp_anonymous_reply_count":0,"_bbp_topic_count_hidden":0,"_bbp_reply_count_hidden":0,"_bbp_forum_subforum_count":0,"footnotes":""},"class_list":["post-10642","page","type-page","status-publish","hentry"],"post_mailing_queue_ids":[],"_links":{"self":[{"href":"https:\/\/projectes.xtec.cat\/xarxadults\/wp-json\/wp\/v2\/pages\/10642","targetHints":{"allow":["GET"]}}],"collection":[{"href":"https:\/\/projectes.xtec.cat\/xarxadults\/wp-json\/wp\/v2\/pages"}],"about":[{"href":"https:\/\/projectes.xtec.cat\/xarxadults\/wp-json\/wp\/v2\/types\/page"}],"author":[{"embeddable":true,"href":"https:\/\/projectes.xtec.cat\/xarxadults\/wp-json\/wp\/v2\/users\/1"}],"replies":[{"embeddable":true,"href":"https:\/\/projectes.xtec.cat\/xarxadults\/wp-json\/wp\/v2\/comments?post=10642"}],"version-history":[{"count":3,"href":"https:\/\/projectes.xtec.cat\/xarxadults\/wp-json\/wp\/v2\/pages\/10642\/revisions"}],"predecessor-version":[{"id":11965,"href":"https:\/\/projectes.xtec.cat\/xarxadults\/wp-json\/wp\/v2\/pages\/10642\/revisions\/11965"}],"up":[{"embeddable":true,"href":"https:\/\/projectes.xtec.cat\/xarxadults\/wp-json\/wp\/v2\/pages\/10042"}],"wp:attachment":[{"href":"https:\/\/projectes.xtec.cat\/xarxadults\/wp-json\/wp\/v2\/media?parent=10642"}],"curies":[{"name":"wp","href":"https:\/\/api.w.org\/{rel}","templated":true}]}}