{"id":10645,"date":"2019-10-18T14:41:34","date_gmt":"2019-10-18T12:41:34","guid":{"rendered":"http:\/\/projectes.xtec.cat\/xarxadults\/?page_id=10645"},"modified":"2021-03-25T22:04:13","modified_gmt":"2021-03-25T21:04:13","slug":"filmoteca-de-catalunya","status":"publish","type":"page","link":"https:\/\/projectes.xtec.cat\/xarxadults\/iniciatives-pedagogiques\/programes\/filmoteca-de-catalunya\/","title":{"rendered":"Filmoteca de Catalunya"},"content":{"rendered":"<p><a href=\"https:\/\/projectes.xtec.cat\/xarxadults\/wp-content\/uploads\/usu1741\/2018\/01\/Sin-t\u00edtulo-11.png\"><img loading=\"lazy\" decoding=\"async\" class=\"aligncenter wp-image-8904\" title=\"Logo Filmoteca de Catalunya\" src=\"https:\/\/projectes.xtec.cat\/xarxadults\/wp-content\/uploads\/usu1741\/2018\/01\/Sin-t\u00edtulo-11.png\" alt=\"Logo Filmoteca de Catalunya\" width=\"308\" height=\"112\" \/><\/a><\/p>\n<p style=\"text-align: justify;\">El programa <span style=\"color: #993300;\"><strong>Filmoteca per a les escoles<\/strong><\/span> t\u00e9 l&#8217;objectiu de fomentar l&#8217;inter\u00e8s d&#8217;infants i joves cap al cinema, aix\u00ed com formar els espectadors del futur posant en valor el nostre patrimoni cinematogr\u00e0fic.<\/p>\n<p style=\"text-align: justify;\">Cada curs escolar proposen diverses activitats adre\u00e7ades a tots els nivells educatius: sessions matinals de cinema i sessions d&#8217;iniciaci\u00f3 al llenguatge cinematogr\u00e0fic acompanyades de material did\u00e0ctic, tallers, visites, itineraris tem\u00e0tics i recursos per al professorat. Es pot trobar el programa on-line a l&#8217;<a href=\"http:\/\/www.filmoteca.cat\/web\/serveis-educatius\/filmoteca-per-a-les-escoles\" target=\"_blank\" rel=\"noopener noreferrer\">enlla\u00e7<\/a>.<\/p>\n<p style=\"text-align: justify;\">Com a novetat el curs 2019 &#8211; 2020, es pot sol\u00b7licitar l&#8217;acc\u00e9s a la modalitat virtual de les <a href=\"http:\/\/www.filmoteca.cat\/web\/contingut\/maletes-didactiques-7-de-cinema-secundaria-i-batxillerat\" target=\"_blank\" rel=\"noopener noreferrer\">maletes pedag\u00f2giques\u00a0<strong>7 de Cinema<\/strong><\/a>, dissenyades per treballar el cinema a l&#8217;aula.<\/p>\n<p style=\"text-align: justify;\">Els centres de formaci\u00f3 d\u2019adults poden sol\u00b7licitar visites guiades al <a href=\"https:\/\/www.filmoteca.cat\/web\/ca\/coneix-el-centre-de-conservacio-i-restauracio\" target=\"_blank\" rel=\"noopener noreferrer\">Centre de Conservaci\u00f3 i Restauraci\u00f3 de Terrassa<\/a>.<\/p>\n<p>&nbsp;<\/p>\n","protected":false},"excerpt":{"rendered":"<p><a href=\"https:\/\/projectes.xtec.cat\/xarxadults\/wp-content\/uploads\/usu1741\/2018\/01\/Sin-t\u00edtulo-11.png\"><\/a><br \/>\nEl programa Filmoteca per a les escoles t\u00e9 l&#8217;objectiu de fomentar l&#8217;inter\u00e8s d&#8217;infants i joves cap al cinema, aix\u00ed com formar els espectadors del futur posant en valor el nostre patrimoni cinematogr\u00e0fic.<br \/>\nCada curs escolar proposen diverses activitats adre\u00e7ades a tots els nivells educatius: sessions&hellip;  <a href=\"https:\/\/projectes.xtec.cat\/xarxadults\/iniciatives-pedagogiques\/programes\/filmoteca-de-catalunya\/\" title=\"Read Filmoteca de Catalunya\">Llegeix m\u00e9s\u00bb<\/a><\/p>\n","protected":false},"author":1,"featured_media":0,"parent":10042,"menu_order":81,"comment_status":"closed","ping_status":"closed","template":"page-templates\/side-menu.php","meta":{"_bbp_topic_count":0,"_bbp_reply_count":0,"_bbp_total_topic_count":0,"_bbp_total_reply_count":0,"_bbp_voice_count":0,"_bbp_anonymous_reply_count":0,"_bbp_topic_count_hidden":0,"_bbp_reply_count_hidden":0,"_bbp_forum_subforum_count":0,"footnotes":""},"class_list":["post-10645","page","type-page","status-publish","hentry"],"post_mailing_queue_ids":[],"_links":{"self":[{"href":"https:\/\/projectes.xtec.cat\/xarxadults\/wp-json\/wp\/v2\/pages\/10645","targetHints":{"allow":["GET"]}}],"collection":[{"href":"https:\/\/projectes.xtec.cat\/xarxadults\/wp-json\/wp\/v2\/pages"}],"about":[{"href":"https:\/\/projectes.xtec.cat\/xarxadults\/wp-json\/wp\/v2\/types\/page"}],"author":[{"embeddable":true,"href":"https:\/\/projectes.xtec.cat\/xarxadults\/wp-json\/wp\/v2\/users\/1"}],"replies":[{"embeddable":true,"href":"https:\/\/projectes.xtec.cat\/xarxadults\/wp-json\/wp\/v2\/comments?post=10645"}],"version-history":[{"count":3,"href":"https:\/\/projectes.xtec.cat\/xarxadults\/wp-json\/wp\/v2\/pages\/10645\/revisions"}],"predecessor-version":[{"id":11963,"href":"https:\/\/projectes.xtec.cat\/xarxadults\/wp-json\/wp\/v2\/pages\/10645\/revisions\/11963"}],"up":[{"embeddable":true,"href":"https:\/\/projectes.xtec.cat\/xarxadults\/wp-json\/wp\/v2\/pages\/10042"}],"wp:attachment":[{"href":"https:\/\/projectes.xtec.cat\/xarxadults\/wp-json\/wp\/v2\/media?parent=10645"}],"curies":[{"name":"wp","href":"https:\/\/api.w.org\/{rel}","templated":true}]}}