{"id":10648,"date":"2019-10-18T14:44:31","date_gmt":"2019-10-18T12:44:31","guid":{"rendered":"http:\/\/projectes.xtec.cat\/xarxadults\/?page_id=10648"},"modified":"2021-03-25T22:04:33","modified_gmt":"2021-03-25T21:04:33","slug":"memorial-democratic","status":"publish","type":"page","link":"https:\/\/projectes.xtec.cat\/xarxadults\/iniciatives-pedagogiques\/programes\/memorial-democratic\/","title":{"rendered":"Memorial democr\u00e0tic"},"content":{"rendered":"<p>90<a href=\"https:\/\/projectes.xtec.cat\/xarxadults\/wp-content\/uploads\/usu1741\/2018\/01\/Sin-t\u00edtulo-12.png\"><img loading=\"lazy\" decoding=\"async\" class=\"aligncenter wp-image-8905 size-full\" title=\"Logo Memorial Democr\u00e0tic\" src=\"https:\/\/projectes.xtec.cat\/xarxadults\/wp-content\/uploads\/usu1741\/2018\/01\/Sin-t\u00edtulo-12.png\" alt=\"Logo Memorial Democr\u00e0tic\" width=\"300\" height=\"150\" \/><\/a><\/p>\n<p align=\"justify\">Fruit de la col\u00b7laboraci\u00f3 entre el Departament d\u2019Educaci\u00f3 i el Departament d&#8217;Afers i Relacions Institucionals i Exteriors i Transpar\u00e8ncia, a trav\u00e9s del Memorial democr\u00e0tic, neix el Grup de treball Exili, deportaci\u00f3 i holocaust, en el qual hi participen docents de tots els nivells educatius, incl\u00f2s els ensenyament de persones adultes.<\/p>\n<p align=\"justify\">Alguns objectius d&#8217;aquest grup s\u00f3n:<\/p>\n<ul>\n<li>Impulsar la transmissi\u00f3 i l\u2019ensenyament sobre l\u2019exili, la deportaci\u00f3 i l\u2019Holocaust a l\u2019ensenyament primari i secundari i de persones adultes a Catalunya.<\/li>\n<li>Desenvolupar noves l\u00ednies curriculars, metodol\u00f2giques i did\u00e0ctiques sobre aquests temes per a la seva transmissi\u00f3 i ensenyament, i impulsar la formaci\u00f3 del professorat en aquesta tem\u00e0tica.<\/li>\n<\/ul>\n<p align=\"justify\">El grup de treball organitza anualment cursos per docents i jornades a les quals els alumnes tamb\u00e9 estan convidats.<\/p>\n<p>Per a m\u00e9s informaci\u00f3 feu clic\u00a0<a href=\"https:\/\/sites.google.com\/a\/xtec.cat\/gtexilideportacioholocaust\/presentacio\" target=\"_blank\" rel=\"noopener noreferrer\">aqu\u00ed.<\/a><\/p>\n<p>&nbsp;<\/p>\n","protected":false},"excerpt":{"rendered":"<p>90<a href=\"https:\/\/projectes.xtec.cat\/xarxadults\/wp-content\/uploads\/usu1741\/2018\/01\/Sin-t\u00edtulo-12.png\"><\/a><br \/>\nFruit de la col\u00b7laboraci\u00f3 entre el Departament d\u2019Educaci\u00f3 i el Departament d&#8217;Afers i Relacions Institucionals i Exteriors i Transpar\u00e8ncia, a trav\u00e9s del Memorial democr\u00e0tic, neix el Grup de treball Exili, deportaci\u00f3 i holocaust, en el qual hi participen docents de tots els nivells educatius,&hellip;  <a href=\"https:\/\/projectes.xtec.cat\/xarxadults\/iniciatives-pedagogiques\/programes\/memorial-democratic\/\" title=\"Read Memorial democr\u00e0tic\">Llegeix m\u00e9s\u00bb<\/a><\/p>\n","protected":false},"author":1,"featured_media":0,"parent":10042,"menu_order":90,"comment_status":"closed","ping_status":"closed","template":"page-templates\/side-menu.php","meta":{"_bbp_topic_count":0,"_bbp_reply_count":0,"_bbp_total_topic_count":0,"_bbp_total_reply_count":0,"_bbp_voice_count":0,"_bbp_anonymous_reply_count":0,"_bbp_topic_count_hidden":0,"_bbp_reply_count_hidden":0,"_bbp_forum_subforum_count":0,"footnotes":""},"class_list":["post-10648","page","type-page","status-publish","hentry"],"post_mailing_queue_ids":[],"_links":{"self":[{"href":"https:\/\/projectes.xtec.cat\/xarxadults\/wp-json\/wp\/v2\/pages\/10648","targetHints":{"allow":["GET"]}}],"collection":[{"href":"https:\/\/projectes.xtec.cat\/xarxadults\/wp-json\/wp\/v2\/pages"}],"about":[{"href":"https:\/\/projectes.xtec.cat\/xarxadults\/wp-json\/wp\/v2\/types\/page"}],"author":[{"embeddable":true,"href":"https:\/\/projectes.xtec.cat\/xarxadults\/wp-json\/wp\/v2\/users\/1"}],"replies":[{"embeddable":true,"href":"https:\/\/projectes.xtec.cat\/xarxadults\/wp-json\/wp\/v2\/comments?post=10648"}],"version-history":[{"count":3,"href":"https:\/\/projectes.xtec.cat\/xarxadults\/wp-json\/wp\/v2\/pages\/10648\/revisions"}],"predecessor-version":[{"id":12510,"href":"https:\/\/projectes.xtec.cat\/xarxadults\/wp-json\/wp\/v2\/pages\/10648\/revisions\/12510"}],"up":[{"embeddable":true,"href":"https:\/\/projectes.xtec.cat\/xarxadults\/wp-json\/wp\/v2\/pages\/10042"}],"wp:attachment":[{"href":"https:\/\/projectes.xtec.cat\/xarxadults\/wp-json\/wp\/v2\/media?parent=10648"}],"curies":[{"name":"wp","href":"https:\/\/api.w.org\/{rel}","templated":true}]}}