{"id":10766,"date":"2019-11-11T14:16:51","date_gmt":"2019-11-11T13:16:51","guid":{"rendered":"http:\/\/projectes.xtec.cat\/xarxadults\/?page_id=10766"},"modified":"2021-11-10T14:05:47","modified_gmt":"2021-11-10T13:05:47","slug":"mschools","status":"publish","type":"page","link":"https:\/\/projectes.xtec.cat\/xarxadults\/iniciatives-pedagogiques\/concursos\/mschools\/","title":{"rendered":"mSchools"},"content":{"rendered":"<p><a href=\"https:\/\/projectes.xtec.cat\/xarxadults\/wp-content\/uploads\/usu1741\/2019\/01\/logo.png\"><img loading=\"lazy\" decoding=\"async\" class=\"alignright wp-image-9753\" title=\"Logo mSchools\" src=\"https:\/\/projectes.xtec.cat\/xarxadults\/wp-content\/uploads\/usu1741\/2019\/01\/logo.png\" alt=\"Logo mSchools\" width=\"287\" height=\"58\" srcset=\"https:\/\/projectes.xtec.cat\/xarxadults\/wp-content\/uploads\/usu1741\/2019\/01\/logo.png 496w, https:\/\/projectes.xtec.cat\/xarxadults\/wp-content\/uploads\/usu1741\/2019\/01\/logo-300x60.png 300w\" sizes=\"auto, (max-width: 287px) 100vw, 287px\" \/><\/a><\/p>\n<p>El programa<span style=\"color: #993300;\">\u00a0<a href=\"https:\/\/mschools.com\/ca\/\" target=\"_blank\" rel=\"noopener noreferrer\"><strong>mSchools<\/strong>\u00a0<\/a><\/span>\u00e9s una iniciativa de mEducation que impulsa\u00a0<strong><span style=\"color: #993300;\">Mobile World Capital Barcelona<\/span>\u00a0<\/strong>en col\u00b7laboraci\u00f3 amb la Generalitat de Catalunya, l\u2019Ajuntament de Barcelona i GSMA.<\/p>\n<p><strong style=\"font-family: inherit; font-size: 1em;\">mSchools<\/strong><span style=\"font-family: inherit; font-size: 1em;\">\u00a0ajuda els estudiants a desenvolupar noves i importants compet\u00e8ncies digitals i els prepara per al m\u00f3n actual.<\/span><\/p>\n<p>Un programa que se centra en<a href=\"https:\/\/mschools.mobileworldcapital.com\/ca\/iniciatives\/\" target=\"_blank\" rel=\"noopener noreferrer\"> tres eixos<\/a>:<\/p>\n<div class=\"left\">\n<p>&nbsp;<\/p>\n<\/div>\n<ol>\n<li style=\"list-style-type: none;\">\n<ol>\n<li>Promoure l&#8217;aprenentatge amb tecnologia m\u00f2bil, a trav\u00e9s del <span style=\"color: #993300;\"><a style=\"color: #993300;\" href=\"https:\/\/mschools.mobileworldcapital.com\/ca\/iniciatives\/mobile-history-map\/\" target=\"_blank\" rel=\"noopener noreferrer\">Mobile History Map<\/a>, <a style=\"color: #993300;\" href=\"https:\/\/mschools.mobileworldcapital.com\/ca\/iniciatives\/mobile-learning-awards\/\" target=\"_blank\" rel=\"noopener noreferrer\">Mobile Learning Awards<\/a>, <a style=\"color: #993300;\" href=\"https:\/\/mschools.mobileworldcapital.com\/ca\/iniciatives\/changing-education-together\/\" target=\"_blank\" rel=\"noopener noreferrer\">Changing Education Together<\/a>.<\/span><\/li>\n<li>Millorar les compet\u00e8ncies digitals i l&#8217;esperit emprenedor, a trav\u00e9s d&#8217;<span style=\"color: #993300;\"><a style=\"color: #993300;\" href=\"https:\/\/mschools.mobileworldcapital.com\/ca\/iniciatives\/app-education\/\" target=\"_blank\" rel=\"noopener noreferrer\">App Education<\/a>, <a style=\"color: #993300;\" href=\"https:\/\/mschools.mobileworldcapital.com\/ca\/iniciatives\/mschools-student-awards\/\" target=\"_blank\" rel=\"noopener noreferrer\">Student Awards<\/a>, <a style=\"color: #993300;\" href=\"https:\/\/mschools.mobileworldcapital.com\/ca\/iniciatives\/scratch-challenge\/\" target=\"_blank\" rel=\"noopener noreferrer\">Scratch Challenge<\/a>, <a style=\"color: #993300;\" href=\"https:\/\/mschools.mobileworldcapital.com\/ca\/iniciatives\/mschools-techcamp\/\" target=\"_blank\" rel=\"noopener noreferrer\">Tech Camp<\/a>.<\/span><\/li>\n<li>Construir un entorn obert per a <span style=\"color: #993300;\"><strong>mEducation,<\/strong><\/span> a trav\u00e9s de<span style=\"color: #993300;\"><span style=\"color: #993300;\"> <a style=\"color: #993300;\" href=\"https:\/\/mschools.mobileworldcapital.com\/ca\/iniciatives\/mschools-toolbox\/\" target=\"_blank\" rel=\"noopener noreferrer\">Toolbox<\/a>, <a style=\"color: #993300;\" href=\"https:\/\/mschools.mobileworldcapital.com\/ca\/iniciatives\/edu_hack\/\" target=\"_blank\" rel=\"noopener noreferrer\">EduHack<\/a>, <a style=\"color: #993300;\" href=\"https:\/\/msteam.mschools.com\/?lang=ca\" target=\"_blank\" rel=\"noopener noreferrer\">mSTEAM<\/a>.<\/span><\/span><br \/>\n<hr \/>\n<\/li>\n<\/ol>\n<\/li>\n<\/ol>\n<div>Ja tenim la informaci\u00f3 per a <a href=\"https:\/\/projectes.xtec.cat\/xarxadults\/xx\/mobile-history-map-2021-2022\/\" target=\"_blank\" rel=\"noopener\">l&#8217;edici\u00f3 2022 de MOBILE HISTORY MAP<\/a>.<\/p>\n<hr \/>\n<\/div>\n<div><\/div>\n<div>\n<table style=\"width: 942px;\">\n<tbody>\n<tr>\n<td style=\"width: 141.6px;\"><span style=\"color: #993300;\"><a style=\"color: #993300;\" href=\"https:\/\/mschools.mobileworldcapital.com\/ca\/iniciatives\/mobile-history-map\/\" target=\"_blank\" rel=\"noopener noreferrer\">Mobile History Map<\/a><\/span><\/td>\n<td style=\"width: 793.6px;\">\n<p style=\"text-align: justify;\">L&#8217;objectiu del programa \u00e9s promoure els projectes desenvolupats per l&#8217;alumnat i compartits a la plataforma digital Mobile History Map, una web i app de georeerenciaci\u00f3 que promou el treball per projectes i l&#8217;aparenentatge servei.<\/p>\n<p style=\"text-align: justify;\">El treball a trav\u00e9s d ela plataforma digital Mobile History Map fomenta les habilitats digitals, creatives i col\u00b7laboratives dels alumnes en el desenvolupament de projectes singulars i de qualsevol \u00e0mbit curricular relacionats amb el seu entorn m\u00e9s proper (barri, municiipi, comarca, etc.).<\/p>\n<p style=\"text-align: justify;\">El curs 2019-2020 el <strong><a href=\"https:\/\/agora.xtec.cat\/cfabonpastor\/general\/el-nostre-alumnat-del-ges-equip-guanyador-del-mhm-student-awards-2020\/\" target=\"_blank\" rel=\"noopener noreferrer\">CFA Bon Pastor<\/a><\/strong> va resultar guanyador amb el projecte <a href=\"https:\/\/mhm.mobileworldcapital.com\/ca_ES\/escenari\/2090\/showedit\" target=\"_blank\" rel=\"noopener noreferrer\">Un recorregut per la hist\u00f2ria del Bon Pastor<\/a>.<\/p>\n<\/td>\n<\/tr>\n<tr>\n<td style=\"width: 141.6px;\"><span style=\"color: #993300;\"><a style=\"color: #993300;\" href=\"https:\/\/mschools.mobileworldcapital.com\/ca\/iniciatives\/mobile-learning-awards\/\" target=\"_blank\" rel=\"noopener noreferrer\">Mobile Learning Awards<\/a><\/span><\/td>\n<td style=\"width: 793.6px;\">\n<p style=\"text-align: justify;\">Es tracta d&#8217;un concurs que reconeix els projectes creats per docents i escoles de Catalunya en l\u2019\u00e0mbit de la transformaci\u00f3 de l\u2019educaci\u00f3 mitjan\u00e7ant l\u2019\u00fas de les tecnologies digitals. L&#8217;objectiu \u00e9s donar a con\u00e8ixer les millors experi\u00e8ncies d\u2019aula desenvolupades per docents i que tinguin com a objectiu l\u2019\u00fas innovador i inclusiu de les tecnologies digitals.<\/p>\n<p>El curs 2018-2019 el <a href=\"https:\/\/agora.xtec.cat\/cfabonpastor\/erasmus\/\" target=\"_blank\" rel=\"noopener noreferrer\"><strong>CFA Bon Pastor<\/strong><\/a>va resultar guanyador amb el projecte <a href=\"https:\/\/docs.google.com\/presentation\/d\/1Zdhr8cilnssLWs1qsoYsDt8mnHRTDu77cjHCCZpRDbA\/edit#slide=id.g1f5a554dbf_0_404\" target=\"_blank\" rel=\"noopener noreferrer\">La compet\u00e8ncia digital: El nou repte de l&#8217;educaci\u00f3 d&#8217;adults<\/a> en la categoria de centres educatius.<\/td>\n<\/tr>\n<\/tbody>\n<\/table>\n<\/div>\n<p>&nbsp;<\/p>\n<div><\/div>\n<div><\/div>\n<div><\/div>\n<div><\/div>\n","protected":false},"excerpt":{"rendered":"<p><a href=\"https:\/\/projectes.xtec.cat\/xarxadults\/wp-content\/uploads\/usu1741\/2019\/01\/logo.png\"><\/a><br \/>\nEl programa\u00a0<a href=\"https:\/\/mschools.com\/ca\/\" target=\"_blank\" rel=\"noopener noreferrer\">mSchools\u00a0<\/a>\u00e9s una iniciativa de mEducation que impulsa\u00a0Mobile World Capital Barcelona\u00a0en col\u00b7laboraci\u00f3 amb la Generalitat de Catalunya, l\u2019Ajuntament de Barcelona i GSMA.<br \/>\nmSchools\u00a0ajuda els estudiants a desenvolupar noves i importants compet\u00e8ncies digitals i els prepara per al m\u00f3n actual.<br \/>\nUn programa que&hellip;  <a href=\"https:\/\/projectes.xtec.cat\/xarxadults\/iniciatives-pedagogiques\/concursos\/mschools\/\" title=\"Read mSchools\">Llegeix m\u00e9s\u00bb<\/a><\/p>\n","protected":false},"author":1,"featured_media":0,"parent":10045,"menu_order":40,"comment_status":"closed","ping_status":"closed","template":"page-templates\/side-menu.php","meta":{"_bbp_topic_count":0,"_bbp_reply_count":0,"_bbp_total_topic_count":0,"_bbp_total_reply_count":0,"_bbp_voice_count":0,"_bbp_anonymous_reply_count":0,"_bbp_topic_count_hidden":0,"_bbp_reply_count_hidden":0,"_bbp_forum_subforum_count":0,"footnotes":""},"class_list":["post-10766","page","type-page","status-publish","hentry"],"post_mailing_queue_ids":[],"_links":{"self":[{"href":"https:\/\/projectes.xtec.cat\/xarxadults\/wp-json\/wp\/v2\/pages\/10766","targetHints":{"allow":["GET"]}}],"collection":[{"href":"https:\/\/projectes.xtec.cat\/xarxadults\/wp-json\/wp\/v2\/pages"}],"about":[{"href":"https:\/\/projectes.xtec.cat\/xarxadults\/wp-json\/wp\/v2\/types\/page"}],"author":[{"embeddable":true,"href":"https:\/\/projectes.xtec.cat\/xarxadults\/wp-json\/wp\/v2\/users\/1"}],"replies":[{"embeddable":true,"href":"https:\/\/projectes.xtec.cat\/xarxadults\/wp-json\/wp\/v2\/comments?post=10766"}],"version-history":[{"count":3,"href":"https:\/\/projectes.xtec.cat\/xarxadults\/wp-json\/wp\/v2\/pages\/10766\/revisions"}],"predecessor-version":[{"id":13123,"href":"https:\/\/projectes.xtec.cat\/xarxadults\/wp-json\/wp\/v2\/pages\/10766\/revisions\/13123"}],"up":[{"embeddable":true,"href":"https:\/\/projectes.xtec.cat\/xarxadults\/wp-json\/wp\/v2\/pages\/10045"}],"wp:attachment":[{"href":"https:\/\/projectes.xtec.cat\/xarxadults\/wp-json\/wp\/v2\/media?parent=10766"}],"curies":[{"name":"wp","href":"https:\/\/api.w.org\/{rel}","templated":true}]}}