{"id":10866,"date":"2019-11-19T13:39:49","date_gmt":"2019-11-19T12:39:49","guid":{"rendered":"http:\/\/projectes.xtec.cat\/xarxadults\/?page_id=10866"},"modified":"2021-03-25T22:04:46","modified_gmt":"2021-03-25T21:04:46","slug":"europe-code-week","status":"publish","type":"page","link":"https:\/\/projectes.xtec.cat\/xarxadults\/iniciatives-pedagogiques\/programes\/europe-code-week\/","title":{"rendered":"Europe Code Week"},"content":{"rendered":"<p><img loading=\"lazy\" decoding=\"async\" class=\"aligncenter\" title=\"Logo Europe Code Week\" src=\"https:\/\/agora.xtec.cat\/cfacastelldefels\/wp-content\/uploads\/usu251\/2019\/11\/CodeWeek-300x160.png\" alt=\"Logo Europe Code Week\" width=\"300\" height=\"160\" \/><\/p>\n<p style=\"text-align: justify;\">La Setmana de la Programaci\u00f3 de la UE (<strong><span style=\"color: #993300;\"><a style=\"color: #993300;\" href=\"https:\/\/codeweek.eu\/\" target=\"_blank\" rel=\"noopener noreferrer\">Europe Code Week<\/a><\/span><\/strong>) \u00e9s una iniciativa de base que t\u00e9 com a objectiu apropar la programaci\u00f3 i l&#8217;alfabetitzaci\u00f3 digital d&#8217;una forma divertida i interessant.<\/p>\n<p style=\"text-align: justify;\">Tothom \u00e9s benvingut a organitzar-se o participar a una activitat. Nom\u00e9s s&#8217;ha d&#8217;escollir un tema i un p\u00fablic objectiu i afegir l&#8217;activitat creada al mapa o buscar activitats de la zona.<\/p>\n<p style=\"text-align: justify;\">A m\u00e9s, a la p\u00e0gina del Europe Code Week apareixen <a href=\"https:\/\/codeweek.eu\/resources\/teach\" target=\"_blank\" rel=\"noopener noreferrer\">recursos docents<\/a> i materials d\u2019<a href=\"https:\/\/codeweek.eu\/training\" target=\"_blank\" rel=\"noopener noreferrer\">entrenament de bits<\/a> gratu\u00efts per obtenir orientaci\u00f3 i planificar les seq\u00fc\u00e8ncies did\u00e0ctiques. No es necessita experi\u00e8ncia pr\u00e8via de codificaci\u00f3 ni de programaci\u00f3, i cada m\u00f2dul triga nom\u00e9s uns 15 minuts en completar-se. Els m\u00f2duls presenten conceptes clau relacionats amb les activitats de codificaci\u00f3 i pensament computacional. A m\u00e9s, els m\u00f2duls tamb\u00e9 proporcionen consells pr\u00e0ctics i orientacions de com integrar els conceptes a l&#8217;aula.<\/p>\n<p style=\"text-align: justify;\">Si el professorat s&#8217;anima pot connectar-se a un grup internacional de professors a trav\u00e9s del <a href=\"https:\/\/www.facebook.com\/groups\/774720866253044\/?source_id=377506999042215\">grup de Facebook<\/a> de la UE del Code Code Week! Per fer un pas m\u00e9s i col\u00b7laborar amb d&#8217;altres escoles del pa\u00eds o traspassar fronteres, es poden unir al repte del <a href=\"https:\/\/codeweek.eu\/codeweek4all\">Code Week 4 All Challenge<\/a>.<\/p>\n<p>Les <span style=\"text-align: justify;\">activitats digitals realitzades a l&#8217;aula es mostren al <\/span><a style=\"text-align: justify;\" href=\"https:\/\/codeweek.eu\/events\">Map Code Week<\/a><span style=\"text-align: justify;\"> per a qu\u00e8 tothom pugui gaudir d&#8217;elles!<\/span><span style=\"text-align: justify; font-family: inherit; font-size: 1em;\">\u00a0<\/span><\/p>\n<p>&nbsp;<\/p>\n","protected":false},"excerpt":{"rendered":"<p>La Setmana de la Programaci\u00f3 de la UE (<a style=\"color: #993300;\" href=\"https:\/\/codeweek.eu\/\" target=\"_blank\" rel=\"noopener noreferrer\">Europe Code Week<\/a>) \u00e9s una iniciativa de base que t\u00e9 com a objectiu apropar la programaci\u00f3 i l&#8217;alfabetitzaci\u00f3 digital d&#8217;una forma divertida i interessant.<br \/>\nTothom \u00e9s benvingut a organitzar-se o participar a&hellip;  <a href=\"https:\/\/projectes.xtec.cat\/xarxadults\/iniciatives-pedagogiques\/programes\/europe-code-week\/\" title=\"Read Europe Code Week\">Llegeix m\u00e9s\u00bb<\/a><\/p>\n","protected":false},"author":1,"featured_media":0,"parent":10042,"menu_order":110,"comment_status":"closed","ping_status":"closed","template":"page-templates\/side-menu.php","meta":{"_bbp_topic_count":0,"_bbp_reply_count":0,"_bbp_total_topic_count":0,"_bbp_total_reply_count":0,"_bbp_voice_count":0,"_bbp_anonymous_reply_count":0,"_bbp_topic_count_hidden":0,"_bbp_reply_count_hidden":0,"_bbp_forum_subforum_count":0,"footnotes":""},"class_list":["post-10866","page","type-page","status-publish","hentry"],"post_mailing_queue_ids":[],"_links":{"self":[{"href":"https:\/\/projectes.xtec.cat\/xarxadults\/wp-json\/wp\/v2\/pages\/10866","targetHints":{"allow":["GET"]}}],"collection":[{"href":"https:\/\/projectes.xtec.cat\/xarxadults\/wp-json\/wp\/v2\/pages"}],"about":[{"href":"https:\/\/projectes.xtec.cat\/xarxadults\/wp-json\/wp\/v2\/types\/page"}],"author":[{"embeddable":true,"href":"https:\/\/projectes.xtec.cat\/xarxadults\/wp-json\/wp\/v2\/users\/1"}],"replies":[{"embeddable":true,"href":"https:\/\/projectes.xtec.cat\/xarxadults\/wp-json\/wp\/v2\/comments?post=10866"}],"version-history":[{"count":3,"href":"https:\/\/projectes.xtec.cat\/xarxadults\/wp-json\/wp\/v2\/pages\/10866\/revisions"}],"predecessor-version":[{"id":11961,"href":"https:\/\/projectes.xtec.cat\/xarxadults\/wp-json\/wp\/v2\/pages\/10866\/revisions\/11961"}],"up":[{"embeddable":true,"href":"https:\/\/projectes.xtec.cat\/xarxadults\/wp-json\/wp\/v2\/pages\/10042"}],"wp:attachment":[{"href":"https:\/\/projectes.xtec.cat\/xarxadults\/wp-json\/wp\/v2\/media?parent=10866"}],"curies":[{"name":"wp","href":"https:\/\/api.w.org\/{rel}","templated":true}]}}