{"id":11042,"date":"2020-02-25T16:21:57","date_gmt":"2020-02-25T15:21:57","guid":{"rendered":"http:\/\/projectes.xtec.cat\/xarxadults\/?page_id=11042"},"modified":"2021-03-25T22:05:19","modified_gmt":"2021-03-25T21:05:19","slug":"mobile-week-catalunya","status":"publish","type":"page","link":"https:\/\/projectes.xtec.cat\/xarxadults\/iniciatives-pedagogiques\/programes\/mobile-week-catalunya\/","title":{"rendered":"Mobile Week Catalunya"},"content":{"rendered":"<p><a href=\"https:\/\/projectes.xtec.cat\/xarxadults\/wp-content\/uploads\/usu1741\/2020\/02\/baixa.jpg\"><img loading=\"lazy\" decoding=\"async\" class=\"aligncenter wp-image-11043\" title=\"Logo Mobile Week 2020\" src=\"https:\/\/projectes.xtec.cat\/xarxadults\/wp-content\/uploads\/usu1741\/2020\/02\/baixa.jpg\" alt=\"Logo Mobile Week 2020\" width=\"407\" height=\"170\" srcset=\"https:\/\/projectes.xtec.cat\/xarxadults\/wp-content\/uploads\/usu1741\/2020\/02\/baixa.jpg 348w, https:\/\/projectes.xtec.cat\/xarxadults\/wp-content\/uploads\/usu1741\/2020\/02\/baixa-300x125.jpg 300w\" sizes=\"auto, (max-width: 407px) 100vw, 407px\" \/><\/a><\/p>\n<p style=\"text-align: justify;\">Un total de 15 ciutats, comarques i \u00e0mbits territorials de tot Catalunya tindran pres\u00e8ncia a la <a href=\"https:\/\/mobileworldcapital.com\/es\/press\/mobile-week-cataluna-crece-y-llega-a-15-emplazamientos-el-2020\/\" target=\"_blank\" rel=\"noopener noreferrer\"><strong><span style=\"color: #993300;\">Mobile Week Catalunya 2020.<\/span><\/strong><\/a><\/p>\n<p style=\"text-align: justify;\">La Mobile Week, que el 2020 tamb\u00e9 arribar\u00e0 a la seva quarta edici\u00f3 a Barcelona (del 20 al 29 de febrer), planteja diferents espais de reflexi\u00f3, debats integradors i activitats participatives obertes a tothom que connecten els eines que ofereix la tecnologia digital amb els Inquietuds i necessitats socials, culturals, \u00e8tiques i humanes dels ciutadans.<\/p>\n<p style=\"text-align: justify;\">L&#8217;any passat, per primer cop, es va estendre a tot el territori catal\u00e0 amb la primera edici\u00f3 de la Mobile Week Catalunya, que es va celebrar a Girona, Lleida, Reus, Igualada i la Ribera d&#8217;Ebre, amb 110 ponents, 25 confer\u00e8ncies i taules rodones, 15 tallers , 3 exposicions, 4 projeccions de cinema o documentals, 2 programes de r\u00e0dio i 5 activitats per al p\u00fablic juvenil o familiar. A Barcelona, \u200b\u200bla 3a edici\u00f3 va comptar amb m\u00e9s de 100 ponents i 80 activitats pr\u00f2pies en m\u00e9s de 60 espais p\u00fablics de la ciutat. Hi van participar m\u00e9s de 200 col\u00b7laboradors, entitats locals, espais d&#8217;innovaci\u00f3 i centres de recerca, entre d&#8217;altres, i es va consolidar com un projecte transversal a la ciutat.<\/p>\n<p style=\"text-align: justify;\">Enguany 6 municipis de la demarcaci\u00f3 de Barcelona (Begues, Matar\u00f3, Sabadell, Sant Feliu de Llobregat, Sant Pere de Ribes i Vilanova i la Geltr\u00fa); 2 de les comarques centrals (Igualada i Vic); 3 de les comarques gironines (Girona, Olot i Riudellots de la Selva); 1 de Camp de Tarragona (Reus) i 1 de Ponent (Mollerussa) formaran part de la segona edici\u00f3 del <span style=\"color: #993300;\"><strong><span style=\"text-decoration: underline;\">M\u00f2bil Week Catalunya<\/span><\/strong><\/span>. A aquests empla\u00e7aments cal sumar la comarca de la Ribera d&#8217;Ebre i la zona de l&#8217;Alt Pirineu (amb activitats a l&#8217;Alta Ribagor\u00e7a, el Pallars Juss\u00e0 i el Pallars Sobir\u00e0) .<\/p>\n<p style=\"text-align: justify;\">Totes aquestes ciutats i territoris han presentat un preprojecte amb un breu plantejament de format, contingut i durada de l&#8217;esdeveniment, d&#8217;entre 1 i 3 dies. Un equip integrat per membres destacats de MWCapital i responsables de la Generalitat han valorat les propostes presentades.<\/p>\n<p>&nbsp;<\/p>\n<p>&nbsp;<\/p>\n","protected":false},"excerpt":{"rendered":"<p><a href=\"https:\/\/projectes.xtec.cat\/xarxadults\/wp-content\/uploads\/usu1741\/2020\/02\/baixa.jpg\"><\/a><br \/>\nUn total de 15 ciutats, comarques i \u00e0mbits territorials de tot Catalunya tindran pres\u00e8ncia a la <a href=\"https:\/\/mobileworldcapital.com\/es\/press\/mobile-week-cataluna-crece-y-llega-a-15-emplazamientos-el-2020\/\" target=\"_blank\" rel=\"noopener noreferrer\">Mobile Week Catalunya 2020.<\/a><br \/>\nLa Mobile Week, que el 2020 tamb\u00e9 arribar\u00e0 a la seva quarta edici\u00f3 a Barcelona (del 20 al 29 de febrer),&hellip;  <a href=\"https:\/\/projectes.xtec.cat\/xarxadults\/iniciatives-pedagogiques\/programes\/mobile-week-catalunya\/\" title=\"Read Mobile Week Catalunya\">Llegeix m\u00e9s\u00bb<\/a><\/p>\n","protected":false},"author":1,"featured_media":0,"parent":10042,"menu_order":120,"comment_status":"closed","ping_status":"closed","template":"page-templates\/side-menu.php","meta":{"_bbp_topic_count":0,"_bbp_reply_count":0,"_bbp_total_topic_count":0,"_bbp_total_reply_count":0,"_bbp_voice_count":0,"_bbp_anonymous_reply_count":0,"_bbp_topic_count_hidden":0,"_bbp_reply_count_hidden":0,"_bbp_forum_subforum_count":0,"footnotes":""},"class_list":["post-11042","page","type-page","status-publish","hentry"],"post_mailing_queue_ids":[],"_links":{"self":[{"href":"https:\/\/projectes.xtec.cat\/xarxadults\/wp-json\/wp\/v2\/pages\/11042","targetHints":{"allow":["GET"]}}],"collection":[{"href":"https:\/\/projectes.xtec.cat\/xarxadults\/wp-json\/wp\/v2\/pages"}],"about":[{"href":"https:\/\/projectes.xtec.cat\/xarxadults\/wp-json\/wp\/v2\/types\/page"}],"author":[{"embeddable":true,"href":"https:\/\/projectes.xtec.cat\/xarxadults\/wp-json\/wp\/v2\/users\/1"}],"replies":[{"embeddable":true,"href":"https:\/\/projectes.xtec.cat\/xarxadults\/wp-json\/wp\/v2\/comments?post=11042"}],"version-history":[{"count":4,"href":"https:\/\/projectes.xtec.cat\/xarxadults\/wp-json\/wp\/v2\/pages\/11042\/revisions"}],"predecessor-version":[{"id":12511,"href":"https:\/\/projectes.xtec.cat\/xarxadults\/wp-json\/wp\/v2\/pages\/11042\/revisions\/12511"}],"up":[{"embeddable":true,"href":"https:\/\/projectes.xtec.cat\/xarxadults\/wp-json\/wp\/v2\/pages\/10042"}],"wp:attachment":[{"href":"https:\/\/projectes.xtec.cat\/xarxadults\/wp-json\/wp\/v2\/media?parent=11042"}],"curies":[{"name":"wp","href":"https:\/\/api.w.org\/{rel}","templated":true}]}}