{"id":11125,"date":"2020-04-17T00:02:20","date_gmt":"2020-04-16T22:02:20","guid":{"rendered":"http:\/\/projectes.xtec.cat\/xarxadults\/?page_id=11125"},"modified":"2021-02-01T22:29:04","modified_gmt":"2021-02-01T21:29:04","slug":"propostes-de-bones-practiques-telematiques-i-creacio-de-xarxes","status":"publish","type":"page","link":"https:\/\/projectes.xtec.cat\/xarxadults\/actuacions-extraordinaries\/propostes-de-bones-practiques-telematiques-i-creacio-de-xarxes\/","title":{"rendered":"Propostes de bones pr\u00e0ctiques tel\u00e8matiques i creaci\u00f3 de xarxes"},"content":{"rendered":"<p>&nbsp;<\/p>\n<p style=\"text-align: justify;\"><a href=\"https:\/\/projectes.xtec.cat\/xarxadults\/wp-content\/uploads\/usu1741\/2020\/04\/Bones-pract.-i-xarxes.jpg\"><img loading=\"lazy\" decoding=\"async\" class=\"alignleft wp-image-11208\" title=\"Logo amb t\u00edtol Propostes de bones pr\u00e0ctiques telem\u00e0tiques i creaci\u00f3 de xarxes\" src=\"https:\/\/projectes.xtec.cat\/xarxadults\/wp-content\/uploads\/usu1741\/2020\/04\/Bones-pract.-i-xarxes.jpg\" alt=\"Logo amb t\u00edtol Propostes de bones pr\u00e0ctiques telem\u00e0tiques i creaci\u00f3 de xarxes\" width=\"155\" height=\"188\" srcset=\"https:\/\/projectes.xtec.cat\/xarxadults\/wp-content\/uploads\/usu1741\/2020\/04\/Bones-pract.-i-xarxes.jpg 333w, https:\/\/projectes.xtec.cat\/xarxadults\/wp-content\/uploads\/usu1741\/2020\/04\/Bones-pract.-i-xarxes-248x300.jpg 248w\" sizes=\"auto, (max-width: 155px) 100vw, 155px\" \/><\/a>Des del <strong>Servei d&#8217;Educaci\u00f3 al Llarg de la Vida<\/strong> valorem molt positivament les tasques d&#8217;acompanyament, orientaci\u00f3 i suport que s&#8217;estan realitzant des dels centres de formaci\u00f3 d&#8217;adults.<\/p>\n<p style=\"text-align: justify;\">S\u00f3n molt diverses les iniciatives preses, i a partir de les informacions facilitades per tots els CFA, hem elaborat un breu recull de les diferents eines i recursos telem\u00e0tics que esteu fent servir durant aquest per\u00edode excepcional, de manera que altres centres puguin agafar idees inspiradores i promoure la creaci\u00f3 de xarxes i intercanvi d\u2019experi\u00e8ncies.<\/p>\n<p>Hem agrupat aquestes experi\u00e8ncies en quatre grans blocs:<\/p>\n<p style=\"padding-left: 40px;\">&#8211; Suports per a la coordinaci\u00f3 de l\u2019equip docent i organitzaci\u00f3 interna<br \/>\n&#8211; Eines per a comunicacions i seguiment de l\u2019alumnat<br \/>\n&#8211; Propostes formatives telem\u00e0tiques per a l\u2019alumnat<br \/>\n&#8211; Altres informacions i pr\u00e0ctiques d\u2019inter\u00e8s<\/p>\n<p>Podeu accedir al document clicant a <strong><span style=\"color: #993300;\"><a style=\"color: #993300;\" href=\"https:\/\/projectes.xtec.cat\/xarxadults\/wp-content\/uploads\/usu1741\/2020\/04\/REVISAT-Orientacions-telem\u00e0tiques-per-als-CFA-1.pdf\" target=\"_blank\" rel=\"noopener noreferrer\">Orientacions telem\u00e0tiques per als CFA\u00a0<\/a><\/span><\/strong>i a les <a href=\"https:\/\/projectes.xtec.cat\/xarxadults\/wp-content\/uploads\/usu1741\/2020\/09\/ORIENTACIONS-CFA-SETEMBRE-2020.pdf\" target=\"_blank\" rel=\"noopener noreferrer\"><strong><span style=\"color: #993300;\">Orientacions per a CFA en context de crisi sanit\u00e0ria<\/span><\/strong><\/a><strong><span style=\"color: #993300;\">.<\/span><\/strong><\/p>\n<p style=\"text-align: justify;\">El <strong>Departament d&#8217;Educaci\u00f3<\/strong> ha publicat uns <strong><span style=\"color: #993300;\"><a style=\"color: #993300;\" href=\"http:\/\/xtec.gencat.cat\/ca\/recursos\/actuacio-extraordinaria-activitats-autoaprenentatge\/models-de-propostes-didactiques\/\" target=\"_blank\" rel=\"noopener noreferrer\">Models de propostes did\u00e0ctiques<\/a><\/span><\/strong>. Aquest material est\u00e0 preparat per fer-lo arribar directament a l\u2019alumnat, i cont\u00e9 pautes i criteris de realitzaci\u00f3. En cap cas, aquests models volen suplir les activitats que el propi equip directiu, en el marc de l\u2019autonomia de centre, ha programat. Es tracta de recursos posats a disposici\u00f3 del professorat. Cal vetllar perqu\u00e8 les activitats proposades tinguin un car\u00e0cter inclusiu i, per tant, considerin els ritmes, les caracter\u00edstiques i la situaci\u00f3 personal de cada alumne. En aquest <strong><span style=\"color: #993300;\"><a style=\"color: #993300;\" href=\"https:\/\/projectes.xtec.cat\/xarxadults\/wp-content\/uploads\/usu1741\/2020\/04\/Infografia-Orientacions-Inclusiva.html\">enlla\u00e7<\/a> <\/span><\/strong>trobareu m\u00e9s informaci\u00f3 sobre com organitzar accions pedag\u00f2giques inclusives.<\/p>\n<p style=\"text-align: justify;\">Si necessiteu m\u00e9s informaci\u00f3 sobre alguna d\u2019elles i voleu posar-vos en contacte amb els centres que les desenvolupen ens podeu escriure a <strong><span style=\"color: #993300;\">elvedu@gencat.cat <\/span><\/strong>i aix\u00ed poder crear xarxes compartides.<\/p>\n<p>&nbsp;<\/p>\n","protected":false},"excerpt":{"rendered":"<p>&nbsp;<br \/>\n<a href=\"https:\/\/projectes.xtec.cat\/xarxadults\/wp-content\/uploads\/usu1741\/2020\/04\/Bones-pract.-i-xarxes.jpg\"><\/a>Des del Servei d&#8217;Educaci\u00f3 al Llarg de la Vida valorem molt positivament les tasques d&#8217;acompanyament, orientaci\u00f3 i suport que s&#8217;estan realitzant des dels centres de formaci\u00f3 d&#8217;adults.<br \/>\nS\u00f3n molt diverses les iniciatives preses, i a partir de les informacions facilitades per tots els CFA, hem&hellip;  <a href=\"https:\/\/projectes.xtec.cat\/xarxadults\/actuacions-extraordinaries\/propostes-de-bones-practiques-telematiques-i-creacio-de-xarxes\/\" title=\"Read Propostes de bones pr\u00e0ctiques tel\u00e8matiques i creaci\u00f3 de xarxes\">Llegeix m\u00e9s\u00bb<\/a><\/p>\n","protected":false},"author":1,"featured_media":0,"parent":11113,"menu_order":20,"comment_status":"closed","ping_status":"closed","template":"page-templates\/side-menu.php","meta":{"_bbp_topic_count":0,"_bbp_reply_count":0,"_bbp_total_topic_count":0,"_bbp_total_reply_count":0,"_bbp_voice_count":0,"_bbp_anonymous_reply_count":0,"_bbp_topic_count_hidden":0,"_bbp_reply_count_hidden":0,"_bbp_forum_subforum_count":0,"footnotes":""},"class_list":["post-11125","page","type-page","status-publish","hentry"],"post_mailing_queue_ids":[],"_links":{"self":[{"href":"https:\/\/projectes.xtec.cat\/xarxadults\/wp-json\/wp\/v2\/pages\/11125","targetHints":{"allow":["GET"]}}],"collection":[{"href":"https:\/\/projectes.xtec.cat\/xarxadults\/wp-json\/wp\/v2\/pages"}],"about":[{"href":"https:\/\/projectes.xtec.cat\/xarxadults\/wp-json\/wp\/v2\/types\/page"}],"author":[{"embeddable":true,"href":"https:\/\/projectes.xtec.cat\/xarxadults\/wp-json\/wp\/v2\/users\/1"}],"replies":[{"embeddable":true,"href":"https:\/\/projectes.xtec.cat\/xarxadults\/wp-json\/wp\/v2\/comments?post=11125"}],"version-history":[{"count":3,"href":"https:\/\/projectes.xtec.cat\/xarxadults\/wp-json\/wp\/v2\/pages\/11125\/revisions"}],"predecessor-version":[{"id":11997,"href":"https:\/\/projectes.xtec.cat\/xarxadults\/wp-json\/wp\/v2\/pages\/11125\/revisions\/11997"}],"up":[{"embeddable":true,"href":"https:\/\/projectes.xtec.cat\/xarxadults\/wp-json\/wp\/v2\/pages\/11113"}],"wp:attachment":[{"href":"https:\/\/projectes.xtec.cat\/xarxadults\/wp-json\/wp\/v2\/media?parent=11125"}],"curies":[{"name":"wp","href":"https:\/\/api.w.org\/{rel}","templated":true}]}}