{"id":11561,"date":"2020-09-07T17:22:01","date_gmt":"2020-09-07T15:22:01","guid":{"rendered":"http:\/\/projectes.xtec.cat\/xarxadults\/?page_id=11561"},"modified":"2021-02-01T22:29:28","modified_gmt":"2021-02-01T21:29:28","slug":"comunitat-educativa-restaurativa-i-resilient","status":"publish","type":"page","link":"https:\/\/projectes.xtec.cat\/xarxadults\/actuacions-extraordinaries\/comunitat-educativa-restaurativa-i-resilient\/","title":{"rendered":"Comunitat educativa restaurativa i resilient"},"content":{"rendered":"<p>&nbsp;<\/p>\n<p style=\"text-align: justify;\"><a href=\"http:\/\/xtec.gencat.cat\/ca\/centres\/projeducatiu\/convivencia\/una-comunitat-educativa-restaurativa-i-resilient\/\" target=\"_blank\" rel=\"noopener noreferrer\"><img loading=\"lazy\" decoding=\"async\" class=\"alignleft wp-image-11556\" title=\"Logo per una comunitat educativa restaurativa i resilient. Marc restauratiu, material pr\u00e0ctic i recursos\" src=\"https:\/\/projectes.xtec.cat\/xarxadults\/wp-content\/uploads\/usu1741\/2020\/09\/Captura-2.jpg\" alt=\"Logo per una comunitat educativa restaurativa i resilient. Marc restauratiu, material pr\u00e0ctic i recursos\" width=\"218\" height=\"196\" srcset=\"https:\/\/projectes.xtec.cat\/xarxadults\/wp-content\/uploads\/usu1741\/2020\/09\/Captura-2.jpg 453w, https:\/\/projectes.xtec.cat\/xarxadults\/wp-content\/uploads\/usu1741\/2020\/09\/Captura-2-300x270.jpg 300w\" sizes=\"auto, (max-width: 218px) 100vw, 218px\" \/><\/a>Des del <strong>Departament d\u2019Educaci\u00f3<\/strong> partint de la necessitat de facilitar a tota la comunitat educativa estrat\u00e8gies per promoure un model d\u2019escola que t\u00e9 cura de les persones individualment i col\u00b7lectiva ofereix un marc te\u00f2ric i un banc de recursos basats en l\u2019enfocament restauratiu per promoure la resili\u00e8ncia.<\/p>\n<p style=\"text-align: justify;\">La finalitat d\u2019aquest enfocament \u00e9s la creaci\u00f3 de vincles i comunitat, d&#8217;espais segurs i de confian\u00e7a per compartir experi\u00e8ncies, hist\u00f2ries personals, emocions i necessitats. Tot com a eix vertebrador per superar la crisi viscuda per la pand\u00e8mia actual i promoure la resili\u00e8ncia per\u00f2, a la vegada, amb la pretensi\u00f3 de quedar-se per sempre com un tarann\u00e0, una manera de funcionar estable central en el PEC i el PdC de cada centre.<\/p>\n<p><a href=\"https:\/\/projectes.xtec.cat\/xarxadults\/wp-content\/uploads\/usu1741\/2020\/09\/Captura2.jpg\"><img loading=\"lazy\" decoding=\"async\" class=\"aligncenter wp-image-11565\" title=\"Logo per una comunitat educativa restaurativa i resilient. 1. Crear espais segurs i de confian\u00e7a per compartir. 2. Donar veu, escoltar i recon\u00e8ixer. 3. Empatitzar, compartir emocions i necessitats. 4. Identificar i recon\u00ecexer dany i afectaci\u00f3. 5. Reconnectar, fer vincles. 6. PRomoure la participaci\u00f3 activa i la presa de decisions conjunta. 7. Identificar oportunitats\" src=\"https:\/\/projectes.xtec.cat\/xarxadults\/wp-content\/uploads\/usu1741\/2020\/09\/Captura2.jpg\" alt=\"Logo per una comunitat educativa restaurativa i resilient. 1. Crear espais segurs i de confian\u00e7a per compartir. 2. Donar veu, escoltar i recon\u00e8ixer. 3. Empatitzar, compartir emocions i necessitats. 4. Identificar i recon\u00ecexer dany i afectaci\u00f3. 5. Reconnectar, fer vincles. 6. PRomoure la participaci\u00f3 activa i la presa de decisions conjunta. 7. Identificar oportunitats\" width=\"433\" height=\"623\" \/><\/a><\/p>\n<p style=\"text-align: justify;\">L\u2019<strong>enfocament restauratiu<\/strong> planteja una escola amable on:<\/p>\n<ul>\n<li style=\"list-style-type: none;\">\n<ul style=\"text-align: justify;\">\n<li>Es dona import\u00e0ncia a l\u2019establiment de relacions significatives, la creaci\u00f3 de vincles, pertinen\u00e7a i comunitat.<\/li>\n<li>Es generen espais i s\u2019endeguen estrat\u00e8gies per a:\n<ul>\n<li>Donar veu a tothom.<\/li>\n<li>Compartir punts de vista i hist\u00f2ries viscudes des de l&#8217;escolta atenta, activa i emp\u00e0tica i el respecte.<\/li>\n<li>Expressar i acompanyar emocions.<\/li>\n<li>Identificar necessitats personals i col\u00b7lectives.<\/li>\n<li>Promoure la responsabilitzaci\u00f3 individual i col\u00b7lectiva per donar resposta a les necessitats.<\/li>\n<li>Promoure l&#8217;autonomia en la gesti\u00f3 de les situacions, d&#8217;incid\u00e8ncies i\/o conflictes que afecten a cadasc\u00fa.<\/li>\n<\/ul>\n<\/li>\n<\/ul>\n<\/li>\n<\/ul>\n<ul>\n<li style=\"list-style-type: none;\">\n<ul>\n<li style=\"text-align: justify;\">Les conductes s\u2019entenen com un senyal que ens indica que hi ha necessitats no cobertes i no nom\u00e9s com una vulneraci\u00f3 de les normes.<\/li>\n<li style=\"text-align: justify;\">Es fomenta la responsabilitzaci\u00f3, la no culpabilitzaci\u00f3 i la reparaci\u00f3 per sobre del c\u00e0stig en la gesti\u00f3 dels conflictes.<\/li>\n<li style=\"text-align: justify;\">Es desenvolupen estrat\u00e8gies proactives per a la creaci\u00f3 de grup i comunitat i estrat\u00e8gies responsives per a la gesti\u00f3 del conflicte. Es proposa una comunitat competent en l\u2019\u00fas d\u2019aquestes estrat\u00e8gies i de les habilitats associades.<\/li>\n<li style=\"text-align: justify;\">Es promou el desenvolupament de les compet\u00e8ncies personals per a la gesti\u00f3 no-violenta de les relacions en tots els sectors de la comunitat educativa.<\/li>\n<\/ul>\n<\/li>\n<\/ul>\n<p>En definitiva, una escola restaurativa i resilient \u00e9s aquella on es prioritzen les persones, una escola humanitzadora.<\/p>\n<p>Aquests materials han estat elaborats amb l\u2019assessorament de la <a href=\"http:\/\/recerca.blanquerna.edu\/psitic\/url\/dra-monica-alberti-cortes\/\" target=\"_blank\" rel=\"noopener noreferrer\">Doctora M\u00f2nica Albert\u00ed<\/a>.<\/p>\n<p>Trobareu tota la informaci\u00f3 al <span style=\"color: #993300;\"><a style=\"color: #993300;\" href=\"http:\/\/xtec.gencat.cat\/ca\/centres\/projeducatiu\/convivencia\/una-comunitat-educativa-restaurativa-i-resilient\/\" target=\"_blank\" rel=\"noopener noreferrer\"><strong>link<\/strong><\/a><\/span>.<\/p>\n<p>&nbsp;<\/p>\n","protected":false},"excerpt":{"rendered":"<p>&nbsp;<br \/>\n<a href=\"http:\/\/xtec.gencat.cat\/ca\/centres\/projeducatiu\/convivencia\/una-comunitat-educativa-restaurativa-i-resilient\/\" target=\"_blank\" rel=\"noopener noreferrer\"><\/a>Des del Departament d\u2019Educaci\u00f3 partint de la necessitat de facilitar a tota la comunitat educativa estrat\u00e8gies per promoure un model d\u2019escola que t\u00e9 cura de les persones individualment i col\u00b7lectiva ofereix un marc te\u00f2ric i un banc de recursos basats en&hellip;  <a href=\"https:\/\/projectes.xtec.cat\/xarxadults\/actuacions-extraordinaries\/comunitat-educativa-restaurativa-i-resilient\/\" title=\"Read Comunitat educativa restaurativa i resilient\">Llegeix m\u00e9s\u00bb<\/a><\/p>\n","protected":false},"author":1,"featured_media":0,"parent":11113,"menu_order":7,"comment_status":"closed","ping_status":"closed","template":"page-templates\/side-menu.php","meta":{"_bbp_topic_count":0,"_bbp_reply_count":0,"_bbp_total_topic_count":0,"_bbp_total_reply_count":0,"_bbp_voice_count":0,"_bbp_anonymous_reply_count":0,"_bbp_topic_count_hidden":0,"_bbp_reply_count_hidden":0,"_bbp_forum_subforum_count":0,"footnotes":""},"class_list":["post-11561","page","type-page","status-publish","hentry"],"post_mailing_queue_ids":[],"_links":{"self":[{"href":"https:\/\/projectes.xtec.cat\/xarxadults\/wp-json\/wp\/v2\/pages\/11561","targetHints":{"allow":["GET"]}}],"collection":[{"href":"https:\/\/projectes.xtec.cat\/xarxadults\/wp-json\/wp\/v2\/pages"}],"about":[{"href":"https:\/\/projectes.xtec.cat\/xarxadults\/wp-json\/wp\/v2\/types\/page"}],"author":[{"embeddable":true,"href":"https:\/\/projectes.xtec.cat\/xarxadults\/wp-json\/wp\/v2\/users\/1"}],"replies":[{"embeddable":true,"href":"https:\/\/projectes.xtec.cat\/xarxadults\/wp-json\/wp\/v2\/comments?post=11561"}],"version-history":[{"count":3,"href":"https:\/\/projectes.xtec.cat\/xarxadults\/wp-json\/wp\/v2\/pages\/11561\/revisions"}],"predecessor-version":[{"id":11999,"href":"https:\/\/projectes.xtec.cat\/xarxadults\/wp-json\/wp\/v2\/pages\/11561\/revisions\/11999"}],"up":[{"embeddable":true,"href":"https:\/\/projectes.xtec.cat\/xarxadults\/wp-json\/wp\/v2\/pages\/11113"}],"wp:attachment":[{"href":"https:\/\/projectes.xtec.cat\/xarxadults\/wp-json\/wp\/v2\/media?parent=11561"}],"curies":[{"name":"wp","href":"https:\/\/api.w.org\/{rel}","templated":true}]}}