{"id":11577,"date":"2020-09-07T19:22:16","date_gmt":"2020-09-07T17:22:16","guid":{"rendered":"http:\/\/projectes.xtec.cat\/xarxadults\/?page_id=11577"},"modified":"2021-12-21T13:57:02","modified_gmt":"2021-12-21T12:57:02","slug":"formacio-del-professorat-2020-2021","status":"publish","type":"page","link":"https:\/\/projectes.xtec.cat\/xarxadults\/actuacions-extraordinaries\/formacio-del-professorat-2020-2021\/","title":{"rendered":"Formaci\u00f3 del professorat 2021-2022"},"content":{"rendered":"<p style=\"text-align: justify;\">Per al curs 2021-2022 el Servei d&#8217;Educaci\u00f3 al Llarg de la Vida t\u00e9 prevista la realitzaci\u00f3 d&#8217;aquestes activitats certificables de formaci\u00f3 dirigides a tot el personal docent dels CFA:<\/p>\n<p><strong>Primer trimestre:<\/strong><\/p>\n<p><a href=\"https:\/\/aplicacions.gestioeducativa.gencat.cat\/pls\/soloas\/pk_for_mod_ins.p_for_detall_activitat?p_header=Llista%20d%27activitats^pk_for_mod_ins.p_for_cons_activitats?p_entitat=0601%26p_totes=S%26p_inici=1%26p_excloure_crp_rec=F&amp;p_codi=9001650601&amp;p_curs=2021-2022&amp;p_excloure_crp_rec=F\" target=\"_blank\" rel=\"noopener\">Coeducaci\u00f3 per a una educaci\u00f3 no sexista a l&#8217;educaci\u00f3 d&#8217;adults<\/a> (Curs telem\u00e0tic (en l\u00ednia as\u00edncron). Professorat de persones adultes)<\/p>\n<p><strong>Segon trimestre:<\/strong><\/p>\n<p><a href=\"https:\/\/aplicacions.gestioeducativa.gencat.cat\/pls\/soloas\/pk_for_mod_ins.p_for_exhaustiu_activitat?p_header=Llista%20d%27activitats^pk_for_mod_ins.p_for_cons_activitats?p_entitat=0601%26p_totes=S%26p_inici=1%26p_excloure_crp_rec=F*Detall%20d%27activitat^pk_for_mod_ins.p_for_detall_activitat?p_codi=9001730601%26p_curs=2021-2022%26p_es_inscr=S&amp;p_codi=9001730601&amp;p_curs=2021-2022&amp;p_es_inscr=S\" target=\"_blank\" rel=\"noopener\">Atenci\u00f3 a la diversitat en els centres de formaci\u00f3 d\u2019adults.<\/a><\/p>\n<p><span style=\"color: #000000;\"><a style=\"color: #000000;\" href=\"https:\/\/aplicacions.gestioeducativa.gencat.cat\/pls\/soloas\/pk_for_mod_ins.p_for_exhaustiu_activitat?p_header=Llista%20d%27activitats^pk_for_mod_ins.p_for_cons_activitats?p_entitat=0601%26p_totes=S%26p_inici=1%26p_excloure_crp_rec=F*Detall%20d%27activitat^pk_for_mod_ins.p_for_detall_activitat?p_codi=9001990601%26p_curs=2021-2022%26p_es_inscr=S&amp;p_codi=9001990601&amp;p_curs=2021-2022&amp;p_es_inscr=S\" target=\"_blank\" rel=\"noopener\">Coeducaci\u00f3 per una educaci\u00f3 no sexista a l&#8217;educaci\u00f3 d&#8217;adults 2\u00aa Edici\u00f3.<\/a><\/span><\/p>\n<p>&nbsp;<\/p>\n<p>&nbsp;<\/p>\n<hr \/>\n<p>En <a href=\"http:\/\/xtec.gencat.cat\/ca\/formacio\/formaciocollectiusespecifics\/educacio-llarg-vida\/\" target=\"_blank\" rel=\"noopener\">aquesta p\u00e0gina<\/a> podreu trobar totes les activitats del Servei d&#8217;Educaci\u00f3 al Llarg de la Vida, tan les certificables com les activitats autoformatives (no certificables).<br \/>\n<a href=\"https:\/\/projectes.xtec.cat\/xarxadults\/wp-content\/uploads\/usu1741\/2020\/04\/Form-del-professorat.jpg\"><img loading=\"lazy\" decoding=\"async\" class=\"wp-image-11210 aligncenter\" title=\"Logo de la formaci\u00f3 espec\u00edfica pel professorat vesada en perspectives, metodologies i tecnologies\" src=\"https:\/\/projectes.xtec.cat\/xarxadults\/wp-content\/uploads\/usu1741\/2020\/04\/Form-del-professorat.jpg\" alt=\"Logo de la formaci\u00f3 espec\u00edfica pel professorat vesada en perspectives, metodologies i tecnologies\" width=\"246\" height=\"304\" srcset=\"https:\/\/projectes.xtec.cat\/xarxadults\/wp-content\/uploads\/usu1741\/2020\/04\/Form-del-professorat.jpg 336w, https:\/\/projectes.xtec.cat\/xarxadults\/wp-content\/uploads\/usu1741\/2020\/04\/Form-del-professorat-242x300.jpg 242w\" sizes=\"auto, (max-width: 246px) 100vw, 246px\" \/><\/a><\/p>\n","protected":false},"excerpt":{"rendered":"<p>Per al curs 2021-2022 el Servei d&#8217;Educaci\u00f3 al Llarg de la Vida t\u00e9 prevista la realitzaci\u00f3 d&#8217;aquestes activitats certificables de formaci\u00f3 dirigides a tot el personal docent dels CFA:<br \/>\nPrimer trimestre:<br \/>\n<a href=\"https:\/\/aplicacions.gestioeducativa.gencat.cat\/pls\/soloas\/pk_for_mod_ins.p_for_detall_activitat?p_header=Llista%20d%27activitats^pk_for_mod_ins.p_for_cons_activitats?p_entitat=0601%26p_totes=S%26p_inici=1%26p_excloure_crp_rec=F&amp;p_codi=9001650601&amp;p_curs=2021-2022&amp;p_excloure_crp_rec=F\" target=\"_blank\" rel=\"noopener\">Coeducaci\u00f3 per a una educaci\u00f3 no sexista a l&#8217;educaci\u00f3 d&#8217;adults<\/a> (Curs telem\u00e0tic (en&hellip;  <a href=\"https:\/\/projectes.xtec.cat\/xarxadults\/actuacions-extraordinaries\/formacio-del-professorat-2020-2021\/\" title=\"Read Formaci\u00f3 del professorat 2021-2022\">Llegeix m\u00e9s\u00bb<\/a><\/p>\n","protected":false},"author":1,"featured_media":0,"parent":11113,"menu_order":42,"comment_status":"closed","ping_status":"closed","template":"page-templates\/side-menu.php","meta":{"_bbp_topic_count":0,"_bbp_reply_count":0,"_bbp_total_topic_count":0,"_bbp_total_reply_count":0,"_bbp_voice_count":0,"_bbp_anonymous_reply_count":0,"_bbp_topic_count_hidden":0,"_bbp_reply_count_hidden":0,"_bbp_forum_subforum_count":0,"footnotes":""},"class_list":["post-11577","page","type-page","status-publish","hentry"],"post_mailing_queue_ids":[],"_links":{"self":[{"href":"https:\/\/projectes.xtec.cat\/xarxadults\/wp-json\/wp\/v2\/pages\/11577","targetHints":{"allow":["GET"]}}],"collection":[{"href":"https:\/\/projectes.xtec.cat\/xarxadults\/wp-json\/wp\/v2\/pages"}],"about":[{"href":"https:\/\/projectes.xtec.cat\/xarxadults\/wp-json\/wp\/v2\/types\/page"}],"author":[{"embeddable":true,"href":"https:\/\/projectes.xtec.cat\/xarxadults\/wp-json\/wp\/v2\/users\/1"}],"replies":[{"embeddable":true,"href":"https:\/\/projectes.xtec.cat\/xarxadults\/wp-json\/wp\/v2\/comments?post=11577"}],"version-history":[{"count":5,"href":"https:\/\/projectes.xtec.cat\/xarxadults\/wp-json\/wp\/v2\/pages\/11577\/revisions"}],"predecessor-version":[{"id":13150,"href":"https:\/\/projectes.xtec.cat\/xarxadults\/wp-json\/wp\/v2\/pages\/11577\/revisions\/13150"}],"up":[{"embeddable":true,"href":"https:\/\/projectes.xtec.cat\/xarxadults\/wp-json\/wp\/v2\/pages\/11113"}],"wp:attachment":[{"href":"https:\/\/projectes.xtec.cat\/xarxadults\/wp-json\/wp\/v2\/media?parent=11577"}],"curies":[{"name":"wp","href":"https:\/\/api.w.org\/{rel}","templated":true}]}}