{"id":12337,"date":"2021-03-15T19:04:49","date_gmt":"2021-03-15T18:04:49","guid":{"rendered":"http:\/\/projectes.xtec.cat\/xarxadults\/?page_id=12337"},"modified":"2024-06-03T13:22:48","modified_gmt":"2024-06-03T11:22:48","slug":"normativa","status":"publish","type":"page","link":"https:\/\/projectes.xtec.cat\/xarxadults\/ensenyaments\/nivells\/normativa\/","title":{"rendered":"Normativa"},"content":{"rendered":"<h3><\/h3>\n<ul>\n<li style=\"text-align: justify;\"><a href=\"http:\/\/portaldogc.gencat.cat\/utilsEADOP\/PDF\/7604\/1671287.pdf\" target=\"_blank\" rel=\"noopener noreferrer\">RESOLUCI\u00d3 ENS\/771\/2018, de 16 d\u2019abril<\/a>, per la qual es determinen els requisits que ha de tenir el professorat per impartir els ensenyaments COMPETIC en els centres de formaci\u00f3 de persones adultes del Departament d\u2019Ensenyament i s\u2019estableix el per\u00edode i el procediment d\u2019acreditaci\u00f3 d\u2019aquest professorat en el cas que no tingui les titulacions requerides.<\/li>\n<li style=\"text-align: justify;\"><a href=\"http:\/\/portaldogc.gencat.cat\/utilsEADOP\/PDF\/7580\/1665556.pdf\" target=\"_blank\" rel=\"noopener noreferrer\">RESOLUCI\u00d3 ENS\/447\/2018, de 12 de mar\u00e7<\/a>,<b>\u00a0<\/b>de modificaci\u00f3 de la Resoluci\u00f3 de 23 d\u2019abril de 2014, per la qual s\u2019estableix el procediment d\u2019avaluaci\u00f3 i certificaci\u00f3 dels ensenyaments de compet\u00e8ncia digital a l\u2019educaci\u00f3 d\u2019adults.<\/li>\n<li style=\"text-align: justify;\"><a href=\"http:\/\/actic.gencat.cat\/web\/.content\/01_informacio\/documents\/arxius\/O-PRE_206_2017-equival_COMPETIC.pdf\" target=\"_blank\" rel=\"nofollow noopener noreferrer\">ORDRE PRE\/206\/2017, de 4 de setembre<\/a>, de reconeixement de l\u2019equival\u00e8ncia entre els certificats de compet\u00e8ncia digital de l\u2019educaci\u00f3 de persones adultes (COMPETIC) i els certificats d\u2019acreditaci\u00f3 de compet\u00e8ncies en tecnologies de la informaci\u00f3 i la comunicaci\u00f3 (ACTIC).<\/li>\n<li style=\"text-align: justify;\"><a href=\"https:\/\/projectes.xtec.cat\/xarxadults\/wp-content\/uploads\/usu1741\/2021\/03\/RESOLUCIO_2012_CURRICULUM_COMPETIC-1.pdf\" target=\"_blank\" rel=\"noopener noreferrer\">RESOLUCI\u00d3 de 19 de juny de 2012<\/a>,\u00a0 per\u00a0 la\u00a0 qual\u00a0 s\u2019estableixen\u00a0 els\u00a0 curr\u00edculums\u00a0 dels\u00a0 ensenyaments\u00a0 d\u2019inform\u00e0tica\u00a0 d\u2019aplicaci\u00f3 als centres i aules de formaci\u00f3 de persones adultes, que depenen del Departament d\u2019Ensenyament.<\/li>\n<li style=\"text-align: justify;\"><a href=\"https:\/\/projectes.xtec.cat\/xarxadults\/wp-content\/uploads\/usu1741\/2021\/03\/RESOLUCIO_2016_CURRICULUM_COMPETIC.pdf\" target=\"_blank\" rel=\"noopener noreferrer\">RESOLUCIO de 14 de juny de 2016<\/a>\u00a0de modificaci\u00f3 de la Resoluci\u00f3 de 19 de juny de 2012, per la qual s\u2019estableixen els curr\u00edculums dels ensenyaments d\u2019inform\u00e0tica d\u2019aplicaci\u00f3 a la xarxa de centres i aules de formaci\u00f3 de persones adultes dependents del Departament d\u2019Ensenyament i els centres municipals autoritzats pel Departament.<\/li>\n<li style=\"text-align: justify;\"><a href=\"https:\/\/actic.gencat.cat\/web\/.content\/01_informacio\/documents\/arxius\/Ordre-PRE182016.pdf\">ORDRE PRE\/18\/2016, de 8 de febrer de 2016<\/a>, per la qual es revisen i s\u2019actualitzen els continguts de les compet\u00e8ncies digitals detallats a l\u2019annex 2 del Decret 89\/2009, de 9 de juny, pel qual es regula l\u2019acreditaci\u00f3 de compet\u00e8ncies en tecnologies de la informaci\u00f3 i la comunicaci\u00f3 (ACTIC).<\/li>\n<li style=\"text-align: justify;\"><a href=\"https:\/\/portaldogc.gencat.cat\/utilsEADOP\/PDF\/6614\/1352624.pdf\">RESOLUCI\u00d3 ENS\/924\/2014, de 23 d\u2019abril,<\/a>\u00a0per la qual s\u2019estableix el procediment d\u2019avaluaci\u00f3 i certificaci\u00f3 dels ensenyaments de compet\u00e8ncia digital a l\u2019educaci\u00f3 d\u2019adults.\u00a0(DOGC n\u00fam. 6614, de\u00a02.5.2014)<\/li>\n<li style=\"text-align: justify;\"><a href=\"http:\/\/dogc.gencat.cat\/ca\/pdogc_canals_interns\/pdogc_resultats_fitxa\/?documentId=649126&amp;language=ca_ES&amp;action=fitxa\" target=\"_blank\" rel=\"nofollow noopener noreferrer\">ORDRE ENS\/290\/2013, de 12 de novembre de 2013<\/a>, per la qual s\u2019estableix l\u2019equival\u00e8ncia entre els certificats de compet\u00e8ncia digital (COMPETIC) de l\u2019educaci\u00f3 de persones adultes i els certificats de l\u2019acreditaci\u00f3 de compet\u00e8ncies en tecnologies de la informaci\u00f3 i la comunicaci\u00f3 (ACTIC)<\/li>\n<li style=\"text-align: justify;\">El curr\u00edculum de compet\u00e8ncia digital COMPETIC \u00e9s una adaptaci\u00f3 a\u00a0l\u2019<a href=\"https:\/\/portaljuridic.gencat.cat\/ca\/document-del-pjur\/?documentId=623908\">ordre EMO\/417\/2012, de 27 de novembre<\/a>, per la qual es revisen i s\u2019actualitzen els continguts de les compet\u00e8ncies digitals detallats en\u00a0l\u2019<a href=\"https:\/\/portaljuridic.gencat.cat\/ca\/document-del-pjur\/?documentId=476644\">annex 2 del Decret 89\/2009, de 9 de juny<\/a>, pel qual es regula l\u2019acreditaci\u00f3 de compet\u00e8ncies en tecnologies de la informaci\u00f3 i la comunicaci\u00f3\u00a0<a href=\"http:\/\/ves.cat\/euf6\" rel=\"nofollow\">(ACTIC)<\/a>.<\/li>\n<\/ul>\n<p>Tota la normativa que regula la formaci\u00f3 d&#8217;adults la podeu trobar al web <a href=\"https:\/\/triaeducativa.gencat.cat\/ca\/al-llarg-vida\/normativa\/\">Tria Educativa<\/a>.<\/p>\n","protected":false},"excerpt":{"rendered":"<ul>\n<li style=\"text-align: justify;\"><a href=\"http:\/\/portaldogc.gencat.cat\/utilsEADOP\/PDF\/7604\/1671287.pdf\" target=\"_blank\" rel=\"noopener noreferrer\">RESOLUCI\u00d3 ENS\/771\/2018, de 16 d\u2019abril<\/a>, per la qual es determinen els requisits que ha de tenir el professorat per impartir els ensenyaments COMPETIC en els centres de formaci\u00f3 de persones adultes del Departament d\u2019Ensenyament i s\u2019estableix el per\u00edode i&hellip;  <a href=\"https:\/\/projectes.xtec.cat\/xarxadults\/ensenyaments\/nivells\/normativa\/\" title=\"Read Normativa\">Llegeix m\u00e9s\u00bb<\/a><br \/>\n","protected":false},"author":1,"featured_media":0,"parent":8420,"menu_order":70,"comment_status":"closed","ping_status":"closed","template":"page-templates\/side-menu.php","meta":{"_bbp_topic_count":0,"_bbp_reply_count":0,"_bbp_total_topic_count":0,"_bbp_total_reply_count":0,"_bbp_voice_count":0,"_bbp_anonymous_reply_count":0,"_bbp_topic_count_hidden":0,"_bbp_reply_count_hidden":0,"_bbp_forum_subforum_count":0,"footnotes":""},"class_list":["post-12337","page","type-page","status-publish","hentry"],"post_mailing_queue_ids":[],"_links":{"self":[{"href":"https:\/\/projectes.xtec.cat\/xarxadults\/wp-json\/wp\/v2\/pages\/12337","targetHints":{"allow":["GET"]}}],"collection":[{"href":"https:\/\/projectes.xtec.cat\/xarxadults\/wp-json\/wp\/v2\/pages"}],"about":[{"href":"https:\/\/projectes.xtec.cat\/xarxadults\/wp-json\/wp\/v2\/types\/page"}],"author":[{"embeddable":true,"href":"https:\/\/projectes.xtec.cat\/xarxadults\/wp-json\/wp\/v2\/users\/1"}],"replies":[{"embeddable":true,"href":"https:\/\/projectes.xtec.cat\/xarxadults\/wp-json\/wp\/v2\/comments?post=12337"}],"version-history":[{"count":7,"href":"https:\/\/projectes.xtec.cat\/xarxadults\/wp-json\/wp\/v2\/pages\/12337\/revisions"}],"predecessor-version":[{"id":14350,"href":"https:\/\/projectes.xtec.cat\/xarxadults\/wp-json\/wp\/v2\/pages\/12337\/revisions\/14350"}],"up":[{"embeddable":true,"href":"https:\/\/projectes.xtec.cat\/xarxadults\/wp-json\/wp\/v2\/pages\/8420"}],"wp:attachment":[{"href":"https:\/\/projectes.xtec.cat\/xarxadults\/wp-json\/wp\/v2\/media?parent=12337"}],"curies":[{"name":"wp","href":"https:\/\/api.w.org\/{rel}","templated":true}]}}