{"id":12346,"date":"2021-03-15T19:24:24","date_gmt":"2021-03-15T18:24:24","guid":{"rendered":"http:\/\/projectes.xtec.cat\/xarxadults\/?page_id=12346"},"modified":"2024-03-06T08:14:55","modified_gmt":"2024-03-06T07:14:55","slug":"normativa","status":"publish","type":"page","link":"https:\/\/projectes.xtec.cat\/xarxadults\/ensenyaments\/curriculum\/normativa\/","title":{"rendered":"Normativa"},"content":{"rendered":"<p>&nbsp;<\/p>\n<ul>\n<li><a href=\"https:\/\/dogc.gencat.cat\/ca\/document-del-dogc\/?documentId=821281\">Resoluci\u00f3 ENS\/1403\/2018<\/a>, de 21 de juny, per la qual s&#8217;estableix el curr\u00edculum de lleng\u00fces estrangeres als centres de formaci\u00f3 d&#8217;adults del Departament d&#8217;Ensenyament. (DOGC n\u00fam.7652, de 28.6.2018)<\/li>\n<li><a href=\"https:\/\/portaldogc.gencat.cat\/utilsEADOP\/PDF\/6652\/1361779.pdf\">Resoluci\u00f3 ENS\/1465\/2014<\/a>, de 19 de juny, per la qual s&#8217;estableix el procediment d&#8217;autoritzaci\u00f3 dels centres de formaci\u00f3 de persones adultes de titularitat p\u00fablica que no depenen del Departament d&#8217;Ensenyament a impartir amb reconeixement els ensenyaments de lleng\u00fces i els de compet\u00e8ncia digital (DOGC n\u00fam. 6653, de 27.6.2014)<\/li>\n<\/ul>\n<p>Tota la normativa que regula la formaci\u00f3 d&#8217;adults la podeu trobar al web <a href=\"https:\/\/triaeducativa.gencat.cat\/ca\/al-llarg-vida\/normativa\/\">Tria educativa<\/a>.<\/p>\n","protected":false},"excerpt":{"rendered":"<p>&nbsp;<\/p>\n<ul>\n<li><a href=\"https:\/\/dogc.gencat.cat\/ca\/document-del-dogc\/?documentId=821281\">Resoluci\u00f3 ENS\/1403\/2018<\/a>, de 21 de juny, per la qual s&#8217;estableix el curr\u00edculum de lleng\u00fces estrangeres als centres de formaci\u00f3 d&#8217;adults del Departament d&#8217;Ensenyament. (DOGC n\u00fam.7652, de 28.6.2018)<\/li>\n<li><a href=\"https:\/\/portaldogc.gencat.cat\/utilsEADOP\/PDF\/6652\/1361779.pdf\">Resoluci\u00f3 ENS\/1465\/2014<\/a>, de 19 de juny, per la qual s&#8217;estableix el procediment d&#8217;autoritzaci\u00f3 dels centres de formaci\u00f3&hellip;  <a href=\"https:\/\/projectes.xtec.cat\/xarxadults\/ensenyaments\/curriculum\/normativa\/\" title=\"Read Normativa\">Llegeix m\u00e9s\u00bb<\/a><br \/>\n","protected":false},"author":1,"featured_media":0,"parent":8441,"menu_order":60,"comment_status":"closed","ping_status":"closed","template":"page-templates\/side-menu.php","meta":{"_bbp_topic_count":0,"_bbp_reply_count":0,"_bbp_total_topic_count":0,"_bbp_total_reply_count":0,"_bbp_voice_count":0,"_bbp_anonymous_reply_count":0,"_bbp_topic_count_hidden":0,"_bbp_reply_count_hidden":0,"_bbp_forum_subforum_count":0,"footnotes":""},"class_list":["post-12346","page","type-page","status-publish","hentry"],"post_mailing_queue_ids":[],"_links":{"self":[{"href":"https:\/\/projectes.xtec.cat\/xarxadults\/wp-json\/wp\/v2\/pages\/12346","targetHints":{"allow":["GET"]}}],"collection":[{"href":"https:\/\/projectes.xtec.cat\/xarxadults\/wp-json\/wp\/v2\/pages"}],"about":[{"href":"https:\/\/projectes.xtec.cat\/xarxadults\/wp-json\/wp\/v2\/types\/page"}],"author":[{"embeddable":true,"href":"https:\/\/projectes.xtec.cat\/xarxadults\/wp-json\/wp\/v2\/users\/1"}],"replies":[{"embeddable":true,"href":"https:\/\/projectes.xtec.cat\/xarxadults\/wp-json\/wp\/v2\/comments?post=12346"}],"version-history":[{"count":6,"href":"https:\/\/projectes.xtec.cat\/xarxadults\/wp-json\/wp\/v2\/pages\/12346\/revisions"}],"predecessor-version":[{"id":14261,"href":"https:\/\/projectes.xtec.cat\/xarxadults\/wp-json\/wp\/v2\/pages\/12346\/revisions\/14261"}],"up":[{"embeddable":true,"href":"https:\/\/projectes.xtec.cat\/xarxadults\/wp-json\/wp\/v2\/pages\/8441"}],"wp:attachment":[{"href":"https:\/\/projectes.xtec.cat\/xarxadults\/wp-json\/wp\/v2\/media?parent=12346"}],"curies":[{"name":"wp","href":"https:\/\/api.w.org\/{rel}","templated":true}]}}