{"id":12375,"date":"2021-03-15T22:07:17","date_gmt":"2021-03-15T21:07:17","guid":{"rendered":"http:\/\/projectes.xtec.cat\/xarxadults\/?page_id=12375"},"modified":"2021-03-15T22:10:40","modified_gmt":"2021-03-15T21:10:40","slug":"nous-moduls-opcionals","status":"publish","type":"page","link":"https:\/\/projectes.xtec.cat\/xarxadults\/ensenyaments\/ges\/nous-moduls-opcionals\/","title":{"rendered":"Nous m\u00f2duls opcionals"},"content":{"rendered":"<p><span style=\"color: #800000;\"><strong>Nous m\u00f2duls opcionals de GES<\/strong><\/span><\/p>\n<table style=\"border-collapse: collapse; width: 100%;\" border=\"1\">\n<tbody>\n<tr style=\"height: 30px;\">\n<td style=\"width: 13.5176%; height: 30px;\"><span style=\"color: #800000;\"><strong>Qu\u00e8 s\u00f3n?<\/strong><\/span><\/td>\n<td style=\"width: 86.4825%; height: 30px;\" colspan=\"3\">\n<p style=\"text-align: justify;\">Els nous m\u00f2duls opcionals de GES s\u00f3n una oferta que complementa la llista de m\u00f2duls opcionals que figura en l\u2019Annex 1 del DECRET 161\/2009, de 27 d&#8217;octubre, d&#8217;ordenaci\u00f3 dels ensenyaments de l&#8217;educaci\u00f3 secund\u00e0ria obligat\u00f2ria per a les persones adultes. Els m\u00f2duls corresponen als diferents \u00e0mbits que conformen els estudis de GES.<\/p>\n<\/td>\n<\/tr>\n<tr style=\"height: 184px;\">\n<td style=\"width: 13.5176%; height: 184px;\"><span style=\"color: #800000;\"><strong>Quins s\u00f3n?<\/strong><\/span><\/p>\n<p>&nbsp;<\/td>\n<td style=\"width: 24.2463%; height: 184px;\"><span style=\"color: #800000;\"><strong>\u00c0mbit de la comunicaci\u00f3<\/strong><\/span><\/p>\n<ul>\n<li><a href=\"https:\/\/odissea.xtec.cat\/course\/view.php?id=55603\" target=\"_blank\" rel=\"noopener noreferrer\">Angl\u00e8s per al turisme 1<\/a><\/li>\n<li><a href=\"https:\/\/odissea.xtec.cat\/course\/view.php?id=55604\" target=\"_blank\" rel=\"noopener noreferrer\">Angl\u00e8s per al turisme 2<\/a><\/li>\n<li><a href=\"https:\/\/odissea.xtec.cat\/course\/view.php?id=55602\" target=\"_blank\" rel=\"noopener noreferrer\">Franc\u00e8s conversacional b\u00e0sic<\/a><\/li>\n<li><a href=\"https:\/\/odissea.xtec.cat\/course\/view.php?id=55584\" target=\"_blank\" rel=\"noopener noreferrer\">Informaci\u00f3 i pensament cr\u00edtic<\/a><\/li>\n<li><a href=\"https:\/\/odissea.xtec.cat\/course\/view.php?id=55583\" target=\"_blank\" rel=\"noopener noreferrer\">Catal\u00e0 administratiu<\/a><\/li>\n<\/ul>\n<\/td>\n<td style=\"width: 29.6106%; height: 184px;\"><span style=\"color: #800000;\"><strong>\u00c0mbit cientificotecnol\u00f2gic<\/strong><\/span><\/p>\n<ul>\n<li><a href=\"https:\/\/odissea.xtec.cat\/course\/view.php?id=55382\" target=\"_blank\" rel=\"noopener noreferrer\">Iniciaci\u00f3 a la creaci\u00f3 d\u2019aplicacions m\u00f2bils<\/a><\/li>\n<li><a href=\"https:\/\/odissea.xtec.cat\/course\/view.php?id=55383\" target=\"_blank\" rel=\"noopener noreferrer\">Creaci\u00f3 avan\u00e7ada d\u2019aplicacions m\u00f2bils<\/a><\/li>\n<li><a href=\"https:\/\/odissea.xtec.cat\/course\/view.php?id=55402\" target=\"_blank\" rel=\"noopener noreferrer\">Descobreix la ind\u00fastria 4.0<\/a><\/li>\n<\/ul>\n<\/td>\n<td style=\"width: 32.6256%; height: 184px;\"><span style=\"color: #800000;\"><strong>\u00c0mbit social<\/strong><\/span><strong><span style=\"color: #800000;\">\u00a0 \u00a0 \u00a0<\/span> \u00a0 \u00a0 \u00a0 \u00a0 \u00a0 \u00a0 \u00a0<\/strong><\/p>\n<ul>\n<li><a href=\"https:\/\/odissea.xtec.cat\/course\/view.php?id=55507\" target=\"_blank\" rel=\"noopener noreferrer\">Igualtat de g\u00e8nere al segle XXI<\/a><\/li>\n<li><a href=\"https:\/\/odissea.xtec.cat\/course\/view.php?id=55525\" target=\"_blank\" rel=\"noopener noreferrer\">Trobar feina. Jo puc!<\/a><\/li>\n<li><a href=\"https:\/\/odissea.xtec.cat\/course\/view.php?id=55526\" target=\"_blank\" rel=\"noopener noreferrer\">Emprendre: de la idea al model de negoci<\/a><\/li>\n<\/ul>\n<\/td>\n<\/tr>\n<tr style=\"height: 30px;\">\n<td style=\"width: 13.5176%; height: 30px;\"><span style=\"color: #800000;\"><strong>Com s\u00f3n?<\/strong><\/span><\/td>\n<td style=\"width: 86.4825%; height: 30px;\" colspan=\"3\">\n<p style=\"text-align: justify;\">Cada m\u00f2dul es presenta dins d\u2019un curs creat a la plataforma Moodle. All\u00e0 trobareu la Guia did\u00e0ctica, els Criteris d\u2019avaluaci\u00f3, les Fitxes de Treball, i, si s\u2019escau, els Materials d\u2019estudi. Els m\u00f2duls estan dissenyats de manera que les tasques que els alumnes han de desenvolupar cobreixin 35 hores lectives.<\/p>\n<\/td>\n<\/tr>\n<tr style=\"height: 30px;\">\n<td style=\"width: 13.5176%; height: 30px;\"><span style=\"color: #800000;\"><strong>Com procedir?<\/strong><\/span><\/td>\n<td style=\"width: 86.4825%; height: 30px;\" colspan=\"3\">\n<p style=\"text-align: justify;\">Els equips directius tenen acc\u00e9s a aquests m\u00f2duls i seran ells qui decidiran el mecanisme per implementar-los en el moodle del centre. No obstant, si teniu algun problema no dubteu en posar-vos en contacte amb el Servei d&#8217;Educaci\u00f3 al Llarg de la Vida.<\/p>\n<\/td>\n<\/tr>\n<\/tbody>\n<\/table>\n","protected":false},"excerpt":{"rendered":"<p>Nous m\u00f2duls opcionals de GES<\/p>\n<p>Qu\u00e8 s\u00f3n?<\/p>\n<p>Els nous m\u00f2duls opcionals de GES s\u00f3n una oferta que complementa la llista de m\u00f2duls opcionals que figura en l\u2019Annex 1 del DECRET 161\/2009, de 27 d&#8217;octubre, d&#8217;ordenaci\u00f3 dels ensenyaments de l&#8217;educaci\u00f3 secund\u00e0ria obligat\u00f2ria per a les persones adultes. Els&hellip;  <a href=\"https:\/\/projectes.xtec.cat\/xarxadults\/ensenyaments\/ges\/nous-moduls-opcionals\/\" title=\"Read Nous m\u00f2duls opcionals\">Llegeix m\u00e9s\u00bb<\/a><\/p>\n","protected":false},"author":1,"featured_media":0,"parent":9762,"menu_order":10,"comment_status":"closed","ping_status":"closed","template":"page-templates\/side-menu.php","meta":{"_bbp_topic_count":0,"_bbp_reply_count":0,"_bbp_total_topic_count":0,"_bbp_total_reply_count":0,"_bbp_voice_count":0,"_bbp_anonymous_reply_count":0,"_bbp_topic_count_hidden":0,"_bbp_reply_count_hidden":0,"_bbp_forum_subforum_count":0,"footnotes":""},"class_list":["post-12375","page","type-page","status-publish","hentry"],"post_mailing_queue_ids":[],"_links":{"self":[{"href":"https:\/\/projectes.xtec.cat\/xarxadults\/wp-json\/wp\/v2\/pages\/12375","targetHints":{"allow":["GET"]}}],"collection":[{"href":"https:\/\/projectes.xtec.cat\/xarxadults\/wp-json\/wp\/v2\/pages"}],"about":[{"href":"https:\/\/projectes.xtec.cat\/xarxadults\/wp-json\/wp\/v2\/types\/page"}],"author":[{"embeddable":true,"href":"https:\/\/projectes.xtec.cat\/xarxadults\/wp-json\/wp\/v2\/users\/1"}],"replies":[{"embeddable":true,"href":"https:\/\/projectes.xtec.cat\/xarxadults\/wp-json\/wp\/v2\/comments?post=12375"}],"version-history":[{"count":4,"href":"https:\/\/projectes.xtec.cat\/xarxadults\/wp-json\/wp\/v2\/pages\/12375\/revisions"}],"predecessor-version":[{"id":12389,"href":"https:\/\/projectes.xtec.cat\/xarxadults\/wp-json\/wp\/v2\/pages\/12375\/revisions\/12389"}],"up":[{"embeddable":true,"href":"https:\/\/projectes.xtec.cat\/xarxadults\/wp-json\/wp\/v2\/pages\/9762"}],"wp:attachment":[{"href":"https:\/\/projectes.xtec.cat\/xarxadults\/wp-json\/wp\/v2\/media?parent=12375"}],"curies":[{"name":"wp","href":"https:\/\/api.w.org\/{rel}","templated":true}]}}