{"id":12378,"date":"2021-03-15T22:06:35","date_gmt":"2021-03-15T21:06:35","guid":{"rendered":"http:\/\/projectes.xtec.cat\/xarxadults\/?page_id=12378"},"modified":"2024-10-10T12:28:36","modified_gmt":"2024-10-10T10:28:36","slug":"normativa","status":"publish","type":"page","link":"https:\/\/projectes.xtec.cat\/xarxadults\/ensenyaments\/ges\/normativa\/","title":{"rendered":"Normativa"},"content":{"rendered":"<p>&nbsp;<\/p>\n<ul>\n<li style=\"text-align: justify;\"><a href=\"https:\/\/dogc.gencat.cat\/ca\/document-del-dogc\/?documentId=504619\">Decret 161\/2009<\/a>, de 27 d&#8217;octubre, d&#8217;ordenaci\u00f3 dels ensenyaments de l&#8217;educaci\u00f3 secund\u00e0ria obligat\u00f2ria per a les persones adultes (DOGC n\u00fam. 5496, de 2.11.2009)<\/li>\n<li style=\"text-align: justify;\"><a href=\"https:\/\/dibaaps.diba.cat\/vnis\/temp\/CIDO_dogc_2011_07_20110718_11161009.pdf\">Ordre ENS\/154\/2011<\/a>, de 14 de juny, del procediment i els documents i requisits formals del proc\u00e9s d&#8217;avaluaci\u00f3 a l&#8217;educaci\u00f3 secund\u00e0ria obligat\u00f2ria per a les persones adultes (DOGC n\u00fam. 5922, de 18.7.2011)<\/li>\n<li>\n<p style=\"font-weight: 400; text-align: justify;\"><a href=\"http:\/\/dogc.gencat.cat\/ca\/pdogc_canals_interns\/pdogc_resultats_fitxa\/?action=fitxa&amp;mode=single&amp;documentId=548926&amp;language=ca_ES\" data-saferedirecturl=\"https:\/\/www.google.com\/url?q=http:\/\/dogc.gencat.cat\/ca\/pdogc_canals_interns\/pdogc_resultats_fitxa\/?action%3Dfitxa%26mode%3Dsingle%26documentId%3D548926%26language%3Dca_ES&amp;source=gmail&amp;ust=1615974641623000&amp;usg=AFQjCNG_UWCRTWQr66CSg-AdQFREc3baYg\">Ordre EDU\/18\/2010, de 15 de gener,<\/a>\u00a0<a href=\"http:\/\/dogc.gencat.cat\/ca\/pdogc_canals_interns\/pdogc_resultats_fitxa\/?action=fitxa&amp;mode=single&amp;documentId=548926&amp;language=ca_ES\" data-saferedirecturl=\"https:\/\/www.google.com\/url?q=http:\/\/dogc.gencat.cat\/ca\/pdogc_canals_interns\/pdogc_resultats_fitxa\/?action%3Dfitxa%26mode%3Dsingle%26documentId%3D548926%26language%3Dca_ES&amp;source=gmail&amp;ust=1615974641624000&amp;usg=AFQjCNE8k3TLvBYgfr4n49V6zO1UWB9wGw\">\u00a0<\/a>d&#8217;organitzaci\u00f3 de les proves lliures per a l&#8217;obtenci\u00f3 del t\u00edtol de graduat\/ada en educaci\u00f3 secund\u00e0ria obligat\u00f2ria per a persones majors de divuit anys (DOGC n\u00fam. 5551, de 22.1.2010)<\/p>\n<\/li>\n<\/ul>\n<p>Tota la normativa que regula la formaci\u00f3 d&#8217;adults la podeu trobar a\u00a0 la p\u00e0gina <a href=\"https:\/\/triaeducativa.gencat.cat\/ca\/al-llarg-vida\/\" target=\"_blank\" rel=\"noopener\">TRIA EDUCATIVA\/ADULTS\/NORMATIVA<\/a>.<\/p>\n","protected":false},"excerpt":{"rendered":"<p>&nbsp;<\/p>\n<ul>\n<li style=\"text-align: justify;\"><a href=\"https:\/\/dogc.gencat.cat\/ca\/document-del-dogc\/?documentId=504619\">Decret 161\/2009<\/a>, de 27 d&#8217;octubre, d&#8217;ordenaci\u00f3 dels ensenyaments de l&#8217;educaci\u00f3 secund\u00e0ria obligat\u00f2ria per a les persones adultes (DOGC n\u00fam. 5496, de 2.11.2009)<\/li>\n<li style=\"text-align: justify;\"><a href=\"https:\/\/dibaaps.diba.cat\/vnis\/temp\/CIDO_dogc_2011_07_20110718_11161009.pdf\">Ordre ENS\/154\/2011<\/a>, de 14 de juny, del procediment i els documents i requisits formals del proc\u00e9s d&#8217;avaluaci\u00f3 a&hellip;  <a href=\"https:\/\/projectes.xtec.cat\/xarxadults\/ensenyaments\/ges\/normativa\/\" title=\"Read Normativa\">Llegeix m\u00e9s\u00bb<\/a><br \/>\n","protected":false},"author":1,"featured_media":0,"parent":9762,"menu_order":20,"comment_status":"closed","ping_status":"closed","template":"page-templates\/side-menu.php","meta":{"_bbp_topic_count":0,"_bbp_reply_count":0,"_bbp_total_topic_count":0,"_bbp_total_reply_count":0,"_bbp_voice_count":0,"_bbp_anonymous_reply_count":0,"_bbp_topic_count_hidden":0,"_bbp_reply_count_hidden":0,"_bbp_forum_subforum_count":0,"footnotes":""},"class_list":["post-12378","page","type-page","status-publish","hentry"],"post_mailing_queue_ids":[],"_links":{"self":[{"href":"https:\/\/projectes.xtec.cat\/xarxadults\/wp-json\/wp\/v2\/pages\/12378","targetHints":{"allow":["GET"]}}],"collection":[{"href":"https:\/\/projectes.xtec.cat\/xarxadults\/wp-json\/wp\/v2\/pages"}],"about":[{"href":"https:\/\/projectes.xtec.cat\/xarxadults\/wp-json\/wp\/v2\/types\/page"}],"author":[{"embeddable":true,"href":"https:\/\/projectes.xtec.cat\/xarxadults\/wp-json\/wp\/v2\/users\/1"}],"replies":[{"embeddable":true,"href":"https:\/\/projectes.xtec.cat\/xarxadults\/wp-json\/wp\/v2\/comments?post=12378"}],"version-history":[{"count":4,"href":"https:\/\/projectes.xtec.cat\/xarxadults\/wp-json\/wp\/v2\/pages\/12378\/revisions"}],"predecessor-version":[{"id":14487,"href":"https:\/\/projectes.xtec.cat\/xarxadults\/wp-json\/wp\/v2\/pages\/12378\/revisions\/14487"}],"up":[{"embeddable":true,"href":"https:\/\/projectes.xtec.cat\/xarxadults\/wp-json\/wp\/v2\/pages\/9762"}],"wp:attachment":[{"href":"https:\/\/projectes.xtec.cat\/xarxadults\/wp-json\/wp\/v2\/media?parent=12378"}],"curies":[{"name":"wp","href":"https:\/\/api.w.org\/{rel}","templated":true}]}}