{"id":12393,"date":"2021-03-15T23:09:22","date_gmt":"2021-03-15T22:09:22","guid":{"rendered":"http:\/\/projectes.xtec.cat\/xarxadults\/?page_id=12393"},"modified":"2024-06-25T14:00:32","modified_gmt":"2024-06-25T12:00:32","slug":"preparacio-proves-acces-cicles-formatius-grau-superior","status":"publish","type":"page","link":"https:\/\/projectes.xtec.cat\/xarxadults\/ensenyaments\/preparacio-per-a-les-proves-dacces-i-cam\/preparacio-proves-acces-cicles-formatius-grau-superior\/","title":{"rendered":"Formaci\u00f3 per a les proves d&#8217;acc\u00e9s als cicles formatius de grau superior"},"content":{"rendered":"<p>&nbsp;<\/p>\n<p style=\"text-align: justify;\"><span style=\"font-family: inherit; font-size: 1em;\">Aquests estudis preparen per presentar-se a les proves d&#8217;acc\u00e9s als cicles de grau superior de formaci\u00f3 professional, d&#8217;arts pl\u00e0stiques i disseny i d&#8217;ensenyaments esportius. L&#8217;alumnat pot preparar la part comuna de la prova, la part espec\u00edfica, o totes dues.<\/span><\/p>\n<h5><span style=\"color: #993300;\"><strong>Contingut<\/strong><\/span><\/h5>\n<p>Les mat\u00e8ries del curs de formaci\u00f3 per a les proves d&#8217;acc\u00e9s als cicles formatius de grau superior s\u00f3n les seg\u00fcents:<\/p>\n<ul>\n<li><strong>Mat\u00e8ries de la part comuna<\/strong>\n<ul>\n<li>Llengua catalana<\/li>\n<li>Llengua castellana<\/li>\n<li>Llengua estrangera<\/li>\n<li>Matem\u00e0tiques<\/li>\n<li>Hist\u00f2ria (les persones que vulguin accedir als ensenyaments art\u00edstics poden cursar aquesta mat\u00e8ria en comptes de matem\u00e0tiques)<\/li>\n<\/ul>\n<\/li>\n<\/ul>\n<ul>\n<li><strong>Mat\u00e8ries de la part espec\u00edfica<\/strong>\n<ul>\n<li>Segons la fam\u00edlia professional o cicle al qual l&#8217;alumne vol accedir, cal escollir dues mat\u00e8ries de les opcions A, B, C o D.<\/li>\n<li>Opcions de mat\u00e8ries de la part espec\u00edfica: <a style=\"font-family: inherit; font-size: 1em;\" href=\"http:\/\/educacio.gencat.cat\/web\/.content\/home\/serveis-tramits\/proves\/proves-acces\/_compartits\/opcions-materies-GS-FP.pdf\">Consulteu<\/a><\/li>\n<\/ul>\n<\/li>\n<\/ul>\n<p><a href=\"https:\/\/educacio.gencat.cat\/web\/.content\/home\/serveis-tramits\/proves\/proves-acces\/_compartits\/opcions-materies-GS-FP.pdf\" target=\"_blank\" rel=\"noopener\"><img loading=\"lazy\" decoding=\"async\" class=\"alignnone wp-image-13604\" src=\"https:\/\/projectes.xtec.cat\/xarxadults\/wp-content\/uploads\/usu1741\/2022\/03\/opcions-materies-GS-FP-1024x996.jpg\" alt=\"\" width=\"880\" height=\"856\" srcset=\"https:\/\/projectes.xtec.cat\/xarxadults\/wp-content\/uploads\/usu1741\/2022\/03\/opcions-materies-GS-FP-1024x996.jpg 1024w, https:\/\/projectes.xtec.cat\/xarxadults\/wp-content\/uploads\/usu1741\/2022\/03\/opcions-materies-GS-FP-300x292.jpg 300w, https:\/\/projectes.xtec.cat\/xarxadults\/wp-content\/uploads\/usu1741\/2022\/03\/opcions-materies-GS-FP-768x747.jpg 768w, https:\/\/projectes.xtec.cat\/xarxadults\/wp-content\/uploads\/usu1741\/2022\/03\/opcions-materies-GS-FP-1536x1494.jpg 1536w, https:\/\/projectes.xtec.cat\/xarxadults\/wp-content\/uploads\/usu1741\/2022\/03\/opcions-materies-GS-FP-2048x1992.jpg 2048w\" sizes=\"auto, (max-width: 880px) 100vw, 880px\" \/><\/a><\/p>\n<p style=\"text-align: justify;\">El temari i els criteris d&#8217;avaluaci\u00f3 de cadascuna de les mat\u00e8ries s\u00f3n els que consten a l&#8217;annex 1 de la Resoluci\u00f3 EDU\/3983\/2010, de 9 de desembre.<\/p>\n<p style=\"text-align: justify;\">La durada m\u00ednima del curs de formaci\u00f3 per a les proves d&#8217;acc\u00e9s als cicles formatius de grau superior \u00e9s de 300 hores per a la part comuna i de 99 hores per a cada mat\u00e8ria de la part espec\u00edfica.<\/p>\n<h4><span style=\"color: #993300;\"><strong>Acc\u00e9s<\/strong><\/span><\/h4>\n<p>Poden accedir a aquests estudis les persones que tinguin m\u00e9s de 18 anys o els compleixen durant l&#8217;any natural en qu\u00e8 s&#8217;inicia la formaci\u00f3.<\/p>\n<p style=\"text-align: justify;\">Cal tenir en compte que per realitzar el curs de formaci\u00f3 per a les proves d&#8217;acc\u00e9s als cicles formatius de grau superior\u00a0 s&#8217;han de tenir m\u00e9s de 19 anys o complir-los l&#8217;any natural en qu\u00e8 es realitza la prova.<\/p>\n<h4 style=\"text-align: justify;\"><span style=\"color: #993300;\"><strong>Tr\u00e0mits<\/strong><\/span><\/h4>\n<p style=\"text-align: justify;\">Per cursar aquest ensenyament cal formalitzar la preinscripci\u00f3 i la matr\u00edcula d&#8217;acord amb els criteris fixats pel Departament d&#8217;Educaci\u00f3.<\/p>\n<p style=\"text-align: justify;\">Aquest curs \u00e9s gratu\u00eft en els centres dependents del Departament d&#8217;Educaci\u00f3. Per a la resta de centres, consulteu l&#8217;import en el centre corresponent.<\/p>\n<h4 style=\"text-align: justify;\"><span style=\"color: #993300;\"><strong>Continu\u00eftat<\/strong><\/span><\/h4>\n<p style=\"text-align: justify;\">La qualificaci\u00f3 obtinguda en el curs, si \u00e9s positiva, es multiplicar\u00e0 pel coeficient 0,20 i s\u2019afegir\u00e0 a la qualificaci\u00f3 obtinguda a la prova d\u2019acc\u00e9s sempre que sigui positiva.<\/p>\n<p style=\"text-align: justify;\">La superaci\u00f3 de la prova d\u00f3na acc\u00e9s a cursar un cicle formatiu de grau superior.<\/p>\n<h4><span style=\"color: #993300;\"><strong>Models de proves<\/strong><\/span><\/h4>\n<p>L\u2019<a href=\"https:\/\/agora.xtec.cat\/iesmila\/\" target=\"_blank\" rel=\"noopener\"><strong>Institut Mil\u00e0 i Fontanals<\/strong><\/a> d&#8217;Igualada t\u00e9 una recopilaci\u00f3 d&#8217;ex\u00e0mens de convocat\u00f2ries anteriors.<\/p>\n","protected":false},"excerpt":{"rendered":"<p>&nbsp;<br \/>\nAquests estudis preparen per presentar-se a les proves d&#8217;acc\u00e9s als cicles de grau superior de formaci\u00f3 professional, d&#8217;arts pl\u00e0stiques i disseny i d&#8217;ensenyaments esportius. L&#8217;alumnat pot preparar la part comuna de la prova, la part espec\u00edfica, o totes dues.<br \/>\nContingut<br \/>\nLes mat\u00e8ries del curs de formaci\u00f3 per&hellip;  <a href=\"https:\/\/projectes.xtec.cat\/xarxadults\/ensenyaments\/preparacio-per-a-les-proves-dacces-i-cam\/preparacio-proves-acces-cicles-formatius-grau-superior\/\" title=\"Read Formaci\u00f3 per a les proves d&#8217;acc\u00e9s als cicles formatius de grau superior\">Llegeix m\u00e9s\u00bb<\/a><\/p>\n","protected":false},"author":1,"featured_media":0,"parent":12403,"menu_order":30,"comment_status":"closed","ping_status":"closed","template":"page-templates\/side-menu.php","meta":{"_bbp_topic_count":0,"_bbp_reply_count":0,"_bbp_total_topic_count":0,"_bbp_total_reply_count":0,"_bbp_voice_count":0,"_bbp_anonymous_reply_count":0,"_bbp_topic_count_hidden":0,"_bbp_reply_count_hidden":0,"_bbp_forum_subforum_count":0,"footnotes":""},"class_list":["post-12393","page","type-page","status-publish","hentry"],"post_mailing_queue_ids":[],"_links":{"self":[{"href":"https:\/\/projectes.xtec.cat\/xarxadults\/wp-json\/wp\/v2\/pages\/12393","targetHints":{"allow":["GET"]}}],"collection":[{"href":"https:\/\/projectes.xtec.cat\/xarxadults\/wp-json\/wp\/v2\/pages"}],"about":[{"href":"https:\/\/projectes.xtec.cat\/xarxadults\/wp-json\/wp\/v2\/types\/page"}],"author":[{"embeddable":true,"href":"https:\/\/projectes.xtec.cat\/xarxadults\/wp-json\/wp\/v2\/users\/1"}],"replies":[{"embeddable":true,"href":"https:\/\/projectes.xtec.cat\/xarxadults\/wp-json\/wp\/v2\/comments?post=12393"}],"version-history":[{"count":8,"href":"https:\/\/projectes.xtec.cat\/xarxadults\/wp-json\/wp\/v2\/pages\/12393\/revisions"}],"predecessor-version":[{"id":14461,"href":"https:\/\/projectes.xtec.cat\/xarxadults\/wp-json\/wp\/v2\/pages\/12393\/revisions\/14461"}],"up":[{"embeddable":true,"href":"https:\/\/projectes.xtec.cat\/xarxadults\/wp-json\/wp\/v2\/pages\/12403"}],"wp:attachment":[{"href":"https:\/\/projectes.xtec.cat\/xarxadults\/wp-json\/wp\/v2\/media?parent=12393"}],"curies":[{"name":"wp","href":"https:\/\/api.w.org\/{rel}","templated":true}]}}