{"id":12394,"date":"2021-03-15T23:09:40","date_gmt":"2021-03-15T22:09:40","guid":{"rendered":"http:\/\/projectes.xtec.cat\/xarxadults\/?page_id=12394"},"modified":"2024-06-25T13:02:57","modified_gmt":"2024-06-25T11:02:57","slug":"preparacio-proves-acces-universitat","status":"publish","type":"page","link":"https:\/\/projectes.xtec.cat\/xarxadults\/ensenyaments\/preparacio-per-a-les-proves-dacces-i-cam\/preparacio-proves-acces-universitat\/","title":{"rendered":"Preparaci\u00f3 per a les proves d&#8217;acc\u00e9s a la universitat"},"content":{"rendered":"<p><img loading=\"lazy\" decoding=\"async\" class=\"alignleft\" src=\"https:\/\/projectes.xtec.cat\/xarxadults\/wp-content\/uploads\/usu1741\/2019\/02\/UPF-Ciutadella.jpg\" alt=\"Fotografia d'un gran edifici universitari amb alumnes estudiant a la gespa\" width=\"343\" height=\"228\" \/><\/p>\n<p>&nbsp;<\/p>\n<p>Aquests estudis preparen les persones m\u00e9s grans de 25 anys per a les proves d&#8217;acc\u00e9s a la universitat.<\/p>\n<p>La matr\u00edcula es formalitza al\u00a0<a href=\"https:\/\/accesuniversitat.gencat.cat\/\" target=\"_blank\" rel=\"noopener noreferrer\">portal d&#8217;acc\u00e9s a la universitat<\/a>.<\/p>\n<p>Es pot trobar m\u00e9s informacions al Canal Universitats\u00a0<a style=\"color: #2795b6;\" href=\"https:\/\/universitats.gencat.cat\/ca\/inici\" target=\"_blank\" rel=\"noopener noreferrer\"><strong>Informacions generals<\/strong><\/a><\/p>\n<hr \/>\n<h6><\/h6>\n<h6><\/h6>\n<h5 style=\"text-align: center;\"><strong>Presentaci\u00f3 30 novembre 2022:<\/strong><a href=\"https:\/\/drive.google.com\/file\/d\/1sXUvTLIQ98xMNfILz5NPba88Cnsi8Gxn\/view?usp=share_link\" target=\"_blank\" rel=\"noopener\"> Proves d\u2019acc\u00e9s a la universitat. Preinscripci\u00f3 universit\u00e0ria 2023<\/a>.<\/h5>\n<h4><\/h4>\n<p>&nbsp;<\/p>\n<h4><span style=\"color: #993300;\"><strong>Contingut<\/strong><\/span><\/h4>\n<ul>\n<li><em>Mat\u00e8ries de la fase general<\/em>\u00a0(igual per a tots els candidats)<\/li>\n<\/ul>\n<p style=\"padding-left: 40px;\">Comentari de text<br \/>\nLlengua catalana<br \/>\nLlengua castellana<br \/>\nLlengua estrangera (a triar entre angl\u00e8s, franc\u00e8s, alemany, itali\u00e0 o portugu\u00e8s)<\/p>\n<p style=\"text-align: justify;\">Els exercicis de comentari de text, llengua catalana i llengua castellana s\u00f3n comuns a les proves per a m\u00e9s grans de 25 anys i les proves per a m\u00e9s grans de 45 anys.<\/p>\n<ul>\n<li><em>Mat\u00e8ries de la fase espec\u00edfica<\/em><\/li>\n<\/ul>\n<p style=\"text-align: justify; padding-left: 40px;\">L&#8217;alumne ha d&#8217;escollir dues mat\u00e8ries relacionades amb una de les branques de coneixement, entorn de les quals s&#8217;organitzen els t\u00edtols universitaris de grau.<\/p>\n<p style=\"padding-left: 40px;\">Relaci\u00f3 de branques i mat\u00e8ries: <a href=\"https:\/\/universitats.gencat.cat\/ca\/acces-universitat\/acces-segons-perfils-estudiants\/tinc-mes-25-anys\/#bloc3\" target=\"_blank\" rel=\"noopener\">Consulteu<\/a><\/p>\n<table style=\"width: 479px;\">\n<tbody>\n<tr>\n<td style=\"width: 233.6px; text-align: center;\"><strong>Opcions d&#8217;acc\u00e9s<\/strong><\/td>\n<td style=\"width: 238.4px; text-align: center;\"><strong>Mat\u00e8ries<\/strong><\/td>\n<\/tr>\n<tr>\n<td style=\"width: 233.6px; text-align: center;\"><em>A) Arts i humanitats<\/em><\/td>\n<td style=\"width: 238.4px; text-align: center;\">Filosofia<br \/>\nGeografia<br \/>\nHist\u00f2ria contempor\u00e0nia<br \/>\nHist\u00f2ria de l&#8217;art<br \/>\nLiteratura<\/td>\n<\/tr>\n<tr>\n<td style=\"width: 233.6px; text-align: center;\"><em>B) Ci\u00e8ncies<\/em><\/td>\n<td style=\"width: 238.4px; text-align: center;\">Biologia<br \/>\nF\u00edsica<br \/>\nMatem\u00e0tiques<br \/>\nQu\u00edmica<br \/>\nEstad\u00edstica<\/td>\n<\/tr>\n<tr>\n<td style=\"width: 233.6px; text-align: center;\"><em>C) Ci\u00e8ncies de la salut<\/em><\/td>\n<td style=\"width: 238.4px; text-align: center;\">Biologia<br \/>\nEstad\u00edstica<br \/>\nF\u00edsica<br \/>\nMatem\u00e0tiques<br \/>\nQu\u00edmica<\/td>\n<\/tr>\n<tr>\n<td style=\"width: 233.6px; text-align: center;\"><em>D) Ci\u00e8ncies socials i <\/em><em>jur\u00eddiques<\/em><\/td>\n<td style=\"width: 238.4px; text-align: center;\">Economia de l&#8217;empresa<br \/>\nEstad\u00edstica<br \/>\nGeografia<br \/>\nHist\u00f2ria contempor\u00e0nia<br \/>\nMatem\u00e0tiques<\/td>\n<\/tr>\n<tr>\n<td style=\"width: 233.6px; text-align: center;\"><em>E) Enginyeria i arquitectura<\/em><\/td>\n<td style=\"width: 238.4px; text-align: center;\">Dibuix t\u00e8cnic<br \/>\nEconomia de l&#8217;empresa<br \/>\nF\u00edsica<br \/>\nMatem\u00e0tiques<br \/>\nQu\u00edmica<\/td>\n<\/tr>\n<\/tbody>\n<\/table>\n<p>Els <a href=\"https:\/\/universitats.gencat.cat\/ca\/acces-universitat\/acces-segons-perfils-estudiants\/tinc-mes-25-anys\/\" target=\"_blank\" rel=\"noopener noreferrer\"><strong>Temaris i informaci\u00f3 dels ex\u00e0mens<\/strong><\/a> es troben enlla\u00e7ats.<\/p>\n<h4><span style=\"color: #993300;\"><strong>Acc\u00e9s<\/strong><\/span><\/h4>\n<p>Poden accedir a aquests estudis les persones m\u00e9s grans de 25 anys o que els compleixin l&#8217;any natural en qu\u00e8 es realitza la prova.<\/p>\n<p>Les persones que hi volen accedir no han de tenir superades les PAU (o equivalent), no han d&#8217;estar en possessi\u00f3 d&#8217;un t\u00edtol de t\u00e8cnic superior de formaci\u00f3 professional, d&#8217;arts pl\u00e0stiques i disseny o d&#8217;esports (o equivalent), ni tenir cap titulaci\u00f3 universit\u00e0ria.<\/p>\n<h4><span style=\"color: #993300;\"><strong>Tr\u00e0mits<\/strong><\/span><\/h4>\n<p>Per cursar aquest ensenyament cal formalitzar la preinscripci\u00f3 i la matr\u00edcula d&#8217;acord amb els criteris fixats pel Departament d&#8217;Educaci\u00f3.<\/p>\n<p>Aquest curs \u00e9s gratu\u00eft en els centres dependents del Departament d&#8217;Educaci\u00f3. Per a la resta de centres, consulteu l&#8217;import en el centre corresponent.<\/p>\n<h5><span style=\"color: #993300;\"><strong>Continu\u00eftat<\/strong><\/span><\/h5>\n<p>La superaci\u00f3 de la prova d\u00f3na acc\u00e9s a cursar estudis universitaris.<\/p>\n<p>&nbsp;<\/p>\n","protected":false},"excerpt":{"rendered":"<p>&nbsp;<br \/>\nAquests estudis preparen les persones m\u00e9s grans de 25 anys per a les proves d&#8217;acc\u00e9s a la universitat.<br \/>\nLa matr\u00edcula es formalitza al\u00a0<a href=\"https:\/\/accesuniversitat.gencat.cat\/\" target=\"_blank\" rel=\"noopener noreferrer\">portal d&#8217;acc\u00e9s a la universitat<\/a>.<br \/>\nEs pot trobar m\u00e9s informacions al Canal Universitats\u00a0<a style=\"color: #2795b6;\" href=\"https:\/\/universitats.gencat.cat\/ca\/inici\" target=\"_blank\" rel=\"noopener noreferrer\">Informacions generals<\/a><\/p>\n<p>Presentaci\u00f3 30&hellip;  <a href=\"https:\/\/projectes.xtec.cat\/xarxadults\/ensenyaments\/preparacio-per-a-les-proves-dacces-i-cam\/preparacio-proves-acces-universitat\/\" title=\"Read Preparaci\u00f3 per a les proves d&#8217;acc\u00e9s a la universitat\">Llegeix m\u00e9s\u00bb<\/a><\/p>\n","protected":false},"author":1,"featured_media":0,"parent":12403,"menu_order":40,"comment_status":"closed","ping_status":"closed","template":"page-templates\/side-menu.php","meta":{"_bbp_topic_count":0,"_bbp_reply_count":0,"_bbp_total_topic_count":0,"_bbp_total_reply_count":0,"_bbp_voice_count":0,"_bbp_anonymous_reply_count":0,"_bbp_topic_count_hidden":0,"_bbp_reply_count_hidden":0,"_bbp_forum_subforum_count":0,"footnotes":""},"class_list":["post-12394","page","type-page","status-publish","hentry"],"post_mailing_queue_ids":[],"_links":{"self":[{"href":"https:\/\/projectes.xtec.cat\/xarxadults\/wp-json\/wp\/v2\/pages\/12394","targetHints":{"allow":["GET"]}}],"collection":[{"href":"https:\/\/projectes.xtec.cat\/xarxadults\/wp-json\/wp\/v2\/pages"}],"about":[{"href":"https:\/\/projectes.xtec.cat\/xarxadults\/wp-json\/wp\/v2\/types\/page"}],"author":[{"embeddable":true,"href":"https:\/\/projectes.xtec.cat\/xarxadults\/wp-json\/wp\/v2\/users\/1"}],"replies":[{"embeddable":true,"href":"https:\/\/projectes.xtec.cat\/xarxadults\/wp-json\/wp\/v2\/comments?post=12394"}],"version-history":[{"count":4,"href":"https:\/\/projectes.xtec.cat\/xarxadults\/wp-json\/wp\/v2\/pages\/12394\/revisions"}],"predecessor-version":[{"id":14452,"href":"https:\/\/projectes.xtec.cat\/xarxadults\/wp-json\/wp\/v2\/pages\/12394\/revisions\/14452"}],"up":[{"embeddable":true,"href":"https:\/\/projectes.xtec.cat\/xarxadults\/wp-json\/wp\/v2\/pages\/12403"}],"wp:attachment":[{"href":"https:\/\/projectes.xtec.cat\/xarxadults\/wp-json\/wp\/v2\/media?parent=12394"}],"curies":[{"name":"wp","href":"https:\/\/api.w.org\/{rel}","templated":true}]}}