{"id":12395,"date":"2021-03-15T23:05:56","date_gmt":"2021-03-15T22:05:56","guid":{"rendered":"http:\/\/projectes.xtec.cat\/xarxadults\/?page_id=12395"},"modified":"2024-06-25T13:54:43","modified_gmt":"2024-06-25T11:54:43","slug":"curs-dacces-a-grau-mitja-cam","status":"publish","type":"page","link":"https:\/\/projectes.xtec.cat\/xarxadults\/ensenyaments\/preparacio-per-a-les-proves-dacces-i-cam\/curs-dacces-a-grau-mitja-cam\/","title":{"rendered":"Curs de formaci\u00f3 preparatori per a l&#8217;acc\u00e9s a cicles formatius de grau mitj\u00e0 (CAM)"},"content":{"rendered":"<h4><strong><span style=\"color: #993300;\">Descripci\u00f3<\/span><\/strong><\/h4>\n<p>La superaci\u00f3 d&#8217;aquest curs permet l&#8217;acc\u00e9s directe als cicles de grau mitj\u00e0 de formaci\u00f3 professional inicial. En el cas dels ensenyaments d&#8217;arts pl\u00e0stiques i disseny, permet l&#8217;exempci\u00f3 de la part comuna de la prova d&#8217;acc\u00e9s; en el cas dels ensenyaments esportius, l&#8217;exempci\u00f3 de la prova d&#8217;acc\u00e9s de car\u00e0cter general.<\/p>\n<h4><span style=\"color: #993300;\"><strong>Contingut<\/strong><\/span><\/h4>\n<p>El curs \u00e9s presencial i t\u00e9 una durada de 429 hores, m\u00e9s una hora setmanal de tutoria.<\/p>\n<p>L&#8217;estructura b\u00e0sica \u00e9s la seg\u00fcent:<\/p>\n<table style=\"border-style: solid; width: 58.5603%; height: 352px;\">\n<tbody>\n<tr style=\"height: 64px;\">\n<td style=\"width: 30.6827%; height: 64px;\"><strong>Mat\u00e8ries del curs<\/strong><\/td>\n<td style=\"width: 17.0311%; height: 64px; text-align: center;\"><strong>Hores lectives setmanals<\/strong><\/td>\n<\/tr>\n<tr style=\"height: 32px;\">\n<td style=\"width: 30.6827%; height: 32px;\">Comunicaci\u00f3 en llengua catalana<\/td>\n<td style=\"text-align: center; width: 17.0311%; height: 32px;\">2<\/td>\n<\/tr>\n<tr style=\"height: 32px;\">\n<td style=\"width: 30.6827%; height: 32px;\">Comunicaci\u00f3 en llengua castellana<\/td>\n<td style=\"text-align: center; width: 17.0311%; height: 32px;\">2<\/td>\n<\/tr>\n<tr style=\"height: 32px;\">\n<td style=\"width: 30.6827%; height: 32px;\">Llengua anglesa<\/td>\n<td style=\"text-align: center; width: 17.0311%; height: 32px;\">2<\/td>\n<\/tr>\n<tr style=\"height: 32px;\">\n<td style=\"width: 30.6827%; height: 32px;\">Ci\u00e8ncies socials i ciutadania<\/td>\n<td style=\"text-align: center; width: 17.0311%; height: 32px;\">1<\/td>\n<\/tr>\n<tr style=\"height: 32px;\">\n<td style=\"width: 30.6827%; height: 32px;\">Matem\u00e0tiques<\/td>\n<td style=\"text-align: center; width: 17.0311%; height: 32px;\">2<\/td>\n<\/tr>\n<tr style=\"height: 32px;\">\n<td style=\"width: 30.6827%; height: 32px;\">Tecnologia<\/td>\n<td style=\"text-align: center; width: 17.0311%; height: 32px;\">2<\/td>\n<\/tr>\n<tr style=\"height: 32px;\">\n<td style=\"width: 30.6827%; height: 32px;\">Ci\u00e8ncies de la naturalesa<\/td>\n<td style=\"text-align: center; width: 17.0311%; height: 32px;\">2<\/td>\n<\/tr>\n<tr style=\"height: 32px;\">\n<td style=\"width: 30.6827%; height: 32px;\">Tutoria i orientaci\u00f3<\/td>\n<td style=\"text-align: center; width: 17.0311%; height: 32px;\">1<\/td>\n<\/tr>\n<tr style=\"height: 32px;\">\n<td style=\"width: 30.6827%; height: 32px;\"><strong>Total del curs<\/strong><\/td>\n<td style=\"text-align: center; width: 17.0311%; height: 32px;\"><strong>14<\/strong><\/td>\n<\/tr>\n<\/tbody>\n<\/table>\n<p>Els temaris i els criteris d&#8217;avaluaci\u00f3 de les mat\u00e8ries s\u00f3n els mateixos que els de les proves d&#8217;acc\u00e9s a cicles formatius de grau mitj\u00e0.<br \/>\nEs poden consultar al <a href=\"https:\/\/triaeducativa.gencat.cat\/ca\/proves\/proves-acces\/fp\/fp-gm\/temaris\/\" target=\"_blank\" rel=\"noopener\">web Tria educativa<\/a>.<\/p>\n<h4><span style=\"color: #993300;\"><strong>Qualificaci\u00f3<\/strong><\/span><\/h4>\n<p>La mat\u00e8ria Tutoria i orientaci\u00f3 no \u00e9s avaluable.<\/p>\n<p>La qualificaci\u00f3 de cada mat\u00e8ria \u00e9s num\u00e8rica, entre 1 i 10, sense decimals.<\/p>\n<p>La qualificaci\u00f3 final del curs es calcula fent la mitjana aritm\u00e8tica de les qualificacions de les mat\u00e8ries, expressada amb 2 decimals. Cal obtenir un m\u00ednim de 4 punts en cadascuna de les mat\u00e8ries per fer la mitjana.<\/p>\n<p>La qualificaci\u00f3 final del curs \u00e9s positiva a partir de 5 punts. Aquesta qualificaci\u00f3 final del curs es recull com a \u201cSuperat\u201d o \u201cNo superat\u201d, seguida de la qualificaci\u00f3 num\u00e8rica obtinguda.<\/p>\n<p>No es podr\u00e0 expedir el certificat d&#8217;haver superat el curs si no s&#8217;ha assistit, almenys, al 80 % de les hores de les activitats lectives de cada mat\u00e8ria i de la tutoria.<\/p>\n<h4><span style=\"color: #993300;\"><strong>Acc\u00e9s<\/strong><\/span><\/h4>\n<p>Poden accedir-hi les persones que no tenen els requisits d&#8217;acc\u00e9s als cicles de grau mitj\u00e0 de formaci\u00f3 professional, als cicles de grau mitj\u00e0 d&#8217;arts pl\u00e0stiques i disseny o als cicles de grau mitj\u00e0 d&#8217;ensenyaments esportius.<\/p>\n<p>Per matricular-se al curs es requereix tenir, almenys, setze anys, complerts en l&#8217;any d&#8217;inici del curs<\/p>\n<h4><span style=\"color: #993300;\"><strong>Tr\u00e0mits<\/strong><\/span><\/h4>\n<p>Per cursar aquest curs cal formalitzar-ne la preinscripci\u00f3 i la matr\u00edcula d&#8217;acord amb els criteris fixats pel Departament d&#8217;Educaci\u00f3.<\/p>\n<h4><span style=\"color: #993300;\"><strong>Efectes de superar el curs<\/strong><\/span><\/h4>\n<p>Pel que fa a la formaci\u00f3 professional inicial, la superaci\u00f3 del curs dona l&#8217;exempci\u00f3 de la prova d&#8217;acc\u00e9s a cicles formatius de grau mitj\u00e0 i, per tant, l&#8217;acc\u00e9s directe a qualsevol cicle de grau mitj\u00e0.<\/p>\n<p>En els ensenyaments d&#8217;arts pl\u00e0stiques i disseny i en els ensenyaments esportius, dona l&#8217;exempci\u00f3 de la part comuna o de la prova d&#8217;acc\u00e9s de car\u00e0cter general a cicles formatius de grau mitj\u00e0, respectivament. En tots dos casos, l&#8217;alumne o alumna ha de superar la part espec\u00edfica de la prova d&#8217;acc\u00e9s.<\/p>\n<p>En el cas de no superar el curs, les mat\u00e8ries amb una qualificaci\u00f3 positiva (o sigui, sempre que siguin de 5 punts o m\u00e9s), permeten l&#8217;exempci\u00f3 del corresponent exercici de la prova d&#8217;acc\u00e9s a cicles formatius de grau mitj\u00e0.<\/p>\n","protected":false},"excerpt":{"rendered":"<p>Descripci\u00f3<br \/>\nLa superaci\u00f3 d&#8217;aquest curs permet l&#8217;acc\u00e9s directe als cicles de grau mitj\u00e0 de formaci\u00f3 professional inicial. En el cas dels ensenyaments d&#8217;arts pl\u00e0stiques i disseny, permet l&#8217;exempci\u00f3 de la part comuna de la prova d&#8217;acc\u00e9s; en el cas dels ensenyaments esportius, l&#8217;exempci\u00f3 de la prova&hellip;  <a href=\"https:\/\/projectes.xtec.cat\/xarxadults\/ensenyaments\/preparacio-per-a-les-proves-dacces-i-cam\/curs-dacces-a-grau-mitja-cam\/\" title=\"Read Curs de formaci\u00f3 preparatori per a l&#8217;acc\u00e9s a cicles formatius de grau mitj\u00e0 (CAM)\">Llegeix m\u00e9s\u00bb<\/a><\/p>\n","protected":false},"author":1,"featured_media":0,"parent":12403,"menu_order":10,"comment_status":"closed","ping_status":"closed","template":"","meta":{"_bbp_topic_count":0,"_bbp_reply_count":0,"_bbp_total_topic_count":0,"_bbp_total_reply_count":0,"_bbp_voice_count":0,"_bbp_anonymous_reply_count":0,"_bbp_topic_count_hidden":0,"_bbp_reply_count_hidden":0,"_bbp_forum_subforum_count":0,"footnotes":""},"class_list":["post-12395","page","type-page","status-publish","hentry"],"post_mailing_queue_ids":[],"_links":{"self":[{"href":"https:\/\/projectes.xtec.cat\/xarxadults\/wp-json\/wp\/v2\/pages\/12395","targetHints":{"allow":["GET"]}}],"collection":[{"href":"https:\/\/projectes.xtec.cat\/xarxadults\/wp-json\/wp\/v2\/pages"}],"about":[{"href":"https:\/\/projectes.xtec.cat\/xarxadults\/wp-json\/wp\/v2\/types\/page"}],"author":[{"embeddable":true,"href":"https:\/\/projectes.xtec.cat\/xarxadults\/wp-json\/wp\/v2\/users\/1"}],"replies":[{"embeddable":true,"href":"https:\/\/projectes.xtec.cat\/xarxadults\/wp-json\/wp\/v2\/comments?post=12395"}],"version-history":[{"count":8,"href":"https:\/\/projectes.xtec.cat\/xarxadults\/wp-json\/wp\/v2\/pages\/12395\/revisions"}],"predecessor-version":[{"id":14459,"href":"https:\/\/projectes.xtec.cat\/xarxadults\/wp-json\/wp\/v2\/pages\/12395\/revisions\/14459"}],"up":[{"embeddable":true,"href":"https:\/\/projectes.xtec.cat\/xarxadults\/wp-json\/wp\/v2\/pages\/12403"}],"wp:attachment":[{"href":"https:\/\/projectes.xtec.cat\/xarxadults\/wp-json\/wp\/v2\/media?parent=12395"}],"curies":[{"name":"wp","href":"https:\/\/api.w.org\/{rel}","templated":true}]}}