{"id":12403,"date":"2021-03-15T22:56:08","date_gmt":"2021-03-15T21:56:08","guid":{"rendered":"http:\/\/projectes.xtec.cat\/xarxadults\/?page_id=12403"},"modified":"2025-07-01T08:52:25","modified_gmt":"2025-07-01T06:52:25","slug":"preparacio-per-a-les-proves-dacces-i-cam","status":"publish","type":"page","link":"https:\/\/projectes.xtec.cat\/xarxadults\/ensenyaments\/preparacio-per-a-les-proves-dacces-i-cam\/","title":{"rendered":"PREPARACI\u00d3 PROVES D\u2019ACC\u00c9S, CAM i CAS"},"content":{"rendered":"<p>&nbsp;<\/p>\n<div class=\"section noChildren\">\n<p class=\"page_item page-item-12395 title\" data-section-title=\"\"><strong><a title=\"Curs d'Acc\u00e9s a Grau Mitj\u00e0 (CAM)\" href=\"https:\/\/projectes.xtec.cat\/xarxadults\/preparacio-per-a-les-proves-dacces-i-cam\/curs-dacces-a-grau-mitja-cam\/\">Curs de formaci\u00f3 preparatori per a l&#8217;acc\u00e9s a cicles formatius de grau mitj\u00e0 (CAM)<\/a><\/strong><\/p>\n<\/div>\n<div class=\"section noChildren\">\n<p class=\"page_item page-item-12392 title\" data-section-title=\"\"><strong><a title=\"Preparaci\u00f3 Proves Acc\u00e9s a Cicles Formatius de Grau Mitj\u00e0\" href=\"https:\/\/projectes.xtec.cat\/xarxadults\/preparacio-per-a-les-proves-dacces-i-cam\/preparacio-proves-acces-a-cicles-formatius-de-grau-mitja\/\">Formaci\u00f3 per a les proves d&#8217;acc\u00e9s als cicles formatius de grau mitj\u00e0<\/a><\/strong><\/p>\n<\/div>\n<div class=\"section noChildren\">\n<p data-section-title=\"\"><a href=\"https:\/\/projectes.xtec.cat\/xarxadults\/?page_id=14907&amp;preview=true\">Curs de formaci\u00f3 preparatori per a l&#8217;acc\u00e9s a cicles formatius de grau superior (CAS)<\/a><\/p>\n<p class=\"page_item page-item-12393 title\" data-section-title=\"\"><strong><a title=\"Preparaci\u00f3 Proves Acc\u00e9s Cicles Formatius Grau Superior\" href=\"https:\/\/projectes.xtec.cat\/xarxadults\/preparacio-per-a-les-proves-dacces-i-cam\/preparacio-proves-acces-cicles-formatius-grau-superior\/\">Formaci\u00f3 per a les proves d&#8217;acc\u00e9s als cicles formatius de grau superior<\/a><\/strong><\/p>\n<p data-section-title=\"\"><strong><a title=\"Preparaci\u00f3 Proves Acc\u00e9s Universitat\" href=\"https:\/\/projectes.xtec.cat\/xarxadults\/preparacio-per-a-les-proves-dacces-i-cam\/preparacio-proves-acces-universitat\/\">Preparaci\u00f3 per a les proves d&#8217;acc\u00e9s a la universitat<\/a><\/strong><\/p>\n<p data-section-title=\"\"><strong style=\"font-family: inherit; font-size: 1em;\"><a title=\"Normativa\" href=\"https:\/\/projectes.xtec.cat\/xarxadults\/preparacio-per-a-les-proves-dacces-i-cam\/normativa-2\/\">Normativa<\/a><\/strong><\/p>\n<\/div>\n","protected":false},"excerpt":{"rendered":"<p>&nbsp;<\/p>\n<p><a title=\"Curs d'Acc\u00e9s a Grau Mitj\u00e0 (CAM)\" href=\"https:\/\/projectes.xtec.cat\/xarxadults\/preparacio-per-a-les-proves-dacces-i-cam\/curs-dacces-a-grau-mitja-cam\/\">Curs de formaci\u00f3 preparatori per a l&#8217;acc\u00e9s a cicles formatius de grau mitj\u00e0 (CAM)<\/a><\/p>\n<p><a title=\"Preparaci\u00f3 Proves Acc\u00e9s a Cicles Formatius de Grau Mitj\u00e0\" href=\"https:\/\/projectes.xtec.cat\/xarxadults\/preparacio-per-a-les-proves-dacces-i-cam\/preparacio-proves-acces-a-cicles-formatius-de-grau-mitja\/\">Formaci\u00f3 per a les proves d&#8217;acc\u00e9s als cicles formatius de grau mitj\u00e0<\/a><\/p>\n<p><a href=\"https:\/\/projectes.xtec.cat\/xarxadults\/?page_id=14907&amp;preview=true\">Curs de formaci\u00f3&hellip;  <a href=\"https:\/\/projectes.xtec.cat\/xarxadults\/ensenyaments\/preparacio-per-a-les-proves-dacces-i-cam\/\" title=\"Read PREPARACI\u00d3 PROVES D\u2019ACC\u00c9S, CAM i CAS\">Llegeix m\u00e9s\u00bb<\/a><\/p>\n","protected":false},"author":1,"featured_media":0,"parent":13527,"menu_order":30,"comment_status":"closed","ping_status":"closed","template":"page-templates\/side-menu.php","meta":{"_bbp_topic_count":0,"_bbp_reply_count":0,"_bbp_total_topic_count":0,"_bbp_total_reply_count":0,"_bbp_voice_count":0,"_bbp_anonymous_reply_count":0,"_bbp_topic_count_hidden":0,"_bbp_reply_count_hidden":0,"_bbp_forum_subforum_count":0,"footnotes":""},"class_list":["post-12403","page","type-page","status-publish","hentry"],"post_mailing_queue_ids":[],"_links":{"self":[{"href":"https:\/\/projectes.xtec.cat\/xarxadults\/wp-json\/wp\/v2\/pages\/12403","targetHints":{"allow":["GET"]}}],"collection":[{"href":"https:\/\/projectes.xtec.cat\/xarxadults\/wp-json\/wp\/v2\/pages"}],"about":[{"href":"https:\/\/projectes.xtec.cat\/xarxadults\/wp-json\/wp\/v2\/types\/page"}],"author":[{"embeddable":true,"href":"https:\/\/projectes.xtec.cat\/xarxadults\/wp-json\/wp\/v2\/users\/1"}],"replies":[{"embeddable":true,"href":"https:\/\/projectes.xtec.cat\/xarxadults\/wp-json\/wp\/v2\/comments?post=12403"}],"version-history":[{"count":6,"href":"https:\/\/projectes.xtec.cat\/xarxadults\/wp-json\/wp\/v2\/pages\/12403\/revisions"}],"predecessor-version":[{"id":14911,"href":"https:\/\/projectes.xtec.cat\/xarxadults\/wp-json\/wp\/v2\/pages\/12403\/revisions\/14911"}],"up":[{"embeddable":true,"href":"https:\/\/projectes.xtec.cat\/xarxadults\/wp-json\/wp\/v2\/pages\/13527"}],"wp:attachment":[{"href":"https:\/\/projectes.xtec.cat\/xarxadults\/wp-json\/wp\/v2\/media?parent=12403"}],"curies":[{"name":"wp","href":"https:\/\/api.w.org\/{rel}","templated":true}]}}