{"id":12450,"date":"2021-03-16T10:52:36","date_gmt":"2021-03-16T09:52:36","guid":{"rendered":"http:\/\/projectes.xtec.cat\/xarxadults\/?page_id=12450"},"modified":"2025-01-28T08:15:05","modified_gmt":"2025-01-28T07:15:05","slug":"normativa","status":"publish","type":"page","link":"https:\/\/projectes.xtec.cat\/xarxadults\/ensenyaments\/llengua-catalana-i-llengua-castellana\/normativa\/","title":{"rendered":"Normativa"},"content":{"rendered":"<p>&nbsp;<\/p>\n<ul>\n<li><a href=\"https:\/\/triaeducativa.gencat.cat\/web\/.content\/al-llarg-vida\/normativa\/resolucio-curriculums-llengues-cfa.pdf\" target=\"_blank\" rel=\"noopener\">Resoluci\u00f3 de 10 de maig de 2013<\/a>, per la qual s&#8217;estableixen els curr\u00edculums dels ensenyaments corresponents a llengua catalana i castellana, llengua occitana, denominada aranesa a l&#8217;Aran, i a les lleng\u00fces estrangeres, d&#8217;aplicaci\u00f3 als centres de formaci\u00f3 d&#8217;adults, que depenen del Departament d&#8217;Ensenyament.<\/li>\n<\/ul>\n<p>Tota la normativa que regula la formaci\u00f3 d&#8217;adults la podeu trobar <a href=\"https:\/\/triaeducativa.gencat.cat\/ca\/al-llarg-vida\/normativa\/\" target=\"_blank\" rel=\"noopener\">al web Tria Educativa<\/a>.<\/p>\n","protected":false},"excerpt":{"rendered":"<p>&nbsp;<\/p>\n<ul>\n<li><a href=\"https:\/\/triaeducativa.gencat.cat\/web\/.content\/al-llarg-vida\/normativa\/resolucio-curriculums-llengues-cfa.pdf\" target=\"_blank\" rel=\"noopener\">Resoluci\u00f3 de 10 de maig de 2013<\/a>, per la qual s&#8217;estableixen els curr\u00edculums dels ensenyaments corresponents a llengua catalana i castellana, llengua occitana, denominada aranesa a l&#8217;Aran, i a les lleng\u00fces estrangeres, d&#8217;aplicaci\u00f3 als centres de formaci\u00f3 d&#8217;adults, que depenen del Departament&hellip;  <a href=\"https:\/\/projectes.xtec.cat\/xarxadults\/ensenyaments\/llengua-catalana-i-llengua-castellana\/normativa\/\" title=\"Read Normativa\">Llegeix m\u00e9s\u00bb<\/a><br \/>\n","protected":false},"author":1,"featured_media":0,"parent":12362,"menu_order":10,"comment_status":"closed","ping_status":"closed","template":"page-templates\/side-menu.php","meta":{"_bbp_topic_count":0,"_bbp_reply_count":0,"_bbp_total_topic_count":0,"_bbp_total_reply_count":0,"_bbp_voice_count":0,"_bbp_anonymous_reply_count":0,"_bbp_topic_count_hidden":0,"_bbp_reply_count_hidden":0,"_bbp_forum_subforum_count":0,"footnotes":""},"class_list":["post-12450","page","type-page","status-publish","hentry"],"post_mailing_queue_ids":[],"_links":{"self":[{"href":"https:\/\/projectes.xtec.cat\/xarxadults\/wp-json\/wp\/v2\/pages\/12450","targetHints":{"allow":["GET"]}}],"collection":[{"href":"https:\/\/projectes.xtec.cat\/xarxadults\/wp-json\/wp\/v2\/pages"}],"about":[{"href":"https:\/\/projectes.xtec.cat\/xarxadults\/wp-json\/wp\/v2\/types\/page"}],"author":[{"embeddable":true,"href":"https:\/\/projectes.xtec.cat\/xarxadults\/wp-json\/wp\/v2\/users\/1"}],"replies":[{"embeddable":true,"href":"https:\/\/projectes.xtec.cat\/xarxadults\/wp-json\/wp\/v2\/comments?post=12450"}],"version-history":[{"count":7,"href":"https:\/\/projectes.xtec.cat\/xarxadults\/wp-json\/wp\/v2\/pages\/12450\/revisions"}],"predecessor-version":[{"id":14604,"href":"https:\/\/projectes.xtec.cat\/xarxadults\/wp-json\/wp\/v2\/pages\/12450\/revisions\/14604"}],"up":[{"embeddable":true,"href":"https:\/\/projectes.xtec.cat\/xarxadults\/wp-json\/wp\/v2\/pages\/12362"}],"wp:attachment":[{"href":"https:\/\/projectes.xtec.cat\/xarxadults\/wp-json\/wp\/v2\/media?parent=12450"}],"curies":[{"name":"wp","href":"https:\/\/api.w.org\/{rel}","templated":true}]}}