{"id":12522,"date":"2021-03-25T22:51:52","date_gmt":"2021-03-25T21:51:52","guid":{"rendered":"http:\/\/projectes.xtec.cat\/xarxadults\/?page_id=12522"},"modified":"2021-03-26T08:58:24","modified_gmt":"2021-03-26T07:58:24","slug":"programa-dinnovacio-dacceleracio-de-la-transformacio-educativa-eines-per-al-canvi","status":"publish","type":"page","link":"https:\/\/projectes.xtec.cat\/xarxadults\/iniciatives-pedagogiques\/programes\/programa-dinnovacio-dacceleracio-de-la-transformacio-educativa-eines-per-al-canvi\/","title":{"rendered":"Programa d\u2019Innovaci\u00f3 d\u2019Acceleraci\u00f3 de la Transformaci\u00f3 Educativa \/ Eines per al Canvi"},"content":{"rendered":"<p><a href=\"https:\/\/projectes.xtec.cat\/xarxadults\/wp-content\/uploads\/usu1741\/2021\/03\/Captura-4.jpg\"><img loading=\"lazy\" decoding=\"async\" class=\" wp-image-12503 aligncenter\" src=\"https:\/\/projectes.xtec.cat\/xarxadults\/wp-content\/uploads\/usu1741\/2021\/03\/Captura-4.jpg\" alt=\"\" width=\"251\" height=\"220\" srcset=\"https:\/\/projectes.xtec.cat\/xarxadults\/wp-content\/uploads\/usu1741\/2021\/03\/Captura-4.jpg 406w, https:\/\/projectes.xtec.cat\/xarxadults\/wp-content\/uploads\/usu1741\/2021\/03\/Captura-4-300x263.jpg 300w\" sizes=\"auto, (max-width: 251px) 100vw, 251px\" \/><\/a><\/p>\n<p style=\"text-align: justify;\">El Departament d\u2019Educaci\u00f3 impulsa iniciatives de col\u00b7laboraci\u00f3, de corresponsabilitat i de treball conjunt entre els diferents agents i actors educatius amb l\u2019horitz\u00f3 com\u00fa de canvi educatiu que parteix d\u2019una concepci\u00f3 inclusiva i orientadora de l\u2019educaci\u00f3 i que ha de comportar una transformaci\u00f3 global del sistema educatiu.<\/p>\n<p style=\"text-align: justify;\">La Direcci\u00f3 general d\u2019Innovaci\u00f3, Recerca i Cultura Digital i el Consorci d\u2019Educaci\u00f3 de Barcelona han acordat impulsar conjuntament les dues iniciatives del Programa d\u2019innovaci\u00f3 pedag\u00f2gica d\u2019acceleraci\u00f3 de la transformaci\u00f3 educativa i el programa Eines per al Canvi del Consorci d\u2019Educaci\u00f3 de Barcelona, ateses les similituds entre ambd\u00f3s programes.<\/p>\n<p style=\"text-align: justify;\">El programa d\u2019innovaci\u00f3 pedag\u00f2gica d\u2019<a href=\"https:\/\/projectes.xtec.cat\/transformacioenxarxa\/programa-dinnovacio-dacceleracio-de-la-transformacio-educativa\/\" target=\"_blank\" rel=\"noopener noreferrer\"><strong><span style=\"color: #993300;\">Acceleraci\u00f3 de la transformaci\u00f3 educativa \/ Eines per al Canvi (PAcTE)<\/span> <\/strong><\/a>\u00e9s un programa que\u00a0<strong>promou l\u2019actualitzaci\u00f3 del projecte educatiu dels centres participants amb l\u2019acompanyament professional i la dotaci\u00f3 dels recursos i les eines necess\u00e0ries per impulsar processos de transformaci\u00f3 educativa en els \u00e0mbits de l\u2019organitzaci\u00f3, les metodologies d\u2019ensenyament i aprenentatge, i el treball en xarxa intern i amb l\u2019entorn<\/strong>.<\/p>\n<p style=\"text-align: justify;\">\u200b\u200bLes actuacions i recursos del programa impulsen una revisi\u00f3 del prop\u00f2sit institucional i l\u2019organitzaci\u00f3 del centre, aix\u00ed com les metodologies de treball, la cultura de l\u2019avaluaci\u00f3 i la incorporaci\u00f3 de mesures d\u2019inclusi\u00f3 i equitat educatives. Aquest proc\u00e9s planificat es fonamenta en un aprenentatge centrat en l\u2019alumne que implica canvis significatius en els projectes educatius dels centres que afecten les pr\u00e0ctiques i metodologies docents, l\u2019organitzaci\u00f3, i el funcionament dels centres, en un escenari d\u2019autonomia, descentralitzaci\u00f3 i coresponsabilitat.\u200b<\/p>\n<p style=\"text-align: justify;\">Els\u00a0<strong>objectius<\/strong>\u00a0del Programa d\u2019acceleraci\u00f3 de la transformaci\u00f3 educativa s\u00f3n els seg\u00fcents:<\/p>\n<ul>\n<li style=\"list-style-type: none;\">\n<ul>\n<li style=\"text-align: justify;\">Incorporar com cultura de centre, procediments i estrat\u00e8gies reflexius que possibilitin la transici\u00f3 sistem\u00e0tica des dels models tradicionals d\u2019ensenyament-aprenentatge al model definit pel marc de refer\u00e8ncia de la transformaci\u00f3 educativa, i que condueix a reformular el perfil competencial dels docents i la seva capacitaci\u00f3 i formaci\u00f3.<\/li>\n<li style=\"text-align: justify;\">Actualitzar els projectes educatius dels centres per incloure m\u00faltiples metodologies de treball globalitzat, l\u2019avaluaci\u00f3 formativa i competencial, la redefinici\u00f3 del prop\u00f2sit institucional i de l\u2019organitzaci\u00f3 del centre, i la incorporaci\u00f3 de mesures universals d\u2019inclusi\u00f3 i equitat.<\/li>\n<li style=\"text-align: justify;\">Apoderar els centres educatius com a motor de canvi per aconseguir una ciutadania cr\u00edtica i solid\u00e0ria que vetlli per una conviv\u00e8ncia pac\u00edfica, responsable i conscient, capa\u00e7 d\u2019adaptar-se als reptes i a les aspiracions del segle XXI i de fomentar els valors i les compet\u00e8ncies adequades per aconseguir un creixement sostenible i inclusiu.<\/li>\n<\/ul>\n<\/li>\n<\/ul>\n<p>S\u2019emmarca en els tres \u00e0mbits definits en el Marc de la innovaci\u00f3 pedag\u00f2gica:<\/p>\n<ul>\n<li style=\"list-style-type: none;\">\n<ul>\n<li><em>\u00c0mbit 1:<\/em> metodologies i recursos per a la millora de l\u2019ensenyament i l\u2019aprenentatge.<\/li>\n<li><em>\u00c0mbit 2:<\/em> l\u2019organitzaci\u00f3 i gesti\u00f3 educativa.<\/li>\n<li><em>\u200b\u00c0mbit 3:<\/em> relaci\u00f3 i cooperaci\u00f3 amb la comunitat educativa i l\u2019entorn.<\/li>\n<\/ul>\n<\/li>\n<\/ul>\n<p><strong><span style=\"color: #993300;\">Normativa<\/span><\/strong><\/p>\n<ul>\n<li style=\"list-style-type: none;\">\n<ul>\n<li><a href=\"https:\/\/dogc.gencat.cat\/ca\/document-del-dogc\/?documentId=893658\" target=\"_blank\" rel=\"noopener noreferrer\">Resoluci\u00f3 EDU\/33\u200b1\/2021<\/a>\u200b, de 9 de febrer, per la qual es modifica la Resoluci\u00f3 EDU\/523\/2020, de 24 de febrer, per la qual s\u2019aproven les bases generals per a la participaci\u00f3 en programes d\u2019innovaci\u00f3 pedag\u00f2gica.<\/li>\n<li><a href=\"https:\/\/dogc.gencat.cat\/ca\/document-del-dogc\/?documentId=894822\" target=\"_blank\" rel=\"noopener noreferrer\">Resoluci\u00f3 EDU\/572\/2021<\/a>, de 25 de febrer, per la qual es modifica la Resoluci\u00f3 EDU\/772\/2020, de 24 de mar\u00e7, per la qual es crea el Programa d\u2019innovaci\u00f3 pedag\u00f2gica d\u2019acceleraci\u00f3 de la transformaci\u00f3 educativa.\u200b<\/li>\n<li><a href=\"https:\/\/dogc.gencat.cat\/ca\/document-del-dogc\/?documentId=871746\" target=\"_blank\" rel=\"noopener noreferrer\">Resoluci\u00f3 EDU\/772\/2020<\/a>, de 24 de mar\u00e7, per la qual es crea el Programa d\u2019innovaci\u00f3 pedag\u00f2gica d\u2019acceleraci\u00f3 de la transformaci\u00f3 educativa.\u200b<\/li>\n<li><a href=\"https:\/\/dogc.gencat.cat\/ca\/document-del-dogc\/?documentId=869483\" target=\"_blank\" rel=\"noopener noreferrer\">Resoluci\u00f3 EDU\/523\/2020<\/a>, de 24 de febrer, per la qual s\u2019aproven les bases generals per a la participaci\u00f3 en programes d\u2019innovaci\u00f3 pedag\u00f2gica.\u200b<\/li>\n<\/ul>\n<\/li>\n<\/ul>\n<p>Podreu trobar tota la informaci\u00f3 a la <a href=\"https:\/\/espai.educacio.gencat.cat\/Pagines\/Inici.aspx\" target=\"_blank\" rel=\"noopener noreferrer\">Intranet<\/a>.<\/p>\n","protected":false},"excerpt":{"rendered":"<p><a href=\"https:\/\/projectes.xtec.cat\/xarxadults\/wp-content\/uploads\/usu1741\/2021\/03\/Captura-4.jpg\"><\/a><br \/>\nEl Departament d\u2019Educaci\u00f3 impulsa iniciatives de col\u00b7laboraci\u00f3, de corresponsabilitat i de treball conjunt entre els diferents agents i actors educatius amb l\u2019horitz\u00f3 com\u00fa de canvi educatiu que parteix d\u2019una concepci\u00f3 inclusiva i orientadora de l\u2019educaci\u00f3 i que ha de comportar una transformaci\u00f3 global del&hellip;  <a href=\"https:\/\/projectes.xtec.cat\/xarxadults\/iniciatives-pedagogiques\/programes\/programa-dinnovacio-dacceleracio-de-la-transformacio-educativa-eines-per-al-canvi\/\" title=\"Read Programa d\u2019Innovaci\u00f3 d\u2019Acceleraci\u00f3 de la Transformaci\u00f3 Educativa \/ Eines per al Canvi\">Llegeix m\u00e9s\u00bb<\/a><\/p>\n","protected":false},"author":1,"featured_media":0,"parent":10042,"menu_order":30,"comment_status":"closed","ping_status":"closed","template":"page-templates\/side-menu.php","meta":{"_bbp_topic_count":0,"_bbp_reply_count":0,"_bbp_total_topic_count":0,"_bbp_total_reply_count":0,"_bbp_voice_count":0,"_bbp_anonymous_reply_count":0,"_bbp_topic_count_hidden":0,"_bbp_reply_count_hidden":0,"_bbp_forum_subforum_count":0,"footnotes":""},"class_list":["post-12522","page","type-page","status-publish","hentry"],"post_mailing_queue_ids":[],"_links":{"self":[{"href":"https:\/\/projectes.xtec.cat\/xarxadults\/wp-json\/wp\/v2\/pages\/12522","targetHints":{"allow":["GET"]}}],"collection":[{"href":"https:\/\/projectes.xtec.cat\/xarxadults\/wp-json\/wp\/v2\/pages"}],"about":[{"href":"https:\/\/projectes.xtec.cat\/xarxadults\/wp-json\/wp\/v2\/types\/page"}],"author":[{"embeddable":true,"href":"https:\/\/projectes.xtec.cat\/xarxadults\/wp-json\/wp\/v2\/users\/1"}],"replies":[{"embeddable":true,"href":"https:\/\/projectes.xtec.cat\/xarxadults\/wp-json\/wp\/v2\/comments?post=12522"}],"version-history":[{"count":3,"href":"https:\/\/projectes.xtec.cat\/xarxadults\/wp-json\/wp\/v2\/pages\/12522\/revisions"}],"predecessor-version":[{"id":12537,"href":"https:\/\/projectes.xtec.cat\/xarxadults\/wp-json\/wp\/v2\/pages\/12522\/revisions\/12537"}],"up":[{"embeddable":true,"href":"https:\/\/projectes.xtec.cat\/xarxadults\/wp-json\/wp\/v2\/pages\/10042"}],"wp:attachment":[{"href":"https:\/\/projectes.xtec.cat\/xarxadults\/wp-json\/wp\/v2\/media?parent=12522"}],"curies":[{"name":"wp","href":"https:\/\/api.w.org\/{rel}","templated":true}]}}