{"id":12528,"date":"2021-03-26T08:57:38","date_gmt":"2021-03-26T07:57:38","guid":{"rendered":"http:\/\/projectes.xtec.cat\/xarxadults\/?page_id=12528"},"modified":"2021-03-26T09:04:35","modified_gmt":"2021-03-26T08:04:35","slug":"tecnologies-digitals-per-a-laprenentatge","status":"publish","type":"page","link":"https:\/\/projectes.xtec.cat\/xarxadults\/iniciatives-pedagogiques\/programes\/tecnologies-digitals-per-a-laprenentatge\/","title":{"rendered":"Tecnologies digitals per a l&#8217;aprenentatge"},"content":{"rendered":"<p>&nbsp;<\/p>\n<p><a href=\"https:\/\/projectes.xtec.cat\/xarxadults\/wp-content\/uploads\/usu1741\/2021\/03\/Captura2-2.jpg\"><img loading=\"lazy\" decoding=\"async\" class=\" wp-image-12505 aligncenter\" src=\"https:\/\/projectes.xtec.cat\/xarxadults\/wp-content\/uploads\/usu1741\/2021\/03\/Captura2-2.jpg\" alt=\"\" width=\"511\" height=\"148\" srcset=\"https:\/\/projectes.xtec.cat\/xarxadults\/wp-content\/uploads\/usu1741\/2021\/03\/Captura2-2.jpg 759w, https:\/\/projectes.xtec.cat\/xarxadults\/wp-content\/uploads\/usu1741\/2021\/03\/Captura2-2-300x87.jpg 300w\" sizes=\"auto, (max-width: 511px) 100vw, 511px\" \/><\/a><\/p>\n<p>&nbsp;<\/p>\n<p style=\"text-align: justify;\">El\u00a0<strong><span style=\"color: #993300;\"><a style=\"color: #993300;\" href=\"https:\/\/innovacio.xtec.gencat.cat\/programa\/57\" target=\"_blank\" rel=\"noopener noreferrer\">programa Tecnologies Digitals per a l\u2019Aprenentatge<\/a><\/span><\/strong>\u00a0consisteix en la promoci\u00f3 de l\u2019equitat i la qualitat del sistema educatiu reflectida en la millora de les capacitats i compet\u00e8ncies de l\u2019alumnat participant per mitj\u00e0 diferents \u00e0mbits de participaci\u00f3: la transformaci\u00f3 digital del centre, les tecnologies m\u00f2bils, la comunicaci\u00f3 digital i la col\u00b7laboraci\u00f3 amb entitats externes.<\/p>\n<p>Els <strong>objectius<\/strong> del programa s\u00f3n:<\/p>\n<ul>\n<li style=\"list-style-type: none;\">\n<ul>\n<li>Promoure la innovaci\u00f3 educativa basada en l\u2019\u00fas efectiu de les tecnologies digitals per contribuir a enriquir i potenciar el conjunt dels aprenentatges curriculars.<\/li>\n<li>Facilitar el desplegament de les compet\u00e8ncies digitals.<\/li>\n<li>Fomentar la inclusi\u00f3 educativa amb els recursos digitals.<\/li>\n<li>Estimular la transformaci\u00f3 metodol\u00f2gica i organitzativa al centre educatiu.<\/li>\n<li>Promoure i impulsar l\u2019avaluaci\u00f3 de l\u2019impacte de les tecnologies digitals per a l\u2019aprenentatge.<\/li>\n<\/ul>\n<\/li>\n<\/ul>\n<div class=\"prog_ambits\">\n<p>S\u2019emmarca en els tres \u00e0mbits definits en el Marc de la innovaci\u00f3 pedag\u00f2gica:<\/p>\n<ul>\n<li style=\"list-style-type: none;\">\n<ul>\n<li><em>\u00c0mbit 1:<\/em> metodologies i recursos per a la millora de l\u2019ensenyament i aprenentatge<\/li>\n<li><em>\u00c0mbit 2:<\/em> organitzaci\u00f3 i gesti\u00f3 educativa<\/li>\n<li><em>\u00c0mbit 3:<\/em> relaci\u00f3 i cooperaci\u00f3 amb la comunitat educativa i l\u2019entorn<\/li>\n<\/ul>\n<\/li>\n<\/ul>\n<\/div>\n<p><span style=\"color: #993300;\"><strong>Normativa<\/strong><\/span><\/p>\n<ul>\n<li style=\"list-style-type: none;\">\n<ul>\n<li><a href=\"https:\/\/dogc.gencat.cat\/ca\/pdogc_canals_interns\/pdogc_resultats_fitxa\/?action=fitxa&amp;mode=single&amp;documentId=838437&amp;language=ca_ES\" target=\"_blank\" rel=\"noopener noreferrer\">Resoluci\u00f3 EDU\/3044\/2018<\/a>, de 19 de desembre, per la qual es modifica la Resoluci\u00f3 ENS\/2185\/2017, de 13 de setembre, per la qual es crea el programa d&#8217;innovaci\u00f3 pedag\u00f2gica Tecnologies Digitals per a l&#8217;Aprenentatge i s&#8217;obre convocat\u00f2ria p\u00fablica per a la selecci\u00f3 de centres educatius interessats a formar part del programa el curs 2018-2019.<\/li>\n<li>\n<p style=\"text-align: justify;\"><a href=\"http:\/\/dogc.gencat.cat\/ca\/pdogc_canals_interns\/pdogc_resultats_fitxa\/?action=fitxa&amp;mode=single&amp;documentId=797169&amp;language=ca_ES\" target=\"_blank\" rel=\"noopener noreferrer\">Resoluci\u00f3 ENS\/2185\/2017<\/a>, de 13 de setembre, per la qual es crea el programa d&#8217;innovaci\u00f3 pedag\u00f2gica Tecnologies Digitals per a l&#8217;Aprenentatge i s&#8217;obre convocat\u00f2ria p\u00fablica per a la selecci\u00f3 de centres educatius interessats a formar-ne part a partir del curs 2017-2018.\u200b\u200b\u200b\u200b<\/p>\n<\/li>\n<\/ul>\n<\/li>\n<\/ul>\n<p>Podreu trobar tota la informaci\u00f3 a la\u00a0<a href=\"https:\/\/espai.educacio.gencat.cat\/Centres\/Innovacio-pedagogica\/Programes\/Tecnologies-digitals-aprenentatge\/Pagines\/default.aspx\" target=\"_blank\" rel=\"noopener noreferrer\">Intranet<\/a>.<\/p>\n<p>&nbsp;<\/p>\n<p>&nbsp;<\/p>\n","protected":false},"excerpt":{"rendered":"<p>&nbsp;<br \/>\n<a href=\"https:\/\/projectes.xtec.cat\/xarxadults\/wp-content\/uploads\/usu1741\/2021\/03\/Captura2-2.jpg\"><\/a><br \/>\n&nbsp;<br \/>\nEl\u00a0<a style=\"color: #993300;\" href=\"https:\/\/innovacio.xtec.gencat.cat\/programa\/57\" target=\"_blank\" rel=\"noopener noreferrer\">programa Tecnologies Digitals per a l\u2019Aprenentatge<\/a>\u00a0consisteix en la promoci\u00f3 de l\u2019equitat i la qualitat del sistema educatiu reflectida en la millora de les capacitats i compet\u00e8ncies de l\u2019alumnat participant per mitj\u00e0 diferents \u00e0mbits de participaci\u00f3: la transformaci\u00f3 digital&hellip;  <a href=\"https:\/\/projectes.xtec.cat\/xarxadults\/iniciatives-pedagogiques\/programes\/tecnologies-digitals-per-a-laprenentatge\/\" title=\"Read Tecnologies digitals per a l&#8217;aprenentatge\">Llegeix m\u00e9s\u00bb<\/a><\/p>\n","protected":false},"author":1,"featured_media":0,"parent":10042,"menu_order":40,"comment_status":"closed","ping_status":"closed","template":"page-templates\/side-menu.php","meta":{"_bbp_topic_count":0,"_bbp_reply_count":0,"_bbp_total_topic_count":0,"_bbp_total_reply_count":0,"_bbp_voice_count":0,"_bbp_anonymous_reply_count":0,"_bbp_topic_count_hidden":0,"_bbp_reply_count_hidden":0,"_bbp_forum_subforum_count":0,"footnotes":""},"class_list":["post-12528","page","type-page","status-publish","hentry"],"post_mailing_queue_ids":[],"_links":{"self":[{"href":"https:\/\/projectes.xtec.cat\/xarxadults\/wp-json\/wp\/v2\/pages\/12528","targetHints":{"allow":["GET"]}}],"collection":[{"href":"https:\/\/projectes.xtec.cat\/xarxadults\/wp-json\/wp\/v2\/pages"}],"about":[{"href":"https:\/\/projectes.xtec.cat\/xarxadults\/wp-json\/wp\/v2\/types\/page"}],"author":[{"embeddable":true,"href":"https:\/\/projectes.xtec.cat\/xarxadults\/wp-json\/wp\/v2\/users\/1"}],"replies":[{"embeddable":true,"href":"https:\/\/projectes.xtec.cat\/xarxadults\/wp-json\/wp\/v2\/comments?post=12528"}],"version-history":[{"count":3,"href":"https:\/\/projectes.xtec.cat\/xarxadults\/wp-json\/wp\/v2\/pages\/12528\/revisions"}],"predecessor-version":[{"id":12539,"href":"https:\/\/projectes.xtec.cat\/xarxadults\/wp-json\/wp\/v2\/pages\/12528\/revisions\/12539"}],"up":[{"embeddable":true,"href":"https:\/\/projectes.xtec.cat\/xarxadults\/wp-json\/wp\/v2\/pages\/10042"}],"wp:attachment":[{"href":"https:\/\/projectes.xtec.cat\/xarxadults\/wp-json\/wp\/v2\/media?parent=12528"}],"curies":[{"name":"wp","href":"https:\/\/api.w.org\/{rel}","templated":true}]}}