{"id":12733,"date":"2021-06-10T11:00:58","date_gmt":"2021-06-10T09:00:58","guid":{"rendered":"http:\/\/projectes.xtec.cat\/xarxadults\/?page_id=12733"},"modified":"2022-11-11T10:51:06","modified_gmt":"2022-11-11T09:51:06","slug":"2a-edicio-projecte","status":"publish","type":"page","link":"https:\/\/projectes.xtec.cat\/xarxadults\/orientacio\/2a-edicio-projecte\/","title":{"rendered":"2a ed. Projecte &#8220;L&#8217;Orientaci\u00f3 Educativa&#8221;"},"content":{"rendered":"<p><a href=\"https:\/\/projectes.xtec.cat\/xarxadults\/wp-content\/uploads\/usu1741\/2021\/06\/Captura-3.jpg\"><img loading=\"lazy\" decoding=\"async\" class=\"aligncenter wp-image-12813\" src=\"https:\/\/projectes.xtec.cat\/xarxadults\/wp-content\/uploads\/usu1741\/2021\/06\/Captura-3-1024x426.jpg\" alt=\"logo de la 2a edici\u00f3 del projecte L'Orientaci\u00f3 educativa: factor clau d'\u00e8xit en l'educaci\u00f3 al llarg de la vida\" width=\"620\" height=\"258\" srcset=\"https:\/\/projectes.xtec.cat\/xarxadults\/wp-content\/uploads\/usu1741\/2021\/06\/Captura-3-1024x426.jpg 1024w, https:\/\/projectes.xtec.cat\/xarxadults\/wp-content\/uploads\/usu1741\/2021\/06\/Captura-3-300x125.jpg 300w, https:\/\/projectes.xtec.cat\/xarxadults\/wp-content\/uploads\/usu1741\/2021\/06\/Captura-3-768x319.jpg 768w, https:\/\/projectes.xtec.cat\/xarxadults\/wp-content\/uploads\/usu1741\/2021\/06\/Captura-3.jpg 1553w\" sizes=\"auto, (max-width: 620px) 100vw, 620px\" \/><\/a><\/p>\n<p style=\"text-align: justify;\">El Servei d&#8217;Educaci\u00f3 al Llarg de la Vida organitza la <strong><span style=\"color: #993300;\"><a href=\"https:\/\/projectes.xtec.cat\/xarxadults\/wp-content\/uploads\/usu1741\/2021\/06\/FIC-ORIENTACI\u00d3-21-22.pdf\" target=\"_blank\" rel=\"noopener noreferrer\"><span style=\"color: #993300;\">2a edici\u00f3 de la Formaci\u00f3 Interna de Centre<\/span><\/a><\/span><\/strong>\u00a0del <a href=\"https:\/\/projectes.xtec.cat\/xarxadults\/orientacio\/projecte-lorientacio-educativa-factor-clau-dexit-en-leducacio-al-llarg-de-la-vida\/\" target=\"_blank\" rel=\"noopener noreferrer\"><strong><span style=\"color: #993300;\">Projecte &#8220;L&#8217;Orientaci\u00f3 Educativa: factor clau d&#8217;\u00e8xit en l&#8217;educaci\u00f3 al llarg de la vida&#8221;<\/span><\/strong><\/a><\/p>\n<p style=\"text-align: justify;\">La formaci\u00f3 t\u00e9 una doble <strong>finalitat<\/strong>: per una banda, la de contribuir a establir un espai de reflexi\u00f3 en relaci\u00f3 a l\u2019orientaci\u00f3 educativa, donant valor a l\u2019experi\u00e8ncia docent i a les caracter\u00edstiques pr\u00f2pies de cada centre; i, per altra banda, el disseny d\u2019un projecte d&#8217;orientaci\u00f3 de centre amb el consens necessari per a que es pugui implementar d\u2019una manera efectiva i eficient per afavorir l\u2019\u00e8xit educatiu de l\u2019alumnat.<\/p>\n<p style=\"text-align: justify;\">Els <strong>objectius<\/strong> d&#8217;aquesta formaci\u00f3 s\u00f3n dos:<\/p>\n<p style=\"padding-left: 40px; text-align: justify;\">1. Donar valor a l\u2019orientaci\u00f3 educativa i comprometre\u2019s amb la necessitat de la reflexi\u00f3 conjunta sobre l\u2019acompanyament i tutoritzaci\u00f3 de l&#8217;alumnat.<br \/>\n2. Actualitzar coneixements i construir un Projecte d\u2019orientaci\u00f3 de centre amb el comprom\u00eds d&#8217;inclusi\u00f3 de tot l&#8217;alumnat i incorporant els elements del disseny universal d&#8217;aprenentatge.<\/p>\n<p style=\"text-align: justify;\">Quins s\u00f3n els <strong>requisits<\/strong> per poder participar-hi?<\/p>\n<ul>\n<li style=\"list-style-type: none;\">\n<ul>\n<li style=\"list-style-type: none;\">\n<ul>\n<li>Implicaci\u00f3 de la majoria del claustre.<\/li>\n<li>Designar dos referents de centre.<\/li>\n<li>Vistiplau del Claustre i del Consell escolar del centre.<\/li>\n<li>Establir franges hor\u00e0ries per dur a terme les sessions de treball intern amb el claustre, tot impulsant el treball en equip i les sessions de treball amb el\/la facilitador\/a.<\/li>\n<\/ul>\n<\/li>\n<\/ul>\n<\/li>\n<\/ul>\n<p style=\"text-align: justify;\">Els <strong>centres interessats<\/strong> en participar en aquesta formaci\u00f3 interna de centre han de completar el <a href=\"https:\/\/docs.google.com\/forms\/d\/e\/1FAIpQLSeEEq5F9RoWg6BG3cwRdOiXEqRYuQG42sXprn5Ax7GI-ScF0Q\/viewform\" target=\"_blank\" rel=\"noopener noreferrer\"><strong><span style=\"color: #993300;\">formulari d\u2019inscripci\u00f3<\/span><\/strong><\/a> fins al <strong>10 de juliol de 2021.<\/strong><\/p>\n<p style=\"text-align: justify;\">La <strong>durada de la formaci\u00f3<\/strong> ser\u00e0 de <strong>30 hores certicables<\/strong> (de novembre a juny):<\/p>\n<ul>\n<li style=\"list-style-type: none;\">\n<ul>\n<li style=\"list-style-type: none;\">\n<ul>\n<li style=\"text-align: justify;\">12 hores de treball amb la persona facilitadora en 4 sessions:\n<ul>\n<li style=\"text-align: justify;\"><strong>1a Sessi\u00f3 (octubre): Diagnosi.<\/strong> Eines per a l\u2019an\u00e0lisi i la reflexi\u00f3 sobre la situaci\u00f3 actual del centre i detecci\u00f3 de necessitats. Despr\u00e9s de la sessi\u00f3, el centre haur\u00e0 de definir els seus punts forts i febles. Aix\u00f2 servir\u00e0 com a punt de partida per elaborar el projecte d\u2019orientaci\u00f3.<\/li>\n<li style=\"text-align: justify;\"><strong>2a Sessi\u00f3 (gener): Fonamentaci\u00f3.<\/strong> A partir de les necessitats detectades, s\u2019oferiran estrat\u00e8gies i recursos que ajudin als centres durant les diferents fases del proc\u00e9s orientador (acollida, estada al centre, perspectives de futur&#8230;). Despr\u00e9s de la sessi\u00f3, els centres hauran de definir quines estrat\u00e8gies s\u00f3n les m\u00e9s adients depenent del seu propi context.<\/li>\n<li style=\"text-align: justify;\"><strong>3a Sessi\u00f3 (mar\u00e7): Construcci\u00f3. <\/strong>La sessi\u00f3 es centrar\u00e0 en les diferents parts i els indicadors que hauria de tenir un projecte d\u2019orientaci\u00f3 i s\u2019oferir\u00e0 assessorament per a la seva elaboraci\u00f3. Despr\u00e9s de la sessi\u00f3, el centre haur\u00e0 de redactar el seu projecte d\u2019orientaci\u00f3 i fer-lo arribar al facilitador.<\/li>\n<li style=\"text-align: justify;\"><strong>4a sessi\u00f3 (maig): Difusi\u00f3.<\/strong> El facilitador far\u00e0 un retorn sobre el projecte d\u2019orientaci\u00f3 elaborat i donar\u00e0 orientacions sobre la seva difusi\u00f3 a la resta de la comunitat educativa i la seva implementaci\u00f3 al centre.<\/li>\n<\/ul>\n<\/li>\n<li style=\"text-align: justify;\">18 hores de treball intern de centre<\/li>\n<\/ul>\n<\/li>\n<\/ul>\n<\/li>\n<\/ul>\n<p style=\"text-align: justify;\">Els <strong>requisits de participaci\u00f3<\/strong> s\u00f3n els seg\u00fcents:<\/p>\n<p style=\"padding-left: 40px; text-align: justify;\">&#8211; Vistiplau del claustre i del consell escolar. Posteriorment, caldr\u00e0 enviar les actes amb el vistiplau del claustre i del consell escolar a les coordinacions territorials d\u2019adults, que les faran arribar al Servei d\u2019Educaci\u00f3 al Llarg de la Vida.<br \/>\n&#8211; El 80% del claustre, com a m\u00ednim, ha de participar en la formaci\u00f3, acceptant els compromisos que aquesta implica.<br \/>\n&#8211; Cada centre ha de designar dues persones (una hauria de formar part de l\u2019equip directiu) de contacte per facilitar les comunicacions i que faran d\u2019impulsores del projecte.<br \/>\n&#8211; Establir uns espais de treball per dur a terme les sessions amb la persona facilitadora i el treball intern de centre.<br \/>\n&#8211; Comprometre\u2019s a seguir la formaci\u00f3 fins a la seva finalitzaci\u00f3 i a lliurar el projecte d\u2019orientaci\u00f3 del centre.<\/p>\n","protected":false},"excerpt":{"rendered":"<p><a href=\"https:\/\/projectes.xtec.cat\/xarxadults\/wp-content\/uploads\/usu1741\/2021\/06\/Captura-3.jpg\"><\/a><br \/>\nEl Servei d&#8217;Educaci\u00f3 al Llarg de la Vida organitza la <a href=\"https:\/\/projectes.xtec.cat\/xarxadults\/wp-content\/uploads\/usu1741\/2021\/06\/FIC-ORIENTACI\u00d3-21-22.pdf\" target=\"_blank\" rel=\"noopener noreferrer\">2a edici\u00f3 de la Formaci\u00f3 Interna de Centre<\/a>\u00a0del <a href=\"https:\/\/projectes.xtec.cat\/xarxadults\/orientacio\/projecte-lorientacio-educativa-factor-clau-dexit-en-leducacio-al-llarg-de-la-vida\/\" target=\"_blank\" rel=\"noopener noreferrer\">Projecte &#8220;L&#8217;Orientaci\u00f3 Educativa: factor clau d&#8217;\u00e8xit en l&#8217;educaci\u00f3 al llarg de la vida&#8221;<\/a><br \/>\nLa formaci\u00f3 t\u00e9 una doble finalitat:&hellip;  <a href=\"https:\/\/projectes.xtec.cat\/xarxadults\/orientacio\/2a-edicio-projecte\/\" title=\"Read 2a ed. Projecte &#8220;L&#8217;Orientaci\u00f3 Educativa&#8221;\">Llegeix m\u00e9s\u00bb<\/a><\/p>\n","protected":false},"author":1,"featured_media":0,"parent":8216,"menu_order":2,"comment_status":"closed","ping_status":"closed","template":"page-templates\/side-menu.php","meta":{"_bbp_topic_count":0,"_bbp_reply_count":0,"_bbp_total_topic_count":0,"_bbp_total_reply_count":0,"_bbp_voice_count":0,"_bbp_anonymous_reply_count":0,"_bbp_topic_count_hidden":0,"_bbp_reply_count_hidden":0,"_bbp_forum_subforum_count":0,"footnotes":""},"class_list":["post-12733","page","type-page","status-publish","hentry"],"post_mailing_queue_ids":[],"_links":{"self":[{"href":"https:\/\/projectes.xtec.cat\/xarxadults\/wp-json\/wp\/v2\/pages\/12733","targetHints":{"allow":["GET"]}}],"collection":[{"href":"https:\/\/projectes.xtec.cat\/xarxadults\/wp-json\/wp\/v2\/pages"}],"about":[{"href":"https:\/\/projectes.xtec.cat\/xarxadults\/wp-json\/wp\/v2\/types\/page"}],"author":[{"embeddable":true,"href":"https:\/\/projectes.xtec.cat\/xarxadults\/wp-json\/wp\/v2\/users\/1"}],"replies":[{"embeddable":true,"href":"https:\/\/projectes.xtec.cat\/xarxadults\/wp-json\/wp\/v2\/comments?post=12733"}],"version-history":[{"count":4,"href":"https:\/\/projectes.xtec.cat\/xarxadults\/wp-json\/wp\/v2\/pages\/12733\/revisions"}],"predecessor-version":[{"id":12816,"href":"https:\/\/projectes.xtec.cat\/xarxadults\/wp-json\/wp\/v2\/pages\/12733\/revisions\/12816"}],"up":[{"embeddable":true,"href":"https:\/\/projectes.xtec.cat\/xarxadults\/wp-json\/wp\/v2\/pages\/8216"}],"wp:attachment":[{"href":"https:\/\/projectes.xtec.cat\/xarxadults\/wp-json\/wp\/v2\/media?parent=12733"}],"curies":[{"name":"wp","href":"https:\/\/api.w.org\/{rel}","templated":true}]}}