{"id":12913,"date":"2021-07-31T21:39:19","date_gmt":"2021-07-31T19:39:19","guid":{"rendered":"https:\/\/projectes.xtec.cat\/xarxadults\/?page_id=12913"},"modified":"2022-05-26T15:53:07","modified_gmt":"2022-05-26T13:53:07","slug":"orientacions-metodologiques-per-a-ensenyaments-en-modalitat-semipresencial","status":"publish","type":"page","link":"https:\/\/projectes.xtec.cat\/xarxadults\/ensenyaments\/modalitat-semipresencial\/orientacions-metodologiques-per-a-ensenyaments-en-modalitat-semipresencial\/","title":{"rendered":"Orientacions metodol\u00f2giques"},"content":{"rendered":"<p style=\"font-weight: 400; text-align: justify;\">Durant els \u00faltims cursos ha augmentat considerablement el nombre de centres de formaci\u00f3 d&#8217;adults que ofereixen ensenyaments en modalitat semipresencial. Actualment, aproximadament la meitat de centres p\u00fablics de formaci\u00f3 d&#8217;adults de titularitat del Departament d&#8217;Educaci\u00f3 ofereixen algun dels seus ensenyaments en aquesta modalitat.<\/p>\n<p style=\"font-weight: 400; text-align: justify;\">El fet de canviar la modalitat formativa implica tamb\u00e9 un canvi metodol\u00f2gic. Per tal d&#8217;acompanyar i ajudar els centres en aquest proc\u00e9s de transformaci\u00f3 educativa, des del Servei d&#8217;Educaci\u00f3 al Llarg de la Vida hem elaborat el document <a href=\"https:\/\/projectes.xtec.cat\/xarxadults\/wp-content\/uploads\/usu1741\/2021\/07\/Orientacions-metodologiques-semipresencialitat.pdf\" target=\"_blank\" rel=\"noopener\"><span style=\"color: #993300;\"><strong>Orientacions metodol\u00f2giques per a ensenyaments en modalitat semipresencialitat<\/strong><\/span><\/a>\u00a0on podreu trobar informaci\u00f3 \u00fatil i pr\u00e0ctica que us ajudar\u00e0 a implementar amb \u00e8xit aquesta modalitat formativa en el vostre centre.<\/p>\n<p>&nbsp;<\/p>\n","protected":false},"excerpt":{"rendered":"<p>Durant els \u00faltims cursos ha augmentat considerablement el nombre de centres de formaci\u00f3 d&#8217;adults que ofereixen ensenyaments en modalitat semipresencial. Actualment, aproximadament la meitat de centres p\u00fablics de formaci\u00f3 d&#8217;adults de titularitat del Departament d&#8217;Educaci\u00f3 ofereixen algun dels seus ensenyaments en aquesta modalitat.<br \/>\nEl fet de&hellip;  <a href=\"https:\/\/projectes.xtec.cat\/xarxadults\/ensenyaments\/modalitat-semipresencial\/orientacions-metodologiques-per-a-ensenyaments-en-modalitat-semipresencial\/\" title=\"Read Orientacions metodol\u00f2giques\">Llegeix m\u00e9s\u00bb<\/a><\/p>\n","protected":false},"author":1,"featured_media":0,"parent":12902,"menu_order":20,"comment_status":"closed","ping_status":"closed","template":"page-templates\/side-menu.php","meta":{"_bbp_topic_count":0,"_bbp_reply_count":0,"_bbp_total_topic_count":0,"_bbp_total_reply_count":0,"_bbp_voice_count":0,"_bbp_anonymous_reply_count":0,"_bbp_topic_count_hidden":0,"_bbp_reply_count_hidden":0,"_bbp_forum_subforum_count":0,"footnotes":""},"class_list":["post-12913","page","type-page","status-publish","hentry"],"post_mailing_queue_ids":[],"_links":{"self":[{"href":"https:\/\/projectes.xtec.cat\/xarxadults\/wp-json\/wp\/v2\/pages\/12913","targetHints":{"allow":["GET"]}}],"collection":[{"href":"https:\/\/projectes.xtec.cat\/xarxadults\/wp-json\/wp\/v2\/pages"}],"about":[{"href":"https:\/\/projectes.xtec.cat\/xarxadults\/wp-json\/wp\/v2\/types\/page"}],"author":[{"embeddable":true,"href":"https:\/\/projectes.xtec.cat\/xarxadults\/wp-json\/wp\/v2\/users\/1"}],"replies":[{"embeddable":true,"href":"https:\/\/projectes.xtec.cat\/xarxadults\/wp-json\/wp\/v2\/comments?post=12913"}],"version-history":[{"count":3,"href":"https:\/\/projectes.xtec.cat\/xarxadults\/wp-json\/wp\/v2\/pages\/12913\/revisions"}],"predecessor-version":[{"id":13658,"href":"https:\/\/projectes.xtec.cat\/xarxadults\/wp-json\/wp\/v2\/pages\/12913\/revisions\/13658"}],"up":[{"embeddable":true,"href":"https:\/\/projectes.xtec.cat\/xarxadults\/wp-json\/wp\/v2\/pages\/12902"}],"wp:attachment":[{"href":"https:\/\/projectes.xtec.cat\/xarxadults\/wp-json\/wp\/v2\/media?parent=12913"}],"curies":[{"name":"wp","href":"https:\/\/api.w.org\/{rel}","templated":true}]}}