{"id":13047,"date":"2021-10-29T10:21:56","date_gmt":"2021-10-29T08:21:56","guid":{"rendered":"https:\/\/projectes.xtec.cat\/xarxadults\/?page_id=13047"},"modified":"2022-06-15T09:55:51","modified_gmt":"2022-06-15T07:55:51","slug":"jornada-pedagogica-la-mirada-inclusiva-al-llarg-de-la-vida","status":"publish","type":"page","link":"https:\/\/projectes.xtec.cat\/xarxadults\/activitats-2\/jornades-i-trobades-pedagogiques\/jornada-pedagogica-la-mirada-inclusiva-al-llarg-de-la-vida\/","title":{"rendered":"Jornada pedag\u00f2gica: La mirada inclusiva al llarg de la vida"},"content":{"rendered":"<p>El Servei d\u2019Educaci\u00f3 al Llarg de la Vida va organitzar la jornada pedag\u00f2gica <strong>La mirada inclusiva al llarg de la vida<\/strong>, adre\u00e7ada al personal docent dels CFA. La jornada va ser organitzada amb la col\u00b7laboraci\u00f3 del Servei d\u2019Atenci\u00f3 Educativa Inclusiva i Orientaci\u00f3. Aquesta jornada pedag\u00f2gica es va celebrar el <strong>22 d\u2019octubre de 2021<\/strong> i es va dur a terme mitjan\u00e7ant una sessi\u00f3 telem\u00e0tica.<\/p>\n<hr \/>\n<p><span style=\"font-weight: 400;\">El seg\u00fcent v\u00eddeo el vam compartir com a material previ per extreure algunes idees sobre la diversitat: <\/span><a href=\"https:\/\/dotsub.com\/view\/0ba7fd97-124f-4032-b470-fa766040e5e3\"><span style=\"font-weight: 400;\">The Myth of Average: Todd Rose at TEDxSonomaCounty<\/span><\/a><span style=\"font-weight: 400;\"> (subtitulat en catal\u00e0).<\/span><\/p>\n<hr \/>\n<p>V\u00cdDEO DE LA JORNADA: Reprodu\u00efm el programa i podeu veure les intervencions\u00a0 fent un clic a sobre.<\/p>\n<p><a href=\"https:\/\/youtu.be\/d0w9Ps82j1A\" target=\"_blank\" rel=\"noopener\"><img loading=\"lazy\" decoding=\"async\" class=\"wp-image-13063 alignleft\" src=\"https:\/\/projectes.xtec.cat\/xarxadults\/wp-content\/uploads\/usu1741\/2021\/10\/yube-copia.jpg\" alt=\"\" width=\"201\" height=\"148\" srcset=\"https:\/\/projectes.xtec.cat\/xarxadults\/wp-content\/uploads\/usu1741\/2021\/10\/yube-copia.jpg 723w, https:\/\/projectes.xtec.cat\/xarxadults\/wp-content\/uploads\/usu1741\/2021\/10\/yube-copia-300x222.jpg 300w\" sizes=\"auto, (max-width: 201px) 100vw, 201px\" \/><\/a><\/p>\n<table style=\"width: 80%;\">\n<tbody>\n<tr>\n<td style=\"width: 768px;\"><a href=\"https:\/\/youtu.be\/d0w9Ps82j1A\" target=\"_blank\" rel=\"noopener\"><b>Benvinguda i presentaci\u00f3 dels objectius i continguts de la trobada<\/b><\/a><\/p>\n<p><span style=\"font-weight: 400;\"><a href=\"https:\/\/youtu.be\/d0w9Ps82j1A?t=254\" target=\"_blank\" rel=\"noopener\">Sr. Jose Pilar, cap del Servei d\u2019Educaci\u00f3 al Llarg de la Vida<\/a>\u00a0<\/span><\/p>\n<p><a href=\"https:\/\/youtu.be\/d0w9Ps82j1A?t=794\" target=\"_blank\" rel=\"noopener\"><span style=\"font-weight: 400;\">Sra. M. Prud\u00e8ncia Mart\u00ednez, cap del Servei d\u2019Atenci\u00f3 Educativa Inclusiva i Orientaci\u00f3<\/span><\/a><\/td>\n<\/tr>\n<tr>\n<td style=\"width: 768px;\"><a href=\"https:\/\/youtu.be\/d0w9Ps82j1A?t=1242\" target=\"_blank\" rel=\"noopener\"><b>C\u00e0psula formativa:<\/b> <b>DUA el futur est\u00e0 en els marges<\/b><\/a><\/p>\n<p><span style=\"font-weight: 400;\">Sra. Lourdes Caseny i la Sra Merc\u00e8 Pena, assessores t\u00e8cniques docents de la Subdirecci\u00f3 General d&#8217;Educaci\u00f3 Inclusiva<\/span><\/td>\n<\/tr>\n<tr>\n<td style=\"width: 768px;\"><a href=\"https:\/\/youtu.be\/d0w9Ps82j1A?t=5723\" target=\"_blank\" rel=\"noopener\"><b>Col\u00b7laboraci\u00f3 de l\u2019EAP de Reus amb els CFA<\/b><\/a><\/p>\n<p><span style=\"font-weight: 400;\">Sra. Gemma Bellido, directora de l\u2019EAP T-09 de Reus<\/span><\/p>\n<p><span style=\"font-weight: 400;\">Sra. Marta Vi\u00f1as, psicopedagoga de l\u2019EAP de Reus<\/span><\/p>\n<p><span style=\"font-weight: 400;\">Sra Ester Mascar\u00f3, directora del CFA Marta Mata de Reus<\/span><\/td>\n<\/tr>\n<tr>\n<td style=\"width: 768px;\"><a href=\"https:\/\/youtu.be\/d0w9Ps82j1A?t=7433\" target=\"_blank\" rel=\"noopener\"><b>Experi\u00e8ncies d\u2019acompanyament d&#8217;alumnat de CFA amb discapacitat visual<\/b><\/a><\/p>\n<p><span style=\"font-weight: 400;\">Sra. Irene Ginebra,\u00a0 directora t\u00e8cnica pedag\u00f2gica del CREDV-CRE ONCE Barcelona<\/span><\/p>\n<p><span style=\"font-weight: 400;\">Sra. Ariadna P\u00e9rez, mestra de suport d\u2019atenci\u00f3 a persones adultes del CRE ONCE Barcelona.<\/span><\/p>\n<p><span style=\"font-weight: 400;\">Sra. Gemma Catal\u00e0, membre de l&#8217;equip psicopedag\u00f2gic del CREDV.<\/span><\/td>\n<\/tr>\n<\/tbody>\n<\/table>\n","protected":false},"excerpt":{"rendered":"<p>El Servei d\u2019Educaci\u00f3 al Llarg de la Vida va organitzar la jornada pedag\u00f2gica La mirada inclusiva al llarg de la vida, adre\u00e7ada al personal docent dels CFA. La jornada va ser organitzada amb la col\u00b7laboraci\u00f3 del Servei d\u2019Atenci\u00f3 Educativa Inclusiva i Orientaci\u00f3. Aquesta jornada pedag\u00f2gica&hellip;  <a href=\"https:\/\/projectes.xtec.cat\/xarxadults\/activitats-2\/jornades-i-trobades-pedagogiques\/jornada-pedagogica-la-mirada-inclusiva-al-llarg-de-la-vida\/\" title=\"Read Jornada pedag\u00f2gica: La mirada inclusiva al llarg de la vida\">Llegeix m\u00e9s\u00bb<\/a><\/p>\n","protected":false},"author":362,"featured_media":0,"parent":13345,"menu_order":20,"comment_status":"closed","ping_status":"closed","template":"page-templates\/side-menu.php","meta":{"_bbp_topic_count":0,"_bbp_reply_count":0,"_bbp_total_topic_count":0,"_bbp_total_reply_count":0,"_bbp_voice_count":0,"_bbp_anonymous_reply_count":0,"_bbp_topic_count_hidden":0,"_bbp_reply_count_hidden":0,"_bbp_forum_subforum_count":0,"footnotes":""},"class_list":["post-13047","page","type-page","status-publish","hentry"],"post_mailing_queue_ids":[],"_links":{"self":[{"href":"https:\/\/projectes.xtec.cat\/xarxadults\/wp-json\/wp\/v2\/pages\/13047","targetHints":{"allow":["GET"]}}],"collection":[{"href":"https:\/\/projectes.xtec.cat\/xarxadults\/wp-json\/wp\/v2\/pages"}],"about":[{"href":"https:\/\/projectes.xtec.cat\/xarxadults\/wp-json\/wp\/v2\/types\/page"}],"author":[{"embeddable":true,"href":"https:\/\/projectes.xtec.cat\/xarxadults\/wp-json\/wp\/v2\/users\/362"}],"replies":[{"embeddable":true,"href":"https:\/\/projectes.xtec.cat\/xarxadults\/wp-json\/wp\/v2\/comments?post=13047"}],"version-history":[{"count":3,"href":"https:\/\/projectes.xtec.cat\/xarxadults\/wp-json\/wp\/v2\/pages\/13047\/revisions"}],"predecessor-version":[{"id":13677,"href":"https:\/\/projectes.xtec.cat\/xarxadults\/wp-json\/wp\/v2\/pages\/13047\/revisions\/13677"}],"up":[{"embeddable":true,"href":"https:\/\/projectes.xtec.cat\/xarxadults\/wp-json\/wp\/v2\/pages\/13345"}],"wp:attachment":[{"href":"https:\/\/projectes.xtec.cat\/xarxadults\/wp-json\/wp\/v2\/media?parent=13047"}],"curies":[{"name":"wp","href":"https:\/\/api.w.org\/{rel}","templated":true}]}}