{"id":13168,"date":"2022-01-10T11:38:32","date_gmt":"2022-01-10T10:38:32","guid":{"rendered":"https:\/\/projectes.xtec.cat\/xarxadults\/?page_id=13168"},"modified":"2025-10-31T11:00:53","modified_gmt":"2025-10-31T10:00:53","slug":"menu01","status":"publish","type":"page","link":"https:\/\/projectes.xtec.cat\/xarxadults\/menu01\/","title":{"rendered":"Men\u00fa del lloc"},"content":{"rendered":"<ul id=\"menu-menusuperior-1\" class=\"menu\">\n<li id=\"menu-item-9853\" class=\"menu-item menu-item-type-taxonomy menu-item-object-category menu-item-has-children menu-item-9853\">\n<table style=\"border-collapse: collapse; width: 100%;\">\n<tbody>\n<tr>\n<td style=\"width: 100%; background-color: #e8e3d3; border-style: none;\">\n<h2><a href=\"https:\/\/projectes.xtec.cat\/xarxadults\/categoria\/xx\/\">ENSENYAMENTS<\/a><\/h2>\n<\/td>\n<\/tr>\n<\/tbody>\n<\/table>\n<\/li>\n<li class=\"menu-item menu-item-type-taxonomy menu-item-object-category menu-item-has-children menu-item-9853\">\n<table style=\"border-collapse: collapse; width: 99.8249%; height: 549px;\">\n<tbody>\n<tr style=\"height: 121px;\">\n<td style=\"width: 16.6667%; border-style: groove; text-align: center; background-color: #f7f3e4; height: 121px;\">\n<h4><strong><span style=\"color: #993300;\"><a style=\"color: #993300;\" href=\"https:\/\/projectes.xtec.cat\/xarxadults\/ensenyaments\/nivells\/\">COMPETIC<\/a><\/span><\/strong><\/h4>\n<\/td>\n<td style=\"width: 16.6667%; border-style: groove; background-color: #f7f3e4; height: 121px;\">\n<h4 style=\"text-align: center;\"><strong><span style=\"color: #993300;\"><a style=\"color: #993300;\" href=\"https:\/\/projectes.xtec.cat\/xarxadults\/ensenyaments\/curriculum\/\">LLENG\u00dcES ESTRANGERES<\/a><\/span><\/strong><\/h4>\n<\/td>\n<td style=\"width: 16.6667%; border-style: groove; background-color: #f7f3e4; height: 121px;\">\n<h4 style=\"text-align: center;\"><strong><span style=\"color: #993300;\"><a style=\"color: #993300;\" href=\"https:\/\/projectes.xtec.cat\/xarxadults\/ensenyaments\/formacio-instrumental\/\">FORMACI\u00d3 INSTRUMENTAL<\/a><\/span><\/strong><\/h4>\n<\/td>\n<td style=\"width: 16.6667%; border-style: groove; background-color: #f7f3e4; height: 121px;\">\n<h4 style=\"text-align: center;\"><strong><span style=\"color: #993300;\"><a style=\"color: #993300;\" href=\"https:\/\/projectes.xtec.cat\/xarxadults\/ensenyaments\/llengua-catalana-i-llengua-castellana\/\">CATAL\u00c0 I CASTELL\u00c0<\/a><\/span><\/strong><\/h4>\n<\/td>\n<td style=\"width: 16.6667%; border-style: groove; background-color: #f7f3e4; height: 121px;\">\n<h4 style=\"text-align: center;\"><strong><span style=\"color: #993300;\"><a style=\"color: #993300;\" href=\"https:\/\/projectes.xtec.cat\/xarxadults\/ensenyaments\/ges\/\">GESO<\/a><\/span><\/strong><\/h4>\n<\/td>\n<td style=\"width: 16.6667%; border-style: groove; background-color: #f7f3e4; height: 121px;\">\n<h4 style=\"text-align: center;\"><strong><span style=\"color: #993300;\"><a style=\"color: #993300;\" href=\"https:\/\/projectes.xtec.cat\/xarxadults\/ensenyaments\/preparacio-per-a-les-proves-dacces-i-cam\/\">PREPARACI\u00d3 PROVES D\u2019ACC\u00c9S I CAM<\/a><\/span><\/strong><\/h4>\n<\/td>\n<\/tr>\n<tr style=\"height: 428px;\">\n<td style=\"width: 16.6667%; border-style: groove; background-color: #ffffff; height: 428px;\">\n<p class=\"section\"><a title=\"Propostes pedag\u00f2giques i orientacions\" href=\"https:\/\/projectes.xtec.cat\/xarxadults\/nivells\/propostes-pedagogiques-i-orientacions\/\">Propostes pedag\u00f2giques i orientacions<\/a><\/p>\n<p class=\"section noChildren\"><a title=\"Proves d'avaluaci\u00f3 inicial\" href=\"https:\/\/projectes.xtec.cat\/xarxadults\/nivells\/recursos-3\/\">Proves d&#8217;avaluaci\u00f3 inicial<\/a><\/p>\n<p class=\"section noChildren\"><a title=\"Propostes per a l'avaluaci\u00f3 per a COMPETIC Inicial\" href=\"https:\/\/projectes.xtec.cat\/xarxadults\/nivells\/propostes-per-a-lavaluacio-per-a-competic-inicial\/\">Propostes per a l&#8217;avaluaci\u00f3 per a COMPETIC Inicial<\/a><\/p>\n<p class=\"section noChildren\"><a title=\"Projectes COMPETIC\" href=\"https:\/\/projectes.xtec.cat\/xarxadults\/nivells\/projectes\/\">Projectes COMPETIC<\/a><\/p>\n<p class=\"section noChildren\"><a title=\"Altres recursos\" href=\"https:\/\/projectes.xtec.cat\/xarxadults\/nivells\/recursos\/\">Altres recursos<\/a><\/p>\n<p><a title=\"Normativa\" href=\"https:\/\/projectes.xtec.cat\/xarxadults\/nivells\/normativa\/\">Normativa<\/a><\/td>\n<td style=\"width: 16.6667%; border-style: groove; background-color: #ffffff; height: 428px;\">\n<div class=\"section noChildren\">\n<p class=\"page_item page-item-8724 title\" data-section-title=\"\"><a title=\"Blocs tem\u00e0tics\" href=\"https:\/\/projectes.xtec.cat\/xarxadults\/curriculum\/blocs-tematics\/\">Blocs tem\u00e0tics<\/a><\/p>\n<\/div>\n<div class=\"section noChildren\">\n<p class=\"page_item page-item-8446 title\" data-section-title=\"\"><a title=\"Proposta de desplegament del curr\u00edculum i propostes did\u00e0ctiques\" href=\"https:\/\/projectes.xtec.cat\/xarxadults\/curriculum\/blocs-tematics-angles\/\">Proposta de desplegament del curr\u00edculum i propostes did\u00e0ctiques<\/a><\/p>\n<\/div>\n<div class=\"section noChildren\">\n<p class=\"page_item page-item-8739 title\" data-section-title=\"\"><a title=\"Certificaci\u00f3 del nivell b\u00e0sic\" href=\"https:\/\/projectes.xtec.cat\/xarxadults\/curriculum\/orientacions\/\">Certificaci\u00f3 del nivell b\u00e0sic<\/a><\/p>\n<\/div>\n<div class=\"section noChildren\">\n<p class=\"page_item page-item-8749 title\" data-section-title=\"\"><a title=\"Models de prova\" href=\"https:\/\/projectes.xtec.cat\/xarxadults\/curriculum\/propostes-didactiques\/\">Models de prova<\/a><\/p>\n<\/div>\n<div class=\"section\">\n<p class=\"page_item page-item-8941 title\" data-section-title=\"\"><a title=\"Activitats per nivells i destreses\" href=\"https:\/\/projectes.xtec.cat\/xarxadults\/curriculum\/activitats-per-nivells-i-destresses\/\">Activitats per nivells i destreses<\/a><\/p>\n<\/div>\n<div class=\"section noChildren\">\n<p class=\"page_item page-item-8476 title\" data-section-title=\"\"><a title=\"Recursos\" href=\"https:\/\/projectes.xtec.cat\/xarxadults\/curriculum\/recursos\/\">Recursos<\/a><\/p>\n<\/div>\n<div class=\"section noChildren\">\n<p class=\"page_item page-item-12346 title\" data-section-title=\"\"><a title=\"Normativa\" href=\"https:\/\/projectes.xtec.cat\/xarxadults\/curriculum\/normativa\/\">Normativa<\/a><\/p>\n<\/div>\n<\/td>\n<td style=\"width: 16.6667%; border-style: groove; background-color: #ffffff; height: 428px;\"><a href=\"https:\/\/projectes.xtec.cat\/nou-curriculum\/educacio-dadults\/#ordre\">Curr\u00edculum<\/a> de formaci\u00f3 instrumental<\/p>\n<p><a href=\"https:\/\/projectes.xtec.cat\/xarxadults\/ensenyaments\/formacio-instrumental\/materials\/\" target=\"_blank\" rel=\"noopener\">Materials<\/a><\/p>\n<p><a title=\"Normativa\" href=\"https:\/\/projectes.xtec.cat\/xarxadults\/formacio-instrumental\/normativa\/\">Normativa<\/a><\/td>\n<td style=\"width: 16.6667%; text-align: justify; border-style: groove; background-color: #ffffff; height: 428px;\"><a title=\"Normativa\" href=\"https:\/\/projectes.xtec.cat\/xarxadults\/llengua-catalana-i-llengua-castellana\/normativa\/\">Normativa<\/a><\/td>\n<td style=\"width: 16.6667%; border-style: groove; background-color: #ffffff; height: 428px;\">\n<div class=\"section noChildren\">\n<p class=\"page_item page-item-12375 title\" data-section-title=\"\"><a title=\"Nous m\u00f2duls opcionals\" href=\"https:\/\/projectes.xtec.cat\/xarxadults\/ges\/nous-moduls-opcionals\/\">Nous m\u00f2duls opcionals<\/a><\/p>\n<\/div>\n<div class=\"section noChildren\">\n<p class=\"page_item page-item-12378 title\" data-section-title=\"\"><a title=\"Normativa\" href=\"https:\/\/projectes.xtec.cat\/xarxadults\/ges\/normativa\/\">Normativa<\/a><\/p>\n<\/div>\n<\/td>\n<td style=\"width: 16.6667%; border-style: groove; background-color: #ffffff; height: 428px;\">\n<div class=\"section noChildren\"><\/div>\n<div class=\"section noChildren\">\n<div class=\"section noChildren\">\n<p class=\"page_item page-item-12395 title\" data-section-title=\"\"><a title=\"Curs d'Acc\u00e9s a Grau Mitj\u00e0 (CAM)\" href=\"https:\/\/projectes.xtec.cat\/xarxadults\/preparacio-per-a-les-proves-dacces-i-cam\/curs-dacces-a-grau-mitja-cam\/\">Curs d&#8217;Acc\u00e9s a Grau Mitj\u00e0 (CAM)<\/a><\/p>\n<\/div>\n<div class=\"section noChildren\">\n<p class=\"page_item page-item-12392 title\" data-section-title=\"\"><a title=\"Preparaci\u00f3 Proves Acc\u00e9s a Cicles Formatius de Grau Mitj\u00e0\" href=\"https:\/\/projectes.xtec.cat\/xarxadults\/preparacio-per-a-les-proves-dacces-i-cam\/preparacio-proves-acces-a-cicles-formatius-de-grau-mitja\/\">Preparaci\u00f3 Proves Acc\u00e9s a Cicles Formatius de Grau Mitj\u00e0<\/a><\/p>\n<\/div>\n<div class=\"section noChildren\">\n<p class=\"page_item page-item-12393 title\" data-section-title=\"\"><a title=\"Preparaci\u00f3 Proves Acc\u00e9s Cicles Formatius Grau Superior\" href=\"https:\/\/projectes.xtec.cat\/xarxadults\/preparacio-per-a-les-proves-dacces-i-cam\/preparacio-proves-acces-cicles-formatius-grau-superior\/\">Preparaci\u00f3 Proves Acc\u00e9s Cicles Formatius Grau Superior<\/a><\/p>\n<\/div>\n<div class=\"section noChildren\">\n<p class=\"page_item page-item-13314 title\" data-section-title=\"\"><a title=\"Ex\u00e0mens Convocat\u00f2ries Anteriors Acc\u00e9s Grau Mitj\u00e0 i Grau Superior\" href=\"https:\/\/projectes.xtec.cat\/xarxadults\/preparacio-per-a-les-proves-dacces-i-cam\/examens-convocatories-anteriors-acces-grau-mitja-i-grau-superior\/\">Ex\u00e0mens Convocat\u00f2ries Anteriors Acc\u00e9s Grau Mitj\u00e0 i Grau Superior<\/a><\/p>\n<\/div>\n<div class=\"section noChildren\">\n<p class=\"page_item page-item-12394 title\" data-section-title=\"\"><a title=\"Preparaci\u00f3 Proves Acc\u00e9s Universitat\" href=\"https:\/\/projectes.xtec.cat\/xarxadults\/preparacio-per-a-les-proves-dacces-i-cam\/preparacio-proves-acces-universitat\/\">Preparaci\u00f3 Proves Acc\u00e9s Universitat<\/a><\/p>\n<\/div>\n<div class=\"section noChildren\">\n<p class=\"page_item page-item-12419 title\" data-section-title=\"\"><a title=\"Normativa\" href=\"https:\/\/projectes.xtec.cat\/xarxadults\/preparacio-per-a-les-proves-dacces-i-cam\/normativa-2\/\">Normativa<\/a><\/p>\n<\/div>\n<\/div>\n<\/td>\n<\/tr>\n<\/tbody>\n<\/table>\n<table style=\"border-collapse: collapse; width: 83.6252%; height: 244px;\">\n<tbody>\n<tr style=\"height: 74px;\">\n<td style=\"width: 50%; border-style: groove; background-color: #f7f3e4; height: 74px;\">\n<h4 style=\"text-align: center;\"><strong><span style=\"color: #993300;\"><a style=\"color: #993300;\" href=\"https:\/\/projectes.xtec.cat\/xarxadults\/ensenyaments\/modalitat-semipresencial\/\">MODALITAT SEMIPRESENCIAL<\/a><\/span><\/strong><\/h4>\n<\/td>\n<td style=\"width: 50%; border-style: groove; background-color: #f7f3e4; height: 74px;\">\n<h4 style=\"text-align: center;\"><span style=\"color: #003300;\"><strong><a style=\"color: #003300;\" href=\"https:\/\/projectes.xtec.cat\/xarxadults\/ensenyaments\/acollida-moduls-joves-migrats-sols\/\">SUPORT ALUMNAT VULNERABLE<\/a><\/strong><\/span><\/h4>\n<\/td>\n<\/tr>\n<tr style=\"height: 170px;\">\n<td style=\"width: 50%; border-style: groove; border-color: #000000; background-color: #ffffff; height: 170px;\"><a href=\"https:\/\/projectes.xtec.cat\/xarxadults\/modalitat-semipresencial\/definicio-de-conceptes-associats-a-la-modalitat-semipresencial-densenyament-aprenentatge\/\">Conceptes associats a la modalitat semipresencial d\u2019ensenyament-aprenentatge<\/a><\/p>\n<p><a href=\"https:\/\/projectes.xtec.cat\/xarxadults\/modalitat-semipresencial\/orientacions-metodologiques-per-a-ensenyaments-en-modalitat-semipresencial\/\">Orientacions metodol\u00f2giques<\/a><\/p>\n<p><a href=\"https:\/\/projectes.xtec.cat\/xarxadults\/modalitat-semipresencial\/ensenyaments-semipresencials\/\">Protocols semipresencialitat<\/a><\/td>\n<td style=\"width: 50%; border-style: groove; background-color: #ffffff; height: 170px;\"><a href=\"https:\/\/projectes.xtec.cat\/xarxadults\/ensenyaments\/acollida-moduls-joves-migrats-sols\/nivell-1\/\">Nivell 1<\/a><\/p>\n<p><a href=\"https:\/\/projectes.xtec.cat\/xarxadults\/ensenyaments\/acollida-moduls-joves-migrats-sols\/nivell-2\/\">Nivell 2<\/a><\/p>\n<p><a href=\"https:\/\/projectes.xtec.cat\/xarxadults\/ensenyaments\/acollida-moduls-joves-migrats-sols\/nivell-3\/\">Nivell 3<\/a><\/td>\n<\/tr>\n<\/tbody>\n<\/table>\n<\/li>\n<li id=\"menu-item-11402\" class=\"menu-item menu-item-type-post_type menu-item-object-page menu-item-has-children menu-item-11402\"><\/li>\n<li id=\"menu-item-8315\" class=\"menu-item menu-item-type-taxonomy menu-item-object-category menu-item-has-children menu-item-8315\">\n<table style=\"border-collapse: collapse; width: 100%;\">\n<tbody>\n<tr>\n<td style=\"width: 100%; background-color: #e8e3d3; border-style: none;\">\n<h2><a href=\"https:\/\/projectes.xtec.cat\/xarxadults\/activitats-2\/\">ACTIVITATS DOCENTS<\/a><\/h2>\n<\/td>\n<\/tr>\n<\/tbody>\n<\/table>\n<table style=\"width: 100%; border-collapse: collapse; background-color: #f7f3e4;\">\n<tbody>\n<tr>\n<td style=\"width: 100%;\"><a href=\"https:\/\/projectes.xtec.cat\/xarxadults\/activitats-2\/jornades-i-trobades-pedagogiques\/\">Jornades i trobades pedag\u00f2giques<\/a><\/p>\n<p><a href=\"https:\/\/projectes.xtec.cat\/xarxadults\/activitats-2\/cursos-telematics\/\" target=\"_blank\" rel=\"noopener\">Formaci\u00f3 docent<\/a><\/p>\n<p><a href=\"https:\/\/projectes.xtec.cat\/xarxadults\/activitats-2\/grups-de-treball\/\">Grups de treball<\/a><\/td>\n<\/tr>\n<\/tbody>\n<\/table>\n<ul>\n<li style=\"list-style-type: none;\">\n<ul>\n<li style=\"list-style-type: none;\"><\/li>\n<\/ul>\n<\/li>\n<\/ul>\n<\/li>\n<\/ul>\n<ul class=\"sub-menu\">\n<li>\n<table style=\"border-collapse: collapse; width: 100%;\">\n<tbody>\n<tr>\n<td style=\"width: 100%; background-color: #e8e3d3; border-style: none;\">\n<h2><a href=\"https:\/\/projectes.xtec.cat\/xarxadults\/iniciatives-pedagogiques\/\">INICIATIVES PEDAG\u00d2GIQUES<\/a><\/h2>\n<\/td>\n<\/tr>\n<\/tbody>\n<\/table>\n<\/li>\n<\/ul>\n<ul class=\"sub-menu\">\n<li>\n<table style=\"border-collapse: collapse; width: 100%;\">\n<tbody>\n<tr>\n<td style=\"width: 100%; background-color: #f7f3e4; border-style: groove;\"><a href=\"https:\/\/projectes.xtec.cat\/xarxadults\/iniciatives-pedagogiques\/programes\/\" target=\"_blank\" rel=\"noopener\">Programes i Projectes<\/a><\/p>\n<p><a href=\"https:\/\/projectes.xtec.cat\/xarxadults\/iniciatives-pedagogiques\/concursos\/\" target=\"_blank\" rel=\"noopener\">Concursos<\/a><\/p>\n<p><a href=\"https:\/\/projectes.xtec.cat\/xarxadults\/iniciatives-pedagogiques\/bones-practiques\/\" target=\"_blank\" rel=\"noopener\">Bones pr\u00e0ctiques<\/a><\/p>\n<p><a href=\"https:\/\/projectes.xtec.cat\/xarxadults\/iniciatives-pedagogiques\/webinars-cfa\/\" target=\"_blank\" rel=\"noopener\">Webinars CFA<\/a><\/td>\n<\/tr>\n<\/tbody>\n<\/table>\n<ul>\n<li style=\"list-style-type: none;\">\n<ul>\n<li style=\"list-style-type: none;\"><\/li>\n<\/ul>\n<\/li>\n<\/ul>\n<\/li>\n<li id=\"menu-item-8325\" class=\"menu-item menu-item-type-post_type menu-item-object-page menu-item-has-children menu-item-8325\">\n<table style=\"border-collapse: collapse; width: 100%;\">\n<tbody>\n<tr>\n<td style=\"width: 100%; background-color: #e8e3d3; border-style: none;\">\n<h2><a href=\"https:\/\/projectes.xtec.cat\/xarxadults\/orientacio\/\">ORIENTACI\u00d3<\/a><\/h2>\n<\/td>\n<\/tr>\n<\/tbody>\n<\/table>\n<\/li>\n<li>\n<table style=\"border-collapse: collapse; width: 100%;\">\n<tbody>\n<tr>\n<td style=\"width: 100%; border-style: groove; background-color: #f7f3e4;\"><a href=\"https:\/\/projectes.xtec.cat\/xarxadults\/orientacio\/projecte-lorientacio-educativa-factor-clau-dexit-en-leducacio-al-llarg-de-la-vida\/\">Projecte \u201cL\u2019orientaci\u00f3 educativa\u201d<\/a><\/p>\n<p><a href=\"https:\/\/projectes.xtec.cat\/xarxadults\/orientacio\/2a-edicio-projecte\/\">2a ed. Projecte \u201cL\u2019Orientaci\u00f3 Educativa\u201d<\/a><\/p>\n<p><a href=\"https:\/\/projectes.xtec.cat\/xarxadults\/orientacio\/recull-de-normativa\/\">Normativa<\/a><\/p>\n<p><a href=\"https:\/\/projectes.xtec.cat\/xarxadults\/orientacio\/documents-de-referencia\/\">Documents de refer\u00e8ncia<\/a><\/p>\n<p><a href=\"https:\/\/projectes.xtec.cat\/xarxadults\/orientacio\/recursos-2\/\">Recursos<\/a><\/p>\n<p><a href=\"https:\/\/projectes.xtec.cat\/xarxadults\/orientacio\/servei-dacreditacio-de-competencies-professionals\/\" target=\"_blank\" rel=\"noopener\">Servei d&#8217;acreditaci\u00f3 de compet\u00e8ncies professionals<\/a><\/td>\n<\/tr>\n<\/tbody>\n<\/table>\n<table style=\"border-collapse: collapse; width: 103.104%; height: 88px;\">\n<tbody>\n<tr>\n<td style=\"width: 100%; background-color: #e8e3d3; border-style: none;\">\n<h2><a href=\"https:\/\/projectes.xtec.cat\/xarxadults\/preguntes-frequents\/\">FAQ<\/a><\/h2>\n<\/td>\n<\/tr>\n<\/tbody>\n<\/table>\n<\/li>\n<li style=\"list-style-type: none;\">\n<table style=\"border-collapse: collapse; width: 100%;\">\n<tbody>\n<tr>\n<td style=\"width: 100%; background-color: #f7f3e4;\"><a href=\"https:\/\/projectes.xtec.cat\/xarxadults\/preguntes-frequents\/cerca-un-cfa\/\">Troba el teu CFA<\/a><\/p>\n<p><a href=\"https:\/\/projectes.xtec.cat\/xarxadults\/preguntes-frequents\/infografies\/\">Infografies<\/a><\/td>\n<\/tr>\n<\/tbody>\n<\/table>\n<\/li>\n<\/ul>\n","protected":false},"excerpt":{"rendered":"<ul id=\"menu-menusuperior-1\" class=\"menu\">\n<li id=\"menu-item-9853\" class=\"menu-item menu-item-type-taxonomy menu-item-object-category menu-item-has-children menu-item-9853\">\n<p><a href=\"https:\/\/projectes.xtec.cat\/xarxadults\/categoria\/xx\/\">ENSENYAMENTS<\/a><\/p>\n<\/li>\n<li class=\"menu-item menu-item-type-taxonomy menu-item-object-category menu-item-has-children menu-item-9853\">\n<p><a style=\"color: #993300;\" href=\"https:\/\/projectes.xtec.cat\/xarxadults\/ensenyaments\/nivells\/\">COMPETIC<\/a><\/p>\n<p><a style=\"color: #993300;\" href=\"https:\/\/projectes.xtec.cat\/xarxadults\/ensenyaments\/curriculum\/\">LLENG\u00dcES ESTRANGERES<\/a><\/p>\n<p><a style=\"color: #993300;\" href=\"https:\/\/projectes.xtec.cat\/xarxadults\/ensenyaments\/formacio-instrumental\/\">FORMACI\u00d3 INSTRUMENTAL<\/a><\/p>\n<p><a style=\"color: #993300;\" href=\"https:\/\/projectes.xtec.cat\/xarxadults\/ensenyaments\/llengua-catalana-i-llengua-castellana\/\">CATAL\u00c0 I CASTELL\u00c0<\/a><\/p>\n<p><a style=\"color: #993300;\" href=\"https:\/\/projectes.xtec.cat\/xarxadults\/ensenyaments\/ges\/\">GESO<\/a><\/p>\n<p><a style=\"color: #993300;\" href=\"https:\/\/projectes.xtec.cat\/xarxadults\/ensenyaments\/preparacio-per-a-les-proves-dacces-i-cam\/\">PREPARACI\u00d3 PROVES D\u2019ACC\u00c9S I CAM<\/a><\/p>\n<p><a title=\"Propostes pedag\u00f2giques i orientacions\"&hellip;  <a href=\"https:\/\/projectes.xtec.cat\/xarxadults\/menu01\/\" title=\"Read Men\u00fa del lloc\">Llegeix m\u00e9s\u00bb<\/a><\/p>\n","protected":false},"author":361,"featured_media":0,"parent":0,"menu_order":0,"comment_status":"closed","ping_status":"closed","template":"","meta":{"_bbp_topic_count":0,"_bbp_reply_count":0,"_bbp_total_topic_count":0,"_bbp_total_reply_count":0,"_bbp_voice_count":0,"_bbp_anonymous_reply_count":0,"_bbp_topic_count_hidden":0,"_bbp_reply_count_hidden":0,"_bbp_forum_subforum_count":0,"footnotes":""},"class_list":["post-13168","page","type-page","status-publish","hentry"],"post_mailing_queue_ids":[],"_links":{"self":[{"href":"https:\/\/projectes.xtec.cat\/xarxadults\/wp-json\/wp\/v2\/pages\/13168","targetHints":{"allow":["GET"]}}],"collection":[{"href":"https:\/\/projectes.xtec.cat\/xarxadults\/wp-json\/wp\/v2\/pages"}],"about":[{"href":"https:\/\/projectes.xtec.cat\/xarxadults\/wp-json\/wp\/v2\/types\/page"}],"author":[{"embeddable":true,"href":"https:\/\/projectes.xtec.cat\/xarxadults\/wp-json\/wp\/v2\/users\/361"}],"replies":[{"embeddable":true,"href":"https:\/\/projectes.xtec.cat\/xarxadults\/wp-json\/wp\/v2\/comments?post=13168"}],"version-history":[{"count":7,"href":"https:\/\/projectes.xtec.cat\/xarxadults\/wp-json\/wp\/v2\/pages\/13168\/revisions"}],"predecessor-version":[{"id":14961,"href":"https:\/\/projectes.xtec.cat\/xarxadults\/wp-json\/wp\/v2\/pages\/13168\/revisions\/14961"}],"wp:attachment":[{"href":"https:\/\/projectes.xtec.cat\/xarxadults\/wp-json\/wp\/v2\/media?parent=13168"}],"curies":[{"name":"wp","href":"https:\/\/api.w.org\/{rel}","templated":true}]}}