{"id":13247,"date":"2022-01-13T15:23:21","date_gmt":"2022-01-13T14:23:21","guid":{"rendered":"https:\/\/projectes.xtec.cat\/xarxadults\/?page_id=13247"},"modified":"2024-10-17T11:15:17","modified_gmt":"2024-10-17T09:15:17","slug":"cerca-un-cfa","status":"publish","type":"page","link":"https:\/\/projectes.xtec.cat\/xarxadults\/preguntes-frequents\/cerca-un-cfa\/","title":{"rendered":"Troba el teu CFA"},"content":{"rendered":"<p>Si ja saps all\u00f2 que vols estudiar, aqu\u00ed pots trobar el CFA que t&#8217;ofereix la possibilitat d&#8217;estudiar-ho.<\/p>\n<p>Mira aquest v\u00eddeo per a saber com pots trobar el centre on estudiar el que vols.<\/p>\n<p style=\"text-align: center;\"><iframe loading=\"lazy\" src=\"https:\/\/drive.google.com\/file\/d\/1A-y8sXVJ1oo_UYYb01PblVd4VLFLMp5r\/preview\" width=\"375\" height=\"281\" data-mce-fragment=\"1\"><\/iframe><\/p>\n<table style=\"border-collapse: collapse; width: 100%;\">\n<tbody>\n<tr>\n<td style=\"width: 25%; border-style: hidden; background-color: #ffffff;\">\n<h2><a href=\"https:\/\/triaeducativa.gencat.cat\/ca\/estudis\/?competic-inicial&amp;p_id=4810\">COMPETIC INICIAL<\/a><\/h2>\n<\/td>\n<td style=\"width: 25%; border-style: hidden; background-color: #ffffff;\">\n<h2><a href=\"https:\/\/triaeducativa.gencat.cat\/ca\/estudis\/?competic-1&amp;p_id=4791\">COMPETIC 1<\/a><\/h2>\n<\/td>\n<td style=\"width: 25%; border-style: hidden; background-color: #ffffff;\">\n<h2><a href=\"https:\/\/triaeducativa.gencat.cat\/ca\/estudis\/?competic-2&amp;p_id=4811\">COMPETIC 2<\/a><\/h2>\n<\/td>\n<td style=\"width: 25%; border-style: hidden; background-color: #ffffff;\">\n<h2><a href=\"https:\/\/triaeducativa.gencat.cat\/ca\/estudis\/?competic-3&amp;p_id=4812\">COMPETIC 3<\/a><\/h2>\n<\/td>\n<\/tr>\n<tr>\n<td style=\"width: 25%; border-style: hidden; background-color: #fcf6e3;\">\n<h2><a href=\"https:\/\/triaeducativa.gencat.cat\/ca\/estudis\/?llengua-catalana&amp;p_id=2331\">CATAL\u00c0<\/a><\/h2>\n<\/td>\n<td style=\"width: 25%; border-style: hidden; background-color: #fcf6e3;\">\n<h2><a href=\"https:\/\/triaeducativa.gencat.cat\/ca\/estudis\/?llengua-castellana&amp;p_id=2330\">CASTELL\u00c0<\/a><\/h2>\n<\/td>\n<td style=\"width: 25%; border-style: hidden; background-color: #fcf6e3;\">\n<h2><a href=\"https:\/\/triaeducativa.gencat.cat\/ca\/estudis\/?llengua-anglesa&amp;p_id=2350\">ANGL\u00c8S<\/a><\/h2>\n<\/td>\n<td style=\"width: 25%; border-style: hidden; background-color: #fcf6e3;\">\n<h2><a href=\"https:\/\/triaeducativa.gencat.cat\/ca\/estudis\/?llengua-francesa&amp;p_id=2332\">FRANC\u00c8S<\/a><\/h2>\n<\/td>\n<\/tr>\n<tr>\n<td style=\"width: 25%; border-style: hidden; background-color: #ffffff;\">\n<h2><a href=\"https:\/\/triaeducativa.gencat.cat\/ca\/al-llarg-vida\/formacio-instrumental\/\">FORMACI\u00d3 INSTRUMENTAL<\/a><\/h2>\n<\/td>\n<td style=\"width: 25%; border-style: hidden; background-color: #ffffff;\">\n<h2><a href=\"https:\/\/triaeducativa.gencat.cat\/ca\/al-llarg-vida\/geso\/\">GRADUAT EN EDUCACI\u00d3 SECUND\u00c0RIA OBLIGAT\u00d2RIA PER A PERSONES ADULTES (GESO)<\/a><\/h2>\n<\/td>\n<td style=\"width: 25%; border-style: hidden; background-color: #ffffff;\">\n<h2><a href=\"https:\/\/triaeducativa.gencat.cat\/ca\/estudis\/?curs-formacio-preparatori-acces-cicles-grau-mitja&amp;p_id=6750\">CURS ESPEC\u00cdFIC PER A L&#8217;ACC\u00c9S ALS CICLES DE GRAU MITJ\u00c0<\/a><\/h2>\n<\/td>\n<td style=\"width: 25%; border-style: hidden; background-color: #ffffff;\">\n<h2><a href=\"https:\/\/triaeducativa.gencat.cat\/ca\/estudis\/?preparacio-proves-acces-cicles-formatius-grau-mitja&amp;p_id=283\">PREPARACI\u00d3 PER A LES PROVES D&#8217;ACC\u00c9S A CICLES FORMATIUS DE GRAU MITJ\u00c0<\/a><\/h2>\n<\/td>\n<\/tr>\n<tr>\n<td style=\"width: 25%; border-style: hidden; background-color: #fcf6e3;\">\n<h2><a href=\"https:\/\/triaeducativa.gencat.cat\/ca\/estudis\/?preparacio-proves-acces-cicles-formatius-grau-superior&amp;p_id=284\">PREPARACI\u00d3 PER A LES PROVES D&#8217;ACC\u00c9S A CLICLES FORMATIUS DE GRAU SUPERIOR<\/a><\/h2>\n<\/td>\n<td style=\"width: 25%; border-style: hidden; background-color: #fcf6e3;\">\n<h2><a href=\"https:\/\/triaeducativa.gencat.cat\/ca\/estudis\/?preparacio-proves-acces-universitat&amp;p_id=285\">PREPARACI\u00d3 PER A LES PROVES &#8216;D&#8217;ACC\u00c9S A LA UNIVERSITAT<\/a><\/h2>\n<\/td>\n<td style=\"width: 25%; border-style: hidden; background-color: #ffffff;\"><\/td>\n<td style=\"width: 25%; border-style: hidden; background-color: #ffffff;\"><\/td>\n<\/tr>\n<\/tbody>\n<\/table>\n<table style=\"border-collapse: collapse; width: 100%;\">\n<tbody>\n<tr>\n<td style=\"width: 25%; border-style: hidden;\"><\/td>\n<td style=\"width: 25%; border-style: hidden;\"><\/td>\n<td style=\"width: 25%; border-style: hidden;\"><\/td>\n<td style=\"width: 25%; border-style: hidden;\"><\/td>\n<\/tr>\n<\/tbody>\n<\/table>\n<p>&nbsp;<\/p>\n<p>&nbsp;<\/p>\n","protected":false},"excerpt":{"rendered":"<p>Si ja saps all\u00f2 que vols estudiar, aqu\u00ed pots trobar el CFA que t&#8217;ofereix la possibilitat d&#8217;estudiar-ho.<br \/>\nMira aquest v\u00eddeo per a saber com pots trobar el centre on estudiar el que vols.<\/p>\n<p><a href=\"https:\/\/triaeducativa.gencat.cat\/ca\/estudis\/?competic-inicial&amp;p_id=4810\">COMPETIC INICIAL<\/a><\/p>\n<p><a href=\"https:\/\/triaeducativa.gencat.cat\/ca\/estudis\/?competic-1&amp;p_id=4791\">COMPETIC 1<\/a><\/p>\n<p><a href=\"https:\/\/triaeducativa.gencat.cat\/ca\/estudis\/?competic-2&amp;p_id=4811\">COMPETIC 2<\/a><\/p>\n<p><a href=\"https:\/\/triaeducativa.gencat.cat\/ca\/estudis\/?competic-3&amp;p_id=4812\">COMPETIC 3<\/a><\/p>\n<p><a href=\"https:\/\/triaeducativa.gencat.cat\/ca\/estudis\/?llengua-catalana&amp;p_id=2331\">CATAL\u00c0<\/a><\/p>\n<p><a href=\"https:\/\/triaeducativa.gencat.cat\/ca\/estudis\/?llengua-castellana&amp;p_id=2330\">CASTELL\u00c0<\/a><\/p>\n<p><a href=\"https:\/\/triaeducativa.gencat.cat\/ca\/estudis\/?llengua-anglesa&amp;p_id=2350\">ANGL\u00c8S<\/a><\/p>\n<p><a href=\"https:\/\/triaeducativa.gencat.cat\/ca\/estudis\/?llengua-francesa&amp;p_id=2332\">FRANC\u00c8S<\/a><\/p>\n<p><a href=\"https:\/\/triaeducativa.gencat.cat\/ca\/al-llarg-vida\/formacio-instrumental\/\">FORMACI\u00d3&hellip;  <a href=\"https:\/\/projectes.xtec.cat\/xarxadults\/preguntes-frequents\/cerca-un-cfa\/\" title=\"Read Troba el teu CFA\">Llegeix m\u00e9s\u00bb<\/a><\/p>\n","protected":false},"author":361,"featured_media":0,"parent":13516,"menu_order":0,"comment_status":"closed","ping_status":"closed","template":"page-templates\/side-menu.php","meta":{"_bbp_topic_count":0,"_bbp_reply_count":0,"_bbp_total_topic_count":0,"_bbp_total_reply_count":0,"_bbp_voice_count":0,"_bbp_anonymous_reply_count":0,"_bbp_topic_count_hidden":0,"_bbp_reply_count_hidden":0,"_bbp_forum_subforum_count":0,"footnotes":""},"class_list":["post-13247","page","type-page","status-publish","hentry"],"post_mailing_queue_ids":[],"_links":{"self":[{"href":"https:\/\/projectes.xtec.cat\/xarxadults\/wp-json\/wp\/v2\/pages\/13247","targetHints":{"allow":["GET"]}}],"collection":[{"href":"https:\/\/projectes.xtec.cat\/xarxadults\/wp-json\/wp\/v2\/pages"}],"about":[{"href":"https:\/\/projectes.xtec.cat\/xarxadults\/wp-json\/wp\/v2\/types\/page"}],"author":[{"embeddable":true,"href":"https:\/\/projectes.xtec.cat\/xarxadults\/wp-json\/wp\/v2\/users\/361"}],"replies":[{"embeddable":true,"href":"https:\/\/projectes.xtec.cat\/xarxadults\/wp-json\/wp\/v2\/comments?post=13247"}],"version-history":[{"count":6,"href":"https:\/\/projectes.xtec.cat\/xarxadults\/wp-json\/wp\/v2\/pages\/13247\/revisions"}],"predecessor-version":[{"id":14494,"href":"https:\/\/projectes.xtec.cat\/xarxadults\/wp-json\/wp\/v2\/pages\/13247\/revisions\/14494"}],"up":[{"embeddable":true,"href":"https:\/\/projectes.xtec.cat\/xarxadults\/wp-json\/wp\/v2\/pages\/13516"}],"wp:attachment":[{"href":"https:\/\/projectes.xtec.cat\/xarxadults\/wp-json\/wp\/v2\/media?parent=13247"}],"curies":[{"name":"wp","href":"https:\/\/api.w.org\/{rel}","templated":true}]}}